{"id":1413,"date":"2025-11-04T12:33:43","date_gmt":"2025-11-04T12:33:43","guid":{"rendered":"https:\/\/spinwineracasino.net\/app\/"},"modified":"2025-11-04T16:47:17","modified_gmt":"2025-11-04T16:47:17","slug":"app","status":"publish","type":"page","link":"https:\/\/spinwineracasino.net\/de\/app\/","title":{"rendered":"App"},"content":{"rendered":"<h1>Spinwinera Mobile App<\/h1>\n<p>Wir haben die Spinwinera App entwickelt, damit Spieler jedes Spiel auf allen wichtigen Plattformen ohne Einschr\u00e4nkungen spielen k\u00f6nnen. Die mobile Anwendung bietet Ihnen das vollst\u00e4ndige Casino-Erlebnis mit der besten Leistung und schnellem Zugriff auf Spiele, Banking und Aktionen. Unsere Spin Winera Casino App funktioniert perfekt auf jedem Ger\u00e4t, egal ob Smartphone, Tablet oder Computer. Sie verliert dabei weder an Qualit\u00e4t noch an Funktionalit\u00e4t.<\/p>\n<p><div class=\"banner-wrap\" aria-label=\"Banner\"><img src=\"https:\/\/spinwineracasino.net\/wp-content\/uploads\/2025\/11\/Spinwinera-bonus-desktop.webp\" class=\"w-100 d-none d-lg-block img-pc main-banner-img\" alt=\"Spinwinera bonus desktop\" fetchpriority=\"high\" decoding=\"async\"><img src=\"https:\/\/spinwineracasino.net\/wp-content\/uploads\/2025\/11\/Spinwinera-bonus-mobile.webp\" class=\"w-100 d-none d-md-block d-lg-none main-banner-img\" alt=\"Spinwinera bonus mobile\" fetchpriority=\"high\" decoding=\"async\"><img src=\"https:\/\/spinwineracasino.net\/wp-content\/uploads\/2025\/11\/Spinwinera-bonus-mobile.webp\" class=\"w-100 d-md-none\" alt=\"Spinwinera bonus mobile\" fetchpriority=\"high\" decoding=\"async\"><div class=\"banner-description\">\n<div class=\"banner-title\">Willkommensboni<\/div>\n<p class=\"banner-header-title\">\u20ac1,500<\/p>\n<div class=\"banner-header-AdditionalText\">+ 250 Freispiele<\/div>\n<button data-item=\"homepage_banner_link\" class=\"goto m-button m-gradient-border m-button--primary m-button--large banner-button btn-orange\">\n            <div class=\"m-button-content\">\n                <span>Jetzt anmelden<\/span>\n                <span><\/span>\n            <\/div>\n        <\/button>\n<\/div>\n<div class=\"WelcomePack\">\n<p><img loading=\"lazy\" decoding=\"async\" class=\"alignnone size-full wp-image-1378\" src=\"https:\/\/spinwineracasino.net\/wp-content\/uploads\/2025\/11\/welcome-crown.svg\" alt=\"crown\" width=\"25\" height=\"26\" \/><\/p>\n<div class=\"WelcomePack-Info\">W\u00f6chentlicher Cashback von bis zu 25 %<\/div>\n<p><img loading=\"lazy\" decoding=\"async\" class=\"alignnone size-full wp-image-1378\" src=\"https:\/\/spinwineracasino.net\/wp-content\/uploads\/2025\/11\/welcome-crown.svg\" alt=\"crown\" width=\"25\" height=\"26\" \/><\/p>\n<\/div>\n<\/div><div style=\"clear: both\"><\/div><div class=\"d-flex justify-content-center\"><button data-item=\"decouvrez_link\" data-group=\"website_links\" class=\"goto fw-bold rounded-pill btn btn-orange\" aria-label=\"Laden Sie die Spinwinera-App herunter\" >Laden Sie die Spinwinera-App herunter<\/button><\/div><div class=\"scrollable-content-wrap my-5\"><div class=\"scrollable-content-inner\"><h2>Laden Sie die Spin Winera App f\u00fcr Windows und Mac herunter<\/h2>\n<p>Sie k\u00f6nnen Spinwinera direkt in Ihrem Browser auf Windows- und Mac-Computern nutzen. Gehen Sie einfach auf unsere Website und beginnen Sie zu spielen. Es sind keine Downloads erforderlich. Desktop-Nutzer erhalten eine hervorragende Leistung und eine \u00fcbersichtliche Benutzeroberfl\u00e4che, die auf gr\u00f6\u00dferen Bildschirmen gut funktioniert. Ihr Browser \u00fcbernimmt alles und stellt sicher, dass Spiele schnell laden und stabil bleiben.<\/p>\n<p>Sie k\u00f6nnen Spinwinera auch als Verkn\u00fcpfung auf Ihrem Desktop oder Startbildschirm hinzuf\u00fcgen, um noch schneller darauf zuzugreifen. Die PWA-Technologie aktualisiert sich automatisch im Hintergrund, sodass Sie immer Zugang zu den neuesten Funktionen und Sicherheitsverbesserungen haben. Sie k\u00f6nnen Browser-Benachrichtigungen f\u00fcr Kontoaktivit\u00e4ten, Boni und Turnier-Updates direkt von unserer Website aus aktivieren.<\/p>\n<p><img loading=\"lazy\" decoding=\"async\" class=\"alignnone size-full wp-image-1389\" src=\"https:\/\/spinwineracasino.net\/wp-content\/uploads\/2025\/11\/Spinwinera-PC.webp\" alt=\"Spinwinera PC\" width=\"1248\" height=\"536\" srcset=\"https:\/\/spinwineracasino.net\/wp-content\/uploads\/2025\/11\/Spinwinera-PC.webp 1248w, https:\/\/spinwineracasino.net\/wp-content\/uploads\/2025\/11\/Spinwinera-PC-300x129.webp 300w, https:\/\/spinwineracasino.net\/wp-content\/uploads\/2025\/11\/Spinwinera-PC-1024x440.webp 1024w, https:\/\/spinwineracasino.net\/wp-content\/uploads\/2025\/11\/Spinwinera-PC-768x330.webp 768w\" sizes=\"auto, (max-width: 1248px) 100vw, 1248px\" \/><\/p>\n<\/div><\/div><div style=\"clear: both\"><\/div><div class=\"d-flex justify-content-center\"><button data-item=\"decouvrez_link\" data-group=\"website_links\" class=\"goto fw-bold rounded-pill btn btn-orange\" aria-label=\"Spinwinera herunterladen\" >Spinwinera herunterladen<\/button><\/div><div class=\"scrollable-content-wrap my-5\"><div class=\"scrollable-content-inner\"><h2>Spielen Sie unterwegs mit einer Android App<\/h2>\n<p>Wir haben sichergestellt, dass jeder Teil des Spinwinera Casinos auf kleineren Bildschirmen perfekt funktioniert und dabei alle Funktionen beibeh\u00e4lt, die auf dem Desktop verf\u00fcgbar sind. Jeder moderne Browser, wie Chrome, funktioniert perfekt mit der Website auf Ger\u00e4ten mit Android 6.0 oder h\u00f6her.<\/p>\n<h3>APK f\u00fcr Android installieren<\/h3>\n<p>Machen Sie es sich einfach, Spinwinera direkt von Ihrem Startbildschirm aus zu erreichen:<\/p>\n<ol>\n<li>Besuchen Sie mit dem Chrome-Browser auf Ihrem bevorzugten Ger\u00e4t die Spinwinera-Website.<\/li>\n<li>Tippen Sie auf die drei Punkte in der Adressleiste, um weitere Optionen zu sehen.<\/li>\n<li>W\u00e4hlen Sie \u201eZum Startbildschirm hinzuf\u00fcgen&#8220;.<\/li>\n<li>Tippen Sie zur Best\u00e4tigung auf \u201eHinzuf\u00fcgen&#8220;.<\/li>\n<li>Das Spinwinera-Symbol erscheint auf Ihrem Startbildschirm f\u00fcr den Zugriff mit nur einem Fingertipp.<\/li>\n<\/ol>\n<p>Sobald die Verkn\u00fcpfung hinzugef\u00fcgt ist, haben Sie sofortigen Zugriff auf Ihr Konto mit denselben Funktionen wie bei einer nativen App. Push-Benachrichtigungen informieren Sie \u00fcber spezielle Mobile-Boni, Freispiele und gro\u00dfe Gewinne.<\/p>\n<p><img loading=\"lazy\" decoding=\"async\" class=\"alignnone size-full wp-image-1390\" src=\"https:\/\/spinwineracasino.net\/wp-content\/uploads\/2025\/11\/Spinwinera-Android-App.webp\" alt=\"Spinwinera Android App\" width=\"1248\" height=\"536\" srcset=\"https:\/\/spinwineracasino.net\/wp-content\/uploads\/2025\/11\/Spinwinera-Android-App.webp 1248w, https:\/\/spinwineracasino.net\/wp-content\/uploads\/2025\/11\/Spinwinera-Android-App-300x129.webp 300w, https:\/\/spinwineracasino.net\/wp-content\/uploads\/2025\/11\/Spinwinera-Android-App-1024x440.webp 1024w, https:\/\/spinwineracasino.net\/wp-content\/uploads\/2025\/11\/Spinwinera-Android-App-768x330.webp 768w\" sizes=\"auto, (max-width: 1248px) 100vw, 1248px\" \/><\/p>\n<\/div><\/div><div style=\"clear: both\"><\/div><div class=\"d-flex justify-content-center\"><button data-item=\"decouvrez_link\" data-group=\"website_links\" class=\"goto fw-bold rounded-pill btn btn-orange\" aria-label=\"Laden Sie die Spinwinera-App herunter\" >Laden Sie die Spinwinera-App herunter<\/button><\/div><div class=\"scrollable-content-wrap my-5\"><div class=\"scrollable-content-inner\"><h2>App f\u00fcr iOS-Ger\u00e4te<\/h2>\n<p>Wir haben unsere iOS Spinwinera App speziell f\u00fcr iPhone- und iPad-Nutzer entwickelt, die die bestm\u00f6gliche Leistung w\u00fcnschen. Die mobile Casino-Anwendung funktioniert perfekt auf iOS mit fl\u00fcssigen Animationen und sofortigen Reaktionszeiten.<\/p>\n<h3>iOS App herunterladen<\/h3>\n<p>Erstellen Sie eine Startbildschirm-Verkn\u00fcpfung f\u00fcr schnellen Zugriff auf Spinwinera:<\/p>\n<ol>\n<li>Besuchen Sie unsere mobile Seite \u00fcber Safari auf Ihrem iOS-Ger\u00e4t und tippen Sie auf die Teilen-Schaltfl\u00e4che.<\/li>\n<li>Safari fordert Sie auf, die Anwendung zu Ihrem Startbildschirm hinzuzuf\u00fcgen.<\/li>\n<li>W\u00e4hlen Sie \u201eZum Home-Bildschirm&#8220; aus dem Men\u00fc.<\/li>\n<li>Das App-Symbol erscheint auf Ihrem Ger\u00e4t zusammen mit Ihren anderen Apps und Sie k\u00f6nnen mit nur einem Fingertipp darauf zugreifen.<\/li>\n<\/ol>\n<p>Wir nutzen Progressive Web App-Technologie, um Ihnen die gleiche Leistung wie eine native App in Ihrem Browser zu bieten. Das bedeutet, dass Sie nicht in den App Store gehen m\u00fcssen, um sie herunterzuladen, und sie funktioniert trotzdem vollst\u00e4ndig.<\/p>\n<p><img loading=\"lazy\" decoding=\"async\" class=\"alignnone size-full wp-image-1391\" src=\"https:\/\/spinwineracasino.net\/wp-content\/uploads\/2025\/11\/Spinwinera-iOS-App.webp\" alt=\"Spinwinera iOS App\" width=\"1248\" height=\"536\" srcset=\"https:\/\/spinwineracasino.net\/wp-content\/uploads\/2025\/11\/Spinwinera-iOS-App.webp 1248w, https:\/\/spinwineracasino.net\/wp-content\/uploads\/2025\/11\/Spinwinera-iOS-App-300x129.webp 300w, https:\/\/spinwineracasino.net\/wp-content\/uploads\/2025\/11\/Spinwinera-iOS-App-1024x440.webp 1024w, https:\/\/spinwineracasino.net\/wp-content\/uploads\/2025\/11\/Spinwinera-iOS-App-768x330.webp 768w\" sizes=\"auto, (max-width: 1248px) 100vw, 1248px\" \/><\/p>\n<\/div><\/div><div style=\"clear: both\"><\/div><div class=\"d-flex justify-content-center\"><button data-item=\"decouvrez_link\" data-group=\"website_links\" class=\"goto fw-bold rounded-pill btn btn-orange\" aria-label=\"Spinwinera herunterladen\" >Spinwinera herunterladen<\/button><\/div><div class=\"scrollable-content-wrap my-5\"><div class=\"scrollable-content-inner\"><h2>Vorteile der Spinwinera Mobile App<\/h2>\n<p>Unsere PWA f\u00fcr mobiles Gaming bietet einzigartige Vorteile, an denen wir hart gearbeitet haben. Sie k\u00f6nnen von \u00fcberall mit einer Internetverbindung auf Spinwinera zugreifen und Online-Slots w\u00e4hrend Ihres Arbeitswegs oder in Pausen spielen. Wir haben die Touch-Steuerung speziell f\u00fcr das mobile Spielerlebnis optimiert, wodurch das Drehen von Slots und Ausw\u00e4hlen von Karten intuitiver ist im Vergleich zu Mausklicks auf dem Desktop.<\/p>\n<table>\n<tbody>\n<tr>\n<td>Funktion<\/td>\n<td>Mobiler Zugriff<\/td>\n<td>Desktop-Zugriff<\/td>\n<\/tr>\n<tr>\n<td>Zugriffsmethode<\/td>\n<td>Browser oder Startbildschirm-Verkn\u00fcpfung<\/td>\n<td>Browser<\/td>\n<\/tr>\n<tr>\n<td>Touch-Steuerung<\/td>\n<td>Optimiert f\u00fcr mobile Bildschirme<\/td>\n<td>Maus und Tastatur<\/td>\n<\/tr>\n<tr>\n<td>Mobilit\u00e4t<\/td>\n<td>Spielen Sie \u00fcberall mit Internet<\/td>\n<td>Fester Standort<\/td>\n<\/tr>\n<\/tbody>\n<\/table>\n<p>Die PWA merkt sich Ihre Einstellungen und Ihren Verifizierungsstatus, sodass sie beim Start einer neuen Sitzung genau dort weitermacht, wo Sie aufgeh\u00f6rt haben. Mobile Nutzer k\u00f6nnen Browser-Benachrichtigungen aktivieren, um Updates zu ihrer Kontoaktivit\u00e4t, Boni und Angeboten zu erhalten. Die Verkn\u00fcpfung auf dem Startbildschirm erm\u00f6glicht Ihnen einen schnellen Zugriff auf die Seite mit nur einem Fingertipp, ohne dass Sie Ihren Browser \u00f6ffnen m\u00fcssen.<\/p>\n<h2>FAQ<\/h2>\n<h3>Wie bekomme und richte ich die Spin Winera Casino-Anwendung ein?<\/h3>\n<p>\u00d6ffnen Sie einfach Ihren mobilen Browser und gehen Sie auf die offizielle Spinwinera-Website. Befolgen Sie die obigen Schritte, um eine Verkn\u00fcpfung zu Ihrem Startbildschirm f\u00fcr schnellen Zugriff hinzuzuf\u00fcgen. Es dauert nur eine Minute, und Sie k\u00f6nnen sofort auf Ihr Konto zugreifen. Sie m\u00fcssen nichts aus dem App Store herunterladen oder Spinwinera APK installieren.<\/p>\n<h3>Ist es m\u00f6glich, mein Konto und meinen Spielfortschritt \u00fcber mehrere Ger\u00e4te hinweg zu synchronisieren?<\/h3>\n<p>Ihr Konto synchronisiert sich automatisch in Echtzeit \u00fcber alle Ger\u00e4te hinweg. Sie k\u00f6nnen Ihren aktuellen Kontostand, aktive Boni und die j\u00fcngste Spielhistorie sofort auf jeder Plattform sehen, wenn Sie sich mit denselben Daten anmelden. Unabh\u00e4ngig davon, welches Ger\u00e4t Sie verwenden, erfolgen Aktualisierungen zum Turnierfortschritt, Treueprogrammen und Aktionsanforderungen sofort. Wir speichern alle Kontoinformationen sicher auf unseren Servern, sodass Sie keine Daten manuell synchronisieren oder \u00fcbertragen m\u00fcssen, wenn Sie zwischen Mobilger\u00e4t und Desktop wechseln.<\/p>\n<h3>Sch\u00fctzt die Spin Winera App pers\u00f6nliche und finanzielle Daten?<\/h3>\n<p>Die gesamte Daten\u00fcbertragung verwendet Verschl\u00fcsselung auf Bankniveau. SSL 256-Bit-Verschl\u00fcsselung sch\u00fctzt Ihre finanziellen und pers\u00f6nlichen Informationen beim Zugriff auf Spinwinera \u00fcber jeden Browser. Wir halten internationale Datenschutzbestimmungen ein, und unabh\u00e4ngige Drittunternehmen \u00fcberpr\u00fcfen regelm\u00e4\u00dfig unsere Sicherheitsma\u00dfnahmen.<\/p>\n<h3>Ich brauche Hilfe bei der Nutzung der App. Was soll ich tun?<\/h3>\n<p>Unser 24\/7-Support-Team ist \u00fcber den Hilfebereich auf der Website erreichbar. Ein Support-Mitarbeiter kann Ihre Kontodaten einsehen und Probleme innerhalb von Minuten \u00fcber den integrierten Live-Chat l\u00f6sen. Wir haben auch ein umfassendes Hilfecenter f\u00fcr h\u00e4ufige Fragen und Fehlerbehebung. Bei technischen Problemen \u00fcberwacht unser Entwicklungsteam kontinuierlich die Website-Leistung, um Probleme schnell zu identifizieren und zu beheben.<\/p>\n<\/div><\/div><\/p>\n","protected":false},"excerpt":{"rendered":"<p>Spinwinera Mobile App Wir haben die Spinwinera App entwickelt, damit Spieler jedes Spiel auf allen wichtigen Plattformen ohne Einschr\u00e4nkungen spielen k\u00f6nnen. Die mobile Anwendung bietet Ihnen das vollst\u00e4ndige Casino-Erlebnis mit der besten Leistung und schnellem Zugriff auf Spiele, Banking und Aktionen. Unsere Spin Winera Casino App funktioniert perfekt auf jedem Ger\u00e4t, egal ob Smartphone, Tablet [&hellip;]<\/p>\n","protected":false},"author":1,"featured_media":0,"parent":0,"menu_order":0,"comment_status":"closed","ping_status":"closed","template":"template-builder.php","meta":{"_acf_changed":false,"inline_featured_image":false,"footnotes":""},"class_list":["post-1413","page","type-page","status-publish","hentry"],"acf":[],"yoast_head":"<!-- This site is optimized with the Yoast SEO plugin v27.3 - https:\/\/yoast.com\/product\/yoast-seo-wordpress\/ -->\n<title>Spinwinera Casino App | F\u00fcr iOS und Android herunterladen<\/title>\n<meta name=\"description\" content=\"Installieren Sie die Spin Winera Casino App f\u00fcr iOS und Android und genie\u00dfen Sie Tausende von Spielen \u00fcberall. Profitieren Sie von reibungsloser Performance, regelm\u00e4\u00dfigen Updates und dem In-App-Support 24\/7.\" \/>\n<meta name=\"robots\" content=\"index, follow, max-snippet:-1, max-image-preview:large, max-video-preview:-1\" \/>\n<link rel=\"canonical\" href=\"https:\/\/spinwineracasino.net\/de\/app\/\" \/>\n<meta property=\"og:locale\" content=\"de_DE\" \/>\n<meta property=\"og:type\" content=\"article\" \/>\n<meta property=\"og:title\" content=\"Spinwinera Casino App | F\u00fcr iOS und Android herunterladen\" \/>\n<meta property=\"og:description\" content=\"Installieren Sie die Spin Winera Casino App f\u00fcr iOS und Android und genie\u00dfen Sie Tausende von Spielen \u00fcberall. Profitieren Sie von reibungsloser Performance, regelm\u00e4\u00dfigen Updates und dem In-App-Support 24\/7.\" \/>\n<meta property=\"og:url\" content=\"https:\/\/spinwineracasino.net\/de\/app\/\" \/>\n<meta property=\"og:site_name\" content=\"spinwinera\" \/>\n<meta property=\"article:modified_time\" content=\"2025-11-04T16:47:17+00:00\" \/>\n<meta name=\"twitter:card\" content=\"summary_large_image\" \/>\n<meta name=\"twitter:label1\" content=\"Gesch\u00e4tzte Lesezeit\" \/>\n\t<meta name=\"twitter:data1\" content=\"1\u00a0Minute\" \/>\n<script type=\"application\/ld+json\" class=\"yoast-schema-graph\">{\"@context\":\"https:\\\/\\\/schema.org\",\"@graph\":[{\"@type\":\"WebPage\",\"@id\":\"https:\\\/\\\/spinwineracasino.net\\\/de\\\/app\\\/\",\"url\":\"https:\\\/\\\/spinwineracasino.net\\\/de\\\/app\\\/\",\"name\":\"Spinwinera Casino App | F\u00fcr iOS und Android herunterladen\",\"isPartOf\":{\"@id\":\"https:\\\/\\\/spinwineracasino.net\\\/de\\\/#website\"},\"datePublished\":\"2025-11-04T12:33:43+00:00\",\"dateModified\":\"2025-11-04T16:47:17+00:00\",\"description\":\"Installieren Sie die Spin Winera Casino App f\u00fcr iOS und Android und genie\u00dfen Sie Tausende von Spielen \u00fcberall. Profitieren Sie von reibungsloser Performance, regelm\u00e4\u00dfigen Updates und dem In-App-Support 24\\\/7.\",\"breadcrumb\":{\"@id\":\"https:\\\/\\\/spinwineracasino.net\\\/de\\\/app\\\/#breadcrumb\"},\"inLanguage\":\"de\",\"potentialAction\":[{\"@type\":\"ReadAction\",\"target\":[\"https:\\\/\\\/spinwineracasino.net\\\/de\\\/app\\\/\"]}]},{\"@type\":\"BreadcrumbList\",\"@id\":\"https:\\\/\\\/spinwineracasino.net\\\/de\\\/app\\\/#breadcrumb\",\"itemListElement\":[{\"@type\":\"ListItem\",\"position\":1,\"name\":\"Spinwinera\",\"item\":\"https:\\\/\\\/spinwineracasino.net\\\/de\\\/\"},{\"@type\":\"ListItem\",\"position\":2,\"name\":\"App\"}]},{\"@type\":\"WebSite\",\"@id\":\"https:\\\/\\\/spinwineracasino.net\\\/de\\\/#website\",\"url\":\"https:\\\/\\\/spinwineracasino.net\\\/de\\\/\",\"name\":\"Spinwinera\",\"description\":\"\",\"publisher\":{\"@id\":\"https:\\\/\\\/spinwineracasino.net\\\/de\\\/#organization\"},\"potentialAction\":[{\"@type\":\"SearchAction\",\"target\":{\"@type\":\"EntryPoint\",\"urlTemplate\":\"https:\\\/\\\/spinwineracasino.net\\\/de\\\/?s={search_term_string}\"},\"query-input\":{\"@type\":\"PropertyValueSpecification\",\"valueRequired\":true,\"valueName\":\"search_term_string\"}}],\"inLanguage\":\"de\"},{\"@type\":\"Organization\",\"@id\":\"https:\\\/\\\/spinwineracasino.net\\\/de\\\/#organization\",\"name\":\"Spinwinera\",\"url\":\"https:\\\/\\\/spinwineracasino.net\\\/de\\\/\",\"logo\":{\"@type\":\"ImageObject\",\"inLanguage\":\"de\",\"@id\":\"https:\\\/\\\/spinwineracasino.net\\\/de\\\/#\\\/schema\\\/logo\\\/image\\\/\",\"url\":\"https:\\\/\\\/spinwineracasino.net\\\/wp-content\\\/uploads\\\/2025\\\/08\\\/80u1FaquEZeR6OUTeJCc.png\",\"contentUrl\":\"https:\\\/\\\/spinwineracasino.net\\\/wp-content\\\/uploads\\\/2025\\\/08\\\/80u1FaquEZeR6OUTeJCc.png\",\"width\":157,\"height\":30,\"caption\":\"Spinwinera\"},\"image\":{\"@id\":\"https:\\\/\\\/spinwineracasino.net\\\/de\\\/#\\\/schema\\\/logo\\\/image\\\/\"}}]}<\/script>\n<!-- \/ Yoast SEO plugin. -->","yoast_head_json":{"title":"Spinwinera Casino App | F\u00fcr iOS und Android herunterladen","description":"Installieren Sie die Spin Winera Casino App f\u00fcr iOS und Android und genie\u00dfen Sie Tausende von Spielen \u00fcberall. Profitieren Sie von reibungsloser Performance, regelm\u00e4\u00dfigen Updates und dem In-App-Support 24\/7.","robots":{"index":"index","follow":"follow","max-snippet":"max-snippet:-1","max-image-preview":"max-image-preview:large","max-video-preview":"max-video-preview:-1"},"canonical":"https:\/\/spinwineracasino.net\/de\/app\/","og_locale":"de_DE","og_type":"article","og_title":"Spinwinera Casino App | F\u00fcr iOS und Android herunterladen","og_description":"Installieren Sie die Spin Winera Casino App f\u00fcr iOS und Android und genie\u00dfen Sie Tausende von Spielen \u00fcberall. Profitieren Sie von reibungsloser Performance, regelm\u00e4\u00dfigen Updates und dem In-App-Support 24\/7.","og_url":"https:\/\/spinwineracasino.net\/de\/app\/","og_site_name":"spinwinera","article_modified_time":"2025-11-04T16:47:17+00:00","twitter_card":"summary_large_image","twitter_misc":{"Gesch\u00e4tzte Lesezeit":"1\u00a0Minute"},"schema":{"@context":"https:\/\/schema.org","@graph":[{"@type":"WebPage","@id":"https:\/\/spinwineracasino.net\/de\/app\/","url":"https:\/\/spinwineracasino.net\/de\/app\/","name":"Spinwinera Casino App | F\u00fcr iOS und Android herunterladen","isPartOf":{"@id":"https:\/\/spinwineracasino.net\/de\/#website"},"datePublished":"2025-11-04T12:33:43+00:00","dateModified":"2025-11-04T16:47:17+00:00","description":"Installieren Sie die Spin Winera Casino App f\u00fcr iOS und Android und genie\u00dfen Sie Tausende von Spielen \u00fcberall. Profitieren Sie von reibungsloser Performance, regelm\u00e4\u00dfigen Updates und dem In-App-Support 24\/7.","breadcrumb":{"@id":"https:\/\/spinwineracasino.net\/de\/app\/#breadcrumb"},"inLanguage":"de","potentialAction":[{"@type":"ReadAction","target":["https:\/\/spinwineracasino.net\/de\/app\/"]}]},{"@type":"BreadcrumbList","@id":"https:\/\/spinwineracasino.net\/de\/app\/#breadcrumb","itemListElement":[{"@type":"ListItem","position":1,"name":"Spinwinera","item":"https:\/\/spinwineracasino.net\/de\/"},{"@type":"ListItem","position":2,"name":"App"}]},{"@type":"WebSite","@id":"https:\/\/spinwineracasino.net\/de\/#website","url":"https:\/\/spinwineracasino.net\/de\/","name":"Spinwinera","description":"","publisher":{"@id":"https:\/\/spinwineracasino.net\/de\/#organization"},"potentialAction":[{"@type":"SearchAction","target":{"@type":"EntryPoint","urlTemplate":"https:\/\/spinwineracasino.net\/de\/?s={search_term_string}"},"query-input":{"@type":"PropertyValueSpecification","valueRequired":true,"valueName":"search_term_string"}}],"inLanguage":"de"},{"@type":"Organization","@id":"https:\/\/spinwineracasino.net\/de\/#organization","name":"Spinwinera","url":"https:\/\/spinwineracasino.net\/de\/","logo":{"@type":"ImageObject","inLanguage":"de","@id":"https:\/\/spinwineracasino.net\/de\/#\/schema\/logo\/image\/","url":"https:\/\/spinwineracasino.net\/wp-content\/uploads\/2025\/08\/80u1FaquEZeR6OUTeJCc.png","contentUrl":"https:\/\/spinwineracasino.net\/wp-content\/uploads\/2025\/08\/80u1FaquEZeR6OUTeJCc.png","width":157,"height":30,"caption":"Spinwinera"},"image":{"@id":"https:\/\/spinwineracasino.net\/de\/#\/schema\/logo\/image\/"}}]}},"_links":{"self":[{"href":"https:\/\/spinwineracasino.net\/de\/wp-json\/wp\/v2\/pages\/1413","targetHints":{"allow":["GET"]}}],"collection":[{"href":"https:\/\/spinwineracasino.net\/de\/wp-json\/wp\/v2\/pages"}],"about":[{"href":"https:\/\/spinwineracasino.net\/de\/wp-json\/wp\/v2\/types\/page"}],"author":[{"embeddable":true,"href":"https:\/\/spinwineracasino.net\/de\/wp-json\/wp\/v2\/users\/1"}],"replies":[{"embeddable":true,"href":"https:\/\/spinwineracasino.net\/de\/wp-json\/wp\/v2\/comments?post=1413"}],"version-history":[{"count":3,"href":"https:\/\/spinwineracasino.net\/de\/wp-json\/wp\/v2\/pages\/1413\/revisions"}],"predecessor-version":[{"id":1760,"href":"https:\/\/spinwineracasino.net\/de\/wp-json\/wp\/v2\/pages\/1413\/revisions\/1760"}],"wp:attachment":[{"href":"https:\/\/spinwineracasino.net\/de\/wp-json\/wp\/v2\/media?parent=1413"}],"curies":[{"name":"wp","href":"https:\/\/api.w.org\/{rel}","templated":true}]}}