{"id":1471,"date":"2025-11-04T12:53:54","date_gmt":"2025-11-04T12:53:54","guid":{"rendered":"https:\/\/spinwineracasino.net\/login-and-registration\/"},"modified":"2025-11-04T15:58:50","modified_gmt":"2025-11-04T15:58:50","slug":"anmeldung-und-registrierung","status":"publish","type":"page","link":"https:\/\/spinwineracasino.net\/de\/anmeldung-und-registrierung\/","title":{"rendered":"Anmeldung und Registrierung"},"content":{"rendered":"<h1>Spinwinera-Anmeldung und Kontoerstellung<\/h1>\n<p>Die Verwaltung Ihres Spielkontos beginnt mit einem sicheren Spinwinera Login, der Ihnen sofortigen Zugriff auf alle Plattformfunktionen gibt. Wir bieten einfache Registrierungs- und Authentifizierungssysteme, die Ihre Informationen sicher aufbewahren und gleichzeitig den Zugang erleichtern. Ihr Konto ist der Schl\u00fcssel zu personalisierten Spielerlebnissen und besonderen Vorteilen f\u00fcr Mitglieder.<\/p>\n<p><div class=\"banner-wrap\" aria-label=\"Banner\"><img src=\"https:\/\/spinwineracasino.net\/wp-content\/uploads\/2025\/11\/Spinwinera-bonus-desktop.webp\" class=\"w-100 d-none d-lg-block img-pc main-banner-img\" alt=\"Spinwinera bonus desktop\" fetchpriority=\"high\" decoding=\"async\"><img src=\"https:\/\/spinwineracasino.net\/wp-content\/uploads\/2025\/11\/Spinwinera-bonus-mobile.webp\" class=\"w-100 d-none d-md-block d-lg-none main-banner-img\" alt=\"Spinwinera bonus mobile\" fetchpriority=\"high\" decoding=\"async\"><img src=\"https:\/\/spinwineracasino.net\/wp-content\/uploads\/2025\/11\/Spinwinera-bonus-mobile.webp\" class=\"w-100 d-md-none\" alt=\"Spinwinera bonus mobile\" fetchpriority=\"high\" decoding=\"async\"><div class=\"banner-description\">\n<div class=\"banner-title\">Willkommensboni<\/div>\n<p class=\"banner-header-title\">\u20ac1,500<\/p>\n<div class=\"banner-header-AdditionalText\">+ 250 Freispiele<\/div>\n<button data-item=\"homepage_banner_link\" class=\"goto m-button m-gradient-border m-button--primary m-button--large banner-button btn-orange\">\n            <div class=\"m-button-content\">\n                <span>Jetzt anmelden<\/span>\n                <span><\/span>\n            <\/div>\n        <\/button>\n<\/div>\n<div class=\"WelcomePack\">\n<p><img loading=\"lazy\" decoding=\"async\" class=\"alignnone size-full wp-image-1378\" src=\"https:\/\/spinwineracasino.net\/wp-content\/uploads\/2025\/11\/welcome-crown.svg\" alt=\"crown\" width=\"25\" height=\"26\" \/><\/p>\n<div class=\"WelcomePack-Info\">W\u00f6chentlicher Cashback von bis zu 25 %<\/div>\n<p><img loading=\"lazy\" decoding=\"async\" class=\"alignnone size-full wp-image-1378\" src=\"https:\/\/spinwineracasino.net\/wp-content\/uploads\/2025\/11\/welcome-crown.svg\" alt=\"crown\" width=\"25\" height=\"26\" \/><\/p>\n<\/div>\n<\/div><div class=\"scrollable-content-wrap my-5\"><div class=\"scrollable-content-inner\"><h2>Registrieren Sie sich und erstellen Sie ein Konto bei Spin Winera<\/h2>\n<p>Wenn Sie ein Spinwinera-Casino-Konto erstellen, k\u00f6nnen Sie auf unsere vollst\u00e4ndige Spielbibliothek und Funktionen zugreifen, die nur f\u00fcr Mitglieder verf\u00fcgbar sind. Die Registrierung dauert nur wenige Minuten, und Sie m\u00fcssen einige grundlegende pers\u00f6nliche Informationen angeben, um Ihr Konto sicher zu halten und die Spielregeln einzuhalten.<\/p>\n<p>Mit Ihrer neuen Spinwinera-Anmeldung k\u00f6nnen Sie schnell auf Einzahlungsmethoden, Auszahlungsoptionen und Bonusprogramme zugreifen. Ihr sicheres Profil verfolgt Ihre Spielhistorie, Transaktionsaufzeichnungen und Pr\u00e4ferenzeinstellungen. Kontoinhaber k\u00f6nnen an Treueprogrammen teilnehmen, personalisierte Angebote erhalten und \u00fcber spezielle Kan\u00e4le Hilfe vom Kundenservice bekommen.<\/p>\n<h3>Einstellungen und Funktionen Ihres Kontos<\/h3>\n<p>Sie k\u00f6nnen Ihre Spinwinera-Spielpr\u00e4ferenzen, Kommunikationseinstellungen und Sicherheitsfunktionen auf vielf\u00e4ltige Weise in Ihrem Dashboard anpassen.<\/p>\n<ul>\n<li>Wir geben Ihnen die Werkzeuge, um Einzahlungslimits festzulegen, sich an Ihre Sitzungszeiten erinnern zu lassen und Reality-Check-Benachrichtigungen einzurichten, die Ihnen helfen, verantwortungsvoll zu spielen.<\/li>\n<li>Sie k\u00f6nnen Ihre Zahlungsmethoden \u00e4ndern, Ihre pers\u00f6nlichen Informationen aktualisieren und \u00e4ndern, wie Sie \u00fcber Werbematerialien benachrichtigt werden m\u00f6chten, und zwar im Einstellungsbereich.<\/li>\n<li>Sie k\u00f6nnen die Zwei-Faktor-Authentifizierung aktivieren, um Ihr Konto sicherer zu machen, Ihre Spielhistorie einsehen und detaillierte Transaktionsverl\u00e4ufe ansehen.<\/li>\n<li>Sie k\u00f6nnen Ihre Sprach- und W\u00e4hrungspr\u00e4ferenzen jederzeit \u00e4ndern, um Ihren Bed\u00fcrfnissen gerecht zu werden.<\/li>\n<\/ul>\n<h2>Kontoverifizierungsprozess<\/h2>\n<p>Die Kontoverifizierung beweist, wer Sie sind, und gibt Ihnen vollen Zugang zum Spinwinera-Casino, einschlie\u00dflich der M\u00f6glichkeit, Geld abzuheben und gr\u00f6\u00dfere Transaktionen durchzuf\u00fchren. Um regulatorische Anforderungen zu erf\u00fcllen und zu verhindern, dass Personen ohne Berechtigung auf Profile zugreifen, ben\u00f6tigen wir Verifizierungsdokumente.<\/p>\n<p>Reichen Sie einen von einer Beh\u00f6rde ausgestellten Lichtbildausweis, einen Adressnachweis mit Datum innerhalb der letzten drei Monate und eine Verifizierung der Zahlungsmethode ein, falls angefordert. Nebenkostenabrechnungen, Kontoausz\u00fcge oder offizielle Schreiben, die Ihren Namen und Ihre aktuelle Adresse zeigen, sind alle als Adressdokumente akzeptabel. Laden Sie klare, lesbare Kopien \u00fcber den Verifizierungsbereich Ihres Dashboards hoch.<\/p>\n<p>W\u00e4hrend der Gesch\u00e4ftszeiten pr\u00fcft unser Spinwinera-Verifizierungsteam Einreichungen innerhalb von 24 bis 48 Stunden. Sie erhalten E-Mail-Benachrichtigungen \u00fcber Aktualisierungen zum Verifizierungsstatus. Um Verz\u00f6gerungen bei der Bearbeitung zu vermeiden, stellen Sie sicher, dass Sie die Verifizierung abgeschlossen haben, bevor Sie Ihre erste Auszahlung beantragen. Wir verschl\u00fcsseln alle Dokumente, die uns zugesandt werden, und bewahren sie sicher gem\u00e4\u00df den Datenschutzgesetzen auf.<\/p>\n<h2>Anmelden bei Spinwinera<\/h2>\n<ol>\n<li>Sie k\u00f6nnen sich in Ihr Spinwinera-Konto einloggen, indem Sie auf die Schaltfl\u00e4che in der oberen rechten Ecke unserer Startseite klicken.<\/li>\n<li>F\u00fcllen Sie die Felder mit Ihrer registrierten E-Mail-Adresse und Ihrem Passwort aus.<\/li>\n<li>Klicken Sie auf die Anmelde-Schaltfl\u00e4che, um zu Ihrem Dashboard zu gelangen.<\/li>\n<\/ol>\n<p>Sie k\u00f6nnen unseren Spielkatalog durchsuchen, Einzahlungen vornehmen, verf\u00fcgbare Boni beanspruchen und Ihre Einstellungen \u00e4ndern, sobald Sie angemeldet sind. Ihr aktuelles Guthaben, aktive Aktionen und die j\u00fcngsten Spielaktivit\u00e4ten werden alle im Dashboard angezeigt. Verwenden Sie das Hauptmen\u00fc, um zwischen verschiedenen Bereichen zu wechseln und Spielautomaten, Tischspiele, Live-Dealer-Optionen und andere Unterhaltungsarten anzusehen.<\/p>\n<h3>Passwort- oder Anmelde-Zur\u00fccksetzung<\/h3>\n<p>Sie k\u00f6nnen Ihr Passwort zur\u00fccksetzen, wenn Sie es vergessen, indem Sie auf den Link \u201ePasswort vergessen?&#8220; auf der Spinwinera-Anmeldeseite klicken. Geben Sie Ihre registrierte E-Mail-Adresse ein und wir senden Ihnen innerhalb von Minuten Anweisungen zum Zur\u00fccksetzen in Ihr Postfach. Um ein neues Passwort zu erstellen, das unseren Sicherheitsstandards entspricht, klicken Sie auf den sicheren Link in der E-Mail.<\/p>\n<table>\n<tbody>\n<tr>\n<td>Wiederherstellungssituation<\/td>\n<td>L\u00f6sung<\/td>\n<\/tr>\n<tr>\n<td>Vergessenes Passwort<\/td>\n<td>Verwenden Sie den Passwortzur\u00fccksetzungs-Link auf der Anmeldeseite<\/td>\n<\/tr>\n<tr>\n<td>Nicht zug\u00e4ngliche E-Mail<\/td>\n<td>Kontaktieren Sie das Support-Team mit Identit\u00e4tsverifizierung<\/td>\n<\/tr>\n<tr>\n<td>Gesperrtes Konto<\/td>\n<td>Wenden Sie sich an den Kundenservice f\u00fcr Entsperrungs-Unterst\u00fctzung<\/td>\n<\/tr>\n<tr>\n<td>Anmelde-Fehlermeldungen<\/td>\n<td>Browser-Cache l\u00f6schen oder anderen Browser versuchen<\/td>\n<\/tr>\n<\/tbody>\n<\/table>\n<h2>FAQ<\/h2>\n<h3>Wie richte ich ein neues Konto im Spin Winera Casino ein?<\/h3>\n<p>Um zum Spinwinera-Kontoerstellungsformular zu gelangen, klicken Sie auf die Schaltfl\u00e4che \u201eRegistrieren&#8220; auf unserer Startseite. Geben Sie Ihre E-Mail, Ihr Passwort, Ihren vollst\u00e4ndigen Namen, Ihr Geburtsdatum und Ihre Adresse ein. Akzeptieren Sie die Allgemeinen Gesch\u00e4ftsbedingungen und senden Sie dann das Formular ab. Wir senden eine Best\u00e4tigungs-E-Mail, um Ihre Adresse zu verifizieren und Ihr Konto zu aktivieren.<\/p>\n<h3>Warum kann ich nicht auf mein Spinwinera-Konto zugreifen?<\/h3>\n<p>Anmeldeprobleme werden normalerweise durch die Eingabe des falschen Passworts, die Notwendigkeit, Ihr Konto zu verifizieren, oder Probleme mit dem Browser-Cache verursacht. Stellen Sie sicher, dass Sie die richtige E-Mail-Adresse und das richtige Passwort mit der korrekten Gro\u00df- und Kleinschreibung eingeben. Versuchen Sie, sich erneut anzumelden, nachdem Sie den Cache und die Cookies Ihres Browsers gel\u00f6scht haben. Wenn der Verifizierungsprozess noch aussteht, reichen Sie die erforderlichen Dokumente ein. Wenn diese Schritte das Problem nicht beheben, wenden Sie sich per Live-Chat oder E-Mail an den mehrsprachigen Support.<\/p>\n<h3>Was muss ich bei der Registrierung angeben?<\/h3>\n<p>Um sich im Spinwinera-Casino zu registrieren, m\u00fcssen Sie Ihre E-Mail-Adresse angeben. Sie m\u00fcssen ein starkes Passwort erstellen, das unseren Standards entspricht, und Ihre W\u00e4hrung ausw\u00e4hlen. Wir ben\u00f6tigen diese Informationen, um Ihr Alter zu \u00fcberpr\u00fcfen, Ihre Identit\u00e4t nachzuweisen und Spielregeln einzuhalten, die alle Spieler sch\u00fctzen.<\/p>\n<\/div><\/div><\/p>\n","protected":false},"excerpt":{"rendered":"<p>Spinwinera-Anmeldung und Kontoerstellung Die Verwaltung Ihres Spielkontos beginnt mit einem sicheren Spinwinera Login, der Ihnen sofortigen Zugriff auf alle Plattformfunktionen gibt. Wir bieten einfache Registrierungs- und Authentifizierungssysteme, die Ihre Informationen sicher aufbewahren und gleichzeitig den Zugang erleichtern. Ihr Konto ist der Schl\u00fcssel zu personalisierten Spielerlebnissen und besonderen Vorteilen f\u00fcr Mitglieder.<\/p>\n","protected":false},"author":1,"featured_media":0,"parent":0,"menu_order":0,"comment_status":"closed","ping_status":"closed","template":"template-builder.php","meta":{"_acf_changed":false,"inline_featured_image":false,"footnotes":""},"class_list":["post-1471","page","type-page","status-publish","hentry"],"acf":[],"yoast_head":"<!-- This site is optimized with the Yoast SEO plugin v27.3 - https:\/\/yoast.com\/product\/yoast-seo-wordpress\/ -->\n<title>Spinwinera Login | Registrierung &amp; Kontoverwaltung<\/title>\n<meta name=\"description\" content=\"Nutzen Sie Ihre Spin Winera Casino login, um sicher auf Ihr Konto zuzugreifen oder sich zu registrieren. Profitieren Sie von schneller Registrierung, sicherem Zugriff und Kontoschutz f\u00fcr ein optimales Spielerlebnis.\" \/>\n<meta name=\"robots\" content=\"index, follow, max-snippet:-1, max-image-preview:large, max-video-preview:-1\" \/>\n<link rel=\"canonical\" href=\"https:\/\/spinwineracasino.net\/de\/anmeldung-und-registrierung\/\" \/>\n<meta property=\"og:locale\" content=\"de_DE\" \/>\n<meta property=\"og:type\" content=\"article\" \/>\n<meta property=\"og:title\" content=\"Spinwinera Login | Registrierung &amp; Kontoverwaltung\" \/>\n<meta property=\"og:description\" content=\"Nutzen Sie Ihre Spin Winera Casino login, um sicher auf Ihr Konto zuzugreifen oder sich zu registrieren. Profitieren Sie von schneller Registrierung, sicherem Zugriff und Kontoschutz f\u00fcr ein optimales Spielerlebnis.\" \/>\n<meta property=\"og:url\" content=\"https:\/\/spinwineracasino.net\/de\/anmeldung-und-registrierung\/\" \/>\n<meta property=\"og:site_name\" content=\"spinwinera\" \/>\n<meta property=\"article:modified_time\" content=\"2025-11-04T15:58:50+00:00\" \/>\n<meta name=\"twitter:card\" content=\"summary_large_image\" \/>\n<meta name=\"twitter:label1\" content=\"Gesch\u00e4tzte Lesezeit\" \/>\n\t<meta name=\"twitter:data1\" content=\"1\u00a0Minute\" \/>\n<script type=\"application\/ld+json\" class=\"yoast-schema-graph\">{\"@context\":\"https:\\\/\\\/schema.org\",\"@graph\":[{\"@type\":\"WebPage\",\"@id\":\"https:\\\/\\\/spinwineracasino.net\\\/de\\\/anmeldung-und-registrierung\\\/\",\"url\":\"https:\\\/\\\/spinwineracasino.net\\\/de\\\/anmeldung-und-registrierung\\\/\",\"name\":\"Spinwinera Login | Registrierung & Kontoverwaltung\",\"isPartOf\":{\"@id\":\"https:\\\/\\\/spinwineracasino.net\\\/de\\\/#website\"},\"datePublished\":\"2025-11-04T12:53:54+00:00\",\"dateModified\":\"2025-11-04T15:58:50+00:00\",\"description\":\"Nutzen Sie Ihre Spin Winera Casino login, um sicher auf Ihr Konto zuzugreifen oder sich zu registrieren. Profitieren Sie von schneller Registrierung, sicherem Zugriff und Kontoschutz f\u00fcr ein optimales Spielerlebnis.\",\"breadcrumb\":{\"@id\":\"https:\\\/\\\/spinwineracasino.net\\\/de\\\/anmeldung-und-registrierung\\\/#breadcrumb\"},\"inLanguage\":\"de\",\"potentialAction\":[{\"@type\":\"ReadAction\",\"target\":[\"https:\\\/\\\/spinwineracasino.net\\\/de\\\/anmeldung-und-registrierung\\\/\"]}]},{\"@type\":\"BreadcrumbList\",\"@id\":\"https:\\\/\\\/spinwineracasino.net\\\/de\\\/anmeldung-und-registrierung\\\/#breadcrumb\",\"itemListElement\":[{\"@type\":\"ListItem\",\"position\":1,\"name\":\"Spinwinera\",\"item\":\"https:\\\/\\\/spinwineracasino.net\\\/de\\\/\"},{\"@type\":\"ListItem\",\"position\":2,\"name\":\"Anmeldung und Registrierung\"}]},{\"@type\":\"WebSite\",\"@id\":\"https:\\\/\\\/spinwineracasino.net\\\/de\\\/#website\",\"url\":\"https:\\\/\\\/spinwineracasino.net\\\/de\\\/\",\"name\":\"Spinwinera\",\"description\":\"\",\"publisher\":{\"@id\":\"https:\\\/\\\/spinwineracasino.net\\\/de\\\/#organization\"},\"potentialAction\":[{\"@type\":\"SearchAction\",\"target\":{\"@type\":\"EntryPoint\",\"urlTemplate\":\"https:\\\/\\\/spinwineracasino.net\\\/de\\\/?s={search_term_string}\"},\"query-input\":{\"@type\":\"PropertyValueSpecification\",\"valueRequired\":true,\"valueName\":\"search_term_string\"}}],\"inLanguage\":\"de\"},{\"@type\":\"Organization\",\"@id\":\"https:\\\/\\\/spinwineracasino.net\\\/de\\\/#organization\",\"name\":\"Spinwinera\",\"url\":\"https:\\\/\\\/spinwineracasino.net\\\/de\\\/\",\"logo\":{\"@type\":\"ImageObject\",\"inLanguage\":\"de\",\"@id\":\"https:\\\/\\\/spinwineracasino.net\\\/de\\\/#\\\/schema\\\/logo\\\/image\\\/\",\"url\":\"https:\\\/\\\/spinwineracasino.net\\\/wp-content\\\/uploads\\\/2025\\\/08\\\/80u1FaquEZeR6OUTeJCc.png\",\"contentUrl\":\"https:\\\/\\\/spinwineracasino.net\\\/wp-content\\\/uploads\\\/2025\\\/08\\\/80u1FaquEZeR6OUTeJCc.png\",\"width\":157,\"height\":30,\"caption\":\"Spinwinera\"},\"image\":{\"@id\":\"https:\\\/\\\/spinwineracasino.net\\\/de\\\/#\\\/schema\\\/logo\\\/image\\\/\"}}]}<\/script>\n<!-- \/ Yoast SEO plugin. -->","yoast_head_json":{"title":"Spinwinera Login | Registrierung & Kontoverwaltung","description":"Nutzen Sie Ihre Spin Winera Casino login, um sicher auf Ihr Konto zuzugreifen oder sich zu registrieren. Profitieren Sie von schneller Registrierung, sicherem Zugriff und Kontoschutz f\u00fcr ein optimales Spielerlebnis.","robots":{"index":"index","follow":"follow","max-snippet":"max-snippet:-1","max-image-preview":"max-image-preview:large","max-video-preview":"max-video-preview:-1"},"canonical":"https:\/\/spinwineracasino.net\/de\/anmeldung-und-registrierung\/","og_locale":"de_DE","og_type":"article","og_title":"Spinwinera Login | Registrierung & Kontoverwaltung","og_description":"Nutzen Sie Ihre Spin Winera Casino login, um sicher auf Ihr Konto zuzugreifen oder sich zu registrieren. Profitieren Sie von schneller Registrierung, sicherem Zugriff und Kontoschutz f\u00fcr ein optimales Spielerlebnis.","og_url":"https:\/\/spinwineracasino.net\/de\/anmeldung-und-registrierung\/","og_site_name":"spinwinera","article_modified_time":"2025-11-04T15:58:50+00:00","twitter_card":"summary_large_image","twitter_misc":{"Gesch\u00e4tzte Lesezeit":"1\u00a0Minute"},"schema":{"@context":"https:\/\/schema.org","@graph":[{"@type":"WebPage","@id":"https:\/\/spinwineracasino.net\/de\/anmeldung-und-registrierung\/","url":"https:\/\/spinwineracasino.net\/de\/anmeldung-und-registrierung\/","name":"Spinwinera Login | Registrierung & Kontoverwaltung","isPartOf":{"@id":"https:\/\/spinwineracasino.net\/de\/#website"},"datePublished":"2025-11-04T12:53:54+00:00","dateModified":"2025-11-04T15:58:50+00:00","description":"Nutzen Sie Ihre Spin Winera Casino login, um sicher auf Ihr Konto zuzugreifen oder sich zu registrieren. Profitieren Sie von schneller Registrierung, sicherem Zugriff und Kontoschutz f\u00fcr ein optimales Spielerlebnis.","breadcrumb":{"@id":"https:\/\/spinwineracasino.net\/de\/anmeldung-und-registrierung\/#breadcrumb"},"inLanguage":"de","potentialAction":[{"@type":"ReadAction","target":["https:\/\/spinwineracasino.net\/de\/anmeldung-und-registrierung\/"]}]},{"@type":"BreadcrumbList","@id":"https:\/\/spinwineracasino.net\/de\/anmeldung-und-registrierung\/#breadcrumb","itemListElement":[{"@type":"ListItem","position":1,"name":"Spinwinera","item":"https:\/\/spinwineracasino.net\/de\/"},{"@type":"ListItem","position":2,"name":"Anmeldung und Registrierung"}]},{"@type":"WebSite","@id":"https:\/\/spinwineracasino.net\/de\/#website","url":"https:\/\/spinwineracasino.net\/de\/","name":"Spinwinera","description":"","publisher":{"@id":"https:\/\/spinwineracasino.net\/de\/#organization"},"potentialAction":[{"@type":"SearchAction","target":{"@type":"EntryPoint","urlTemplate":"https:\/\/spinwineracasino.net\/de\/?s={search_term_string}"},"query-input":{"@type":"PropertyValueSpecification","valueRequired":true,"valueName":"search_term_string"}}],"inLanguage":"de"},{"@type":"Organization","@id":"https:\/\/spinwineracasino.net\/de\/#organization","name":"Spinwinera","url":"https:\/\/spinwineracasino.net\/de\/","logo":{"@type":"ImageObject","inLanguage":"de","@id":"https:\/\/spinwineracasino.net\/de\/#\/schema\/logo\/image\/","url":"https:\/\/spinwineracasino.net\/wp-content\/uploads\/2025\/08\/80u1FaquEZeR6OUTeJCc.png","contentUrl":"https:\/\/spinwineracasino.net\/wp-content\/uploads\/2025\/08\/80u1FaquEZeR6OUTeJCc.png","width":157,"height":30,"caption":"Spinwinera"},"image":{"@id":"https:\/\/spinwineracasino.net\/de\/#\/schema\/logo\/image\/"}}]}},"_links":{"self":[{"href":"https:\/\/spinwineracasino.net\/de\/wp-json\/wp\/v2\/pages\/1471","targetHints":{"allow":["GET"]}}],"collection":[{"href":"https:\/\/spinwineracasino.net\/de\/wp-json\/wp\/v2\/pages"}],"about":[{"href":"https:\/\/spinwineracasino.net\/de\/wp-json\/wp\/v2\/types\/page"}],"author":[{"embeddable":true,"href":"https:\/\/spinwineracasino.net\/de\/wp-json\/wp\/v2\/users\/1"}],"replies":[{"embeddable":true,"href":"https:\/\/spinwineracasino.net\/de\/wp-json\/wp\/v2\/comments?post=1471"}],"version-history":[{"count":2,"href":"https:\/\/spinwineracasino.net\/de\/wp-json\/wp\/v2\/pages\/1471\/revisions"}],"predecessor-version":[{"id":1661,"href":"https:\/\/spinwineracasino.net\/de\/wp-json\/wp\/v2\/pages\/1471\/revisions\/1661"}],"wp:attachment":[{"href":"https:\/\/spinwineracasino.net\/de\/wp-json\/wp\/v2\/media?parent=1471"}],"curies":[{"name":"wp","href":"https:\/\/api.w.org\/{rel}","templated":true}]}}