{"id":1421,"date":"2025-11-04T12:33:43","date_gmt":"2025-11-04T12:33:43","guid":{"rendered":"https:\/\/spinwineracasino.net\/app\/"},"modified":"2025-11-05T08:33:29","modified_gmt":"2025-11-05T08:33:29","slug":"app","status":"publish","type":"page","link":"https:\/\/spinwineracasino.net\/es\/app\/","title":{"rendered":"App"},"content":{"rendered":"<h1>App M\u00f3vil de Spinwinera<\/h1>\n<p>Creamos la Spinwinera app para que los jugadores pudieran jugar a cualquier juego en cualquier plataforma principal sin restricciones. La aplicaci\u00f3n m\u00f3vil te ofrece la experiencia completa de casino, con el mejor rendimiento y acceso r\u00e1pido a juegos, operaciones bancarias y promociones. Nuestra app de casino Spin Winera funciona perfectamente en cualquier dispositivo, ya sea un smartphone, una tablet o un ordenador. No pierde calidad ni funcionalidad.<\/p>\n<p><div class=\"banner-wrap\" aria-label=\"Banner\"><img src=\"https:\/\/spinwineracasino.net\/wp-content\/uploads\/2025\/11\/Spinwinera-bonus-desktop.webp\" class=\"w-100 d-none d-lg-block img-pc main-banner-img\" alt=\"Spinwinera bonus desktop\" fetchpriority=\"high\" decoding=\"async\"><img src=\"https:\/\/spinwineracasino.net\/wp-content\/uploads\/2025\/11\/Spinwinera-bonus-mobile.webp\" class=\"w-100 d-none d-md-block d-lg-none main-banner-img\" alt=\"Spinwinera bonus mobile\" fetchpriority=\"high\" decoding=\"async\"><img src=\"https:\/\/spinwineracasino.net\/wp-content\/uploads\/2025\/11\/Spinwinera-bonus-mobile.webp\" class=\"w-100 d-md-none\" alt=\"Spinwinera bonus mobile\" fetchpriority=\"high\" decoding=\"async\"><div class=\"banner-description\">\n<div class=\"banner-title\">Bonos de Bienvenida<\/div>\n<p class=\"banner-header-title\">\u20ac1,500<\/p>\n<div class=\"banner-header-AdditionalText\">+ 250 Giros Gratis<\/div>\n<button data-item=\"homepage_banner_link\" class=\"goto m-button m-gradient-border m-button--primary m-button--large banner-button btn-orange\">\n            <div class=\"m-button-content\">\n                <span>Reg\u00edstrese ahora<\/span>\n                <span><\/span>\n            <\/div>\n        <\/button>\n<\/div>\n<div class=\"WelcomePack\">\n<p><img loading=\"lazy\" decoding=\"async\" class=\"alignnone size-full wp-image-1378\" src=\"https:\/\/spinwineracasino.net\/wp-content\/uploads\/2025\/11\/welcome-crown.svg\" alt=\"crown\" width=\"25\" height=\"26\" \/><\/p>\n<div class=\"WelcomePack-Info\">Reembolso semanal de hasta el 25 %<\/div>\n<p><img loading=\"lazy\" decoding=\"async\" class=\"alignnone size-full wp-image-1378\" src=\"https:\/\/spinwineracasino.net\/wp-content\/uploads\/2025\/11\/welcome-crown.svg\" alt=\"crown\" width=\"25\" height=\"26\" \/><\/p>\n<\/div>\n<\/div><div style=\"clear: both\"><\/div><div class=\"d-flex justify-content-center\"><button data-item=\"decouvrez_link\" data-group=\"website_links\" class=\"goto fw-bold rounded-pill btn btn-orange\" aria-label=\"Descargar la aplicaci\u00f3n Spinwinera\" >Descargar la aplicaci\u00f3n Spinwinera<\/button><\/div><div class=\"scrollable-content-wrap my-5\"><div class=\"scrollable-content-inner\"><h2>Descarga la app de Spin Winera para Windows y Mac<\/h2>\n<p>Puedes usar Spinwinera directamente en tu navegador tanto en ordenadores Windows como Mac. Solo tienes que visitar nuestra p\u00e1gina web y empezar a jugar. No se necesitan descargas. Los usuarios de escritorio obtienen un gran rendimiento y una interfaz limpia que funciona bien en pantallas m\u00e1s grandes. Tu navegador se ocupa de todo, garantizando que los juegos se carguen r\u00e1pidamente y se mantengan estables.<\/p>\n<p>Tambi\u00e9n puedes a\u00f1adir Spinwinera a tu escritorio o pantalla de inicio como un acceso directo para llegar a\u00fan m\u00e1s r\u00e1pido. La tecnolog\u00eda PWA se actualiza autom\u00e1ticamente en segundo plano, por lo que siempre tienes acceso a las funciones m\u00e1s nuevas y a las mejoras de seguridad. Puedes activar las notificaciones del navegador para la actividad de la cuenta, bonificaciones y actualizaciones de torneos directamente desde nuestra p\u00e1gina web.<\/p>\n<p><img loading=\"lazy\" decoding=\"async\" class=\"alignnone size-full wp-image-1389\" src=\"https:\/\/spinwineracasino.net\/wp-content\/uploads\/2025\/11\/Spinwinera-PC.webp\" alt=\"Spinwinera PC\" width=\"1248\" height=\"536\" srcset=\"https:\/\/spinwineracasino.net\/wp-content\/uploads\/2025\/11\/Spinwinera-PC.webp 1248w, https:\/\/spinwineracasino.net\/wp-content\/uploads\/2025\/11\/Spinwinera-PC-300x129.webp 300w, https:\/\/spinwineracasino.net\/wp-content\/uploads\/2025\/11\/Spinwinera-PC-1024x440.webp 1024w, https:\/\/spinwineracasino.net\/wp-content\/uploads\/2025\/11\/Spinwinera-PC-768x330.webp 768w\" sizes=\"auto, (max-width: 1248px) 100vw, 1248px\" \/><\/p>\n<\/div><\/div><div style=\"clear: both\"><\/div><div class=\"d-flex justify-content-center\"><button data-item=\"decouvrez_link\" data-group=\"website_links\" class=\"goto fw-bold rounded-pill btn btn-orange\" aria-label=\"Descargar Spinwinera\" >Descargar Spinwinera<\/button><\/div><div class=\"scrollable-content-wrap my-5\"><div class=\"scrollable-content-inner\"><h2>Juega sobre la Marcha con la App para Android<\/h2>\n<p>Nos aseguramos de que cada parte del casino Spinwinera funcionara perfectamente en pantallas m\u00e1s peque\u00f1as manteniendo todas las funciones disponibles en escritorio. Cualquier navegador moderno, como Chrome, funciona perfectamente con la p\u00e1gina web en dispositivos que ejecuten Android 6.0 o superior.<\/p>\n<h3>Instalar APK Para Android<\/h3>\n<p>Facilita el acceso inmediato a Spinwinera directamente desde tu pantalla de inicio:<\/p>\n<ol>\n<li>Usa el navegador Chrome en tu dispositivo preferido para ir a la p\u00e1gina web de Spinwinera.<\/li>\n<li>Haz clic en los tres puntos de la barra de direcciones para ver m\u00e1s opciones.<\/li>\n<li>Selecciona &#8220;A\u00f1adir a la pantalla de inicio&#8221;.<\/li>\n<li>Pulsa &#8220;A\u00f1adir&#8221; para confirmar.<\/li>\n<li>El icono de Spinwinera aparecer\u00e1 en tu pantalla de inicio para acceder con un solo toque.<\/li>\n<\/ol>\n<p>El acceso directo te da acceso instant\u00e1neo a tu cuenta con las mismas funciones que una app nativa una vez a\u00f1adido. Las notificaciones push te informan sobre bonificaciones m\u00f3viles especiales, giros gratis y grandes ganancias.<\/p>\n<p><img loading=\"lazy\" decoding=\"async\" class=\"alignnone size-full wp-image-1390\" src=\"https:\/\/spinwineracasino.net\/wp-content\/uploads\/2025\/11\/Spinwinera-Android-App.webp\" alt=\"Spinwinera Android App\" width=\"1248\" height=\"536\" srcset=\"https:\/\/spinwineracasino.net\/wp-content\/uploads\/2025\/11\/Spinwinera-Android-App.webp 1248w, https:\/\/spinwineracasino.net\/wp-content\/uploads\/2025\/11\/Spinwinera-Android-App-300x129.webp 300w, https:\/\/spinwineracasino.net\/wp-content\/uploads\/2025\/11\/Spinwinera-Android-App-1024x440.webp 1024w, https:\/\/spinwineracasino.net\/wp-content\/uploads\/2025\/11\/Spinwinera-Android-App-768x330.webp 768w\" sizes=\"auto, (max-width: 1248px) 100vw, 1248px\" \/><\/p>\n<\/div><\/div><div style=\"clear: both\"><\/div><div class=\"d-flex justify-content-center\"><button data-item=\"decouvrez_link\" data-group=\"website_links\" class=\"goto fw-bold rounded-pill btn btn-orange\" aria-label=\"Descargar la aplicaci\u00f3n Spinwinera\" >Descargar la aplicaci\u00f3n Spinwinera<\/button><\/div><div class=\"scrollable-content-wrap my-5\"><div class=\"scrollable-content-inner\"><h2>App para Dispositivos iOS<\/h2>\n<p>Creamos nuestra app Spinwinera para iOS espec\u00edficamente para usuarios de iPhone y iPad que buscan el mejor rendimiento posible. La aplicaci\u00f3n de casino m\u00f3vil funciona perfectamente en iOS, con animaciones fluidas y tiempos de respuesta instant\u00e1neos.<\/p>\n<h3>Descargar App para iOS<\/h3>\n<p>Crea un acceso directo en la pantalla de inicio para un acceso r\u00e1pido a Spinwinera:<\/p>\n<ol>\n<li>Visita nuestra p\u00e1gina m\u00f3vil desde Safari en tu dispositivo iOS y pulsa el bot\u00f3n Compartir.<\/li>\n<li>Safari te pedir\u00e1 que a\u00f1adas la aplicaci\u00f3n a tu pantalla de inicio.<\/li>\n<li>Selecciona &#8220;A\u00f1adir a la Pantalla de Inicio&#8221; en el men\u00fa.<\/li>\n<li>El icono de la app aparecer\u00e1 en tu dispositivo con tus otras apps, y podr\u00e1s acceder con un solo toque.<\/li>\n<\/ol>\n<p>Utilizamos tecnolog\u00eda de Aplicaci\u00f3n Web Progresiva (PWA) para ofrecerte el mismo rendimiento que una app nativa en tu navegador. Esto significa que no tienes que ir a la tienda de aplicaciones para obtenerla, y a\u00fan as\u00ed funciona por completo.<\/p>\n<p><img loading=\"lazy\" decoding=\"async\" src=\"https:\/\/spinwineracasino.net\/wp-content\/uploads\/2025\/11\/Spinwinera-iOS-App.webp\" alt=\"Spinwinera iOS App\" width=\"1248\" height=\"536\" \/><\/p>\n<\/div><\/div><div style=\"clear: both\"><\/div><div class=\"d-flex justify-content-center\"><button data-item=\"decouvrez_link\" data-group=\"website_links\" class=\"goto fw-bold rounded-pill btn btn-orange\" aria-label=\"Descargar Spinwinera\" >Descargar Spinwinera<\/button><\/div><div class=\"scrollable-content-wrap my-5\"><div class=\"scrollable-content-inner\"><h2>Ventajas de la App M\u00f3vil de Spinwinera<\/h2>\n<p>Nuestra PWA para juego m\u00f3vil tiene beneficios \u00fanicos que nos hemos esforzado por mejorar. Puedes acceder a Spinwinera desde cualquier lugar con conexi\u00f3n a internet, jugando a tragaperras online durante tu commute o en los descansos. Hemos mejorado los controles t\u00e1ctiles espec\u00edficamente para la experiencia de juego m\u00f3vil, haciendo m\u00e1s intuitivo girar los rodillos y seleccionar cartas en comparaci\u00f3n con los clics del rat\u00f3n en escritorio.<\/p>\n<table>\n<tbody>\n<tr>\n<td>Caracter\u00edstica<\/td>\n<td>Acceso M\u00f3vil<\/td>\n<td>Acceso en Escritorio<\/td>\n<\/tr>\n<tr>\n<td>M\u00e9todo de Acceso<\/td>\n<td>Navegador o acceso directo en pantalla inicio<\/td>\n<td>Navegador<\/td>\n<\/tr>\n<tr>\n<td>Controles T\u00e1ctiles<\/td>\n<td>Optimizados para pantallas m\u00f3viles<\/td>\n<td>Rat\u00f3n y teclado<\/td>\n<\/tr>\n<tr>\n<td>Portabilidad<\/td>\n<td>Juega en cualquier lugar con internet<\/td>\n<td>Ubicaci\u00f3n fija<\/td>\n<\/tr>\n<\/tbody>\n<\/table>\n<p>La PWA recuerda tus preferencias y estado de verificaci\u00f3n, por lo que cuando inicias una nueva sesi\u00f3n, contin\u00faa justo donde lo dejaste. Los usuarios m\u00f3viles pueden activar las notificaciones del navegador para recibir actualizaciones sobre la actividad de su cuenta, bonificaciones y ofertas. El acceso directo en la pantalla de inicio te permite acceder r\u00e1pidamente al sitio con un solo toque, sin tener que abrir tu navegador.<\/p>\n<h2>Preguntas Frecuentes<\/h2>\n<h3>\u00bfC\u00f3mo consigo la aplicaci\u00f3n del Casino Spin Winera y la configuro?<\/h3>\n<p>Simplemente abre tu navegador m\u00f3vil y ve a la p\u00e1gina web oficial de Spinwinera. Sigue los pasos anteriores para a\u00f1adir un acceso directo a tu pantalla de inicio para un acceso r\u00e1pido. Solo lleva un minuto completarlo, y podr\u00e1s acceder a tu cuenta inmediatamente. No necesitas descargar nada desde la tienda de aplicaciones ni instalar un APK de Spinwinera.<\/p>\n<h3>\u00bfEs posible sincronizar mi cuenta y el progreso del juego en m\u00faltiples dispositivos?<\/h3>\n<p>Tu cuenta se sincroniza autom\u00e1ticamente en todos los dispositivos en tiempo real. Puedes ver tu saldo actual, bonificaciones activas e historial de juego reciente al instante en cualquier plataforma si inicias sesi\u00f3n con la misma informaci\u00f3n. Independientemente del dispositivo que uses, las actualizaciones del progreso en torneos, programas de fidelidad y requisitos promocionales ocurren inmediatamente. Mantenemos toda la informaci\u00f3n de la cuenta segura en nuestros servidores, por lo que no tienes que sincronizar manualmente o transferir datos cuando cambias entre m\u00f3vil y escritorio.<\/p>\n<h3>\u00bfLa app de Spin Winera protege los datos personales y financieros?<\/h3>\n<p>Toda la transmisi\u00f3n de datos utiliza cifrado de nivel bancario. El cifrado SSL de 256 bits protege tu informaci\u00f3n financiera y personal cuando accedes a Spinwinera a trav\u00e9s de cualquier navegador. Cumplimos con las regulaciones internacionales de protecci\u00f3n de datos, y empresas independientes auditan regularmente nuestras medidas de seguridad.<\/p>\n<h3>Necesito ayuda para usar la app. \u00bfQu\u00e9 debo hacer?<\/h3>\n<p>Nuestro equipo de soporte 24\/7 es accesible a trav\u00e9s de la secci\u00f3n de ayuda en el sitio web. Un representante de soporte puede ver los detalles de tu cuenta y resolver problemas en minutos a trav\u00e9s del chat en vivo integrado. Tambi\u00e9n tenemos un centro de ayuda completo para preguntas comunes y soluci\u00f3n de problemas. Para problemas t\u00e9cnicos, nuestro equipo de desarrollo monitoriza continuamente el rendimiento del sitio para identificar y abordar cualquier problema r\u00e1pidamente.<\/p>\n<\/div><\/div><\/p>\n","protected":false},"excerpt":{"rendered":"<p>App M\u00f3vil de Spinwinera Creamos la Spinwinera app para que los jugadores pudieran jugar a cualquier juego en cualquier plataforma principal sin restricciones. La aplicaci\u00f3n m\u00f3vil te ofrece la experiencia completa de casino, con el mejor rendimiento y acceso r\u00e1pido a juegos, operaciones bancarias y promociones. Nuestra app de casino Spin Winera funciona perfectamente en [&hellip;]<\/p>\n","protected":false},"author":1,"featured_media":0,"parent":0,"menu_order":0,"comment_status":"closed","ping_status":"closed","template":"template-builder.php","meta":{"_acf_changed":false,"inline_featured_image":false,"footnotes":""},"class_list":["post-1421","page","type-page","status-publish","hentry"],"acf":[],"yoast_head":"<!-- This site is optimized with the Yoast SEO plugin v27.3 - https:\/\/yoast.com\/product\/yoast-seo-wordpress\/ -->\n<title>Spinwinera Casino App | Descargar para iOS y Android<\/title>\n<meta name=\"description\" content=\"Instala Spin Winera Casino AppSpin Winera Casino App para iOS y Android y disfruta de miles de juegos dondequiera que est\u00e9s. Experimenta un rendimiento fluido, actualizaciones peri\u00f3dicas y soporte dentro de la app las 24 horas, todos los d\u00edas.\" \/>\n<meta name=\"robots\" content=\"index, follow, max-snippet:-1, max-image-preview:large, max-video-preview:-1\" \/>\n<link rel=\"canonical\" href=\"https:\/\/spinwineracasino.net\/es\/app\/\" \/>\n<meta property=\"og:locale\" content=\"es_ES\" \/>\n<meta property=\"og:type\" content=\"article\" \/>\n<meta property=\"og:title\" content=\"Spinwinera Casino App | Descargar para iOS y Android\" \/>\n<meta property=\"og:description\" content=\"Instala Spin Winera Casino AppSpin Winera Casino App para iOS y Android y disfruta de miles de juegos dondequiera que est\u00e9s. Experimenta un rendimiento fluido, actualizaciones peri\u00f3dicas y soporte dentro de la app las 24 horas, todos los d\u00edas.\" \/>\n<meta property=\"og:url\" content=\"https:\/\/spinwineracasino.net\/es\/app\/\" \/>\n<meta property=\"og:site_name\" content=\"spinwinera\" \/>\n<meta property=\"article:modified_time\" content=\"2025-11-05T08:33:29+00:00\" \/>\n<meta name=\"twitter:card\" content=\"summary_large_image\" \/>\n<meta name=\"twitter:label1\" content=\"Est. reading time\" \/>\n\t<meta name=\"twitter:data1\" content=\"1 minute\" \/>\n<script type=\"application\/ld+json\" class=\"yoast-schema-graph\">{\"@context\":\"https:\\\/\\\/schema.org\",\"@graph\":[{\"@type\":\"WebPage\",\"@id\":\"https:\\\/\\\/spinwineracasino.net\\\/es\\\/app\\\/\",\"url\":\"https:\\\/\\\/spinwineracasino.net\\\/es\\\/app\\\/\",\"name\":\"Spinwinera Casino App | Descargar para iOS y Android\",\"isPartOf\":{\"@id\":\"https:\\\/\\\/spinwineracasino.net\\\/es\\\/#website\"},\"datePublished\":\"2025-11-04T12:33:43+00:00\",\"dateModified\":\"2025-11-05T08:33:29+00:00\",\"description\":\"Instala Spin Winera Casino AppSpin Winera Casino App para iOS y Android y disfruta de miles de juegos dondequiera que est\u00e9s. Experimenta un rendimiento fluido, actualizaciones peri\u00f3dicas y soporte dentro de la app las 24 horas, todos los d\u00edas.\",\"breadcrumb\":{\"@id\":\"https:\\\/\\\/spinwineracasino.net\\\/es\\\/app\\\/#breadcrumb\"},\"inLanguage\":\"es-ES\",\"potentialAction\":[{\"@type\":\"ReadAction\",\"target\":[\"https:\\\/\\\/spinwineracasino.net\\\/es\\\/app\\\/\"]}]},{\"@type\":\"BreadcrumbList\",\"@id\":\"https:\\\/\\\/spinwineracasino.net\\\/es\\\/app\\\/#breadcrumb\",\"itemListElement\":[{\"@type\":\"ListItem\",\"position\":1,\"name\":\"Spinwinera\",\"item\":\"https:\\\/\\\/spinwineracasino.net\\\/es\\\/\"},{\"@type\":\"ListItem\",\"position\":2,\"name\":\"App\"}]},{\"@type\":\"WebSite\",\"@id\":\"https:\\\/\\\/spinwineracasino.net\\\/es\\\/#website\",\"url\":\"https:\\\/\\\/spinwineracasino.net\\\/es\\\/\",\"name\":\"Spinwinera\",\"description\":\"\",\"publisher\":{\"@id\":\"https:\\\/\\\/spinwineracasino.net\\\/es\\\/#organization\"},\"potentialAction\":[{\"@type\":\"SearchAction\",\"target\":{\"@type\":\"EntryPoint\",\"urlTemplate\":\"https:\\\/\\\/spinwineracasino.net\\\/es\\\/?s={search_term_string}\"},\"query-input\":{\"@type\":\"PropertyValueSpecification\",\"valueRequired\":true,\"valueName\":\"search_term_string\"}}],\"inLanguage\":\"es-ES\"},{\"@type\":\"Organization\",\"@id\":\"https:\\\/\\\/spinwineracasino.net\\\/es\\\/#organization\",\"name\":\"Spinwinera\",\"url\":\"https:\\\/\\\/spinwineracasino.net\\\/es\\\/\",\"logo\":{\"@type\":\"ImageObject\",\"inLanguage\":\"es-ES\",\"@id\":\"https:\\\/\\\/spinwineracasino.net\\\/es\\\/#\\\/schema\\\/logo\\\/image\\\/\",\"url\":\"https:\\\/\\\/spinwineracasino.net\\\/wp-content\\\/uploads\\\/2025\\\/08\\\/80u1FaquEZeR6OUTeJCc.png\",\"contentUrl\":\"https:\\\/\\\/spinwineracasino.net\\\/wp-content\\\/uploads\\\/2025\\\/08\\\/80u1FaquEZeR6OUTeJCc.png\",\"width\":157,\"height\":30,\"caption\":\"Spinwinera\"},\"image\":{\"@id\":\"https:\\\/\\\/spinwineracasino.net\\\/es\\\/#\\\/schema\\\/logo\\\/image\\\/\"}}]}<\/script>\n<!-- \/ Yoast SEO plugin. -->","yoast_head_json":{"title":"Spinwinera Casino App | Descargar para iOS y Android","description":"Instala Spin Winera Casino AppSpin Winera Casino App para iOS y Android y disfruta de miles de juegos dondequiera que est\u00e9s. Experimenta un rendimiento fluido, actualizaciones peri\u00f3dicas y soporte dentro de la app las 24 horas, todos los d\u00edas.","robots":{"index":"index","follow":"follow","max-snippet":"max-snippet:-1","max-image-preview":"max-image-preview:large","max-video-preview":"max-video-preview:-1"},"canonical":"https:\/\/spinwineracasino.net\/es\/app\/","og_locale":"es_ES","og_type":"article","og_title":"Spinwinera Casino App | Descargar para iOS y Android","og_description":"Instala Spin Winera Casino AppSpin Winera Casino App para iOS y Android y disfruta de miles de juegos dondequiera que est\u00e9s. Experimenta un rendimiento fluido, actualizaciones peri\u00f3dicas y soporte dentro de la app las 24 horas, todos los d\u00edas.","og_url":"https:\/\/spinwineracasino.net\/es\/app\/","og_site_name":"spinwinera","article_modified_time":"2025-11-05T08:33:29+00:00","twitter_card":"summary_large_image","twitter_misc":{"Est. reading time":"1 minute"},"schema":{"@context":"https:\/\/schema.org","@graph":[{"@type":"WebPage","@id":"https:\/\/spinwineracasino.net\/es\/app\/","url":"https:\/\/spinwineracasino.net\/es\/app\/","name":"Spinwinera Casino App | Descargar para iOS y Android","isPartOf":{"@id":"https:\/\/spinwineracasino.net\/es\/#website"},"datePublished":"2025-11-04T12:33:43+00:00","dateModified":"2025-11-05T08:33:29+00:00","description":"Instala Spin Winera Casino AppSpin Winera Casino App para iOS y Android y disfruta de miles de juegos dondequiera que est\u00e9s. Experimenta un rendimiento fluido, actualizaciones peri\u00f3dicas y soporte dentro de la app las 24 horas, todos los d\u00edas.","breadcrumb":{"@id":"https:\/\/spinwineracasino.net\/es\/app\/#breadcrumb"},"inLanguage":"es-ES","potentialAction":[{"@type":"ReadAction","target":["https:\/\/spinwineracasino.net\/es\/app\/"]}]},{"@type":"BreadcrumbList","@id":"https:\/\/spinwineracasino.net\/es\/app\/#breadcrumb","itemListElement":[{"@type":"ListItem","position":1,"name":"Spinwinera","item":"https:\/\/spinwineracasino.net\/es\/"},{"@type":"ListItem","position":2,"name":"App"}]},{"@type":"WebSite","@id":"https:\/\/spinwineracasino.net\/es\/#website","url":"https:\/\/spinwineracasino.net\/es\/","name":"Spinwinera","description":"","publisher":{"@id":"https:\/\/spinwineracasino.net\/es\/#organization"},"potentialAction":[{"@type":"SearchAction","target":{"@type":"EntryPoint","urlTemplate":"https:\/\/spinwineracasino.net\/es\/?s={search_term_string}"},"query-input":{"@type":"PropertyValueSpecification","valueRequired":true,"valueName":"search_term_string"}}],"inLanguage":"es-ES"},{"@type":"Organization","@id":"https:\/\/spinwineracasino.net\/es\/#organization","name":"Spinwinera","url":"https:\/\/spinwineracasino.net\/es\/","logo":{"@type":"ImageObject","inLanguage":"es-ES","@id":"https:\/\/spinwineracasino.net\/es\/#\/schema\/logo\/image\/","url":"https:\/\/spinwineracasino.net\/wp-content\/uploads\/2025\/08\/80u1FaquEZeR6OUTeJCc.png","contentUrl":"https:\/\/spinwineracasino.net\/wp-content\/uploads\/2025\/08\/80u1FaquEZeR6OUTeJCc.png","width":157,"height":30,"caption":"Spinwinera"},"image":{"@id":"https:\/\/spinwineracasino.net\/es\/#\/schema\/logo\/image\/"}}]}},"_links":{"self":[{"href":"https:\/\/spinwineracasino.net\/es\/wp-json\/wp\/v2\/pages\/1421","targetHints":{"allow":["GET"]}}],"collection":[{"href":"https:\/\/spinwineracasino.net\/es\/wp-json\/wp\/v2\/pages"}],"about":[{"href":"https:\/\/spinwineracasino.net\/es\/wp-json\/wp\/v2\/types\/page"}],"author":[{"embeddable":true,"href":"https:\/\/spinwineracasino.net\/es\/wp-json\/wp\/v2\/users\/1"}],"replies":[{"embeddable":true,"href":"https:\/\/spinwineracasino.net\/es\/wp-json\/wp\/v2\/comments?post=1421"}],"version-history":[{"count":3,"href":"https:\/\/spinwineracasino.net\/es\/wp-json\/wp\/v2\/pages\/1421\/revisions"}],"predecessor-version":[{"id":1985,"href":"https:\/\/spinwineracasino.net\/es\/wp-json\/wp\/v2\/pages\/1421\/revisions\/1985"}],"wp:attachment":[{"href":"https:\/\/spinwineracasino.net\/es\/wp-json\/wp\/v2\/media?parent=1421"}],"curies":[{"name":"wp","href":"https:\/\/api.w.org\/{rel}","templated":true}]}}