{"id":1475,"date":"2025-11-04T12:53:54","date_gmt":"2025-11-04T12:53:54","guid":{"rendered":"https:\/\/spinwineracasino.net\/login-and-registration\/"},"modified":"2025-11-05T08:35:24","modified_gmt":"2025-11-05T08:35:24","slug":"inicio-de-sesion-y-registro","status":"publish","type":"page","link":"https:\/\/spinwineracasino.net\/es\/inicio-de-sesion-y-registro\/","title":{"rendered":"Inicio de sesi\u00f3n y registro"},"content":{"rendered":"<h1>Acceso a Spinwinera y Creaci\u00f3n de Cuenta<\/h1>\n<p>Gestionar tu cuenta de juego comienza con un proceso seguro de Spinwinera login que te da acceso instant\u00e1neo a todas las funciones de la plataforma. Ofrecemos sistemas simples de registro y autenticaci\u00f3n que mantienen tu informaci\u00f3n segura y a la vez facilitan el acceso. Tu cuenta es la clave para experiencias de juego personalizadas y beneficios especiales para miembros.<\/p>\n<p><div class=\"banner-wrap\" aria-label=\"Banner\"><img src=\"https:\/\/spinwineracasino.net\/wp-content\/uploads\/2025\/11\/Spinwinera-bonus-desktop.webp\" class=\"w-100 d-none d-lg-block img-pc main-banner-img\" alt=\"Spinwinera bonus desktop\" fetchpriority=\"high\" decoding=\"async\"><img src=\"https:\/\/spinwineracasino.net\/wp-content\/uploads\/2025\/11\/Spinwinera-bonus-mobile.webp\" class=\"w-100 d-none d-md-block d-lg-none main-banner-img\" alt=\"Spinwinera bonus mobile\" fetchpriority=\"high\" decoding=\"async\"><img src=\"https:\/\/spinwineracasino.net\/wp-content\/uploads\/2025\/11\/Spinwinera-bonus-mobile.webp\" class=\"w-100 d-md-none\" alt=\"Spinwinera bonus mobile\" fetchpriority=\"high\" decoding=\"async\"><div class=\"banner-description\">\n<div class=\"banner-title\">Bonos de Bienvenida<\/div>\n<p class=\"banner-header-title\">\u20ac1,500<\/p>\n<div class=\"banner-header-AdditionalText\">+ 250 Giros Gratis<\/div>\n<button data-item=\"homepage_banner_link\" class=\"goto m-button m-gradient-border m-button--primary m-button--large banner-button btn-orange\">\n            <div class=\"m-button-content\">\n                <span>Reg\u00edstrese ahora<\/span>\n                <span><\/span>\n            <\/div>\n        <\/button>\n<\/div>\n<div class=\"WelcomePack\">\n<p><img loading=\"lazy\" decoding=\"async\" class=\"alignnone size-full wp-image-1378\" src=\"https:\/\/spinwineracasino.net\/wp-content\/uploads\/2025\/11\/welcome-crown.svg\" alt=\"crown\" width=\"25\" height=\"26\" \/><\/p>\n<div class=\"WelcomePack-Info\">Reembolso semanal de hasta el 25 %<\/div>\n<p><img loading=\"lazy\" decoding=\"async\" class=\"alignnone size-full wp-image-1378\" src=\"https:\/\/spinwineracasino.net\/wp-content\/uploads\/2025\/11\/welcome-crown.svg\" alt=\"crown\" width=\"25\" height=\"26\" \/><\/p>\n<\/div>\n<\/div><div class=\"scrollable-content-wrap my-5\"><div class=\"scrollable-content-inner\"><h2>Reg\u00edstrate y Crea una Cuenta Con Spin Winera<\/h2>\n<p>Cuando creas una cuenta del casino Spinwinera, puedes acceder a nuestra biblioteca completa de juegos y funciones que solo est\u00e1n disponibles para miembros. Solo lleva unos minutos registrarse, y necesitas proporcionar informaci\u00f3n personal b\u00e1sica para mantener tu cuenta segura y cumplir con las normas de juego.<\/p>\n<p>Con tu nuevo acceso a Spinwinera, puedes acceder r\u00e1pidamente a m\u00e9todos de dep\u00f3sito, opciones de retirada y programas de bonificaci\u00f3n. Tu perfil seguro realiza un seguimiento de tu historial de juego, registros de transacciones y configuraciones de preferencias. Los titulares de cuenta pueden unirse a programas de fidelidad, obtener ofertas personalizadas y recibir ayuda del servicio al cliente a trav\u00e9s de canales especiales.<\/p>\n<h3>Configuraci\u00f3n y Caracter\u00edsticas de Tu Cuenta<\/h3>\n<p>Puedes personalizar tus preferencias de juego en Spinwinera, configuraciones de comunicaci\u00f3n y funciones de seguridad de muchas maneras en tu panel de control.<\/p>\n<ul>\n<li>Te damos las herramientas para establecer l\u00edmites de dep\u00f3sito, recordatorios de tus tiempos de sesi\u00f3n y configurar notificaciones de comprobaci\u00f3n de realidad que te ayudan a jugar de manera responsable.<\/li>\n<li>Puedes cambiar tus m\u00e9todos de pago, actualizar tu informaci\u00f3n personal y modificar c\u00f3mo deseas ser notificado sobre materiales promocionales en el panel de configuraci\u00f3n.<\/li>\n<li>Puedes activar la autenticaci\u00f3n de dos factores para hacer tu cuenta m\u00e1s segura, consultar tu historial de juego y ver historiales detallados de transacciones.<\/li>\n<li>Puedes cambiar tus preferencias de idioma y moneda en cualquier momento para adaptarlas a tus necesidades.<\/li>\n<\/ul>\n<h2>Proceso de Verificaci\u00f3n de Cuenta<\/h2>\n<p>La verificaci\u00f3n de la cuenta acredita tu identidad y te da acceso completo al casino Spinwinera, incluida la capacidad de retirar dinero y realizar transacciones m\u00e1s grandes. Para cumplir con los requisitos regulatorios y evitar el acceso no autorizado a los perfiles, necesitamos documentos de verificaci\u00f3n.<\/p>\n<p>Env\u00eda una identificaci\u00f3n oficial con foto, un comprobante de domicilio con fecha de los \u00faltimos tres meses y la verificaci\u00f3n del m\u00e9todo de pago si se solicita. Las facturas de servicios p\u00fablicos, extractos bancarios o cartas oficiales que muestren tu nombre y direcci\u00f3n actual son todos documentos de domicilio aceptables. Utiliza la secci\u00f3n de verificaci\u00f3n de tu panel de control para subir copias claras y legibles.<\/p>\n<p>Durante el horario laboral, nuestro equipo de verificaci\u00f3n de Spinwinera revisa las presentaciones en un plazo de 24 a 48 horas. Recibir\u00e1s notificaciones por correo electr\u00f3nico sobre las actualizaciones del estado de verificaci\u00f3n. Para evitar retrasos en el procesamiento, aseg\u00farate de haber completado la verificaci\u00f3n antes de solicitar tu primera retirada. Ciframos todos los documentos que nos env\u00edan y los mantenemos seguros de acuerdo con las leyes de protecci\u00f3n de datos.<\/p>\n<h2>Iniciar Sesi\u00f3n en Spinwinera<\/h2>\n<ol>\n<li>Puedes iniciar sesi\u00f3n en tu cuenta de Spinwinera haciendo clic en el bot\u00f3n en la esquina superior derecha de nuestra p\u00e1gina de inicio.<\/li>\n<li>Rellena los campos con tu direcci\u00f3n de correo electr\u00f3nico registrada y tu contrase\u00f1a.<\/li>\n<li>Haz clic en el bot\u00f3n de inicio de sesi\u00f3n para proceder a tu panel de control.<\/li>\n<\/ol>\n<p>Puedes explorar nuestro cat\u00e1logo de juegos, realizar dep\u00f3sitos, reclamar bonificaciones disponibles y cambiar tu configuraci\u00f3n una vez que hayas iniciado sesi\u00f3n. Tu saldo actual, las promociones activas y la actividad de juego reciente se muestran en el panel de control. Utiliza el men\u00fa principal para navegar entre las diferentes secciones y consultar las tragaperras, juegos de mesa, opciones de crupier en vivo y otros tipos de entretenimiento.<\/p>\n<h3>Restablecimiento de Contrase\u00f1a o Acceso<\/h3>\n<p>Puedes restablecer tu contrase\u00f1a si la olvidas haciendo clic en el enlace &#8220;\u00bfHas olvidado tu contrase\u00f1a?&#8221; en la p\u00e1gina de acceso de Spinwinera. Introduce tu direcci\u00f3n de correo electr\u00f3nico registrada y te enviaremos las instrucciones de restablecimiento a tu bandeja de entrada en cuesti\u00f3n de minutos. Para crear una nueva contrase\u00f1a que cumpla con nuestros est\u00e1ndares de seguridad, haz clic en el enlace seguro del correo electr\u00f3nico.<\/p>\n<table>\n<tbody>\n<tr>\n<td>Situaci\u00f3n de Recuperaci\u00f3n<\/td>\n<td>Soluci\u00f3n<\/td>\n<\/tr>\n<tr>\n<td>Contrase\u00f1a Olvidada<\/td>\n<td>Utiliza el enlace de restablecimiento de contrase\u00f1a en la p\u00e1gina de acceso<\/td>\n<\/tr>\n<tr>\n<td>Correo Electr\u00f3nico Inaccesible<\/td>\n<td>Contacta al equipo de soporte con verificaci\u00f3n de identidad<\/td>\n<\/tr>\n<tr>\n<td>Cuenta Bloqueada<\/td>\n<td>Ponte en contacto con el servicio al cliente para obtener ayuda de desbloqueo<\/td>\n<\/tr>\n<tr>\n<td>Mensajes de Error al Iniciar Sesi\u00f3n<\/td>\n<td>Limpia la cach\u00e9 del navegador o prueba un navegador diferente<\/td>\n<\/tr>\n<\/tbody>\n<\/table>\n<h2>Preguntas Frecuentes<\/h2>\n<h3>\u00bfC\u00f3mo configuro una nueva cuenta en el casino Spin Winera?<\/h3>\n<p>Para acceder al formulario de creaci\u00f3n de cuenta de Spinwinera, haz clic en el bot\u00f3n &#8220;Registrarse&#8221; en nuestra p\u00e1gina de inicio. Introduce tu correo electr\u00f3nico, contrase\u00f1a, nombre completo, fecha de nacimiento y direcci\u00f3n. Acepta los t\u00e9rminos y condiciones, luego env\u00eda el formulario. Enviamos un correo electr\u00f3nico de confirmaci\u00f3n para verificar tu direcci\u00f3n y activar tu cuenta.<\/p>\n<h3>\u00bfPor qu\u00e9 no puedo acceder a mi cuenta de Spinwinera?<\/h3>\n<p>Los problemas al iniciar sesi\u00f3n suelen deberse a introducir una contrase\u00f1a incorrecta, necesitar verificar tu cuenta o problemas con la cach\u00e9 del navegador. Aseg\u00farate de introducir la direcci\u00f3n de correo electr\u00f3nico y la contrase\u00f1a correctas, prestando atenci\u00f3n a las may\u00fasculas. Intenta iniciar sesi\u00f3n nuevamente despu\u00e9s de borrar la cach\u00e9 y las cookies de tu navegador. Si el proceso de verificaci\u00f3n a\u00fan est\u00e1 pendiente, env\u00eda los documentos necesarios. Si estos pasos no solucionan el problema, ponte en contacto con el soporte multiling\u00fce a trav\u00e9s del chat en vivo o por correo electr\u00f3nico.<\/p>\n<h3>\u00bfQu\u00e9 necesito proporcionar cuando me registro?<\/h3>\n<p>Para registrarte en el casino Spinwinera, necesitas proporcionar tu direcci\u00f3n de correo electr\u00f3nico. Necesitas crear una contrase\u00f1a segura que cumpla con nuestros est\u00e1ndares y elegir tu moneda. Necesitamos esta informaci\u00f3n para verificar tu edad, acreditar tu identidad y cumplir con las normas de juego que mantienen a todos los jugadores seguros.<\/p>\n<\/div><\/div><\/p>\n","protected":false},"excerpt":{"rendered":"<p>Acceso a Spinwinera y Creaci\u00f3n de Cuenta Gestionar tu cuenta de juego comienza con un proceso seguro de Spinwinera login que te da acceso instant\u00e1neo a todas las funciones de la plataforma. Ofrecemos sistemas simples de registro y autenticaci\u00f3n que mantienen tu informaci\u00f3n segura y a la vez facilitan el acceso. Tu cuenta es la [&hellip;]<\/p>\n","protected":false},"author":1,"featured_media":0,"parent":0,"menu_order":0,"comment_status":"closed","ping_status":"closed","template":"template-builder.php","meta":{"_acf_changed":false,"inline_featured_image":false,"footnotes":""},"class_list":["post-1475","page","type-page","status-publish","hentry"],"acf":[],"yoast_head":"<!-- This site is optimized with the Yoast SEO plugin v27.3 - https:\/\/yoast.com\/product\/yoast-seo-wordpress\/ -->\n<title>Spinwinera Login | Registro y gesti\u00f3n de cuenta<\/title>\n<meta name=\"description\" content=\"Utilice su Spin Winera Casino login para acceder o registrarla de forma segura. Disfrute de un registro r\u00e1pido, acceso seguro y protecci\u00f3n de cuenta para una experiencia de juego inigualable.\" \/>\n<meta name=\"robots\" content=\"index, follow, max-snippet:-1, max-image-preview:large, max-video-preview:-1\" \/>\n<link rel=\"canonical\" href=\"https:\/\/spinwineracasino.net\/es\/inicio-de-sesion-y-registro\/\" \/>\n<meta property=\"og:locale\" content=\"es_ES\" \/>\n<meta property=\"og:type\" content=\"article\" \/>\n<meta property=\"og:title\" content=\"Spinwinera Login | Registro y gesti\u00f3n de cuenta\" \/>\n<meta property=\"og:description\" content=\"Utilice su Spin Winera Casino login para acceder o registrarla de forma segura. Disfrute de un registro r\u00e1pido, acceso seguro y protecci\u00f3n de cuenta para una experiencia de juego inigualable.\" \/>\n<meta property=\"og:url\" content=\"https:\/\/spinwineracasino.net\/es\/inicio-de-sesion-y-registro\/\" \/>\n<meta property=\"og:site_name\" content=\"spinwinera\" \/>\n<meta property=\"article:modified_time\" content=\"2025-11-05T08:35:24+00:00\" \/>\n<meta name=\"twitter:card\" content=\"summary_large_image\" \/>\n<meta name=\"twitter:label1\" content=\"Est. reading time\" \/>\n\t<meta name=\"twitter:data1\" content=\"1 minute\" \/>\n<script type=\"application\/ld+json\" class=\"yoast-schema-graph\">{\"@context\":\"https:\\\/\\\/schema.org\",\"@graph\":[{\"@type\":\"WebPage\",\"@id\":\"https:\\\/\\\/spinwineracasino.net\\\/es\\\/inicio-de-sesion-y-registro\\\/\",\"url\":\"https:\\\/\\\/spinwineracasino.net\\\/es\\\/inicio-de-sesion-y-registro\\\/\",\"name\":\"Spinwinera Login | Registro y gesti\u00f3n de cuenta\",\"isPartOf\":{\"@id\":\"https:\\\/\\\/spinwineracasino.net\\\/es\\\/#website\"},\"datePublished\":\"2025-11-04T12:53:54+00:00\",\"dateModified\":\"2025-11-05T08:35:24+00:00\",\"description\":\"Utilice su Spin Winera Casino login para acceder o registrarla de forma segura. Disfrute de un registro r\u00e1pido, acceso seguro y protecci\u00f3n de cuenta para una experiencia de juego inigualable.\",\"breadcrumb\":{\"@id\":\"https:\\\/\\\/spinwineracasino.net\\\/es\\\/inicio-de-sesion-y-registro\\\/#breadcrumb\"},\"inLanguage\":\"es-ES\",\"potentialAction\":[{\"@type\":\"ReadAction\",\"target\":[\"https:\\\/\\\/spinwineracasino.net\\\/es\\\/inicio-de-sesion-y-registro\\\/\"]}]},{\"@type\":\"BreadcrumbList\",\"@id\":\"https:\\\/\\\/spinwineracasino.net\\\/es\\\/inicio-de-sesion-y-registro\\\/#breadcrumb\",\"itemListElement\":[{\"@type\":\"ListItem\",\"position\":1,\"name\":\"Spinwinera\",\"item\":\"https:\\\/\\\/spinwineracasino.net\\\/es\\\/\"},{\"@type\":\"ListItem\",\"position\":2,\"name\":\"Inicio de sesi\u00f3n y registro\"}]},{\"@type\":\"WebSite\",\"@id\":\"https:\\\/\\\/spinwineracasino.net\\\/es\\\/#website\",\"url\":\"https:\\\/\\\/spinwineracasino.net\\\/es\\\/\",\"name\":\"Spinwinera\",\"description\":\"\",\"publisher\":{\"@id\":\"https:\\\/\\\/spinwineracasino.net\\\/es\\\/#organization\"},\"potentialAction\":[{\"@type\":\"SearchAction\",\"target\":{\"@type\":\"EntryPoint\",\"urlTemplate\":\"https:\\\/\\\/spinwineracasino.net\\\/es\\\/?s={search_term_string}\"},\"query-input\":{\"@type\":\"PropertyValueSpecification\",\"valueRequired\":true,\"valueName\":\"search_term_string\"}}],\"inLanguage\":\"es-ES\"},{\"@type\":\"Organization\",\"@id\":\"https:\\\/\\\/spinwineracasino.net\\\/es\\\/#organization\",\"name\":\"Spinwinera\",\"url\":\"https:\\\/\\\/spinwineracasino.net\\\/es\\\/\",\"logo\":{\"@type\":\"ImageObject\",\"inLanguage\":\"es-ES\",\"@id\":\"https:\\\/\\\/spinwineracasino.net\\\/es\\\/#\\\/schema\\\/logo\\\/image\\\/\",\"url\":\"https:\\\/\\\/spinwineracasino.net\\\/wp-content\\\/uploads\\\/2025\\\/08\\\/80u1FaquEZeR6OUTeJCc.png\",\"contentUrl\":\"https:\\\/\\\/spinwineracasino.net\\\/wp-content\\\/uploads\\\/2025\\\/08\\\/80u1FaquEZeR6OUTeJCc.png\",\"width\":157,\"height\":30,\"caption\":\"Spinwinera\"},\"image\":{\"@id\":\"https:\\\/\\\/spinwineracasino.net\\\/es\\\/#\\\/schema\\\/logo\\\/image\\\/\"}}]}<\/script>\n<!-- \/ Yoast SEO plugin. -->","yoast_head_json":{"title":"Spinwinera Login | Registro y gesti\u00f3n de cuenta","description":"Utilice su Spin Winera Casino login para acceder o registrarla de forma segura. Disfrute de un registro r\u00e1pido, acceso seguro y protecci\u00f3n de cuenta para una experiencia de juego inigualable.","robots":{"index":"index","follow":"follow","max-snippet":"max-snippet:-1","max-image-preview":"max-image-preview:large","max-video-preview":"max-video-preview:-1"},"canonical":"https:\/\/spinwineracasino.net\/es\/inicio-de-sesion-y-registro\/","og_locale":"es_ES","og_type":"article","og_title":"Spinwinera Login | Registro y gesti\u00f3n de cuenta","og_description":"Utilice su Spin Winera Casino login para acceder o registrarla de forma segura. Disfrute de un registro r\u00e1pido, acceso seguro y protecci\u00f3n de cuenta para una experiencia de juego inigualable.","og_url":"https:\/\/spinwineracasino.net\/es\/inicio-de-sesion-y-registro\/","og_site_name":"spinwinera","article_modified_time":"2025-11-05T08:35:24+00:00","twitter_card":"summary_large_image","twitter_misc":{"Est. reading time":"1 minute"},"schema":{"@context":"https:\/\/schema.org","@graph":[{"@type":"WebPage","@id":"https:\/\/spinwineracasino.net\/es\/inicio-de-sesion-y-registro\/","url":"https:\/\/spinwineracasino.net\/es\/inicio-de-sesion-y-registro\/","name":"Spinwinera Login | Registro y gesti\u00f3n de cuenta","isPartOf":{"@id":"https:\/\/spinwineracasino.net\/es\/#website"},"datePublished":"2025-11-04T12:53:54+00:00","dateModified":"2025-11-05T08:35:24+00:00","description":"Utilice su Spin Winera Casino login para acceder o registrarla de forma segura. Disfrute de un registro r\u00e1pido, acceso seguro y protecci\u00f3n de cuenta para una experiencia de juego inigualable.","breadcrumb":{"@id":"https:\/\/spinwineracasino.net\/es\/inicio-de-sesion-y-registro\/#breadcrumb"},"inLanguage":"es-ES","potentialAction":[{"@type":"ReadAction","target":["https:\/\/spinwineracasino.net\/es\/inicio-de-sesion-y-registro\/"]}]},{"@type":"BreadcrumbList","@id":"https:\/\/spinwineracasino.net\/es\/inicio-de-sesion-y-registro\/#breadcrumb","itemListElement":[{"@type":"ListItem","position":1,"name":"Spinwinera","item":"https:\/\/spinwineracasino.net\/es\/"},{"@type":"ListItem","position":2,"name":"Inicio de sesi\u00f3n y registro"}]},{"@type":"WebSite","@id":"https:\/\/spinwineracasino.net\/es\/#website","url":"https:\/\/spinwineracasino.net\/es\/","name":"Spinwinera","description":"","publisher":{"@id":"https:\/\/spinwineracasino.net\/es\/#organization"},"potentialAction":[{"@type":"SearchAction","target":{"@type":"EntryPoint","urlTemplate":"https:\/\/spinwineracasino.net\/es\/?s={search_term_string}"},"query-input":{"@type":"PropertyValueSpecification","valueRequired":true,"valueName":"search_term_string"}}],"inLanguage":"es-ES"},{"@type":"Organization","@id":"https:\/\/spinwineracasino.net\/es\/#organization","name":"Spinwinera","url":"https:\/\/spinwineracasino.net\/es\/","logo":{"@type":"ImageObject","inLanguage":"es-ES","@id":"https:\/\/spinwineracasino.net\/es\/#\/schema\/logo\/image\/","url":"https:\/\/spinwineracasino.net\/wp-content\/uploads\/2025\/08\/80u1FaquEZeR6OUTeJCc.png","contentUrl":"https:\/\/spinwineracasino.net\/wp-content\/uploads\/2025\/08\/80u1FaquEZeR6OUTeJCc.png","width":157,"height":30,"caption":"Spinwinera"},"image":{"@id":"https:\/\/spinwineracasino.net\/es\/#\/schema\/logo\/image\/"}}]}},"_links":{"self":[{"href":"https:\/\/spinwineracasino.net\/es\/wp-json\/wp\/v2\/pages\/1475","targetHints":{"allow":["GET"]}}],"collection":[{"href":"https:\/\/spinwineracasino.net\/es\/wp-json\/wp\/v2\/pages"}],"about":[{"href":"https:\/\/spinwineracasino.net\/es\/wp-json\/wp\/v2\/types\/page"}],"author":[{"embeddable":true,"href":"https:\/\/spinwineracasino.net\/es\/wp-json\/wp\/v2\/users\/1"}],"replies":[{"embeddable":true,"href":"https:\/\/spinwineracasino.net\/es\/wp-json\/wp\/v2\/comments?post=1475"}],"version-history":[{"count":2,"href":"https:\/\/spinwineracasino.net\/es\/wp-json\/wp\/v2\/pages\/1475\/revisions"}],"predecessor-version":[{"id":1987,"href":"https:\/\/spinwineracasino.net\/es\/wp-json\/wp\/v2\/pages\/1475\/revisions\/1987"}],"wp:attachment":[{"href":"https:\/\/spinwineracasino.net\/es\/wp-json\/wp\/v2\/media?parent=1475"}],"curies":[{"name":"wp","href":"https:\/\/api.w.org\/{rel}","templated":true}]}}