{"id":1411,"date":"2025-11-04T12:33:43","date_gmt":"2025-11-04T12:33:43","guid":{"rendered":"https:\/\/spinwineracasino.net\/app\/"},"modified":"2025-12-26T07:12:53","modified_gmt":"2025-12-26T07:12:53","slug":"app","status":"publish","type":"page","link":"https:\/\/spinwineracasino.net\/fr\/app\/","title":{"rendered":"App"},"content":{"rendered":"<h1>Application Mobile Spinwinera<\/h1>\n<p>Nous avons cr\u00e9\u00e9 Spinwinera app pour que les joueurs puissent jouer \u00e0 n&rsquo;importe quel jeu sur n&rsquo;importe quelle plateforme majeure sans restrictions. L&rsquo;application mobile vous offre l&rsquo;exp\u00e9rience compl\u00e8te du casino, avec les meilleures performances et un acc\u00e8s rapide aux jeux, aux op\u00e9rations bancaires et aux promotions. Notre application casino Spin Winera fonctionne parfaitement sur tout appareil, que ce soit un smartphone, une tablette ou un ordinateur. Elle ne perd aucune qualit\u00e9 ni fonctionnalit\u00e9.<\/p>\n<p><div class=\"banner-wrap\" aria-label=\"Banner\"><img src=\"https:\/\/spinwineracasino.net\/wp-content\/uploads\/2025\/11\/Spinwinera-bonus-desktop.webp\" class=\"w-100 d-none d-lg-block img-pc main-banner-img\" alt=\"Spinwinera bonus desktop\" fetchpriority=\"high\" decoding=\"async\"><img src=\"https:\/\/spinwineracasino.net\/wp-content\/uploads\/2025\/11\/Spinwinera-bonus-mobile.webp\" class=\"w-100 d-none d-md-block d-lg-none main-banner-img\" alt=\"Spinwinera bonus mobile\" fetchpriority=\"high\" decoding=\"async\"><img src=\"https:\/\/spinwineracasino.net\/wp-content\/uploads\/2025\/11\/Spinwinera-bonus-mobile.webp\" class=\"w-100 d-md-none\" alt=\"Spinwinera bonus mobile\" fetchpriority=\"high\" decoding=\"async\"><div class=\"banner-description\">\n<div class=\"banner-title\">Bonus de Bienvenue<\/div>\n<p class=\"banner-header-title\">\u20ac1,000<\/p>\n<div class=\"banner-header-AdditionalText\">+ 100 Tours Gratuits<\/div>\n<button data-item=\"homepage_banner_link\" class=\"goto m-button m-gradient-border m-button--primary m-button--large banner-button btn-orange\">\n            <div class=\"m-button-content\">\n                <span>Inscrivez-vous d\u00e8s maintenant<\/span>\n                <span><\/span>\n            <\/div>\n        <\/button>\n<\/div>\n<div class=\"WelcomePack\">\n<p><img loading=\"lazy\" decoding=\"async\" class=\"alignnone size-full wp-image-1378\" src=\"https:\/\/spinwineracasino.net\/wp-content\/uploads\/2025\/11\/welcome-crown.svg\" alt=\"crown\" width=\"25\" height=\"26\" \/><\/p>\n<div class=\"WelcomePack-Info\">Cashback hebdomadaire jusqu&rsquo;\u00e0 25 %<\/div>\n<p><img loading=\"lazy\" decoding=\"async\" class=\"alignnone size-full wp-image-1378\" src=\"https:\/\/spinwineracasino.net\/wp-content\/uploads\/2025\/11\/welcome-crown.svg\" alt=\"crown\" width=\"25\" height=\"26\" \/><\/p>\n<\/div>\n<\/div><div style=\"clear: both\"><\/div><div class=\"d-flex justify-content-center\"><button data-item=\"decouvrez_link\" data-group=\"website_links\" class=\"goto fw-bold rounded-pill btn btn-orange\" aria-label=\"T\u00e9l\u00e9chargez l&#039;application Spinwinera\" >T\u00e9l\u00e9chargez l&#039;application Spinwinera<\/button><\/div><div class=\"scrollable-content-wrap my-5\"><div class=\"scrollable-content-inner\"><h2>T\u00e9l\u00e9chargez l&rsquo;application Spin Winera pour Windows et Mac<\/h2>\n<p>Vous pouvez utiliser Spinwinera directement dans votre navigateur sur les ordinateurs Windows et Mac. Allez simplement sur notre site Web et commencez \u00e0 jouer. Aucun t\u00e9l\u00e9chargement n&rsquo;est n\u00e9cessaire. Les utilisateurs sur ordinateur b\u00e9n\u00e9ficient d&rsquo;excellentes performances et d&rsquo;une interface \u00e9pur\u00e9e qui fonctionne bien sur les grands \u00e9crans. Votre navigateur s&rsquo;occupe de tout, garantissant un chargement rapide et une stabilit\u00e9 des jeux.<\/p>\n<p>Vous pouvez \u00e9galement ajouter Spinwinera \u00e0 votre bureau ou \u00e9cran d&rsquo;accueil comme raccourci pour y acc\u00e9der encore plus rapidement. La technologie PWA se met \u00e0 jour automatiquement en arri\u00e8re-plan, vous avez donc toujours acc\u00e8s aux derni\u00e8res fonctionnalit\u00e9s et am\u00e9liorations de s\u00e9curit\u00e9. Vous pouvez activer les notifications du navigateur pour l&rsquo;activit\u00e9 du compte, les bonus et les mises \u00e0 jour des tournois directement depuis notre site Web.<\/p>\n<p><img loading=\"lazy\" decoding=\"async\" class=\"alignnone size-full wp-image-1389\" src=\"https:\/\/spinwineracasino.net\/wp-content\/uploads\/2025\/11\/Spinwinera-PC.webp\" alt=\"Spinwinera PC\" width=\"1248\" height=\"536\" srcset=\"https:\/\/spinwineracasino.net\/wp-content\/uploads\/2025\/11\/Spinwinera-PC.webp 1248w, https:\/\/spinwineracasino.net\/wp-content\/uploads\/2025\/11\/Spinwinera-PC-300x129.webp 300w, https:\/\/spinwineracasino.net\/wp-content\/uploads\/2025\/11\/Spinwinera-PC-1024x440.webp 1024w, https:\/\/spinwineracasino.net\/wp-content\/uploads\/2025\/11\/Spinwinera-PC-768x330.webp 768w\" sizes=\"auto, (max-width: 1248px) 100vw, 1248px\" \/><\/p>\n<\/div><\/div><div style=\"clear: both\"><\/div><div class=\"d-flex justify-content-center\"><button data-item=\"decouvrez_link\" data-group=\"website_links\" class=\"goto fw-bold rounded-pill btn btn-orange\" aria-label=\"T\u00e9l\u00e9charger Spinwinera\" >T\u00e9l\u00e9charger Spinwinera<\/button><\/div><div class=\"scrollable-content-wrap my-5\"><div class=\"scrollable-content-inner\"><h2>Jouez en D\u00e9placement avec l&rsquo;Application Android<\/h2>\n<p>Nous nous sommes assur\u00e9s que chaque \u00e9l\u00e9ment du casino Spinwinera fonctionnait parfaitement sur les \u00e9crans plus petits tout en conservant toutes les fonctionnalit\u00e9s disponibles sur ordinateur. Tout navigateur moderne, comme Chrome, est parfaitement compatible avec le site Web sur les appareils fonctionnant sous Android 6.0 ou version ult\u00e9rieure.<\/p>\n<h3>Installez l&rsquo;APK Pour Android<\/h3>\n<p>Rendez l&rsquo;acc\u00e8s \u00e0 Spinwinera facile et imm\u00e9diat depuis votre \u00e9cran d&rsquo;accueil :<\/p>\n<ol>\n<li>Utilisez le navigateur Chrome sur votre appareil pour vous rendre sur le site Web de Spinwinera.<\/li>\n<li>Cliquez sur les trois points dans la barre d&rsquo;adresse pour voir plus d&rsquo;options.<\/li>\n<li>S\u00e9lectionnez \u00ab\u00a0Ajouter \u00e0 l&rsquo;\u00e9cran d&rsquo;accueil\u00a0\u00bb.<\/li>\n<li>Appuyez sur \u00ab\u00a0Ajouter\u00a0\u00bb pour confirmer.<\/li>\n<li>L&rsquo;ic\u00f4ne Spinwinera appara\u00eetra sur votre \u00e9cran d&rsquo;accueil pour un acc\u00e8s en un clic.<\/li>\n<\/ol>\n<p>Le raccourci vous donne un acc\u00e8s instantan\u00e9 \u00e0 votre compte avec les m\u00eames fonctionnalit\u00e9s qu&rsquo;une application native une fois ajout\u00e9. Les notifications push vous informent des bonus mobiles sp\u00e9ciaux, des tours gratuits et des gros gains.<\/p>\n<p><img loading=\"lazy\" decoding=\"async\" class=\"alignnone size-full wp-image-1390\" src=\"https:\/\/spinwineracasino.net\/wp-content\/uploads\/2025\/11\/Spinwinera-Android-App.webp\" alt=\"Spinwinera Android App\" width=\"1248\" height=\"536\" srcset=\"https:\/\/spinwineracasino.net\/wp-content\/uploads\/2025\/11\/Spinwinera-Android-App.webp 1248w, https:\/\/spinwineracasino.net\/wp-content\/uploads\/2025\/11\/Spinwinera-Android-App-300x129.webp 300w, https:\/\/spinwineracasino.net\/wp-content\/uploads\/2025\/11\/Spinwinera-Android-App-1024x440.webp 1024w, https:\/\/spinwineracasino.net\/wp-content\/uploads\/2025\/11\/Spinwinera-Android-App-768x330.webp 768w\" sizes=\"auto, (max-width: 1248px) 100vw, 1248px\" \/><\/p>\n<\/div><\/div><div style=\"clear: both\"><\/div><div class=\"d-flex justify-content-center\"><button data-item=\"decouvrez_link\" data-group=\"website_links\" class=\"goto fw-bold rounded-pill btn btn-orange\" aria-label=\"T\u00e9l\u00e9chargez l&#039;application Spinwinera\" >T\u00e9l\u00e9chargez l&#039;application Spinwinera<\/button><\/div><div class=\"scrollable-content-wrap my-5\"><div class=\"scrollable-content-inner\"><h2>Application pour Appareils iOS<\/h2>\n<p>Nous avons con\u00e7u notre application iOS Spinwinera sp\u00e9cialement pour les utilisateurs d&rsquo;iPhone et d&rsquo;iPad qui souhaitent les meilleures performances possibles. L&rsquo;application de casino mobile fonctionne parfaitement sous iOS, avec des animations fluides et des temps de r\u00e9ponse instantan\u00e9s.<\/p>\n<h3>T\u00e9l\u00e9chargez l&rsquo;Application iOS<\/h3>\n<p>Cr\u00e9ez un raccourci sur l&rsquo;\u00e9cran d&rsquo;accueil pour un acc\u00e8s rapide \u00e0 Spinwinera :<\/p>\n<ol>\n<li>Visitez notre page mobile depuis Safari sur votre appareil iOS et appuyez sur le bouton de partage.<\/li>\n<li>Safari vous invitera \u00e0 ajouter l&rsquo;application \u00e0 votre \u00e9cran d&rsquo;accueil.<\/li>\n<li>S\u00e9lectionnez \u00ab\u00a0Ajouter \u00e0 l&rsquo;\u00e9cran d&rsquo;accueil\u00a0\u00bb dans le menu.<\/li>\n<li>L&rsquo;ic\u00f4ne de l&rsquo;application appara\u00eet sur votre appareil avec vos autres applications, et vous pouvez y acc\u00e9der en un seul clic.<\/li>\n<\/ol>\n<p>Nous utilisons la technologie Progressive Web App pour vous offrir les m\u00eames performances qu&rsquo;une application native dans votre navigateur. Cela signifie que vous n&rsquo;avez pas besoin de passer par l&rsquo;App Store pour l&rsquo;obtenir, et elle fonctionne compl\u00e8tement.<\/p>\n<p><img loading=\"lazy\" decoding=\"async\" class=\"alignnone size-full wp-image-1391\" src=\"https:\/\/spinwineracasino.net\/wp-content\/uploads\/2025\/11\/Spinwinera-iOS-App.webp\" alt=\"Spinwinera iOS App\" width=\"1248\" height=\"536\" srcset=\"https:\/\/spinwineracasino.net\/wp-content\/uploads\/2025\/11\/Spinwinera-iOS-App.webp 1248w, https:\/\/spinwineracasino.net\/wp-content\/uploads\/2025\/11\/Spinwinera-iOS-App-300x129.webp 300w, https:\/\/spinwineracasino.net\/wp-content\/uploads\/2025\/11\/Spinwinera-iOS-App-1024x440.webp 1024w, https:\/\/spinwineracasino.net\/wp-content\/uploads\/2025\/11\/Spinwinera-iOS-App-768x330.webp 768w\" sizes=\"auto, (max-width: 1248px) 100vw, 1248px\" \/><\/p>\n<\/div><\/div><div style=\"clear: both\"><\/div><div class=\"d-flex justify-content-center\"><button data-item=\"decouvrez_link\" data-group=\"website_links\" class=\"goto fw-bold rounded-pill btn btn-orange\" aria-label=\"T\u00e9l\u00e9charger Spinwinera\" >T\u00e9l\u00e9charger Spinwinera<\/button><\/div><div class=\"scrollable-content-wrap my-5\"><div class=\"scrollable-content-inner\"><h2>Avantages de l&rsquo;Application Mobile Spinwinera<\/h2>\n<p>Notre PWA pour le jeu mobile pr\u00e9sente des avantages uniques que nous nous sommes efforc\u00e9s d&rsquo;am\u00e9liorer. Vous pouvez acc\u00e9der \u00e0 Spinwinera de n&rsquo;importe o\u00f9 avec une connexion Internet, pour jouer aux machines \u00e0 sous en ligne pendant vos trajets ou vos pauses. Nous avons am\u00e9lior\u00e9 les contr\u00f4les tactiles sp\u00e9cifiquement pour l&rsquo;exp\u00e9rience de jeu mobile, rendant plus intuitif le fait de faire tourner les rouleaux ou de s\u00e9lectionner des cartes par rapport aux clics de souris sur ordinateur.<\/p>\n<table>\n<tbody>\n<tr>\n<td>Fonctionnalit\u00e9<\/td>\n<td>Acc\u00e8s Mobile<\/td>\n<td>Acc\u00e8s Ordinateur<\/td>\n<\/tr>\n<tr>\n<td>M\u00e9thode d&rsquo;acc\u00e8s<\/td>\n<td>Navigateur ou raccourci \u00e9cran d&rsquo;accueil<\/td>\n<td>Navigateur<\/td>\n<\/tr>\n<tr>\n<td>Contr\u00f4les tactiles<\/td>\n<td>Optimis\u00e9s pour \u00e9crans mobiles<\/td>\n<td>Souris et clavier<\/td>\n<\/tr>\n<tr>\n<td>Portabilit\u00e9<\/td>\n<td>Jouez n&rsquo;importe o\u00f9 avec Internet<\/td>\n<td>Emplacement fixe<\/td>\n<\/tr>\n<\/tbody>\n<\/table>\n<p>La PWA m\u00e9morise vos pr\u00e9f\u00e9rences et votre statut de v\u00e9rification, ainsi, lorsque vous commencez une nouvelle session, vous reprenez exactement o\u00f9 vous vous \u00e9tiez arr\u00eat\u00e9. Les utilisateurs mobiles peuvent activer les notifications du navigateur pour recevoir des mises \u00e0 jour sur l&rsquo;activit\u00e9 de leur compte, les bonus et les offres. Le raccourci sur l&rsquo;\u00e9cran d&rsquo;accueil vous permet d&rsquo;acc\u00e9der rapidement au site en un seul clic, sans avoir \u00e0 ouvrir votre navigateur.<\/p>\n<h2>FAQ<\/h2>\n<h3>Comment obtenir et configurer l&rsquo;application Casino Spin Winera ?<\/h3>\n<p>Ouvrez simplement le navigateur de votre mobile et allez sur le site Web officiel de Spinwinera. Suivez les \u00e9tapes ci-dessus pour ajouter un raccourci \u00e0 votre \u00e9cran d&rsquo;accueil pour un acc\u00e8s rapide. Cela ne prend qu&rsquo;une minute, et vous pourrez acc\u00e9der \u00e0 votre compte imm\u00e9diatement. Vous n&rsquo;avez besoin de t\u00e9l\u00e9charger quoi que ce soit depuis l&rsquo;App Store ni d&rsquo;installer un APK Spinwinera.<\/p>\n<h3>Est-il possible de synchroniser mon compte et ma progression dans le jeu sur plusieurs appareils ?<\/h3>\n<p>Votre compte se synchronise automatiquement sur tous les appareils en temps r\u00e9el. Vous pouvez voir votre solde actuel, les bonus actifs et l&rsquo;historique r\u00e9cent des jeux imm\u00e9diatement sur n&rsquo;importe quelle plateforme si vous vous connectez avec les m\u00eames identifiants. Quel que soit l&rsquo;appareil que vous utilisez, les mises \u00e0 jour de la progression dans les tournois, des programmes de fid\u00e9lit\u00e9 et des conditions promotionnelles se font imm\u00e9diatement. Nous conservons toutes les informations du compte en s\u00e9curit\u00e9 sur nos serveurs, vous n&rsquo;avez donc pas \u00e0 synchroniser ou transf\u00e9rer manuellement les donn\u00e9es lorsque vous passez du mobile \u00e0 l&rsquo;ordinateur.<\/p>\n<h3>L&rsquo;application Spin Winera prot\u00e8ge-t-elle les donn\u00e9es personnelles et financi\u00e8res ?<\/h3>\n<p>Toutes les transmissions de donn\u00e9es utilisent un chiffrement de niveau bancaire. Le chiffrement SSL 256 bits prot\u00e8ge vos informations financi\u00e8res et personnelles lorsque vous acc\u00e9dez \u00e0 Spinwinera via n&rsquo;importe quel navigateur. Nous nous conformons aux r\u00e8glements internationaux sur la protection des donn\u00e9es, et des soci\u00e9t\u00e9s tierces ind\u00e9pendantes auditent r\u00e9guli\u00e8rement nos mesures de s\u00e9curit\u00e9.<\/p>\n<h3>J&rsquo;ai besoin d&rsquo;aide pour utiliser l&rsquo;application. Que dois-je faire ?<\/h3>\n<p>Notre \u00e9quipe d&rsquo;assistance 24h\/24 et 7j\/7 est accessible via la section d&rsquo;aide sur le site Web. Un repr\u00e9sentant du support peut consulter les d\u00e9tails de votre compte et r\u00e9soudre les probl\u00e8mes en quelques minutes via le chat en direct int\u00e9gr\u00e9. Nous avons \u00e9galement un centre d&rsquo;aide complet pour les questions courantes et le d\u00e9pannage. Pour les probl\u00e8mes techniques, notre \u00e9quipe de d\u00e9veloppement surveille en permanence les performances du site pour identifier et r\u00e9soudre rapidement tout probl\u00e8me.<\/p>\n<\/div><\/div><\/p>\n","protected":false},"excerpt":{"rendered":"<p>Application Mobile Spinwinera Nous avons cr\u00e9\u00e9 Spinwinera app pour que les joueurs puissent jouer \u00e0 n&rsquo;importe quel jeu sur n&rsquo;importe quelle plateforme majeure sans restrictions. L&rsquo;application mobile vous offre l&rsquo;exp\u00e9rience compl\u00e8te du casino, avec les meilleures performances et un acc\u00e8s rapide aux jeux, aux op\u00e9rations bancaires et aux promotions. Notre application casino Spin Winera fonctionne [&hellip;]<\/p>\n","protected":false},"author":1,"featured_media":0,"parent":0,"menu_order":0,"comment_status":"closed","ping_status":"closed","template":"template-builder.php","meta":{"_acf_changed":false,"inline_featured_image":false,"footnotes":""},"class_list":["post-1411","page","type-page","status-publish","hentry"],"acf":[],"yoast_head":"<!-- This site is optimized with the Yoast SEO plugin v27.3 - https:\/\/yoast.com\/product\/yoast-seo-wordpress\/ -->\n<title>Spinwinera Casino App | T\u00e9l\u00e9charger pour iOS et Android<\/title>\n<meta name=\"description\" content=\"Installez Spin Winera Casino App pour iOS et Android et profitez de milliers de jeux o\u00f9 que vous soyez. B\u00e9n\u00e9ficiez d&#039;une exp\u00e9rience fluide, de mises \u00e0 jour r\u00e9guli\u00e8res et d&#039;une assistance int\u00e9gr\u00e9e 24\/7.\" \/>\n<meta name=\"robots\" content=\"index, follow, max-snippet:-1, max-image-preview:large, max-video-preview:-1\" \/>\n<link rel=\"canonical\" href=\"https:\/\/spinwineracasino.net\/fr\/app\/\" \/>\n<meta property=\"og:locale\" content=\"fr_FR\" \/>\n<meta property=\"og:type\" content=\"article\" \/>\n<meta property=\"og:title\" content=\"Spinwinera Casino App | T\u00e9l\u00e9charger pour iOS et Android\" \/>\n<meta property=\"og:description\" content=\"Installez Spin Winera Casino App pour iOS et Android et profitez de milliers de jeux o\u00f9 que vous soyez. B\u00e9n\u00e9ficiez d&#039;une exp\u00e9rience fluide, de mises \u00e0 jour r\u00e9guli\u00e8res et d&#039;une assistance int\u00e9gr\u00e9e 24\/7.\" \/>\n<meta property=\"og:url\" content=\"https:\/\/spinwineracasino.net\/fr\/app\/\" \/>\n<meta property=\"og:site_name\" content=\"spinwinera\" \/>\n<meta property=\"article:modified_time\" content=\"2025-12-26T07:12:53+00:00\" \/>\n<meta name=\"twitter:card\" content=\"summary_large_image\" \/>\n<meta name=\"twitter:label1\" content=\"Dur\u00e9e de lecture estim\u00e9e\" \/>\n\t<meta name=\"twitter:data1\" content=\"1 minute\" \/>\n<script type=\"application\/ld+json\" class=\"yoast-schema-graph\">{\"@context\":\"https:\\\/\\\/schema.org\",\"@graph\":[{\"@type\":\"WebPage\",\"@id\":\"https:\\\/\\\/spinwineracasino.net\\\/fr\\\/app\\\/\",\"url\":\"https:\\\/\\\/spinwineracasino.net\\\/fr\\\/app\\\/\",\"name\":\"Spinwinera Casino App | T\u00e9l\u00e9charger pour iOS et Android\",\"isPartOf\":{\"@id\":\"https:\\\/\\\/spinwineracasino.net\\\/fr\\\/#website\"},\"datePublished\":\"2025-11-04T12:33:43+00:00\",\"dateModified\":\"2025-12-26T07:12:53+00:00\",\"description\":\"Installez Spin Winera Casino App pour iOS et Android et profitez de milliers de jeux o\u00f9 que vous soyez. B\u00e9n\u00e9ficiez d'une exp\u00e9rience fluide, de mises \u00e0 jour r\u00e9guli\u00e8res et d'une assistance int\u00e9gr\u00e9e 24\\\/7.\",\"breadcrumb\":{\"@id\":\"https:\\\/\\\/spinwineracasino.net\\\/fr\\\/app\\\/#breadcrumb\"},\"inLanguage\":\"fr-FR\",\"potentialAction\":[{\"@type\":\"ReadAction\",\"target\":[\"https:\\\/\\\/spinwineracasino.net\\\/fr\\\/app\\\/\"]}]},{\"@type\":\"BreadcrumbList\",\"@id\":\"https:\\\/\\\/spinwineracasino.net\\\/fr\\\/app\\\/#breadcrumb\",\"itemListElement\":[{\"@type\":\"ListItem\",\"position\":1,\"name\":\"Spinwinera\",\"item\":\"https:\\\/\\\/spinwineracasino.net\\\/fr\\\/\"},{\"@type\":\"ListItem\",\"position\":2,\"name\":\"App\"}]},{\"@type\":\"WebSite\",\"@id\":\"https:\\\/\\\/spinwineracasino.net\\\/fr\\\/#website\",\"url\":\"https:\\\/\\\/spinwineracasino.net\\\/fr\\\/\",\"name\":\"Spinwinera\",\"description\":\"\",\"publisher\":{\"@id\":\"https:\\\/\\\/spinwineracasino.net\\\/fr\\\/#organization\"},\"potentialAction\":[{\"@type\":\"SearchAction\",\"target\":{\"@type\":\"EntryPoint\",\"urlTemplate\":\"https:\\\/\\\/spinwineracasino.net\\\/fr\\\/?s={search_term_string}\"},\"query-input\":{\"@type\":\"PropertyValueSpecification\",\"valueRequired\":true,\"valueName\":\"search_term_string\"}}],\"inLanguage\":\"fr-FR\"},{\"@type\":\"Organization\",\"@id\":\"https:\\\/\\\/spinwineracasino.net\\\/fr\\\/#organization\",\"name\":\"Spinwinera\",\"url\":\"https:\\\/\\\/spinwineracasino.net\\\/fr\\\/\",\"logo\":{\"@type\":\"ImageObject\",\"inLanguage\":\"fr-FR\",\"@id\":\"https:\\\/\\\/spinwineracasino.net\\\/fr\\\/#\\\/schema\\\/logo\\\/image\\\/\",\"url\":\"https:\\\/\\\/spinwineracasino.net\\\/wp-content\\\/uploads\\\/2025\\\/08\\\/80u1FaquEZeR6OUTeJCc.png\",\"contentUrl\":\"https:\\\/\\\/spinwineracasino.net\\\/wp-content\\\/uploads\\\/2025\\\/08\\\/80u1FaquEZeR6OUTeJCc.png\",\"width\":157,\"height\":30,\"caption\":\"Spinwinera\"},\"image\":{\"@id\":\"https:\\\/\\\/spinwineracasino.net\\\/fr\\\/#\\\/schema\\\/logo\\\/image\\\/\"}}]}<\/script>\n<!-- \/ Yoast SEO plugin. -->","yoast_head_json":{"title":"Spinwinera Casino App | T\u00e9l\u00e9charger pour iOS et Android","description":"Installez Spin Winera Casino App pour iOS et Android et profitez de milliers de jeux o\u00f9 que vous soyez. B\u00e9n\u00e9ficiez d'une exp\u00e9rience fluide, de mises \u00e0 jour r\u00e9guli\u00e8res et d'une assistance int\u00e9gr\u00e9e 24\/7.","robots":{"index":"index","follow":"follow","max-snippet":"max-snippet:-1","max-image-preview":"max-image-preview:large","max-video-preview":"max-video-preview:-1"},"canonical":"https:\/\/spinwineracasino.net\/fr\/app\/","og_locale":"fr_FR","og_type":"article","og_title":"Spinwinera Casino App | T\u00e9l\u00e9charger pour iOS et Android","og_description":"Installez Spin Winera Casino App pour iOS et Android et profitez de milliers de jeux o\u00f9 que vous soyez. B\u00e9n\u00e9ficiez d'une exp\u00e9rience fluide, de mises \u00e0 jour r\u00e9guli\u00e8res et d'une assistance int\u00e9gr\u00e9e 24\/7.","og_url":"https:\/\/spinwineracasino.net\/fr\/app\/","og_site_name":"spinwinera","article_modified_time":"2025-12-26T07:12:53+00:00","twitter_card":"summary_large_image","twitter_misc":{"Dur\u00e9e de lecture estim\u00e9e":"1 minute"},"schema":{"@context":"https:\/\/schema.org","@graph":[{"@type":"WebPage","@id":"https:\/\/spinwineracasino.net\/fr\/app\/","url":"https:\/\/spinwineracasino.net\/fr\/app\/","name":"Spinwinera Casino App | T\u00e9l\u00e9charger pour iOS et Android","isPartOf":{"@id":"https:\/\/spinwineracasino.net\/fr\/#website"},"datePublished":"2025-11-04T12:33:43+00:00","dateModified":"2025-12-26T07:12:53+00:00","description":"Installez Spin Winera Casino App pour iOS et Android et profitez de milliers de jeux o\u00f9 que vous soyez. B\u00e9n\u00e9ficiez d'une exp\u00e9rience fluide, de mises \u00e0 jour r\u00e9guli\u00e8res et d'une assistance int\u00e9gr\u00e9e 24\/7.","breadcrumb":{"@id":"https:\/\/spinwineracasino.net\/fr\/app\/#breadcrumb"},"inLanguage":"fr-FR","potentialAction":[{"@type":"ReadAction","target":["https:\/\/spinwineracasino.net\/fr\/app\/"]}]},{"@type":"BreadcrumbList","@id":"https:\/\/spinwineracasino.net\/fr\/app\/#breadcrumb","itemListElement":[{"@type":"ListItem","position":1,"name":"Spinwinera","item":"https:\/\/spinwineracasino.net\/fr\/"},{"@type":"ListItem","position":2,"name":"App"}]},{"@type":"WebSite","@id":"https:\/\/spinwineracasino.net\/fr\/#website","url":"https:\/\/spinwineracasino.net\/fr\/","name":"Spinwinera","description":"","publisher":{"@id":"https:\/\/spinwineracasino.net\/fr\/#organization"},"potentialAction":[{"@type":"SearchAction","target":{"@type":"EntryPoint","urlTemplate":"https:\/\/spinwineracasino.net\/fr\/?s={search_term_string}"},"query-input":{"@type":"PropertyValueSpecification","valueRequired":true,"valueName":"search_term_string"}}],"inLanguage":"fr-FR"},{"@type":"Organization","@id":"https:\/\/spinwineracasino.net\/fr\/#organization","name":"Spinwinera","url":"https:\/\/spinwineracasino.net\/fr\/","logo":{"@type":"ImageObject","inLanguage":"fr-FR","@id":"https:\/\/spinwineracasino.net\/fr\/#\/schema\/logo\/image\/","url":"https:\/\/spinwineracasino.net\/wp-content\/uploads\/2025\/08\/80u1FaquEZeR6OUTeJCc.png","contentUrl":"https:\/\/spinwineracasino.net\/wp-content\/uploads\/2025\/08\/80u1FaquEZeR6OUTeJCc.png","width":157,"height":30,"caption":"Spinwinera"},"image":{"@id":"https:\/\/spinwineracasino.net\/fr\/#\/schema\/logo\/image\/"}}]}},"_links":{"self":[{"href":"https:\/\/spinwineracasino.net\/fr\/wp-json\/wp\/v2\/pages\/1411","targetHints":{"allow":["GET"]}}],"collection":[{"href":"https:\/\/spinwineracasino.net\/fr\/wp-json\/wp\/v2\/pages"}],"about":[{"href":"https:\/\/spinwineracasino.net\/fr\/wp-json\/wp\/v2\/types\/page"}],"author":[{"embeddable":true,"href":"https:\/\/spinwineracasino.net\/fr\/wp-json\/wp\/v2\/users\/1"}],"replies":[{"embeddable":true,"href":"https:\/\/spinwineracasino.net\/fr\/wp-json\/wp\/v2\/comments?post=1411"}],"version-history":[{"count":4,"href":"https:\/\/spinwineracasino.net\/fr\/wp-json\/wp\/v2\/pages\/1411\/revisions"}],"predecessor-version":[{"id":2074,"href":"https:\/\/spinwineracasino.net\/fr\/wp-json\/wp\/v2\/pages\/1411\/revisions\/2074"}],"wp:attachment":[{"href":"https:\/\/spinwineracasino.net\/fr\/wp-json\/wp\/v2\/media?parent=1411"}],"curies":[{"name":"wp","href":"https:\/\/api.w.org\/{rel}","templated":true}]}}