{"id":1470,"date":"2025-11-04T12:53:54","date_gmt":"2025-11-04T12:53:54","guid":{"rendered":"https:\/\/spinwineracasino.net\/login-and-registration\/"},"modified":"2025-12-26T07:15:16","modified_gmt":"2025-12-26T07:15:16","slug":"connexion-et-inscription","status":"publish","type":"page","link":"https:\/\/spinwineracasino.net\/fr\/connexion-et-inscription\/","title":{"rendered":"Connexion et Inscription"},"content":{"rendered":"<h1>Connexion et Cr\u00e9ation de Compte Spinwinera<\/h1>\n<p>La gestion de votre compte de jeu commence par un processus de Spinwinera login s\u00e9curis\u00e9 qui vous donne un acc\u00e8s instantan\u00e9 \u00e0 toutes les fonctionnalit\u00e9s de la plateforme. Nous proposons des syst\u00e8mes d&rsquo;inscription et d&rsquo;authentification simples qui prot\u00e8gent vos informations tout en facilitant l&rsquo;acc\u00e8s. Votre compte est la cl\u00e9 pour des exp\u00e9riences de jeu personnalis\u00e9es et des avantages sp\u00e9ciaux r\u00e9serv\u00e9s aux membres.<\/p>\n<p><div class=\"banner-wrap\" aria-label=\"Banner\"><img src=\"https:\/\/spinwineracasino.net\/wp-content\/uploads\/2025\/11\/Spinwinera-bonus-desktop.webp\" class=\"w-100 d-none d-lg-block img-pc main-banner-img\" alt=\"Spinwinera bonus desktop\" fetchpriority=\"high\" decoding=\"async\"><img src=\"https:\/\/spinwineracasino.net\/wp-content\/uploads\/2025\/11\/Spinwinera-bonus-mobile.webp\" class=\"w-100 d-none d-md-block d-lg-none main-banner-img\" alt=\"Spinwinera bonus mobile\" fetchpriority=\"high\" decoding=\"async\"><img src=\"https:\/\/spinwineracasino.net\/wp-content\/uploads\/2025\/11\/Spinwinera-bonus-mobile.webp\" class=\"w-100 d-md-none\" alt=\"Spinwinera bonus mobile\" fetchpriority=\"high\" decoding=\"async\"><div class=\"banner-description\">\n<div class=\"banner-title\">Bonus de Bienvenue<\/div>\n<p class=\"banner-header-title\">\u20ac1,000<\/p>\n<div class=\"banner-header-AdditionalText\">+ 100 Tours Gratuits<\/div>\n<button data-item=\"homepage_banner_link\" class=\"goto m-button m-gradient-border m-button--primary m-button--large banner-button btn-orange\">\n            <div class=\"m-button-content\">\n                <span>Inscrivez-vous d\u00e8s maintenant<\/span>\n                <span><\/span>\n            <\/div>\n        <\/button>\n<\/div>\n<div class=\"WelcomePack\">\n<p><img loading=\"lazy\" decoding=\"async\" class=\"alignnone size-full wp-image-1378\" src=\"https:\/\/spinwineracasino.net\/wp-content\/uploads\/2025\/11\/welcome-crown.svg\" alt=\"crown\" width=\"25\" height=\"26\" \/><\/p>\n<div class=\"WelcomePack-Info\">Cashback hebdomadaire jusqu&rsquo;\u00e0 25 %<\/div>\n<p><img loading=\"lazy\" decoding=\"async\" class=\"alignnone size-full wp-image-1378\" src=\"https:\/\/spinwineracasino.net\/wp-content\/uploads\/2025\/11\/welcome-crown.svg\" alt=\"crown\" width=\"25\" height=\"26\" \/><\/p>\n<\/div>\n<\/div><div class=\"scrollable-content-wrap my-5\"><div class=\"scrollable-content-inner\"><h2>Inscrivez-vous et Cr\u00e9ez un Compte Chez Spin Winera<\/h2>\n<p>Lorsque vous cr\u00e9ez un compte casino Spinwinera, vous acc\u00e9dez \u00e0 notre biblioth\u00e8que compl\u00e8te de jeux et \u00e0 des fonctionnalit\u00e9s uniquement disponibles pour les membres. L&rsquo;inscription ne prend que quelques minutes, et vous devez fournir quelques informations personnelles de base pour s\u00e9curiser votre compte et respecter les r\u00e8gles de jeu.<\/p>\n<p>Avec votre nouvelle connexion Spinwinera, vous pouvez acc\u00e9der rapidement aux m\u00e9thodes de d\u00e9p\u00f4t, aux options de retrait et aux programmes de bonus. Votre profil s\u00e9curis\u00e9 garde une trace de votre historique de jeu, de vos relev\u00e9s de transactions et de vos param\u00e8tres de pr\u00e9f\u00e9rences. Les titulaires de compte peuvent rejoindre des programmes de fid\u00e9lit\u00e9, b\u00e9n\u00e9ficier d&rsquo;offres personnalis\u00e9es et obtenir de l&rsquo;aide du service client via des canaux d\u00e9di\u00e9s.<\/p>\n<h3>Param\u00e8tres et Fonctionnalit\u00e9s de Votre Compte<\/h3>\n<p>Vous pouvez personnaliser vos pr\u00e9f\u00e9rences de jeu Spinwinera, vos param\u00e8tres de communication et vos fonctionnalit\u00e9s de s\u00e9curit\u00e9 de nombreuses fa\u00e7ons depuis votre tableau de bord.<\/p>\n<ul>\n<li>Nous vous donnons les outils pour fixer des limites de d\u00e9p\u00f4t, vous rappeler la dur\u00e9e de vos sessions et configurer des notifications de contr\u00f4le de r\u00e9alit\u00e9 qui vous aident \u00e0 jouer de mani\u00e8re responsable.<\/li>\n<li>Vous pouvez modifier vos m\u00e9thodes de paiement, mettre \u00e0 jour vos informations personnelles et changer vos pr\u00e9f\u00e9rences de notification pour les documents promotionnels dans le panneau des param\u00e8tres.<\/li>\n<li>Vous pouvez activer l&rsquo;authentification \u00e0 deux facteurs pour renforcer la s\u00e9curit\u00e9 de votre compte, consulter votre historique de jeu et voir les historiques d\u00e9taill\u00e9s des transactions.<\/li>\n<li>Vous pouvez modifier vos pr\u00e9f\u00e9rences de langue et de devise \u00e0 tout moment pour les adapter \u00e0 vos besoins.<\/li>\n<\/ul>\n<h2>Processus de V\u00e9rification du Compte<\/h2>\n<p>La v\u00e9rification du compte prouve votre identit\u00e9 et vous donne un acc\u00e8s complet au casino Spinwinera, y compris la possibilit\u00e9 de retirer de l&rsquo;argent et d&rsquo;effectuer des transactions plus importantes. Pour r\u00e9pondre aux exigences r\u00e9glementaires et emp\u00eacher l&rsquo;acc\u00e8s non autoris\u00e9 aux profils, nous avons besoin de documents de v\u00e9rification.<\/p>\n<p>Soumettez une pi\u00e8ce d&rsquo;identit\u00e9 avec photo \u00e9mise par le gouvernement, un justificatif de domicile datant de moins de trois mois, et une v\u00e9rification de la m\u00e9thode de paiement si demand\u00e9e. Les factures de services publics, les relev\u00e9s bancaires ou les lettres officielles qui montrent votre nom et votre adresse actuelle sont tous des documents accept\u00e9s. Utilisez la section de v\u00e9rification de votre tableau de bord pour t\u00e9l\u00e9charger des copies claires et lisibles.<\/p>\n<p>Pendant les heures ouvrables, notre \u00e9quipe de v\u00e9rification Spinwinera examine les soumissions sous 24 \u00e0 48 heures. Vous recevrez des notifications par e-mail concernant les mises \u00e0 jour du statut de v\u00e9rification. Pour \u00e9viter les retards de traitement, assurez-vous d&rsquo;avoir termin\u00e9 la v\u00e9rification avant de demander votre premier retrait. Nous chiffrons tous les documents qui nous sont envoy\u00e9s et les conservons en s\u00e9curit\u00e9 conform\u00e9ment aux lois sur la protection des donn\u00e9es.<\/p>\n<h2>Se Connecter \u00e0 Spinwinera<\/h2>\n<ol>\n<li>Vous pouvez vous connecter \u00e0 votre compte Spinwinera en cliquant sur le bouton dans le coin sup\u00e9rieur droit de notre page d&rsquo;accueil.<\/li>\n<li>Remplissez les champs avec votre adresse e-mail enregistr\u00e9e et votre mot de passe.<\/li>\n<li>Cliquez sur le bouton de connexion pour acc\u00e9der \u00e0 votre tableau de bord.<\/li>\n<\/ol>\n<p>Une fois connect\u00e9, vous pouvez parcourir notre catalogue de jeux, effectuer des d\u00e9p\u00f4ts, r\u00e9clamer les bonus disponibles et modifier vos param\u00e8tres. Votre solde actuel, les promotions actives et votre activit\u00e9 de jeu r\u00e9cente sont tous affich\u00e9s sur le tableau de bord. Utilisez le menu principal pour naviguer entre les diff\u00e9rentes sections et consulter les machines \u00e0 sous, les jeux de table, les options de croupier en direct et les autres types de divertissement.<\/p>\n<h3>R\u00e9initialisation du Mot de Passe ou de la Connexion<\/h3>\n<p>Vous pouvez r\u00e9initialiser votre mot de passe si vous l&rsquo;oubliez en cliquant sur le lien \u00ab\u00a0Mot de passe oubli\u00e9 ?\u00a0\u00bb sur la page de connexion Spinwinera. Entrez votre adresse e-mail enregistr\u00e9e et nous enverrons les instructions de r\u00e9initialisation dans votre bo\u00eete de r\u00e9ception dans les minutes qui suivent. Pour cr\u00e9er un nouveau mot de passe qui r\u00e9pond \u00e0 nos normes de s\u00e9curit\u00e9, cliquez sur le lien s\u00e9curis\u00e9 dans l&rsquo;e-mail.<\/p>\n<table>\n<tbody>\n<tr>\n<td>Situation de R\u00e9cup\u00e9ration<\/td>\n<td>Solution<\/td>\n<\/tr>\n<tr>\n<td>Mot de passe oubli\u00e9<\/td>\n<td>Utilisez le lien de r\u00e9initialisation sur la page de connexion<\/td>\n<\/tr>\n<tr>\n<td>E-mail inaccessible<\/td>\n<td>Contactez l&rsquo;\u00e9quipe d&rsquo;assistance avec une v\u00e9rification d&rsquo;identit\u00e9<\/td>\n<\/tr>\n<tr>\n<td>Compte bloqu\u00e9<\/td>\n<td>Contactez le service client pour obtenir de l&rsquo;aide pour le d\u00e9verrouillage<\/td>\n<\/tr>\n<tr>\n<td>Messages d&rsquo;erreur de connexion<\/td>\n<td>Videz le cache du navigateur ou essayez un navigateur diff\u00e9rent<\/td>\n<\/tr>\n<\/tbody>\n<\/table>\n<h2>FAQ<\/h2>\n<h3>Comment cr\u00e9er un nouveau compte au casino Spin Winera ?<\/h3>\n<p>Pour acc\u00e9der au formulaire de cr\u00e9ation de compte Spinwinera, cliquez sur le bouton \u00ab\u00a0S&rsquo;inscrire\u00a0\u00bb sur notre page d&rsquo;accueil. Entrez votre e-mail, votre mot de passe, votre nom complet, votre date de naissance et votre adresse. Acceptez les termes et conditions, puis soumettez le formulaire. Nous envoyons un e-mail de confirmation pour v\u00e9rifier votre adresse et activer votre compte.<\/p>\n<h3>Pourquoi ne puis-je pas acc\u00e9der \u00e0 mon compte Spinwinera ?<\/h3>\n<p>Les probl\u00e8mes de connexion sont g\u00e9n\u00e9ralement caus\u00e9s par la saisie d&rsquo;un mauvais mot de passe, la n\u00e9cessit\u00e9 de v\u00e9rifier votre compte ou des probl\u00e8mes avec le cache du navigateur. Assurez-vous de saisir la bonne adresse e-mail et le bon mot de passe (respectez la casse). Essayez de vous reconnecter apr\u00e8s avoir effac\u00e9 le cache et les cookies de votre navigateur. Si le processus de v\u00e9rification est toujours en attente, envoyez les documents n\u00e9cessaires. Si ces \u00e9tapes ne r\u00e9solvent pas le probl\u00e8me, contactez le support multilingue via le chat en direct ou par e-mail.<\/p>\n<h3>Que dois-je fournir lors de mon inscription ?<\/h3>\n<p>Pour vous inscrire au casino Spinwinera, vous devez fournir votre adresse e-mail. Vous devez cr\u00e9er un mot de passe fort qui r\u00e9pond \u00e0 nos normes et choisir votre devise. Nous avons besoin de ces informations pour v\u00e9rifier votre \u00e2ge, prouver votre identit\u00e9 et respecter les r\u00e9glementations du jeu qui prot\u00e8gent tous les joueurs.<\/p>\n<\/div><\/div><\/p>\n","protected":false},"excerpt":{"rendered":"<p>Connexion et Cr\u00e9ation de Compte Spinwinera La gestion de votre compte de jeu commence par un processus de Spinwinera login s\u00e9curis\u00e9 qui vous donne un acc\u00e8s instantan\u00e9 \u00e0 toutes les fonctionnalit\u00e9s de la plateforme. Nous proposons des syst\u00e8mes d&rsquo;inscription et d&rsquo;authentification simples qui prot\u00e8gent vos informations tout en facilitant l&rsquo;acc\u00e8s. Votre compte est la cl\u00e9 [&hellip;]<\/p>\n","protected":false},"author":1,"featured_media":0,"parent":0,"menu_order":0,"comment_status":"closed","ping_status":"closed","template":"template-builder.php","meta":{"_acf_changed":false,"inline_featured_image":false,"footnotes":""},"class_list":["post-1470","page","type-page","status-publish","hentry"],"acf":[],"yoast_head":"<!-- This site is optimized with the Yoast SEO plugin v27.3 - https:\/\/yoast.com\/product\/yoast-seo-wordpress\/ -->\n<title>Spinwinera Login | Inscription et gestion de compte<\/title>\n<meta name=\"description\" content=\"Utilisez vos Spin Winera Casino login pour acc\u00e9der \u00e0 votre compte ou en cr\u00e9er un en toute s\u00e9curit\u00e9. Profitez d&#039;une inscription rapide, d&#039;un acc\u00e8s s\u00e9curis\u00e9 et d&#039;une protection optimale de votre compte pour une exp\u00e9rience de jeu exceptionnelle.\" \/>\n<meta name=\"robots\" content=\"index, follow, max-snippet:-1, max-image-preview:large, max-video-preview:-1\" \/>\n<link rel=\"canonical\" href=\"https:\/\/spinwineracasino.net\/fr\/connexion-et-inscription\/\" \/>\n<meta property=\"og:locale\" content=\"fr_FR\" \/>\n<meta property=\"og:type\" content=\"article\" \/>\n<meta property=\"og:title\" content=\"Spinwinera Login | Inscription et gestion de compte\" \/>\n<meta property=\"og:description\" content=\"Utilisez vos Spin Winera Casino login pour acc\u00e9der \u00e0 votre compte ou en cr\u00e9er un en toute s\u00e9curit\u00e9. Profitez d&#039;une inscription rapide, d&#039;un acc\u00e8s s\u00e9curis\u00e9 et d&#039;une protection optimale de votre compte pour une exp\u00e9rience de jeu exceptionnelle.\" \/>\n<meta property=\"og:url\" content=\"https:\/\/spinwineracasino.net\/fr\/connexion-et-inscription\/\" \/>\n<meta property=\"og:site_name\" content=\"spinwinera\" \/>\n<meta property=\"article:modified_time\" content=\"2025-12-26T07:15:16+00:00\" \/>\n<meta name=\"twitter:card\" content=\"summary_large_image\" \/>\n<meta name=\"twitter:label1\" content=\"Dur\u00e9e de lecture estim\u00e9e\" \/>\n\t<meta name=\"twitter:data1\" content=\"1 minute\" \/>\n<script type=\"application\/ld+json\" class=\"yoast-schema-graph\">{\"@context\":\"https:\\\/\\\/schema.org\",\"@graph\":[{\"@type\":\"WebPage\",\"@id\":\"https:\\\/\\\/spinwineracasino.net\\\/fr\\\/connexion-et-inscription\\\/\",\"url\":\"https:\\\/\\\/spinwineracasino.net\\\/fr\\\/connexion-et-inscription\\\/\",\"name\":\"Spinwinera Login | Inscription et gestion de compte\",\"isPartOf\":{\"@id\":\"https:\\\/\\\/spinwineracasino.net\\\/fr\\\/#website\"},\"datePublished\":\"2025-11-04T12:53:54+00:00\",\"dateModified\":\"2025-12-26T07:15:16+00:00\",\"description\":\"Utilisez vos Spin Winera Casino login pour acc\u00e9der \u00e0 votre compte ou en cr\u00e9er un en toute s\u00e9curit\u00e9. Profitez d'une inscription rapide, d'un acc\u00e8s s\u00e9curis\u00e9 et d'une protection optimale de votre compte pour une exp\u00e9rience de jeu exceptionnelle.\",\"breadcrumb\":{\"@id\":\"https:\\\/\\\/spinwineracasino.net\\\/fr\\\/connexion-et-inscription\\\/#breadcrumb\"},\"inLanguage\":\"fr-FR\",\"potentialAction\":[{\"@type\":\"ReadAction\",\"target\":[\"https:\\\/\\\/spinwineracasino.net\\\/fr\\\/connexion-et-inscription\\\/\"]}]},{\"@type\":\"BreadcrumbList\",\"@id\":\"https:\\\/\\\/spinwineracasino.net\\\/fr\\\/connexion-et-inscription\\\/#breadcrumb\",\"itemListElement\":[{\"@type\":\"ListItem\",\"position\":1,\"name\":\"Spinwinera\",\"item\":\"https:\\\/\\\/spinwineracasino.net\\\/fr\\\/\"},{\"@type\":\"ListItem\",\"position\":2,\"name\":\"Connexion et Inscription\"}]},{\"@type\":\"WebSite\",\"@id\":\"https:\\\/\\\/spinwineracasino.net\\\/fr\\\/#website\",\"url\":\"https:\\\/\\\/spinwineracasino.net\\\/fr\\\/\",\"name\":\"Spinwinera\",\"description\":\"\",\"publisher\":{\"@id\":\"https:\\\/\\\/spinwineracasino.net\\\/fr\\\/#organization\"},\"potentialAction\":[{\"@type\":\"SearchAction\",\"target\":{\"@type\":\"EntryPoint\",\"urlTemplate\":\"https:\\\/\\\/spinwineracasino.net\\\/fr\\\/?s={search_term_string}\"},\"query-input\":{\"@type\":\"PropertyValueSpecification\",\"valueRequired\":true,\"valueName\":\"search_term_string\"}}],\"inLanguage\":\"fr-FR\"},{\"@type\":\"Organization\",\"@id\":\"https:\\\/\\\/spinwineracasino.net\\\/fr\\\/#organization\",\"name\":\"Spinwinera\",\"url\":\"https:\\\/\\\/spinwineracasino.net\\\/fr\\\/\",\"logo\":{\"@type\":\"ImageObject\",\"inLanguage\":\"fr-FR\",\"@id\":\"https:\\\/\\\/spinwineracasino.net\\\/fr\\\/#\\\/schema\\\/logo\\\/image\\\/\",\"url\":\"https:\\\/\\\/spinwineracasino.net\\\/wp-content\\\/uploads\\\/2025\\\/08\\\/80u1FaquEZeR6OUTeJCc.png\",\"contentUrl\":\"https:\\\/\\\/spinwineracasino.net\\\/wp-content\\\/uploads\\\/2025\\\/08\\\/80u1FaquEZeR6OUTeJCc.png\",\"width\":157,\"height\":30,\"caption\":\"Spinwinera\"},\"image\":{\"@id\":\"https:\\\/\\\/spinwineracasino.net\\\/fr\\\/#\\\/schema\\\/logo\\\/image\\\/\"}}]}<\/script>\n<!-- \/ Yoast SEO plugin. -->","yoast_head_json":{"title":"Spinwinera Login | Inscription et gestion de compte","description":"Utilisez vos Spin Winera Casino login pour acc\u00e9der \u00e0 votre compte ou en cr\u00e9er un en toute s\u00e9curit\u00e9. Profitez d'une inscription rapide, d'un acc\u00e8s s\u00e9curis\u00e9 et d'une protection optimale de votre compte pour une exp\u00e9rience de jeu exceptionnelle.","robots":{"index":"index","follow":"follow","max-snippet":"max-snippet:-1","max-image-preview":"max-image-preview:large","max-video-preview":"max-video-preview:-1"},"canonical":"https:\/\/spinwineracasino.net\/fr\/connexion-et-inscription\/","og_locale":"fr_FR","og_type":"article","og_title":"Spinwinera Login | Inscription et gestion de compte","og_description":"Utilisez vos Spin Winera Casino login pour acc\u00e9der \u00e0 votre compte ou en cr\u00e9er un en toute s\u00e9curit\u00e9. Profitez d'une inscription rapide, d'un acc\u00e8s s\u00e9curis\u00e9 et d'une protection optimale de votre compte pour une exp\u00e9rience de jeu exceptionnelle.","og_url":"https:\/\/spinwineracasino.net\/fr\/connexion-et-inscription\/","og_site_name":"spinwinera","article_modified_time":"2025-12-26T07:15:16+00:00","twitter_card":"summary_large_image","twitter_misc":{"Dur\u00e9e de lecture estim\u00e9e":"1 minute"},"schema":{"@context":"https:\/\/schema.org","@graph":[{"@type":"WebPage","@id":"https:\/\/spinwineracasino.net\/fr\/connexion-et-inscription\/","url":"https:\/\/spinwineracasino.net\/fr\/connexion-et-inscription\/","name":"Spinwinera Login | Inscription et gestion de compte","isPartOf":{"@id":"https:\/\/spinwineracasino.net\/fr\/#website"},"datePublished":"2025-11-04T12:53:54+00:00","dateModified":"2025-12-26T07:15:16+00:00","description":"Utilisez vos Spin Winera Casino login pour acc\u00e9der \u00e0 votre compte ou en cr\u00e9er un en toute s\u00e9curit\u00e9. Profitez d'une inscription rapide, d'un acc\u00e8s s\u00e9curis\u00e9 et d'une protection optimale de votre compte pour une exp\u00e9rience de jeu exceptionnelle.","breadcrumb":{"@id":"https:\/\/spinwineracasino.net\/fr\/connexion-et-inscription\/#breadcrumb"},"inLanguage":"fr-FR","potentialAction":[{"@type":"ReadAction","target":["https:\/\/spinwineracasino.net\/fr\/connexion-et-inscription\/"]}]},{"@type":"BreadcrumbList","@id":"https:\/\/spinwineracasino.net\/fr\/connexion-et-inscription\/#breadcrumb","itemListElement":[{"@type":"ListItem","position":1,"name":"Spinwinera","item":"https:\/\/spinwineracasino.net\/fr\/"},{"@type":"ListItem","position":2,"name":"Connexion et Inscription"}]},{"@type":"WebSite","@id":"https:\/\/spinwineracasino.net\/fr\/#website","url":"https:\/\/spinwineracasino.net\/fr\/","name":"Spinwinera","description":"","publisher":{"@id":"https:\/\/spinwineracasino.net\/fr\/#organization"},"potentialAction":[{"@type":"SearchAction","target":{"@type":"EntryPoint","urlTemplate":"https:\/\/spinwineracasino.net\/fr\/?s={search_term_string}"},"query-input":{"@type":"PropertyValueSpecification","valueRequired":true,"valueName":"search_term_string"}}],"inLanguage":"fr-FR"},{"@type":"Organization","@id":"https:\/\/spinwineracasino.net\/fr\/#organization","name":"Spinwinera","url":"https:\/\/spinwineracasino.net\/fr\/","logo":{"@type":"ImageObject","inLanguage":"fr-FR","@id":"https:\/\/spinwineracasino.net\/fr\/#\/schema\/logo\/image\/","url":"https:\/\/spinwineracasino.net\/wp-content\/uploads\/2025\/08\/80u1FaquEZeR6OUTeJCc.png","contentUrl":"https:\/\/spinwineracasino.net\/wp-content\/uploads\/2025\/08\/80u1FaquEZeR6OUTeJCc.png","width":157,"height":30,"caption":"Spinwinera"},"image":{"@id":"https:\/\/spinwineracasino.net\/fr\/#\/schema\/logo\/image\/"}}]}},"_links":{"self":[{"href":"https:\/\/spinwineracasino.net\/fr\/wp-json\/wp\/v2\/pages\/1470","targetHints":{"allow":["GET"]}}],"collection":[{"href":"https:\/\/spinwineracasino.net\/fr\/wp-json\/wp\/v2\/pages"}],"about":[{"href":"https:\/\/spinwineracasino.net\/fr\/wp-json\/wp\/v2\/types\/page"}],"author":[{"embeddable":true,"href":"https:\/\/spinwineracasino.net\/fr\/wp-json\/wp\/v2\/users\/1"}],"replies":[{"embeddable":true,"href":"https:\/\/spinwineracasino.net\/fr\/wp-json\/wp\/v2\/comments?post=1470"}],"version-history":[{"count":3,"href":"https:\/\/spinwineracasino.net\/fr\/wp-json\/wp\/v2\/pages\/1470\/revisions"}],"predecessor-version":[{"id":2076,"href":"https:\/\/spinwineracasino.net\/fr\/wp-json\/wp\/v2\/pages\/1470\/revisions\/2076"}],"wp:attachment":[{"href":"https:\/\/spinwineracasino.net\/fr\/wp-json\/wp\/v2\/media?parent=1470"}],"curies":[{"name":"wp","href":"https:\/\/api.w.org\/{rel}","templated":true}]}}