{"id":2110,"date":"2025-11-04T12:33:43","date_gmt":"2025-11-04T12:33:43","guid":{"rendered":"https:\/\/spinwineracasino.net\/app\/"},"modified":"2026-05-12T10:26:39","modified_gmt":"2026-05-12T09:26:39","slug":"alkalmazas","status":"publish","type":"page","link":"https:\/\/spinwineracasino.net\/hu\/alkalmazas\/","title":{"rendered":"Alkalmaz\u00e1s"},"content":{"rendered":"<h1>Spinwinera mobilalkalmaz\u00e1s<\/h1>\n<p>Spinwinera App az\u00e9rt hoztuk l\u00e9tre, hogy a magyar j\u00e1t\u00e9kosok korl\u00e1toz\u00e1sok n\u00e9lk\u00fcl b\u00e1rmelyik j\u00e1t\u00e9kot b\u00e1rmelyik f\u0151bb platformon j\u00e1tszhass\u00e1k. A mobilalkalmaz\u00e1s teljes kaszin\u00f3\u00e9lm\u00e9nyt ny\u00fajt, a legjobb teljes\u00edtm\u00e9nnyel \u00e9s gyors hozz\u00e1f\u00e9r\u00e9ssel a j\u00e1t\u00e9kokhoz, a banki szolg\u00e1ltat\u00e1sokhoz \u00e9s a prom\u00f3ci\u00f3khoz. Spin Winera Casino alkalmaz\u00e1sunk t\u00f6k\u00e9letesen m\u0171k\u00f6dik b\u00e1rmilyen eszk\u00f6z\u00f6n, legyen az okostelefon, tablet vagy sz\u00e1m\u00edt\u00f3g\u00e9p. Nem vesz\u00edt sem a min\u0151s\u00e9g\u00e9b\u0151l, sem a funkcionalit\u00e1s\u00e1b\u00f3l.<\/p>\n<p><div class=\"banner-wrap\" aria-label=\"Banner\"><img src=\"https:\/\/spinwineracasino.net\/wp-content\/uploads\/2025\/11\/Spinwinera-bonus-desktop.webp\" class=\"w-100 d-none d-lg-block img-pc main-banner-img\" alt=\"Spinwinera bonus desktop\" fetchpriority=\"high\" decoding=\"async\"><img src=\"https:\/\/spinwineracasino.net\/wp-content\/uploads\/2025\/11\/Spinwinera-bonus-mobile.webp\" class=\"w-100 d-none d-md-block d-lg-none main-banner-img\" alt=\"Spinwinera bonus mobile\" fetchpriority=\"high\" decoding=\"async\"><img src=\"https:\/\/spinwineracasino.net\/wp-content\/uploads\/2025\/11\/Spinwinera-bonus-mobile.webp\" class=\"w-100 d-md-none\" alt=\"Spinwinera bonus mobile\" fetchpriority=\"high\" decoding=\"async\"><div class=\"banner-description\">\n<div class=\"banner-title\">\u00dcdv\u00f6zl\u0151 b\u00f3nuszok<\/div>\n<p class=\"banner-header-title\">\u20ac1,500<\/p>\n<div class=\"banner-header-AdditionalText\">+ 250 Ingyenes p\u00f6rget\u00e9sek<\/div>\n<button data-item=\"homepage_banner_link\" class=\"goto m-button m-gradient-border m-button--primary m-button--large banner-button btn-orange\">\n            <div class=\"m-button-content\">\n                <span>Regisztr\u00e1lj most<\/span>\n                <span><\/span>\n            <\/div>\n        <\/button>\n<\/div>\n<div class=\"WelcomePack\">\n<p><img loading=\"lazy\" decoding=\"async\" class=\"alignnone size-full wp-image-1378\" src=\"https:\/\/spinwineracasino.net\/wp-content\/uploads\/2025\/11\/welcome-crown.svg\" alt=\"crown\" width=\"25\" height=\"26\" \/><\/p>\n<div class=\"WelcomePack-Info\">Heti cashback ak\u00e1r 25%-ig<\/div>\n<p><img loading=\"lazy\" decoding=\"async\" class=\"alignnone size-full wp-image-1378\" src=\"https:\/\/spinwineracasino.net\/wp-content\/uploads\/2025\/11\/welcome-crown.svg\" alt=\"crown\" width=\"25\" height=\"26\" \/><\/p>\n<\/div>\n<\/div><div style=\"clear: both\"><\/div><div class=\"d-flex justify-content-center\"><button data-item=\"decouvrez_link\" data-group=\"website_links\" class=\"goto fw-bold rounded-pill btn btn-orange\" aria-label=\"T\u00f6ltsd le a Spinwinera alkalmaz\u00e1st\" >T\u00f6ltsd le a Spinwinera alkalmaz\u00e1st<\/button><\/div><div class=\"scrollable-content-wrap my-5\"><div class=\"scrollable-content-inner\"><h2>T\u00f6ltse le a Spin Winera alkalmaz\u00e1st Windowsra \u00e9s Macre<\/h2>\n<p>A Spinwinera k\u00f6zvetlen\u00fcl a b\u00f6ng\u00e9sz\u0151j\u00e9ben haszn\u00e1lhatja Windows \u00e9s Mac sz\u00e1m\u00edt\u00f3g\u00e9peken egyar\u00e1nt. Csak l\u00e1togasson el weboldalunkra, \u00e9s kezdjen el j\u00e1tszani. Nincs sz\u00fcks\u00e9g let\u00f6lt\u00e9sre. Az asztali felhaszn\u00e1l\u00f3k kiv\u00e1l\u00f3 teljes\u00edtm\u00e9nyt \u00e9s tiszta fel\u00fcletet kapnak, amely nagyobb k\u00e9perny\u0151k\u00f6n is j\u00f3l m\u0171k\u00f6dik. A b\u00f6ng\u00e9sz\u0151je gondoskodik mindenr\u0151l, biztos\u00edtva, hogy a j\u00e1t\u00e9kok gyorsan bet\u00f6lt\u0151djenek \u00e9s stabilak maradjanak.<\/p>\n<p>A Spinwinera parancsikonk\u00e9nt hozz\u00e1adhatja az asztal\u00e1hoz vagy a kezd\u0151k\u00e9perny\u0151j\u00e9hez, hogy m\u00e9g gyorsabban el\u00e9rhesse. A PWA technol\u00f3gia automatikusan friss\u00fcl a h\u00e1tt\u00e9rben, \u00edgy mindig hozz\u00e1f\u00e9rhet a leg\u00fajabb funkci\u00f3khoz \u00e9s biztons\u00e1gi fejleszt\u00e9sekhez. Weboldalunkr\u00f3l k\u00f6zvetlen\u00fcl bekapcsolhatja a b\u00f6ng\u00e9sz\u0151 \u00e9rtes\u00edt\u00e9seit a fi\u00f3kaktivit\u00e1sr\u00f3l, a b\u00f3nuszokr\u00f3l \u00e9s a versenyekr\u0151l.<\/p>\n<p><img loading=\"lazy\" decoding=\"async\" src=\"https:\/\/spinwineracasino.net\/wp-content\/uploads\/2025\/11\/Spinwinera-PC.webp\" alt=\"Spinwinera PC\" width=\"1248\" height=\"536\" \/><\/p>\n<\/div><\/div><div style=\"clear: both\"><\/div><div class=\"d-flex justify-content-center\"><button data-item=\"decouvrez_link\" data-group=\"website_links\" class=\"goto fw-bold rounded-pill btn btn-orange\" aria-label=\"Spinwinera let\u00f6lt\u00e9se\" >Spinwinera let\u00f6lt\u00e9se<\/button><\/div><div class=\"scrollable-content-wrap my-5\"><div class=\"scrollable-content-inner\"><h2>J\u00e1tssz \u00fatk\u00f6zben az Android-alkalmaz\u00e1ssal<\/h2>\n<p>Gondoskodtunk arr\u00f3l, hogy a Spinwinera Casino minden r\u00e9sze t\u00f6k\u00e9letesen m\u0171k\u00f6dj\u00f6n kisebb k\u00e9perny\u0151k\u00f6n is, mik\u00f6zben meg\u0151rizt\u00fck az asztali sz\u00e1m\u00edt\u00f3g\u00e9pen el\u00e9rhet\u0151 \u00f6sszes funkci\u00f3t. B\u00e1rmely modern b\u00f6ng\u00e9sz\u0151, p\u00e9ld\u00e1ul a Chrome, t\u00f6k\u00e9letesen m\u0171k\u00f6dik a weboldallal Android 6.0 vagy \u00fajabb verzi\u00f3t futtat\u00f3 eszk\u00f6z\u00f6k\u00f6n.<\/p>\n<h3>Telep\u00edtsd az APK-t Androidra<\/h3>\n<p>K\u00f6nny\u00edtsd meg a Spinwinera el\u00e9r\u00e9s\u00e9t k\u00f6zvetlen\u00fcl a kezd\u0151k\u00e9perny\u0151dr\u0151l:<\/p>\n<ol>\n<li>Haszn\u00e1lja a Chrome b\u00f6ng\u00e9sz\u0151t a k\u00edv\u00e1nt eszk\u00f6z\u00f6n, hogy eljusson a Spinwinera weboldal\u00e1ra.<\/li>\n<li>Kattintson a c\u00edmsorban tal\u00e1lhat\u00f3 h\u00e1rom pontra a tov\u00e1bbi opci\u00f3k megjelen\u00edt\u00e9s\u00e9hez.<\/li>\n<li>V\u00e1lassza a \u201eHozz\u00e1ad\u00e1s a kezd\u0151k\u00e9perny\u0151h\u00f6z\u201d lehet\u0151s\u00e9get.<\/li>\n<li>\u00c9rintse meg az \u201eHozz\u00e1ad\u00e1s\u201d gombot a meger\u0151s\u00edt\u00e9shez.<\/li>\n<li>A Spinwinera ikon megjelenik a kezd\u0151k\u00e9perny\u0151n, \u00edgy egy \u00e9rint\u00e9ssel el\u00e9rheti az oldalt.<\/li>\n<\/ol>\n<p>A parancsikon hozz\u00e1ad\u00e1sa ut\u00e1n azonnal hozz\u00e1f\u00e9rhet fi\u00f3kj\u00e1hoz, ugyanazokkal a funkci\u00f3kkal, mint egy nat\u00edv alkalmaz\u00e1sn\u00e1l. A push \u00e9rtes\u00edt\u00e9sek t\u00e1j\u00e9koztatj\u00e1k \u00d6nt a speci\u00e1lis mobil b\u00f3nuszokr\u00f3l, ingyenes p\u00f6rget\u00e9sekr\u0151l \u00e9s nagy nyerem\u00e9nyekr\u0151l.<\/p>\n<p><img loading=\"lazy\" decoding=\"async\" src=\"https:\/\/spinwineracasino.net\/wp-content\/uploads\/2025\/11\/Spinwinera-Android-App.webp\" alt=\"Spinwinera Android App\" width=\"1248\" height=\"536\" \/><\/p>\n<\/div><\/div><div style=\"clear: both\"><\/div><div class=\"d-flex justify-content-center\"><button data-item=\"decouvrez_link\" data-group=\"website_links\" class=\"goto fw-bold rounded-pill btn btn-orange\" aria-label=\"T\u00f6ltsd le a Spinwinera alkalmaz\u00e1st\" >T\u00f6ltsd le a Spinwinera alkalmaz\u00e1st<\/button><\/div><div class=\"scrollable-content-wrap my-5\"><div class=\"scrollable-content-inner\"><h2>Alkalmaz\u00e1s iOS-eszk\u00f6z\u00f6kh\u00f6z<\/h2>\n<p>iOS Spinwinera alkalmaz\u00e1sunkat kifejezetten azoknak az iPhone- \u00e9s iPad-felhaszn\u00e1l\u00f3knak k\u00e9sz\u00edtett\u00fck, akik a lehet\u0151 legjobb teljes\u00edtm\u00e9nyt v\u00e1rj\u00e1k el. A mobil kaszin\u00f3alkalmaz\u00e1s t\u00f6k\u00e9letesen m\u0171k\u00f6dik iOS rendszeren, sima anim\u00e1ci\u00f3kkal \u00e9s azonnali v\u00e1laszid\u0151vel.<\/p>\n<h3>iOS-alkalmaz\u00e1s let\u00f6lt\u00e9se<\/h3>\n<p>Hozzon l\u00e9tre egy parancsikont a kezd\u0151k\u00e9perny\u0151n a Spinwinera gyors el\u00e9r\u00e9s\u00e9hez:<\/p>\n<ol>\n<li>L\u00e1togasson el mobiloldalunkra az iOS-eszk\u00f6z\u00e9n a Safari b\u00f6ng\u00e9sz\u0151b\u0151l, \u00e9s \u00e9rintse meg a Megoszt\u00e1s gombot.<\/li>\n<li>A Safari felk\u00e9ri, hogy adja hozz\u00e1 az alkalmaz\u00e1st a kezd\u0151k\u00e9perny\u0151h\u00f6z.<\/li>\n<li>V\u00e1lassza a men\u00fcb\u0151l a \u201eHozz\u00e1ad\u00e1s a kezd\u0151k\u00e9perny\u0151h\u00f6z\u201d lehet\u0151s\u00e9get.<\/li>\n<li>Az alkalmaz\u00e1s ikonja megjelenik a k\u00e9sz\u00fcl\u00e9ken a t\u00f6bbi alkalmaz\u00e1s mellett, \u00e9s egyetlen \u00e9rint\u00e9ssel el\u00e9rheti.<\/li>\n<\/ol>\n<p>Progressive Web App technol\u00f3gi\u00e1t haszn\u00e1lunk, hogy b\u00f6ng\u00e9sz\u0151j\u00e9ben ugyanazt a teljes\u00edtm\u00e9nyt ny\u00fajtsuk, mint egy nat\u00edv alkalmaz\u00e1s. Ez azt jelenti, hogy nem kell az App Store-ba mennie, hogy let\u00f6ltse, \u00e9s m\u00e9gis teljes m\u00e9rt\u00e9kben m\u0171k\u00f6dik.<\/p>\n<p><img loading=\"lazy\" decoding=\"async\" src=\"https:\/\/spinwineracasino.net\/wp-content\/uploads\/2025\/11\/Spinwinera-iOS-App.webp\" alt=\"Spinwinera iOS App\" width=\"1248\" height=\"536\" \/><\/p>\n<\/div><\/div><div style=\"clear: both\"><\/div><div class=\"d-flex justify-content-center\"><button data-item=\"decouvrez_link\" data-group=\"website_links\" class=\"goto fw-bold rounded-pill btn btn-orange\" aria-label=\"Spinwinera let\u00f6lt\u00e9se\" >Spinwinera let\u00f6lt\u00e9se<\/button><\/div><div class=\"scrollable-content-wrap my-5\"><div class=\"scrollable-content-inner\"><h2>A Spinwinera mobilalkalmaz\u00e1s el\u0151nyei<\/h2>\n<p>Mobil j\u00e1t\u00e9kokra sz\u00e1nt PWA-nk egyed\u00fcl\u00e1ll\u00f3 el\u0151ny\u00f6kkel rendelkezik, amelyek fejleszt\u00e9s\u00e9n kem\u00e9nyen dolgoztunk. B\u00e1rmelyik internetkapcsolattal rendelkez\u0151 helyr\u0151l el\u00e9rheti a Spinwinera, \u00edgy utaz\u00e1s k\u00f6zben vagy sz\u00fcnetekben is j\u00e1tszhat online nyer\u0151g\u00e9peken. Kifejezetten a mobil j\u00e1t\u00e9k\u00e9lm\u00e9ny \u00e9rdek\u00e9ben fejlesztett\u00fck az \u00e9rint\u0151k\u00e9perny\u0151s vez\u00e9rl\u00e9st, \u00edgy a nyer\u0151g\u00e9pek p\u00f6rget\u00e9se \u00e9s a k\u00e1rty\u00e1k kiv\u00e1laszt\u00e1sa intuit\u00edvabb\u00e1 v\u00e1lt, mint az asztali sz\u00e1m\u00edt\u00f3g\u00e9pen az eg\u00e9rkattint\u00e1sokkal.<\/p>\n<table>\n<tbody>\n<tr>\n<td>Funkci\u00f3<\/td>\n<td>Mobil hozz\u00e1f\u00e9r\u00e9s<\/td>\n<td>Asztali hozz\u00e1f\u00e9r\u00e9s<\/td>\n<\/tr>\n<tr>\n<td>Hozz\u00e1f\u00e9r\u00e9si m\u00f3d<\/td>\n<td>B\u00f6ng\u00e9sz\u0151 vagy kezd\u0151k\u00e9perny\u0151n tal\u00e1lhat\u00f3 parancsikon<\/td>\n<td>B\u00f6ng\u00e9sz\u0151<\/td>\n<\/tr>\n<tr>\n<td>\u00c9rint\u0151k\u00e9perny\u0151s vez\u00e9rl\u00e9s<\/td>\n<td>Mobil k\u00e9perny\u0151kh\u00f6z optimaliz\u00e1lva<\/td>\n<td>Eg\u00e9r \u00e9s billenty\u0171zet<\/td>\n<\/tr>\n<tr>\n<td>Hordozhat\u00f3s\u00e1g<\/td>\n<td>B\u00e1rhol j\u00e1tszhat\u00f3 internetkapcsolattal<\/td>\n<td>R\u00f6gz\u00edtett hely<\/td>\n<\/tr>\n<\/tbody>\n<\/table>\n<p>A PWA megjegyzi a be\u00e1ll\u00edt\u00e1sait \u00e9s a hiteles\u00edt\u00e9si \u00e1llapot\u00e1t, \u00edgy amikor \u00faj munkamenetet ind\u00edt, pontosan ott folytatja, ahol abbahagyta. A mobil felhaszn\u00e1l\u00f3k bekapcsolhatj\u00e1k a b\u00f6ng\u00e9sz\u0151 \u00e9rtes\u00edt\u00e9seit, hogy friss\u00edt\u00e9seket kapjanak fi\u00f3kjuk tev\u00e9kenys\u00e9g\u00e9r\u0151l, b\u00f3nuszaikr\u00f3l \u00e9s aj\u00e1nlataikr\u00f3l. A kezd\u0151k\u00e9perny\u0151n tal\u00e1lhat\u00f3 parancsikon seg\u00edts\u00e9g\u00e9vel egyetlen \u00e9rint\u00e9ssel gyorsan eljuthat a webhelyre, an\u00e9lk\u00fcl, hogy megnyitn\u00e1 a b\u00f6ng\u00e9sz\u0151t.<\/p>\n<h2>GYIK<\/h2>\n<h3>Hogyan szerezhetem be \u00e9s \u00e1ll\u00edthatom be a Spin Winera Casino alkalmaz\u00e1st?<\/h3>\n<p>Csak nyissa meg a mobil b\u00f6ng\u00e9sz\u0151j\u00e9t, \u00e9s l\u00e9pjen a Spinwinera hivatalos weboldal\u00e1ra. K\u00f6vesse a fenti l\u00e9p\u00e9seket, hogy gyors el\u00e9r\u00e9s \u00e9rdek\u00e9ben hozz\u00e1adjon egy parancsikont a kezd\u0151k\u00e9perny\u0151j\u00e9hez. Ez mind\u00f6ssze egy percet vesz ig\u00e9nybe, \u00e9s azonnal bel\u00e9phet a fi\u00f3kj\u00e1ba. Nem kell semmit let\u00f6ltenie az alkalmaz\u00e1sboltr\u00f3l, sem telep\u00edtenie a Spinwinera APK-t.<\/p>\n<h3>Lehets\u00e9ges-e t\u00f6bb eszk\u00f6z\u00f6n szinkroniz\u00e1lni a fi\u00f3komat \u00e9s a j\u00e1t\u00e9k el\u0151rehalad\u00e1somat?<\/h3>\n<p>Fi\u00f3kja val\u00f3s id\u0151ben, automatikusan szinkroniz\u00e1l\u00f3dik az \u00f6sszes eszk\u00f6z\u00f6n. Ha ugyanazokkal az adatokkal jelentkezik be, b\u00e1rmelyik platformon azonnal l\u00e1thatja aktu\u00e1lis egyenleg\u00e9t, akt\u00edv b\u00f3nuszait \u00e9s a legut\u00f3bbi j\u00e1t\u00e9kel\u0151zm\u00e9nyeket. F\u00fcggetlen\u00fcl att\u00f3l, hogy milyen eszk\u00f6zt haszn\u00e1l, a versenyek \u00e1ll\u00e1sa, a h\u0171s\u00e9gprogramok \u00e9s a prom\u00f3ci\u00f3s k\u00f6vetelm\u00e9nyek friss\u00fcl\u00e9se azonnal megt\u00f6rt\u00e9nik. Minden fi\u00f3kadatot biztons\u00e1gban t\u00e1rolunk a szervereinken, \u00edgy nem kell manu\u00e1lisan szinkroniz\u00e1lnia vagy \u00e1thelyeznie az adatokat, amikor mobil \u00e9s asztali eszk\u00f6z k\u00f6z\u00f6tt v\u00e1lt.<\/p>\n<h3>A Spin Winera alkalmaz\u00e1s v\u00e9di a szem\u00e9lyes \u00e9s p\u00e9nz\u00fcgyi adatokat?<\/h3>\n<p>Minden adat\u00e1tvitel banki szint\u0171 titkos\u00edt\u00e1st haszn\u00e1l. Az SSL 256 bites titkos\u00edt\u00e1s v\u00e9di p\u00e9nz\u00fcgyi \u00e9s szem\u00e9lyes adatait, amikor b\u00e1rmely b\u00f6ng\u00e9sz\u0151n kereszt\u00fcl \u00e9rinti el a Spinwinera. Betartjuk a nemzetk\u00f6zi adatv\u00e9delmi el\u0151\u00edr\u00e1sokat, \u00e9s f\u00fcggetlen harmadik f\u00e9l c\u00e9gek rendszeresen ellen\u0151rzik biztons\u00e1gi int\u00e9zked\u00e9seinket.<\/p>\n<h3>Seg\u00edts\u00e9gre van sz\u00fcks\u00e9gem az alkalmaz\u00e1s haszn\u00e1lat\u00e1hoz. Mit tegyek?<\/h3>\n<p>A weboldal s\u00fag\u00f3 r\u00e9sz\u00e9n kereszt\u00fcl el\u00e9rhet\u0151 a 24 \u00f3r\u00e1s \u00fcgyf\u00e9lszolg\u00e1latunk. Az \u00fcgyf\u00e9lszolg\u00e1lati munkat\u00e1rsaink a be\u00e9p\u00edtett \u00e9l\u0151 cseveg\u00e9sen kereszt\u00fcl perceken bel\u00fcl megtekinthetik fi\u00f3kadatait \u00e9s megoldhatj\u00e1k a probl\u00e9m\u00e1kat. Emellett rendelkez\u00fcnk egy \u00e1tfog\u00f3 s\u00fag\u00f3k\u00f6zponttal is, ahol gyakori k\u00e9rd\u00e9sekre \u00e9s hibaelh\u00e1r\u00edt\u00e1sra tal\u00e1lhat v\u00e1laszt. Technikai probl\u00e9m\u00e1k eset\u00e9n fejleszt\u0151i csapatunk folyamatosan figyelemmel k\u00eds\u00e9ri a weboldal teljes\u00edtm\u00e9ny\u00e9t, hogy gyorsan azonos\u00edtsa \u00e9s megoldja az esetleges probl\u00e9m\u00e1kat.<\/p>\n<\/div><\/div><\/p>\n","protected":false},"excerpt":{"rendered":"<p>Spinwinera mobilalkalmaz\u00e1s Spinwinera App az\u00e9rt hoztuk l\u00e9tre, hogy a magyar j\u00e1t\u00e9kosok korl\u00e1toz\u00e1sok n\u00e9lk\u00fcl b\u00e1rmelyik j\u00e1t\u00e9kot b\u00e1rmelyik f\u0151bb platformon j\u00e1tszhass\u00e1k. A mobilalkalmaz\u00e1s teljes kaszin\u00f3\u00e9lm\u00e9nyt ny\u00fajt, a legjobb teljes\u00edtm\u00e9nnyel \u00e9s gyors hozz\u00e1f\u00e9r\u00e9ssel a j\u00e1t\u00e9kokhoz, a banki szolg\u00e1ltat\u00e1sokhoz \u00e9s a prom\u00f3ci\u00f3khoz. Spin Winera Casino alkalmaz\u00e1sunk t\u00f6k\u00e9letesen m\u0171k\u00f6dik b\u00e1rmilyen eszk\u00f6z\u00f6n, legyen az okostelefon, tablet vagy sz\u00e1m\u00edt\u00f3g\u00e9p. Nem vesz\u00edt sem [&hellip;]<\/p>\n","protected":false},"author":1,"featured_media":0,"parent":0,"menu_order":0,"comment_status":"closed","ping_status":"closed","template":"template-builder.php","meta":{"_acf_changed":false,"inline_featured_image":false,"footnotes":""},"class_list":["post-2110","page","type-page","status-publish","hentry"],"acf":[],"yoast_head":"<!-- This site is optimized with the Yoast SEO plugin v27.3 - https:\/\/yoast.com\/product\/yoast-seo-wordpress\/ -->\n<title>Spinwinera Casino App | Let\u00f6lt\u00e9s iOS \u00e9s Androidra<\/title>\n<meta name=\"description\" content=\"Telep\u00edtsd a Spin Winera Casino App az iOS \u00e9s az Androidra, \u00e9s j\u00e1tssz t\u00f6bb ezer j\u00e1t\u00e9kkal b\u00e1rhol. \u00c9lvezd a g\u00f6rd\u00fcl\u00e9keny teljes\u00edtm\u00e9nyt, a rendszeres friss\u00edt\u00e9seket \u00e9s a 24\/7 alkalmaz\u00e1son bel\u00fcli t\u00e1mogat\u00e1st.\" \/>\n<meta name=\"robots\" content=\"index, follow, max-snippet:-1, max-image-preview:large, max-video-preview:-1\" \/>\n<link rel=\"canonical\" href=\"https:\/\/spinwineracasino.net\/hu\/alkalmazas\/\" \/>\n<meta property=\"og:locale\" content=\"hu_HU\" \/>\n<meta property=\"og:type\" content=\"article\" \/>\n<meta property=\"og:title\" content=\"Spinwinera Casino App | Let\u00f6lt\u00e9s iOS \u00e9s Androidra\" \/>\n<meta property=\"og:description\" content=\"Telep\u00edtsd a Spin Winera Casino App az iOS \u00e9s az Androidra, \u00e9s j\u00e1tssz t\u00f6bb ezer j\u00e1t\u00e9kkal b\u00e1rhol. \u00c9lvezd a g\u00f6rd\u00fcl\u00e9keny teljes\u00edtm\u00e9nyt, a rendszeres friss\u00edt\u00e9seket \u00e9s a 24\/7 alkalmaz\u00e1son bel\u00fcli t\u00e1mogat\u00e1st.\" \/>\n<meta property=\"og:url\" content=\"https:\/\/spinwineracasino.net\/hu\/alkalmazas\/\" \/>\n<meta property=\"og:site_name\" content=\"spinwinera\" \/>\n<meta property=\"article:modified_time\" content=\"2026-05-12T09:26:39+00:00\" \/>\n<meta name=\"twitter:card\" content=\"summary_large_image\" \/>\n<meta name=\"twitter:label1\" content=\"Est. reading time\" \/>\n\t<meta name=\"twitter:data1\" content=\"1 minute\" \/>\n<script type=\"application\/ld+json\" class=\"yoast-schema-graph\">{\"@context\":\"https:\\\/\\\/schema.org\",\"@graph\":[{\"@type\":\"WebPage\",\"@id\":\"https:\\\/\\\/spinwineracasino.net\\\/hu\\\/alkalmazas\\\/\",\"url\":\"https:\\\/\\\/spinwineracasino.net\\\/hu\\\/alkalmazas\\\/\",\"name\":\"Spinwinera Casino App | Let\u00f6lt\u00e9s iOS \u00e9s Androidra\",\"isPartOf\":{\"@id\":\"https:\\\/\\\/spinwineracasino.net\\\/hu\\\/#website\"},\"datePublished\":\"2025-11-04T12:33:43+00:00\",\"dateModified\":\"2026-05-12T09:26:39+00:00\",\"description\":\"Telep\u00edtsd a Spin Winera Casino App az iOS \u00e9s az Androidra, \u00e9s j\u00e1tssz t\u00f6bb ezer j\u00e1t\u00e9kkal b\u00e1rhol. \u00c9lvezd a g\u00f6rd\u00fcl\u00e9keny teljes\u00edtm\u00e9nyt, a rendszeres friss\u00edt\u00e9seket \u00e9s a 24\\\/7 alkalmaz\u00e1son bel\u00fcli t\u00e1mogat\u00e1st.\",\"breadcrumb\":{\"@id\":\"https:\\\/\\\/spinwineracasino.net\\\/hu\\\/alkalmazas\\\/#breadcrumb\"},\"inLanguage\":\"hu-HU\",\"potentialAction\":[{\"@type\":\"ReadAction\",\"target\":[\"https:\\\/\\\/spinwineracasino.net\\\/hu\\\/alkalmazas\\\/\"]}]},{\"@type\":\"BreadcrumbList\",\"@id\":\"https:\\\/\\\/spinwineracasino.net\\\/hu\\\/alkalmazas\\\/#breadcrumb\",\"itemListElement\":[{\"@type\":\"ListItem\",\"position\":1,\"name\":\"Spinwinera\",\"item\":\"https:\\\/\\\/spinwineracasino.net\\\/hu\\\/\"},{\"@type\":\"ListItem\",\"position\":2,\"name\":\"Alkalmaz\u00e1s\"}]},{\"@type\":\"WebSite\",\"@id\":\"https:\\\/\\\/spinwineracasino.net\\\/hu\\\/#website\",\"url\":\"https:\\\/\\\/spinwineracasino.net\\\/hu\\\/\",\"name\":\"Spinwinera\",\"description\":\"\",\"publisher\":{\"@id\":\"https:\\\/\\\/spinwineracasino.net\\\/hu\\\/#organization\"},\"potentialAction\":[{\"@type\":\"SearchAction\",\"target\":{\"@type\":\"EntryPoint\",\"urlTemplate\":\"https:\\\/\\\/spinwineracasino.net\\\/hu\\\/?s={search_term_string}\"},\"query-input\":{\"@type\":\"PropertyValueSpecification\",\"valueRequired\":true,\"valueName\":\"search_term_string\"}}],\"inLanguage\":\"hu-HU\"},{\"@type\":\"Organization\",\"@id\":\"https:\\\/\\\/spinwineracasino.net\\\/hu\\\/#organization\",\"name\":\"Spinwinera\",\"url\":\"https:\\\/\\\/spinwineracasino.net\\\/hu\\\/\",\"logo\":{\"@type\":\"ImageObject\",\"inLanguage\":\"hu-HU\",\"@id\":\"https:\\\/\\\/spinwineracasino.net\\\/hu\\\/#\\\/schema\\\/logo\\\/image\\\/\",\"url\":\"https:\\\/\\\/spinwineracasino.net\\\/wp-content\\\/uploads\\\/2025\\\/08\\\/80u1FaquEZeR6OUTeJCc.png\",\"contentUrl\":\"https:\\\/\\\/spinwineracasino.net\\\/wp-content\\\/uploads\\\/2025\\\/08\\\/80u1FaquEZeR6OUTeJCc.png\",\"width\":157,\"height\":30,\"caption\":\"Spinwinera\"},\"image\":{\"@id\":\"https:\\\/\\\/spinwineracasino.net\\\/hu\\\/#\\\/schema\\\/logo\\\/image\\\/\"}}]}<\/script>\n<!-- \/ Yoast SEO plugin. -->","yoast_head_json":{"title":"Spinwinera Casino App | Let\u00f6lt\u00e9s iOS \u00e9s Androidra","description":"Telep\u00edtsd a Spin Winera Casino App az iOS \u00e9s az Androidra, \u00e9s j\u00e1tssz t\u00f6bb ezer j\u00e1t\u00e9kkal b\u00e1rhol. \u00c9lvezd a g\u00f6rd\u00fcl\u00e9keny teljes\u00edtm\u00e9nyt, a rendszeres friss\u00edt\u00e9seket \u00e9s a 24\/7 alkalmaz\u00e1son bel\u00fcli t\u00e1mogat\u00e1st.","robots":{"index":"index","follow":"follow","max-snippet":"max-snippet:-1","max-image-preview":"max-image-preview:large","max-video-preview":"max-video-preview:-1"},"canonical":"https:\/\/spinwineracasino.net\/hu\/alkalmazas\/","og_locale":"hu_HU","og_type":"article","og_title":"Spinwinera Casino App | Let\u00f6lt\u00e9s iOS \u00e9s Androidra","og_description":"Telep\u00edtsd a Spin Winera Casino App az iOS \u00e9s az Androidra, \u00e9s j\u00e1tssz t\u00f6bb ezer j\u00e1t\u00e9kkal b\u00e1rhol. \u00c9lvezd a g\u00f6rd\u00fcl\u00e9keny teljes\u00edtm\u00e9nyt, a rendszeres friss\u00edt\u00e9seket \u00e9s a 24\/7 alkalmaz\u00e1son bel\u00fcli t\u00e1mogat\u00e1st.","og_url":"https:\/\/spinwineracasino.net\/hu\/alkalmazas\/","og_site_name":"spinwinera","article_modified_time":"2026-05-12T09:26:39+00:00","twitter_card":"summary_large_image","twitter_misc":{"Est. reading time":"1 minute"},"schema":{"@context":"https:\/\/schema.org","@graph":[{"@type":"WebPage","@id":"https:\/\/spinwineracasino.net\/hu\/alkalmazas\/","url":"https:\/\/spinwineracasino.net\/hu\/alkalmazas\/","name":"Spinwinera Casino App | Let\u00f6lt\u00e9s iOS \u00e9s Androidra","isPartOf":{"@id":"https:\/\/spinwineracasino.net\/hu\/#website"},"datePublished":"2025-11-04T12:33:43+00:00","dateModified":"2026-05-12T09:26:39+00:00","description":"Telep\u00edtsd a Spin Winera Casino App az iOS \u00e9s az Androidra, \u00e9s j\u00e1tssz t\u00f6bb ezer j\u00e1t\u00e9kkal b\u00e1rhol. \u00c9lvezd a g\u00f6rd\u00fcl\u00e9keny teljes\u00edtm\u00e9nyt, a rendszeres friss\u00edt\u00e9seket \u00e9s a 24\/7 alkalmaz\u00e1son bel\u00fcli t\u00e1mogat\u00e1st.","breadcrumb":{"@id":"https:\/\/spinwineracasino.net\/hu\/alkalmazas\/#breadcrumb"},"inLanguage":"hu-HU","potentialAction":[{"@type":"ReadAction","target":["https:\/\/spinwineracasino.net\/hu\/alkalmazas\/"]}]},{"@type":"BreadcrumbList","@id":"https:\/\/spinwineracasino.net\/hu\/alkalmazas\/#breadcrumb","itemListElement":[{"@type":"ListItem","position":1,"name":"Spinwinera","item":"https:\/\/spinwineracasino.net\/hu\/"},{"@type":"ListItem","position":2,"name":"Alkalmaz\u00e1s"}]},{"@type":"WebSite","@id":"https:\/\/spinwineracasino.net\/hu\/#website","url":"https:\/\/spinwineracasino.net\/hu\/","name":"Spinwinera","description":"","publisher":{"@id":"https:\/\/spinwineracasino.net\/hu\/#organization"},"potentialAction":[{"@type":"SearchAction","target":{"@type":"EntryPoint","urlTemplate":"https:\/\/spinwineracasino.net\/hu\/?s={search_term_string}"},"query-input":{"@type":"PropertyValueSpecification","valueRequired":true,"valueName":"search_term_string"}}],"inLanguage":"hu-HU"},{"@type":"Organization","@id":"https:\/\/spinwineracasino.net\/hu\/#organization","name":"Spinwinera","url":"https:\/\/spinwineracasino.net\/hu\/","logo":{"@type":"ImageObject","inLanguage":"hu-HU","@id":"https:\/\/spinwineracasino.net\/hu\/#\/schema\/logo\/image\/","url":"https:\/\/spinwineracasino.net\/wp-content\/uploads\/2025\/08\/80u1FaquEZeR6OUTeJCc.png","contentUrl":"https:\/\/spinwineracasino.net\/wp-content\/uploads\/2025\/08\/80u1FaquEZeR6OUTeJCc.png","width":157,"height":30,"caption":"Spinwinera"},"image":{"@id":"https:\/\/spinwineracasino.net\/hu\/#\/schema\/logo\/image\/"}}]}},"_links":{"self":[{"href":"https:\/\/spinwineracasino.net\/hu\/wp-json\/wp\/v2\/pages\/2110","targetHints":{"allow":["GET"]}}],"collection":[{"href":"https:\/\/spinwineracasino.net\/hu\/wp-json\/wp\/v2\/pages"}],"about":[{"href":"https:\/\/spinwineracasino.net\/hu\/wp-json\/wp\/v2\/types\/page"}],"author":[{"embeddable":true,"href":"https:\/\/spinwineracasino.net\/hu\/wp-json\/wp\/v2\/users\/1"}],"replies":[{"embeddable":true,"href":"https:\/\/spinwineracasino.net\/hu\/wp-json\/wp\/v2\/comments?post=2110"}],"version-history":[{"count":2,"href":"https:\/\/spinwineracasino.net\/hu\/wp-json\/wp\/v2\/pages\/2110\/revisions"}],"predecessor-version":[{"id":2303,"href":"https:\/\/spinwineracasino.net\/hu\/wp-json\/wp\/v2\/pages\/2110\/revisions\/2303"}],"wp:attachment":[{"href":"https:\/\/spinwineracasino.net\/hu\/wp-json\/wp\/v2\/media?parent=2110"}],"curies":[{"name":"wp","href":"https:\/\/api.w.org\/{rel}","templated":true}]}}