{"id":2129,"date":"2024-12-09T16:40:46","date_gmt":"2024-12-09T16:40:46","guid":{"rendered":"https:\/\/spinwineracasino.net\/cookies-policy\/"},"modified":"2026-05-12T10:33:37","modified_gmt":"2026-05-12T09:33:37","slug":"sutikre-vonatkozo-iranyelvek","status":"publish","type":"page","link":"https:\/\/spinwineracasino.net\/hu\/sutikre-vonatkozo-iranyelvek\/","title":{"rendered":"S\u00fctikre vonatkoz\u00f3 ir\u00e1nyelvek"},"content":{"rendered":"<h1>S\u00fctikre vonatkoz\u00f3 ir\u00e1nyelvek<\/h1>\n<p>Hat\u00e1lybal\u00e9p\u00e9s: 2025.12.01.<\/p>\n<p>A jelen S\u00fctikre vonatkoz\u00f3 ir\u00e1nyelvek ismertetik, hogy a spinwineracasino.net (\u201emi\u201d, \u201ea mi\u201d vagy \u201eminket\u201d) hogyan haszn\u00e1lja a s\u00fctiket \u00e9s a hasonl\u00f3 technol\u00f3gi\u00e1kat az \u00d6n felismer\u00e9s\u00e9re, amikor megl\u00e1togatja weboldalunkat. Le\u00edrja, hogy mik ezek a technol\u00f3gi\u00e1k, mi\u00e9rt haszn\u00e1ljuk \u0151ket, valamint az \u00d6n jogait azok kezel\u00e9se tekintet\u00e9ben.<\/p>\n<h2>Mi az a s\u00fcti?<\/h2>\n<p>A s\u00fcti egy kis adatf\u00e1jl, amelyet az \u00d6n eszk\u00f6z\u00e9re (sz\u00e1m\u00edt\u00f3g\u00e9p, okostelefon, tablet) helyez\u00fcnk el, amikor \u00d6n megl\u00e1togat egy weboldalt. A s\u00fctiket \u00e1ltal\u00e1ban arra haszn\u00e1lj\u00e1k, hogy jav\u00edts\u00e1k a b\u00f6ng\u00e9sz\u00e9si \u00e9lm\u00e9ny\u00e9t az\u00e1ltal, hogy megjegyzik az \u00d6n preferenci\u00e1it \u00e9s tev\u00e9kenys\u00e9geit a weboldalon.<\/p>\n<h2>Mi\u00e9rt haszn\u00e1lunk s\u00fctiket?<\/h2>\n<p>K\u00fcl\u00f6nb\u00f6z\u0151 okokb\u00f3l haszn\u00e1lunk s\u00fctiket, t\u00f6bbek k\u00f6z\u00f6tt:<\/p>\n<ul>\n<li>Alapvet\u0151 s\u00fctik: Sz\u00fcks\u00e9gesek weboldalunk m\u0171k\u00f6d\u00e9s\u00e9hez, lehet\u0151v\u00e9 t\u00e9ve \u00d6nnek olyan funkci\u00f3k haszn\u00e1lat\u00e1t, mint a biztons\u00e1gos ter\u00fcletekhez val\u00f3 hozz\u00e1f\u00e9r\u00e9s.<\/li>\n<li>Teljes\u00edtm\u00e9ny- \u00e9s elemz\u00e9si cookie-k: Seg\u00edtenek elemezni, hogy a l\u00e1togat\u00f3k hogyan haszn\u00e1lj\u00e1k weboldalunkat, a funkcionalit\u00e1s \u00e9s a teljes\u00edtm\u00e9ny jav\u00edt\u00e1sa \u00e9rdek\u00e9ben.<\/li>\n<li>Funkcion\u00e1lis cookie-k: Eml\u00e9keznek a be\u00e1ll\u00edt\u00e1saira (pl. nyelvi be\u00e1ll\u00edt\u00e1sok) a szem\u00e9lyre szabottabb \u00e9lm\u00e9ny \u00e9rdek\u00e9ben.<\/li>\n<li>Rekl\u00e1mcookie-k: Relev\u00e1ns hirdet\u00e9sek megjelen\u00edt\u00e9s\u00e9re \u00e9s marketingkamp\u00e1nyaink teljes\u00edtm\u00e9ny\u00e9nek nyomon k\u00f6vet\u00e9s\u00e9re szolg\u00e1lnak.<\/li>\n<\/ul>\n<h2>Az \u00e1ltalunk haszn\u00e1lt cookie-t\u00edpusok<\/h2>\n<table>\n<thead>\n<tr>\n<th>Cookie-t\u00edpus<\/th>\n<th>C\u00e9l<\/th>\n<th>\u00a0\u00c9rv\u00e9nyess\u00e9gi id\u0151<\/th>\n<\/tr>\n<\/thead>\n<tbody>\n<tr>\n<td>Alapvet\u0151 cookie-k<\/td>\n<td>A webhely m\u0171k\u00f6d\u00e9s\u00e9nek biztos\u00edt\u00e1sa<\/td>\n<td>Munkamenet vagy \u00e1lland\u00f3<\/td>\n<\/tr>\n<tr>\n<td>Elemz\u00e9si cookie-k<\/td>\n<td>A haszn\u00e1lat nyomon k\u00f6vet\u00e9se \u00e9s a felhaszn\u00e1l\u00f3i \u00e9lm\u00e9ny jav\u00edt\u00e1sa<\/td>\n<td>\u00c1lland\u00f3 (legfeljebb 2 \u00e9v)<\/td>\n<\/tr>\n<tr>\n<td>Rekl\u00e1mcookie-k<\/td>\n<td>C\u00e9lzott hirdet\u00e9sek megjelen\u00edt\u00e9se<\/td>\n<td>\u00c1lland\u00f3 (legfeljebb 1 \u00e9v)<\/td>\n<\/tr>\n<tr>\n<td>Funkcion\u00e1lis cookie-k<\/td>\n<td>A felhaszn\u00e1l\u00f3i be\u00e1ll\u00edt\u00e1sok megjegyz\u00e9se<\/td>\n<td>\u00a0\u00c1lland\u00f3 (legfeljebb 1 \u00e9v)<\/td>\n<\/tr>\n<\/tbody>\n<\/table>\n<h2>K\u00fcls\u0151 szolg\u00e1ltat\u00f3k cookie-jai<\/h2>\n<p>Haszn\u00e1lhatunk olyan k\u00fcls\u0151 szolg\u00e1ltat\u00f3k \u00e1ltal biztos\u00edtott cookie-kat is, mint a Google Analytics, a Facebook Ads vagy az affiliate marketing h\u00e1l\u00f3zatok. Ezek a cookie-k seg\u00edtenek meg\u00e9rteni, hogy a l\u00e1togat\u00f3k hogyan haszn\u00e1lj\u00e1k weboldalunkat, \u00e9s jav\u00edtj\u00e1k marketingtev\u00e9kenys\u00e9geinket. Ezek a k\u00fcls\u0151 szolg\u00e1ltat\u00f3k a saj\u00e1t adatv\u00e9delmi ir\u00e1nyelveiknek megfelel\u0151en haszn\u00e1lhatj\u00e1k a cookie-kat.<\/p>\n<h2>A cookie-k kezel\u00e9se<\/h2>\n<p>\u00d6nnek joga van elfogadni vagy elutas\u00edtani a cookie-kat. A legt\u00f6bb b\u00f6ng\u00e9sz\u0151 lehet\u0151v\u00e9 teszi a cookie-k be\u00e1ll\u00edt\u00e1sainak szab\u00e1lyoz\u00e1s\u00e1t. A cookie-k letilt\u00e1sa azonban hat\u00e1ssal lehet webhely\u00fcnk bizonyos funkci\u00f3inak m\u0171k\u00f6d\u00e9s\u00e9re.<\/p>\n<p>A cookie-k kezel\u00e9se:<\/p>\n<ul>\n<li>\u00c1ll\u00edtsa be b\u00f6ng\u00e9sz\u0151j\u00e9t \u00fagy, hogy elutas\u00edtsa a cookie-kat, vagy figyelmeztesse \u00d6nt, ha cookie-kat haszn\u00e1lnak.<\/li>\n<li>A cookie-k kezel\u00e9s\u00e9vel kapcsolatos r\u00e9szletes \u00fatmutat\u00e1st a <a href=\"http:\/\/www.aboutcookies.org\">www.aboutcookies.org<\/a> oldalon tal\u00e1l.<\/li>\n<\/ul>\n<h2>A jelen ir\u00e1nyelv friss\u00edt\u00e9sei<\/h2>\n<p>A jelen cookie-ir\u00e1nyelvet id\u0151r\u0151l id\u0151re friss\u00edthetj\u00fck, hogy t\u00fckr\u00f6zze gyakorlatunkban vagy a jogi k\u00f6vetelm\u00e9nyekben bek\u00f6vetkezett v\u00e1ltoz\u00e1sokat, illetve egy\u00e9b m\u0171k\u00f6d\u00e9si okokb\u00f3l. K\u00e9rj\u00fck, rendszeresen l\u00e1togassa meg ezt az oldalt, hogy t\u00e1j\u00e9kozott maradjon a cookie-k haszn\u00e1lat\u00e1r\u00f3l.<\/p>\n<h2>Kapcsolat<\/h2>\n<p>A cookie-k haszn\u00e1lat\u00e1val vagy a jelen ir\u00e1nyelvvel kapcsolatos b\u00e1rmilyen k\u00e9rd\u00e9ssel vagy agg\u00e1ly\u00e1val k\u00e9rj\u00fck, l\u00e9pjen kapcsolatba vel\u00fcnk a k\u00fcl\u00f6n erre a c\u00e9lra l\u00e9trehozott oldalunkon tal\u00e1lhat\u00f3 \u0171rlapon kereszt\u00fcl: <a href=\"https:\/\/spinwineracasino.net\/hu\/kapcsolat\/\">https:\/\/spinwineracasino.net\/hu\/kapcsolat\/<\/a><\/p>\n","protected":false},"excerpt":{"rendered":"<p>S\u00fctikre vonatkoz\u00f3 ir\u00e1nyelvek Hat\u00e1lybal\u00e9p\u00e9s: 2025.12.01. A jelen S\u00fctikre vonatkoz\u00f3 ir\u00e1nyelvek ismertetik, hogy a spinwineracasino.net (\u201emi\u201d, \u201ea mi\u201d vagy \u201eminket\u201d) hogyan haszn\u00e1lja a s\u00fctiket \u00e9s a hasonl\u00f3 technol\u00f3gi\u00e1kat az \u00d6n felismer\u00e9s\u00e9re, amikor megl\u00e1togatja weboldalunkat. Le\u00edrja, hogy mik ezek a technol\u00f3gi\u00e1k, mi\u00e9rt haszn\u00e1ljuk \u0151ket, valamint az \u00d6n jogait azok kezel\u00e9se tekintet\u00e9ben. Mi az a s\u00fcti? A s\u00fcti [&hellip;]<\/p>\n","protected":false},"author":1,"featured_media":0,"parent":0,"menu_order":0,"comment_status":"closed","ping_status":"closed","template":"template-builder.php","meta":{"_acf_changed":false,"inline_featured_image":false,"footnotes":""},"class_list":["post-2129","page","type-page","status-publish","hentry"],"acf":[],"yoast_head":"<!-- This site is optimized with the Yoast SEO plugin v27.3 - https:\/\/yoast.com\/product\/yoast-seo-wordpress\/ -->\n<title>S\u00fctikre vonatkoz\u00f3 ir\u00e1nyelvek<\/title>\n<meta name=\"description\" content=\"Ismerje meg a cookie-kra vonatkoz\u00f3 ir\u00e1nyelveinket, \u00e9s tudjon meg t\u00f6bbet arr\u00f3l, hogyan haszn\u00e1ljuk a cookie-kat a weboldalunkon ny\u00fajtott felhaszn\u00e1l\u00f3i \u00e9lm\u00e9ny jav\u00edt\u00e1sa \u00e9rdek\u00e9ben.\" \/>\n<meta name=\"robots\" content=\"noindex, follow\" \/>\n<meta property=\"og:locale\" content=\"hu_HU\" \/>\n<meta property=\"og:type\" content=\"article\" \/>\n<meta property=\"og:title\" content=\"S\u00fctikre vonatkoz\u00f3 ir\u00e1nyelvek\" \/>\n<meta property=\"og:description\" content=\"Ismerje meg a cookie-kra vonatkoz\u00f3 ir\u00e1nyelveinket, \u00e9s tudjon meg t\u00f6bbet arr\u00f3l, hogyan haszn\u00e1ljuk a cookie-kat a weboldalunkon ny\u00fajtott felhaszn\u00e1l\u00f3i \u00e9lm\u00e9ny jav\u00edt\u00e1sa \u00e9rdek\u00e9ben.\" \/>\n<meta property=\"og:url\" content=\"https:\/\/spinwineracasino.net\/hu\/sutikre-vonatkozo-iranyelvek\/\" \/>\n<meta property=\"og:site_name\" content=\"spinwinera\" \/>\n<meta property=\"article:modified_time\" content=\"2026-05-12T09:33:37+00:00\" \/>\n<meta name=\"twitter:card\" content=\"summary_large_image\" \/>\n<meta name=\"twitter:label1\" content=\"Est. reading time\" \/>\n\t<meta name=\"twitter:data1\" content=\"2 minutes\" \/>\n<script type=\"application\/ld+json\" class=\"yoast-schema-graph\">{\"@context\":\"https:\\\/\\\/schema.org\",\"@graph\":[{\"@type\":\"WebPage\",\"@id\":\"https:\\\/\\\/spinwineracasino.net\\\/hu\\\/sutikre-vonatkozo-iranyelvek\\\/\",\"url\":\"https:\\\/\\\/spinwineracasino.net\\\/hu\\\/sutikre-vonatkozo-iranyelvek\\\/\",\"name\":\"S\u00fctikre vonatkoz\u00f3 ir\u00e1nyelvek\",\"isPartOf\":{\"@id\":\"https:\\\/\\\/spinwineracasino.net\\\/hu\\\/#website\"},\"datePublished\":\"2024-12-09T16:40:46+00:00\",\"dateModified\":\"2026-05-12T09:33:37+00:00\",\"description\":\"Ismerje meg a cookie-kra vonatkoz\u00f3 ir\u00e1nyelveinket, \u00e9s tudjon meg t\u00f6bbet arr\u00f3l, hogyan haszn\u00e1ljuk a cookie-kat a weboldalunkon ny\u00fajtott felhaszn\u00e1l\u00f3i \u00e9lm\u00e9ny jav\u00edt\u00e1sa \u00e9rdek\u00e9ben.\",\"breadcrumb\":{\"@id\":\"https:\\\/\\\/spinwineracasino.net\\\/hu\\\/sutikre-vonatkozo-iranyelvek\\\/#breadcrumb\"},\"inLanguage\":\"hu-HU\",\"potentialAction\":[{\"@type\":\"ReadAction\",\"target\":[\"https:\\\/\\\/spinwineracasino.net\\\/hu\\\/sutikre-vonatkozo-iranyelvek\\\/\"]}]},{\"@type\":\"BreadcrumbList\",\"@id\":\"https:\\\/\\\/spinwineracasino.net\\\/hu\\\/sutikre-vonatkozo-iranyelvek\\\/#breadcrumb\",\"itemListElement\":[{\"@type\":\"ListItem\",\"position\":1,\"name\":\"Spinwinera\",\"item\":\"https:\\\/\\\/spinwineracasino.net\\\/hu\\\/\"},{\"@type\":\"ListItem\",\"position\":2,\"name\":\"S\u00fctikre vonatkoz\u00f3 ir\u00e1nyelvek\"}]},{\"@type\":\"WebSite\",\"@id\":\"https:\\\/\\\/spinwineracasino.net\\\/hu\\\/#website\",\"url\":\"https:\\\/\\\/spinwineracasino.net\\\/hu\\\/\",\"name\":\"Spinwinera\",\"description\":\"\",\"publisher\":{\"@id\":\"https:\\\/\\\/spinwineracasino.net\\\/hu\\\/#organization\"},\"potentialAction\":[{\"@type\":\"SearchAction\",\"target\":{\"@type\":\"EntryPoint\",\"urlTemplate\":\"https:\\\/\\\/spinwineracasino.net\\\/hu\\\/?s={search_term_string}\"},\"query-input\":{\"@type\":\"PropertyValueSpecification\",\"valueRequired\":true,\"valueName\":\"search_term_string\"}}],\"inLanguage\":\"hu-HU\"},{\"@type\":\"Organization\",\"@id\":\"https:\\\/\\\/spinwineracasino.net\\\/hu\\\/#organization\",\"name\":\"Spinwinera\",\"url\":\"https:\\\/\\\/spinwineracasino.net\\\/hu\\\/\",\"logo\":{\"@type\":\"ImageObject\",\"inLanguage\":\"hu-HU\",\"@id\":\"https:\\\/\\\/spinwineracasino.net\\\/hu\\\/#\\\/schema\\\/logo\\\/image\\\/\",\"url\":\"https:\\\/\\\/spinwineracasino.net\\\/wp-content\\\/uploads\\\/2025\\\/08\\\/80u1FaquEZeR6OUTeJCc.png\",\"contentUrl\":\"https:\\\/\\\/spinwineracasino.net\\\/wp-content\\\/uploads\\\/2025\\\/08\\\/80u1FaquEZeR6OUTeJCc.png\",\"width\":157,\"height\":30,\"caption\":\"Spinwinera\"},\"image\":{\"@id\":\"https:\\\/\\\/spinwineracasino.net\\\/hu\\\/#\\\/schema\\\/logo\\\/image\\\/\"}}]}<\/script>\n<!-- \/ Yoast SEO plugin. -->","yoast_head_json":{"title":"S\u00fctikre vonatkoz\u00f3 ir\u00e1nyelvek","description":"Ismerje meg a cookie-kra vonatkoz\u00f3 ir\u00e1nyelveinket, \u00e9s tudjon meg t\u00f6bbet arr\u00f3l, hogyan haszn\u00e1ljuk a cookie-kat a weboldalunkon ny\u00fajtott felhaszn\u00e1l\u00f3i \u00e9lm\u00e9ny jav\u00edt\u00e1sa \u00e9rdek\u00e9ben.","robots":{"index":"noindex","follow":"follow"},"og_locale":"hu_HU","og_type":"article","og_title":"S\u00fctikre vonatkoz\u00f3 ir\u00e1nyelvek","og_description":"Ismerje meg a cookie-kra vonatkoz\u00f3 ir\u00e1nyelveinket, \u00e9s tudjon meg t\u00f6bbet arr\u00f3l, hogyan haszn\u00e1ljuk a cookie-kat a weboldalunkon ny\u00fajtott felhaszn\u00e1l\u00f3i \u00e9lm\u00e9ny jav\u00edt\u00e1sa \u00e9rdek\u00e9ben.","og_url":"https:\/\/spinwineracasino.net\/hu\/sutikre-vonatkozo-iranyelvek\/","og_site_name":"spinwinera","article_modified_time":"2026-05-12T09:33:37+00:00","twitter_card":"summary_large_image","twitter_misc":{"Est. reading time":"2 minutes"},"schema":{"@context":"https:\/\/schema.org","@graph":[{"@type":"WebPage","@id":"https:\/\/spinwineracasino.net\/hu\/sutikre-vonatkozo-iranyelvek\/","url":"https:\/\/spinwineracasino.net\/hu\/sutikre-vonatkozo-iranyelvek\/","name":"S\u00fctikre vonatkoz\u00f3 ir\u00e1nyelvek","isPartOf":{"@id":"https:\/\/spinwineracasino.net\/hu\/#website"},"datePublished":"2024-12-09T16:40:46+00:00","dateModified":"2026-05-12T09:33:37+00:00","description":"Ismerje meg a cookie-kra vonatkoz\u00f3 ir\u00e1nyelveinket, \u00e9s tudjon meg t\u00f6bbet arr\u00f3l, hogyan haszn\u00e1ljuk a cookie-kat a weboldalunkon ny\u00fajtott felhaszn\u00e1l\u00f3i \u00e9lm\u00e9ny jav\u00edt\u00e1sa \u00e9rdek\u00e9ben.","breadcrumb":{"@id":"https:\/\/spinwineracasino.net\/hu\/sutikre-vonatkozo-iranyelvek\/#breadcrumb"},"inLanguage":"hu-HU","potentialAction":[{"@type":"ReadAction","target":["https:\/\/spinwineracasino.net\/hu\/sutikre-vonatkozo-iranyelvek\/"]}]},{"@type":"BreadcrumbList","@id":"https:\/\/spinwineracasino.net\/hu\/sutikre-vonatkozo-iranyelvek\/#breadcrumb","itemListElement":[{"@type":"ListItem","position":1,"name":"Spinwinera","item":"https:\/\/spinwineracasino.net\/hu\/"},{"@type":"ListItem","position":2,"name":"S\u00fctikre vonatkoz\u00f3 ir\u00e1nyelvek"}]},{"@type":"WebSite","@id":"https:\/\/spinwineracasino.net\/hu\/#website","url":"https:\/\/spinwineracasino.net\/hu\/","name":"Spinwinera","description":"","publisher":{"@id":"https:\/\/spinwineracasino.net\/hu\/#organization"},"potentialAction":[{"@type":"SearchAction","target":{"@type":"EntryPoint","urlTemplate":"https:\/\/spinwineracasino.net\/hu\/?s={search_term_string}"},"query-input":{"@type":"PropertyValueSpecification","valueRequired":true,"valueName":"search_term_string"}}],"inLanguage":"hu-HU"},{"@type":"Organization","@id":"https:\/\/spinwineracasino.net\/hu\/#organization","name":"Spinwinera","url":"https:\/\/spinwineracasino.net\/hu\/","logo":{"@type":"ImageObject","inLanguage":"hu-HU","@id":"https:\/\/spinwineracasino.net\/hu\/#\/schema\/logo\/image\/","url":"https:\/\/spinwineracasino.net\/wp-content\/uploads\/2025\/08\/80u1FaquEZeR6OUTeJCc.png","contentUrl":"https:\/\/spinwineracasino.net\/wp-content\/uploads\/2025\/08\/80u1FaquEZeR6OUTeJCc.png","width":157,"height":30,"caption":"Spinwinera"},"image":{"@id":"https:\/\/spinwineracasino.net\/hu\/#\/schema\/logo\/image\/"}}]}},"_links":{"self":[{"href":"https:\/\/spinwineracasino.net\/hu\/wp-json\/wp\/v2\/pages\/2129","targetHints":{"allow":["GET"]}}],"collection":[{"href":"https:\/\/spinwineracasino.net\/hu\/wp-json\/wp\/v2\/pages"}],"about":[{"href":"https:\/\/spinwineracasino.net\/hu\/wp-json\/wp\/v2\/types\/page"}],"author":[{"embeddable":true,"href":"https:\/\/spinwineracasino.net\/hu\/wp-json\/wp\/v2\/users\/1"}],"replies":[{"embeddable":true,"href":"https:\/\/spinwineracasino.net\/hu\/wp-json\/wp\/v2\/comments?post=2129"}],"version-history":[{"count":1,"href":"https:\/\/spinwineracasino.net\/hu\/wp-json\/wp\/v2\/pages\/2129\/revisions"}],"predecessor-version":[{"id":2323,"href":"https:\/\/spinwineracasino.net\/hu\/wp-json\/wp\/v2\/pages\/2129\/revisions\/2323"}],"wp:attachment":[{"href":"https:\/\/spinwineracasino.net\/hu\/wp-json\/wp\/v2\/media?parent=2129"}],"curies":[{"name":"wp","href":"https:\/\/api.w.org\/{rel}","templated":true}]}}