{"id":2145,"date":"2025-11-04T12:53:54","date_gmt":"2025-11-04T12:53:54","guid":{"rendered":"https:\/\/spinwineracasino.net\/login-and-registration\/"},"modified":"2026-05-12T10:27:52","modified_gmt":"2026-05-12T09:27:52","slug":"bejelentkezes-es-regisztracio","status":"publish","type":"page","link":"https:\/\/spinwineracasino.net\/hu\/bejelentkezes-es-regisztracio\/","title":{"rendered":"Bejelentkez\u00e9s \u00e9s regisztr\u00e1ci\u00f3"},"content":{"rendered":"<h1>Spinwinera bejelentkez\u00e9s \u00e9s fi\u00f3k l\u00e9trehoz\u00e1sa<\/h1>\n<p>A j\u00e1t\u00e9kfi\u00f3k kezel\u00e9se egy biztons\u00e1gos Spinwinera login folyamattal kezd\u0151dik, amely azonnali hozz\u00e1f\u00e9r\u00e9st biztos\u00edt a magyar j\u00e1t\u00e9kosok sz\u00e1m\u00e1ra a platform \u00f6sszes funkci\u00f3j\u00e1hoz. Egyszer\u0171 regisztr\u00e1ci\u00f3s \u00e9s hiteles\u00edt\u00e9si rendszereket k\u00edn\u00e1lunk, amelyek biztons\u00e1gban tartj\u00e1k az adatait, mik\u00f6zben k\u00f6nnyen hozz\u00e1f\u00e9rhet\u0151k. A fi\u00f3kja a kulcs a szem\u00e9lyre szabott j\u00e1t\u00e9k\u00e9lm\u00e9nyhez \u00e9s a tagok sz\u00e1m\u00e1ra biztos\u00edtott k\u00fcl\u00f6nleges el\u0151ny\u00f6kh\u00f6z.<\/p>\n<p><div class=\"banner-wrap\" aria-label=\"Banner\"><img src=\"https:\/\/spinwineracasino.net\/wp-content\/uploads\/2025\/11\/Spinwinera-bonus-desktop.webp\" class=\"w-100 d-none d-lg-block img-pc main-banner-img\" alt=\"Spinwinera bonus desktop\" fetchpriority=\"high\" decoding=\"async\"><img src=\"https:\/\/spinwineracasino.net\/wp-content\/uploads\/2025\/11\/Spinwinera-bonus-mobile.webp\" class=\"w-100 d-none d-md-block d-lg-none main-banner-img\" alt=\"Spinwinera bonus mobile\" fetchpriority=\"high\" decoding=\"async\"><img src=\"https:\/\/spinwineracasino.net\/wp-content\/uploads\/2025\/11\/Spinwinera-bonus-mobile.webp\" class=\"w-100 d-md-none\" alt=\"Spinwinera bonus mobile\" fetchpriority=\"high\" decoding=\"async\"><div class=\"banner-description\">\n<div class=\"banner-title\">\u00dcdv\u00f6zl\u0151 b\u00f3nuszok<\/div>\n<p class=\"banner-header-title\">\u20ac1,500<\/p>\n<div class=\"banner-header-AdditionalText\">+ 250 Ingyenes p\u00f6rget\u00e9sek<\/div>\n<button data-item=\"homepage_banner_link\" class=\"goto m-button m-gradient-border m-button--primary m-button--large banner-button btn-orange\">\n            <div class=\"m-button-content\">\n                <span>Regisztr\u00e1lj most<\/span>\n                <span><\/span>\n            <\/div>\n        <\/button>\n<\/div>\n<div class=\"WelcomePack\">\n<p><img loading=\"lazy\" decoding=\"async\" class=\"alignnone size-full wp-image-1378\" src=\"https:\/\/spinwineracasino.net\/wp-content\/uploads\/2025\/11\/welcome-crown.svg\" alt=\"crown\" width=\"25\" height=\"26\" \/><\/p>\n<div class=\"WelcomePack-Info\">Heti cashback ak\u00e1r 25%-ig<\/div>\n<p><img loading=\"lazy\" decoding=\"async\" class=\"alignnone size-full wp-image-1378\" src=\"https:\/\/spinwineracasino.net\/wp-content\/uploads\/2025\/11\/welcome-crown.svg\" alt=\"crown\" width=\"25\" height=\"26\" \/><\/p>\n<\/div>\n<\/div><div class=\"scrollable-content-wrap my-5\"><div class=\"scrollable-content-inner\"><h2>Regisztr\u00e1ljon \u00e9s hozzon l\u00e9tre fi\u00f3kot a Spin Winera-n\u00e1l<\/h2>\n<p>Amikor l\u00e9trehoz egy Spinwinera Casino fi\u00f3kot, hozz\u00e1f\u00e9rhet a j\u00e1t\u00e9kok teljes k\u00f6nyvt\u00e1r\u00e1hoz \u00e9s azokhoz a funkci\u00f3khoz, amelyek csak a tagok sz\u00e1m\u00e1ra el\u00e9rhet\u0151k. A regisztr\u00e1ci\u00f3 csak n\u00e9h\u00e1ny percet vesz ig\u00e9nybe, \u00e9s meg kell adnia n\u00e9h\u00e1ny alapvet\u0151 szem\u00e9lyes adatot a fi\u00f3kja biztons\u00e1ga \u00e9s a j\u00e1t\u00e9kszab\u00e1lyok betart\u00e1sa \u00e9rdek\u00e9ben.<\/p>\n<p>Az \u00faj Spinwinera bejelentkez\u00e9si adataival gyorsan hozz\u00e1f\u00e9rhet a befizet\u00e9si m\u00f3dokhoz, a kifizet\u00e9si lehet\u0151s\u00e9gekhez \u00e9s a b\u00f3nuszprogramokhoz. Biztons\u00e1gos profilja nyomon k\u00f6veti j\u00e1t\u00e9kel\u0151zm\u00e9nyeit, tranzakci\u00f3s adatait \u00e9s be\u00e1ll\u00edt\u00e1sait. A fi\u00f3k tulajdonosai csatlakozhatnak h\u0171s\u00e9gprogramokhoz, szem\u00e9lyre szabott aj\u00e1nlatokat kaphatnak, \u00e9s speci\u00e1lis csatorn\u00e1kon kereszt\u00fcl seg\u00edts\u00e9get kaphatnak az \u00fcgyf\u00e9lszolg\u00e1latt\u00f3l.<\/p>\n<h3>Fi\u00f3kja be\u00e1ll\u00edt\u00e1sai \u00e9s funkci\u00f3i<\/h3>\n<p>A Spinwinera j\u00e1t\u00e9kbe\u00e1ll\u00edt\u00e1sait, kommunik\u00e1ci\u00f3s be\u00e1ll\u00edt\u00e1sait \u00e9s biztons\u00e1gi funkci\u00f3it sz\u00e1mos m\u00f3don testreszabhatja a vez\u00e9rl\u0151pulton.<\/p>\n<ul>\n<li>Eszk\u00f6z\u00f6ket biztos\u00edtunk \u00d6nnek a befizet\u00e9si limitek be\u00e1ll\u00edt\u00e1s\u00e1hoz, a j\u00e1t\u00e9kid\u0151re val\u00f3 figyelmeztet\u00e9shez, valamint olyan val\u00f3s\u00e1gellen\u0151rz\u0151 \u00e9rtes\u00edt\u00e9sek be\u00e1ll\u00edt\u00e1s\u00e1hoz, amelyek seg\u00edtenek a felel\u0151ss\u00e9gteljes j\u00e1t\u00e9kban.<\/li>\n<li>A be\u00e1ll\u00edt\u00e1sok panelen megv\u00e1ltoztathatja fizet\u00e9si m\u00f3djait, friss\u00edtheti szem\u00e9lyes adatait, \u00e9s be\u00e1ll\u00edthatja, hogyan szeretne \u00e9rtes\u00edt\u00e9st kapni a prom\u00f3ci\u00f3s anyagokr\u00f3l.<\/li>\n<li>Bekapcsolhatja a k\u00e9tfaktoros hiteles\u00edt\u00e9st a fi\u00f3kja biztons\u00e1g\u00e1nak n\u00f6vel\u00e9se \u00e9rdek\u00e9ben, megtekintheti a j\u00e1t\u00e9kel\u0151zm\u00e9nyeit \u00e9s a r\u00e9szletes tranzakci\u00f3s el\u0151zm\u00e9nyeket.<\/li>\n<li>A nyelvi \u00e9s p\u00e9nznem be\u00e1ll\u00edt\u00e1sokat b\u00e1rmikor megv\u00e1ltoztathatja az ig\u00e9nyeinek megfelel\u0151en.<\/li>\n<\/ul>\n<h2>Fi\u00f3k-hiteles\u00edt\u00e9si folyamat<\/h2>\n<p>A fi\u00f3khiteles\u00edt\u00e9s igazolja szem\u00e9lyazonoss\u00e1g\u00e1t, \u00e9s teljes hozz\u00e1f\u00e9r\u00e9st biztos\u00edt a Spinwinera Casino, bele\u00e9rtve a p\u00e9nzfelv\u00e9tel \u00e9s a nagyobb tranzakci\u00f3k v\u00e9grehajt\u00e1s\u00e1nak lehet\u0151s\u00e9g\u00e9t is. A szab\u00e1lyoz\u00e1si k\u00f6vetelm\u00e9nyek teljes\u00edt\u00e9se \u00e9s a jogosulatlan profilhozz\u00e1f\u00e9r\u00e9s megakad\u00e1lyoz\u00e1sa \u00e9rdek\u00e9ben hiteles\u00edt\u0151 dokumentumokra van sz\u00fcks\u00e9g\u00fcnk.<\/p>\n<p>K\u00e9rj\u00fck, ny\u00fajtson be egy hat\u00f3s\u00e1g \u00e1ltal ki\u00e1ll\u00edtott f\u00e9nyk\u00e9pes igazolv\u00e1nyt, egy legfeljebb h\u00e1rom h\u00f3napos c\u00edmigazol\u00e1st, valamint k\u00e9r\u00e9sre a fizet\u00e9si m\u00f3d igazol\u00e1s\u00e1t. A k\u00f6z\u00fczemi sz\u00e1ml\u00e1k, banksz\u00e1mlakivonatok vagy hivatalos levelek, amelyek tartalmazz\u00e1k a nev\u00e9t \u00e9s a jelenlegi c\u00edm\u00e9t, mind elfogadhat\u00f3 c\u00edmigazol\u00f3 dokumentumok. Haszn\u00e1lja a vez\u00e9rl\u0151pult igazol\u00e1si szakasz\u00e1t, hogy felt\u00f6ltse az \u00e9les, olvashat\u00f3 m\u00e1solatokat.<\/p>\n<p>\u00dczleti \u00f3r\u00e1kban a Spinwinera igazol\u00e1si csapata 24\u201348 \u00f3r\u00e1n bel\u00fcl \u00e1ttekinti a bek\u00fcld\u00f6tt dokumentumokat. E-mailben \u00e9rtes\u00edtj\u00fck \u00d6nt az igazol\u00e1s \u00e1llapot\u00e1r\u00f3l. A feldolgoz\u00e1s k\u00e9sedelm\u00e9nek elker\u00fcl\u00e9se \u00e9rdek\u00e9ben gy\u0151z\u0151dj\u00f6n meg arr\u00f3l, hogy az els\u0151 kifizet\u00e9s k\u00e9r\u00e9se el\u0151tt elv\u00e9gezte az igazol\u00e1st. Minden hozz\u00e1nk elk\u00fcld\u00f6tt dokumentumot titkos\u00edtunk, \u00e9s az adatv\u00e9delmi t\u00f6rv\u00e9nyeknek megfelel\u0151en biztons\u00e1gban t\u00e1roljuk.<\/p>\n<h2>Bejelentkez\u00e9s a Spinwinera<\/h2>\n<ol>\n<li>A Spinwinera fi\u00f3kj\u00e1ba a honlapunk jobb fels\u0151 sark\u00e1ban tal\u00e1lhat\u00f3 gombra kattintva jelentkezhet be.<\/li>\n<li>T\u00f6ltse ki a mez\u0151ket a regisztr\u00e1lt e-mail c\u00edm\u00e9vel \u00e9s jelszav\u00e1val.<\/li>\n<li>Kattintson a bejelentkez\u00e9s gombra, hogy tov\u00e1bbl\u00e9pjen a vez\u00e9rl\u0151pultj\u00e1ra.<\/li>\n<\/ol>\n<p>Bejelentkez\u00e9s ut\u00e1n b\u00f6ng\u00e9szheti j\u00e1t\u00e9kv\u00e1laszt\u00e9kunkat, befizet\u00e9seket hajthat v\u00e9gre, ig\u00e9nybe veheti a rendelkez\u00e9sre \u00e1ll\u00f3 b\u00f3nuszokat, \u00e9s m\u00f3dos\u00edthatja be\u00e1ll\u00edt\u00e1sait. A kezel\u0151fel\u00fcleten l\u00e1that\u00f3 az aktu\u00e1lis egyenlege, az akt\u00edv prom\u00f3ci\u00f3k \u00e9s a legut\u00f3bbi j\u00e1t\u00e9ktev\u00e9kenys\u00e9ge. A f\u0151men\u00fc seg\u00edts\u00e9g\u00e9vel v\u00e1lthat a k\u00fcl\u00f6nb\u00f6z\u0151 szakaszok k\u00f6z\u00f6tt, \u00e9s megtekintheti a nyer\u0151g\u00e9peket, az asztali j\u00e1t\u00e9kokat, az \u00e9l\u0151 krupi\u00e9s j\u00e1t\u00e9kokat \u00e9s egy\u00e9b sz\u00f3rakoztat\u00f3 lehet\u0151s\u00e9geket.<\/p>\n<h3>Jelsz\u00f3 vagy bejelentkez\u00e9s vissza\u00e1ll\u00edt\u00e1sa<\/h3>\n<p>Ha elfelejtette a jelszav\u00e1t, a Spinwinera bejelentkez\u00e9si oldal\u00e1n tal\u00e1lhat\u00f3 \u201eElfelejtette a jelszav\u00e1t?\u201d linkre kattintva \u00e1ll\u00edthatja vissza. Adja meg regisztr\u00e1lt e-mail c\u00edm\u00e9t, \u00e9s perceken bel\u00fcl elk\u00fcldj\u00fck a vissza\u00e1ll\u00edt\u00e1si utas\u00edt\u00e1sokat a be\u00e9rkez\u0151 levelek mapp\u00e1j\u00e1ba. Ha olyan \u00faj jelsz\u00f3t szeretne l\u00e9trehozni, amely megfelel a biztons\u00e1gi el\u0151\u00edr\u00e1sainknak, kattintson az e-mailben tal\u00e1lhat\u00f3 biztons\u00e1gos linkre.<\/p>\n<table>\n<tbody>\n<tr>\n<td>Helyre\u00e1ll\u00edt\u00e1si helyzet<\/td>\n<td>Megold\u00e1s<\/td>\n<\/tr>\n<tr>\n<td>Elfelejtett jelsz\u00f3<\/td>\n<td>Haszn\u00e1lja a bejelentkez\u00e9si oldalon tal\u00e1lhat\u00f3 jelsz\u00f3-vissza\u00e1ll\u00edt\u00e1si linket<\/td>\n<\/tr>\n<tr>\n<td>Nem el\u00e9rhet\u0151 e-mail<\/td>\n<td>Vegye fel a kapcsolatot az \u00fcgyf\u00e9lszolg\u00e1lattal szem\u00e9lyazonoss\u00e1g\u00e1nak igazol\u00e1sa c\u00e9lj\u00e1b\u00f3l<\/td>\n<\/tr>\n<tr>\n<td>Fi\u00f3k z\u00e1rolva<\/td>\n<td>Vegye fel a kapcsolatot az \u00fcgyf\u00e9lszolg\u00e1lattal a felold\u00e1shoz<\/td>\n<\/tr>\n<tr>\n<td>Bejelentkez\u00e9si hiba\u00fczenetek<\/td>\n<td>T\u00f6r\u00f6lje a b\u00f6ng\u00e9sz\u0151 cache-\u00e9t, vagy pr\u00f3b\u00e1ljon ki egy m\u00e1sik b\u00f6ng\u00e9sz\u0151t<\/td>\n<\/tr>\n<\/tbody>\n<\/table>\n<h2>GYIK<\/h2>\n<h3>Hogyan hozhatok l\u00e9tre \u00faj fi\u00f3kot a Spin Winera Casino?<\/h3>\n<p>A Spinwinera fi\u00f3k l\u00e9trehoz\u00e1si \u0171rlapj\u00e1nak megnyit\u00e1s\u00e1hoz kattintson a honlapunkon tal\u00e1lhat\u00f3 \u201eRegisztr\u00e1ci\u00f3\u201d gombra. Adja meg e-mail c\u00edm\u00e9t, jelszav\u00e1t, teljes nev\u00e9t, sz\u00fclet\u00e9si d\u00e1tum\u00e1t \u00e9s c\u00edm\u00e9t. Fogadja el a felhaszn\u00e1l\u00e1si felt\u00e9teleket, majd k\u00fcldje el az \u0171rlapot. Meger\u0151s\u00edt\u0151 e-mailt k\u00fcld\u00fcnk \u00d6nnek a c\u00edm\u00e9nek ellen\u0151rz\u00e9se \u00e9s a fi\u00f3k aktiv\u00e1l\u00e1sa c\u00e9lj\u00e1b\u00f3l.<\/p>\n<h3>Mi\u00e9rt nem tudok bejelentkezni a Spinwinera fi\u00f3komba?<\/h3>\n<p>A bejelentkez\u00e9si probl\u00e9m\u00e1kat \u00e1ltal\u00e1ban a helytelen jelsz\u00f3 megad\u00e1sa, a fi\u00f3k hiteles\u00edt\u00e9s\u00e9nek sz\u00fcks\u00e9gess\u00e9ge vagy a b\u00f6ng\u00e9sz\u0151 gyors\u00edt\u00f3t\u00e1r\u00e1val kapcsolatos probl\u00e9m\u00e1k okozz\u00e1k. Gy\u0151z\u0151dj\u00f6n meg arr\u00f3l, hogy a helyes e-mail c\u00edmet \u00e9s jelsz\u00f3t adja meg, a nagy- \u00e9s kisbet\u0171kkel is. Pr\u00f3b\u00e1ljon meg \u00fajra bejelentkezni, miut\u00e1n t\u00f6r\u00f6lte a b\u00f6ng\u00e9sz\u0151 gyors\u00edt\u00f3t\u00e1r\u00e1t \u00e9s a cookie-kat. Ha a hiteles\u00edt\u00e9si folyamat m\u00e9g mindig folyamatban van, k\u00fcldje el a sz\u00fcks\u00e9ges dokumentumokat. Ha ezek a l\u00e9p\u00e9sek nem oldj\u00e1k meg a probl\u00e9m\u00e1t, vegye fel a kapcsolatot a t\u00f6bbnyelv\u0171 \u00fcgyf\u00e9lszolg\u00e1lattal \u00e9l\u0151 cseveg\u00e9sen vagy e-mailben.<\/p>\n<h3>Mit kell megadnom a regisztr\u00e1ci\u00f3kor?<\/h3>\n<p>A Spinwinera Kaszin\u00f3ba val\u00f3 regisztr\u00e1ci\u00f3hoz meg kell adnia az e-mail c\u00edm\u00e9t. L\u00e9tre kell hoznia egy er\u0151s jelsz\u00f3t, amely megfelel a szabv\u00e1nyainknak, \u00e9s ki kell v\u00e1lasztania a p\u00e9nznemet. Ezekre az inform\u00e1ci\u00f3kra az\u00e9rt van sz\u00fcks\u00e9g\u00fcnk, hogy ellen\u0151rizz\u00fck az \u00e9letkor\u00e1t, igazoljuk a szem\u00e9lyazonoss\u00e1g\u00e1t, \u00e9s betartsuk a j\u00e1t\u00e9kosok biztons\u00e1g\u00e1t garant\u00e1l\u00f3 szab\u00e1lyokat.<\/p>\n<\/div><\/div><\/p>\n","protected":false},"excerpt":{"rendered":"<p>Spinwinera bejelentkez\u00e9s \u00e9s fi\u00f3k l\u00e9trehoz\u00e1sa A j\u00e1t\u00e9kfi\u00f3k kezel\u00e9se egy biztons\u00e1gos Spinwinera login folyamattal kezd\u0151dik, amely azonnali hozz\u00e1f\u00e9r\u00e9st biztos\u00edt a magyar j\u00e1t\u00e9kosok sz\u00e1m\u00e1ra a platform \u00f6sszes funkci\u00f3j\u00e1hoz. Egyszer\u0171 regisztr\u00e1ci\u00f3s \u00e9s hiteles\u00edt\u00e9si rendszereket k\u00edn\u00e1lunk, amelyek biztons\u00e1gban tartj\u00e1k az adatait, mik\u00f6zben k\u00f6nnyen hozz\u00e1f\u00e9rhet\u0151k. A fi\u00f3kja a kulcs a szem\u00e9lyre szabott j\u00e1t\u00e9k\u00e9lm\u00e9nyhez \u00e9s a tagok sz\u00e1m\u00e1ra biztos\u00edtott k\u00fcl\u00f6nleges el\u0151ny\u00f6kh\u00f6z.<\/p>\n","protected":false},"author":1,"featured_media":0,"parent":0,"menu_order":0,"comment_status":"closed","ping_status":"closed","template":"template-builder.php","meta":{"_acf_changed":false,"inline_featured_image":false,"footnotes":""},"class_list":["post-2145","page","type-page","status-publish","hentry"],"acf":[],"yoast_head":"<!-- This site is optimized with the Yoast SEO plugin v27.3 - https:\/\/yoast.com\/product\/yoast-seo-wordpress\/ -->\n<title>Spinwinera Login | Regisztr\u00e1ci\u00f3 \u00e9s j\u00e1t\u00e9kfi\u00f3k kezel\u00e9se<\/title>\n<meta name=\"description\" content=\"Haszn\u00e1ld a Spin Winera Casino login funkci\u00f3t a fi\u00f3kod biztons\u00e1gos el\u00e9r\u00e9s\u00e9hez vagy regisztr\u00e1ci\u00f3j\u00e1hoz. Gyors regisztr\u00e1ci\u00f3, biztons\u00e1gos bel\u00e9p\u00e9s \u00e9s fi\u00f3kv\u00e9delem a jobb j\u00e1t\u00e9k\u00e9lm\u00e9ny\u00e9rt.\" \/>\n<meta name=\"robots\" content=\"index, follow, max-snippet:-1, max-image-preview:large, max-video-preview:-1\" \/>\n<link rel=\"canonical\" href=\"https:\/\/spinwineracasino.net\/hu\/bejelentkezes-es-regisztracio\/\" \/>\n<meta property=\"og:locale\" content=\"hu_HU\" \/>\n<meta property=\"og:type\" content=\"article\" \/>\n<meta property=\"og:title\" content=\"Spinwinera Login | Regisztr\u00e1ci\u00f3 \u00e9s j\u00e1t\u00e9kfi\u00f3k kezel\u00e9se\" \/>\n<meta property=\"og:description\" content=\"Haszn\u00e1ld a Spin Winera Casino login funkci\u00f3t a fi\u00f3kod biztons\u00e1gos el\u00e9r\u00e9s\u00e9hez vagy regisztr\u00e1ci\u00f3j\u00e1hoz. Gyors regisztr\u00e1ci\u00f3, biztons\u00e1gos bel\u00e9p\u00e9s \u00e9s fi\u00f3kv\u00e9delem a jobb j\u00e1t\u00e9k\u00e9lm\u00e9ny\u00e9rt.\" \/>\n<meta property=\"og:url\" content=\"https:\/\/spinwineracasino.net\/hu\/bejelentkezes-es-regisztracio\/\" \/>\n<meta property=\"og:site_name\" content=\"spinwinera\" \/>\n<meta property=\"article:modified_time\" content=\"2026-05-12T09:27:52+00:00\" \/>\n<meta name=\"twitter:card\" content=\"summary_large_image\" \/>\n<meta name=\"twitter:label1\" content=\"Est. reading time\" \/>\n\t<meta name=\"twitter:data1\" content=\"1 minute\" \/>\n<script type=\"application\/ld+json\" class=\"yoast-schema-graph\">{\"@context\":\"https:\\\/\\\/schema.org\",\"@graph\":[{\"@type\":\"WebPage\",\"@id\":\"https:\\\/\\\/spinwineracasino.net\\\/hu\\\/bejelentkezes-es-regisztracio\\\/\",\"url\":\"https:\\\/\\\/spinwineracasino.net\\\/hu\\\/bejelentkezes-es-regisztracio\\\/\",\"name\":\"Spinwinera Login | Regisztr\u00e1ci\u00f3 \u00e9s j\u00e1t\u00e9kfi\u00f3k kezel\u00e9se\",\"isPartOf\":{\"@id\":\"https:\\\/\\\/spinwineracasino.net\\\/hu\\\/#website\"},\"datePublished\":\"2025-11-04T12:53:54+00:00\",\"dateModified\":\"2026-05-12T09:27:52+00:00\",\"description\":\"Haszn\u00e1ld a Spin Winera Casino login funkci\u00f3t a fi\u00f3kod biztons\u00e1gos el\u00e9r\u00e9s\u00e9hez vagy regisztr\u00e1ci\u00f3j\u00e1hoz. Gyors regisztr\u00e1ci\u00f3, biztons\u00e1gos bel\u00e9p\u00e9s \u00e9s fi\u00f3kv\u00e9delem a jobb j\u00e1t\u00e9k\u00e9lm\u00e9ny\u00e9rt.\",\"breadcrumb\":{\"@id\":\"https:\\\/\\\/spinwineracasino.net\\\/hu\\\/bejelentkezes-es-regisztracio\\\/#breadcrumb\"},\"inLanguage\":\"hu-HU\",\"potentialAction\":[{\"@type\":\"ReadAction\",\"target\":[\"https:\\\/\\\/spinwineracasino.net\\\/hu\\\/bejelentkezes-es-regisztracio\\\/\"]}]},{\"@type\":\"BreadcrumbList\",\"@id\":\"https:\\\/\\\/spinwineracasino.net\\\/hu\\\/bejelentkezes-es-regisztracio\\\/#breadcrumb\",\"itemListElement\":[{\"@type\":\"ListItem\",\"position\":1,\"name\":\"Spinwinera\",\"item\":\"https:\\\/\\\/spinwineracasino.net\\\/hu\\\/\"},{\"@type\":\"ListItem\",\"position\":2,\"name\":\"Bejelentkez\u00e9s \u00e9s regisztr\u00e1ci\u00f3\"}]},{\"@type\":\"WebSite\",\"@id\":\"https:\\\/\\\/spinwineracasino.net\\\/hu\\\/#website\",\"url\":\"https:\\\/\\\/spinwineracasino.net\\\/hu\\\/\",\"name\":\"Spinwinera\",\"description\":\"\",\"publisher\":{\"@id\":\"https:\\\/\\\/spinwineracasino.net\\\/hu\\\/#organization\"},\"potentialAction\":[{\"@type\":\"SearchAction\",\"target\":{\"@type\":\"EntryPoint\",\"urlTemplate\":\"https:\\\/\\\/spinwineracasino.net\\\/hu\\\/?s={search_term_string}\"},\"query-input\":{\"@type\":\"PropertyValueSpecification\",\"valueRequired\":true,\"valueName\":\"search_term_string\"}}],\"inLanguage\":\"hu-HU\"},{\"@type\":\"Organization\",\"@id\":\"https:\\\/\\\/spinwineracasino.net\\\/hu\\\/#organization\",\"name\":\"Spinwinera\",\"url\":\"https:\\\/\\\/spinwineracasino.net\\\/hu\\\/\",\"logo\":{\"@type\":\"ImageObject\",\"inLanguage\":\"hu-HU\",\"@id\":\"https:\\\/\\\/spinwineracasino.net\\\/hu\\\/#\\\/schema\\\/logo\\\/image\\\/\",\"url\":\"https:\\\/\\\/spinwineracasino.net\\\/wp-content\\\/uploads\\\/2025\\\/08\\\/80u1FaquEZeR6OUTeJCc.png\",\"contentUrl\":\"https:\\\/\\\/spinwineracasino.net\\\/wp-content\\\/uploads\\\/2025\\\/08\\\/80u1FaquEZeR6OUTeJCc.png\",\"width\":157,\"height\":30,\"caption\":\"Spinwinera\"},\"image\":{\"@id\":\"https:\\\/\\\/spinwineracasino.net\\\/hu\\\/#\\\/schema\\\/logo\\\/image\\\/\"}}]}<\/script>\n<!-- \/ Yoast SEO plugin. -->","yoast_head_json":{"title":"Spinwinera Login | Regisztr\u00e1ci\u00f3 \u00e9s j\u00e1t\u00e9kfi\u00f3k kezel\u00e9se","description":"Haszn\u00e1ld a Spin Winera Casino login funkci\u00f3t a fi\u00f3kod biztons\u00e1gos el\u00e9r\u00e9s\u00e9hez vagy regisztr\u00e1ci\u00f3j\u00e1hoz. Gyors regisztr\u00e1ci\u00f3, biztons\u00e1gos bel\u00e9p\u00e9s \u00e9s fi\u00f3kv\u00e9delem a jobb j\u00e1t\u00e9k\u00e9lm\u00e9ny\u00e9rt.","robots":{"index":"index","follow":"follow","max-snippet":"max-snippet:-1","max-image-preview":"max-image-preview:large","max-video-preview":"max-video-preview:-1"},"canonical":"https:\/\/spinwineracasino.net\/hu\/bejelentkezes-es-regisztracio\/","og_locale":"hu_HU","og_type":"article","og_title":"Spinwinera Login | Regisztr\u00e1ci\u00f3 \u00e9s j\u00e1t\u00e9kfi\u00f3k kezel\u00e9se","og_description":"Haszn\u00e1ld a Spin Winera Casino login funkci\u00f3t a fi\u00f3kod biztons\u00e1gos el\u00e9r\u00e9s\u00e9hez vagy regisztr\u00e1ci\u00f3j\u00e1hoz. Gyors regisztr\u00e1ci\u00f3, biztons\u00e1gos bel\u00e9p\u00e9s \u00e9s fi\u00f3kv\u00e9delem a jobb j\u00e1t\u00e9k\u00e9lm\u00e9ny\u00e9rt.","og_url":"https:\/\/spinwineracasino.net\/hu\/bejelentkezes-es-regisztracio\/","og_site_name":"spinwinera","article_modified_time":"2026-05-12T09:27:52+00:00","twitter_card":"summary_large_image","twitter_misc":{"Est. reading time":"1 minute"},"schema":{"@context":"https:\/\/schema.org","@graph":[{"@type":"WebPage","@id":"https:\/\/spinwineracasino.net\/hu\/bejelentkezes-es-regisztracio\/","url":"https:\/\/spinwineracasino.net\/hu\/bejelentkezes-es-regisztracio\/","name":"Spinwinera Login | Regisztr\u00e1ci\u00f3 \u00e9s j\u00e1t\u00e9kfi\u00f3k kezel\u00e9se","isPartOf":{"@id":"https:\/\/spinwineracasino.net\/hu\/#website"},"datePublished":"2025-11-04T12:53:54+00:00","dateModified":"2026-05-12T09:27:52+00:00","description":"Haszn\u00e1ld a Spin Winera Casino login funkci\u00f3t a fi\u00f3kod biztons\u00e1gos el\u00e9r\u00e9s\u00e9hez vagy regisztr\u00e1ci\u00f3j\u00e1hoz. Gyors regisztr\u00e1ci\u00f3, biztons\u00e1gos bel\u00e9p\u00e9s \u00e9s fi\u00f3kv\u00e9delem a jobb j\u00e1t\u00e9k\u00e9lm\u00e9ny\u00e9rt.","breadcrumb":{"@id":"https:\/\/spinwineracasino.net\/hu\/bejelentkezes-es-regisztracio\/#breadcrumb"},"inLanguage":"hu-HU","potentialAction":[{"@type":"ReadAction","target":["https:\/\/spinwineracasino.net\/hu\/bejelentkezes-es-regisztracio\/"]}]},{"@type":"BreadcrumbList","@id":"https:\/\/spinwineracasino.net\/hu\/bejelentkezes-es-regisztracio\/#breadcrumb","itemListElement":[{"@type":"ListItem","position":1,"name":"Spinwinera","item":"https:\/\/spinwineracasino.net\/hu\/"},{"@type":"ListItem","position":2,"name":"Bejelentkez\u00e9s \u00e9s regisztr\u00e1ci\u00f3"}]},{"@type":"WebSite","@id":"https:\/\/spinwineracasino.net\/hu\/#website","url":"https:\/\/spinwineracasino.net\/hu\/","name":"Spinwinera","description":"","publisher":{"@id":"https:\/\/spinwineracasino.net\/hu\/#organization"},"potentialAction":[{"@type":"SearchAction","target":{"@type":"EntryPoint","urlTemplate":"https:\/\/spinwineracasino.net\/hu\/?s={search_term_string}"},"query-input":{"@type":"PropertyValueSpecification","valueRequired":true,"valueName":"search_term_string"}}],"inLanguage":"hu-HU"},{"@type":"Organization","@id":"https:\/\/spinwineracasino.net\/hu\/#organization","name":"Spinwinera","url":"https:\/\/spinwineracasino.net\/hu\/","logo":{"@type":"ImageObject","inLanguage":"hu-HU","@id":"https:\/\/spinwineracasino.net\/hu\/#\/schema\/logo\/image\/","url":"https:\/\/spinwineracasino.net\/wp-content\/uploads\/2025\/08\/80u1FaquEZeR6OUTeJCc.png","contentUrl":"https:\/\/spinwineracasino.net\/wp-content\/uploads\/2025\/08\/80u1FaquEZeR6OUTeJCc.png","width":157,"height":30,"caption":"Spinwinera"},"image":{"@id":"https:\/\/spinwineracasino.net\/hu\/#\/schema\/logo\/image\/"}}]}},"_links":{"self":[{"href":"https:\/\/spinwineracasino.net\/hu\/wp-json\/wp\/v2\/pages\/2145","targetHints":{"allow":["GET"]}}],"collection":[{"href":"https:\/\/spinwineracasino.net\/hu\/wp-json\/wp\/v2\/pages"}],"about":[{"href":"https:\/\/spinwineracasino.net\/hu\/wp-json\/wp\/v2\/types\/page"}],"author":[{"embeddable":true,"href":"https:\/\/spinwineracasino.net\/hu\/wp-json\/wp\/v2\/users\/1"}],"replies":[{"embeddable":true,"href":"https:\/\/spinwineracasino.net\/hu\/wp-json\/wp\/v2\/comments?post=2145"}],"version-history":[{"count":1,"href":"https:\/\/spinwineracasino.net\/hu\/wp-json\/wp\/v2\/pages\/2145\/revisions"}],"predecessor-version":[{"id":2304,"href":"https:\/\/spinwineracasino.net\/hu\/wp-json\/wp\/v2\/pages\/2145\/revisions\/2304"}],"wp:attachment":[{"href":"https:\/\/spinwineracasino.net\/hu\/wp-json\/wp\/v2\/media?parent=2145"}],"curies":[{"name":"wp","href":"https:\/\/api.w.org\/{rel}","templated":true}]}}