{"id":2149,"date":"2024-10-27T11:38:29","date_gmt":"2024-10-27T11:38:29","guid":{"rendered":"https:\/\/spinwineracasino.net\/privacy-policy\/"},"modified":"2026-05-12T10:34:28","modified_gmt":"2026-05-12T09:34:28","slug":"adatvedelmi-nyilatkozat","status":"publish","type":"page","link":"https:\/\/spinwineracasino.net\/hu\/adatvedelmi-nyilatkozat\/","title":{"rendered":"Adatv\u00e9delmi nyilatkozat"},"content":{"rendered":"\r\n<h1 class=\"wp-block-heading\">Adatv\u00e9delmi nyilatkozat<\/h1>\r\n<h2>R\u00f3lunk<\/h2>\r\nWeboldalunk c\u00edme: <a href=\"http:\/\/spinwineracasino.net\">spinwineracasino.net<\/a>.\r\n<h2>Hozz\u00e1sz\u00f3l\u00e1sok<\/h2>\r\nAmikor a l\u00e1togat\u00f3k hozz\u00e1sz\u00f3l\u00e1st hagynak az oldalon, r\u00f6gz\u00edtj\u00fck a hozz\u00e1sz\u00f3l\u00e1si \u0171rlapon megadott adatokat, valamint a l\u00e1togat\u00f3 IP-c\u00edm\u00e9t \u00e9s a felhaszn\u00e1l\u00f3i \u00fcgyn\u00f6k karakterl\u00e1nc\u00e1t a spam-felismer\u00e9s el\u0151seg\u00edt\u00e9se \u00e9rdek\u00e9ben.\r\n\r\nAz e-mail-c\u00edm\u00e9b\u0151l l\u00e9trehozott n\u00e9vtelen karakterl\u00e1nc (m\u00e1s n\u00e9ven hash) tov\u00e1bb\u00edthat\u00f3 a Gravatar szolg\u00e1ltat\u00e1snak annak ellen\u0151rz\u00e9se c\u00e9lj\u00e1b\u00f3l, hogy \u00d6n haszn\u00e1lja-e azt. A Gravatar adatv\u00e9delmi ir\u00e1nyelvei itt \u00e9rhet\u0151k el: https:\/\/automattic.com\/privacy\/. Miut\u00e1n megjegyz\u00e9s\u00e9t j\u00f3v\u00e1hagytuk, profilk\u00e9pe a nyilv\u00e1noss\u00e1g sz\u00e1m\u00e1ra l\u00e1that\u00f3v\u00e1 v\u00e1lik a megjegyz\u00e9s\u00e9vel egy\u00fctt.\r\n<h2>M\u00e9diatartalmak<\/h2>\r\nHa k\u00e9peket t\u00f6lt fel a weboldalra, ker\u00fclje a be\u00e1gyazott helyadatokkal (EXIF GPS) rendelkez\u0151 k\u00e9pek felt\u00f6lt\u00e9s\u00e9t. A weboldal l\u00e1togat\u00f3i let\u00f6lthetik \u00e9s kinyerhetik a weboldalon tal\u00e1lhat\u00f3 k\u00e9pek helyadatait.\r\n<h2>S\u00fctik<\/h2>\r\nHa hozz\u00e1sz\u00f3l\u00e1st \u00edr a weboldalunkra, v\u00e1laszthatja, hogy nev\u00e9t, e-mail c\u00edm\u00e9t \u00e9s weboldal\u00e1t s\u00fctikben t\u00e1roljuk-e. Ez az \u00d6n k\u00e9nyelm\u00e9t szolg\u00e1lja, hogy a k\u00f6vetkez\u0151 hozz\u00e1sz\u00f3l\u00e1skor ne kelljen \u00fajra megadnia adatait. Ezek a s\u00fctik 1 \u00e9vig maradnak meg.\r\n\r\nHa van fi\u00f3kja a weboldalon, \u00e9s bejelentkezik, ideiglenes cookie-t \u00e1ll\u00edtunk be annak meg\u00e1llap\u00edt\u00e1s\u00e1ra, hogy b\u00f6ng\u00e9sz\u0151je t\u00e1mogatja-e a cookie-kat. A cookie nem tartalmaz szem\u00e9lyes adatokat, \u00e9s a b\u00f6ng\u00e9sz\u0151 bez\u00e1r\u00e1sakor t\u00f6rl\u0151dik.\r\n\r\nBejelentkez\u00e9skor t\u00f6bb cookie-t is be\u00e1ll\u00edtunk a bejelentkez\u00e9si \u00e9s k\u00e9perny\u0151be\u00e1ll\u00edt\u00e1si adatok ment\u00e9se \u00e9rdek\u00e9ben. A bejelentkez\u00e9si cookie-k 2 napig, a k\u00e9perny\u0151be\u00e1ll\u00edt\u00e1si cookie-k pedig 1 \u00e9vig maradnak meg. Ha a \u201eJelsz\u00f3 meg\u0151rz\u00e9se\u201d opci\u00f3t v\u00e1lasztja, a bejelentkez\u00e9se 2 h\u00e9tig \u00e9rv\u00e9nyes marad. Ha kijelentkezik a fi\u00f3kj\u00e1b\u00f3l, a bejelentkez\u00e9si cookie-k t\u00f6rl\u0151dnek.\r\n\r\nHa cikket szerkeszt vagy k\u00f6zz\u00e9tesz, egy tov\u00e1bbi cookie ker\u00fcl elment\u00e9sre a b\u00f6ng\u00e9sz\u0151j\u00e9ben. Ez a cookie nem tartalmaz szem\u00e9lyes adatokat, csup\u00e1n a szerkesztett cikk bejegyz\u00e9s-azonos\u00edt\u00f3j\u00e1t jelzi. 1 nap m\u00falva lej\u00e1r.\r\n<h2>M\u00e1s webhelyekr\u0151l be\u00e1gyazott tartalom<\/h2>\r\nA webhelyen tal\u00e1lhat\u00f3 cikkek be\u00e1gyazott tartalmakat (pl. vide\u00f3kat, k\u00e9peket, cikkeket stb.) tartalmazhatnak. A m\u00e1s webhelyekr\u0151l sz\u00e1rmaz\u00f3 be\u00e1gyazott tartalom pontosan \u00fagy viselkedik, mintha a felhaszn\u00e1l\u00f3 k\u00f6zvetlen\u00fcl a m\u00e1sik webhelyet l\u00e1togatta volna meg.\r\n\r\nEzek a webhelyek adatokat gy\u0171jthetnek \u00d6nr\u0151l, cookie-kat haszn\u00e1lhatnak, harmadik f\u00e9lt\u0151l sz\u00e1rmaz\u00f3 nyomk\u00f6vet\u0151 alkalmaz\u00e1sokat \u00e1gyazhatnak be, \u00e9s nyomon k\u00f6vethetik az \u00d6n interakci\u00f3j\u00e1t a be\u00e1gyazott tartalommal. K\u00fcl\u00f6n\u00f6sen akkor k\u00f6vetik nyomon az \u00d6n interakci\u00f3j\u00e1t a be\u00e1gyazott tartalommal, ha \u00d6n rendelkezik fi\u00f3kkal \u00e9s be van jelentkezve az adott webhelyre.\r\n<h2>Kivel osztjuk meg az \u00d6n adatait?<\/h2>\r\nHa jelsz\u00f3-vissza\u00e1ll\u00edt\u00e1st k\u00e9r, az IP-c\u00edm\u00e9t felt\u00fcntetj\u00fck a jelsz\u00f3-vissza\u00e1ll\u00edt\u00e1si e-mailben.\r\n<h2>Mennyi ideig t\u00e1roljuk az \u00d6n adatait?<\/h2>\r\nHa megjegyz\u00e9st hagy, a megjegyz\u00e9s \u00e9s annak metaadatai hat\u00e1rozatlan ideig t\u00e1rol\u00e1sra ker\u00fclnek. Ez lehet\u0151v\u00e9 teszi sz\u00e1munkra, hogy az esetleges k\u00e9s\u0151bbi megjegyz\u00e9seket automatikusan azonos\u00edtsuk \u00e9s j\u00f3v\u00e1hagyjuk, ahelyett, hogy moder\u00e1ci\u00f3s sorban tartan\u00e1nk \u0151ket.\r\n\r\nA weboldalunkon regisztr\u00e1l\u00f3 felhaszn\u00e1l\u00f3k (ha vannak ilyenek) eset\u00e9ben a felhaszn\u00e1l\u00f3i profiljukban megadott szem\u00e9lyes adataikat t\u00e1roljuk. Minden felhaszn\u00e1l\u00f3 b\u00e1rmikor megtekintheti, szerkesztheti vagy t\u00f6r\u00f6lheti szem\u00e9lyes adatait (kiv\u00e9ve a felhaszn\u00e1l\u00f3nevet, amelyet nem m\u00f3dos\u00edthat). A weboldal rendszergazd\u00e1i szint\u00e9n megtekinthetik \u00e9s szerkeszthetik ezeket az inform\u00e1ci\u00f3kat.\r\n<h2>Milyen jogai vannak az adatai tekintet\u00e9ben?<\/h2>\r\nHa fi\u00f3kja van ezen a webhelyen, vagy hozz\u00e1sz\u00f3l\u00e1sokat \u00edrt, k\u00e9rheti, hogy elk\u00fcldj\u00fck \u00d6nnek az \u00d6nr\u0151l t\u00e1rolt szem\u00e9lyes adatok export\u00e1lt f\u00e1jlj\u00e1t, bele\u00e9rtve az \u00d6n \u00e1ltal nek\u00fcnk megadott adatokat is. K\u00e9rheti tov\u00e1bb\u00e1, hogy t\u00f6r\u00f6lj\u00fck az \u00d6nr\u0151l t\u00e1rolt szem\u00e9lyes adatait. Ez nem vonatkozik azokra az adatokra, amelyeket adminisztrat\u00edv, jogi vagy biztons\u00e1gi c\u00e9lokb\u00f3l k\u00f6telesek vagyunk meg\u0151rizni.\r\n<h2>Hov\u00e1 ker\u00fclnek az adataid<\/h2>\r\nA l\u00e1togat\u00f3i hozz\u00e1sz\u00f3l\u00e1sokat egy automatiz\u00e1lt spam-felismer\u0151 szolg\u00e1ltat\u00e1s ellen\u0151rizheti.\r\n\r\n","protected":false},"excerpt":{"rendered":"<p>Adatv\u00e9delmi nyilatkozat R\u00f3lunk Weboldalunk c\u00edme: spinwineracasino.net. Hozz\u00e1sz\u00f3l\u00e1sok Amikor a l\u00e1togat\u00f3k hozz\u00e1sz\u00f3l\u00e1st hagynak az oldalon, r\u00f6gz\u00edtj\u00fck a hozz\u00e1sz\u00f3l\u00e1si \u0171rlapon megadott adatokat, valamint a l\u00e1togat\u00f3 IP-c\u00edm\u00e9t \u00e9s a felhaszn\u00e1l\u00f3i \u00fcgyn\u00f6k karakterl\u00e1nc\u00e1t a spam-felismer\u00e9s el\u0151seg\u00edt\u00e9se \u00e9rdek\u00e9ben. Az e-mail-c\u00edm\u00e9b\u0151l l\u00e9trehozott n\u00e9vtelen karakterl\u00e1nc (m\u00e1s n\u00e9ven hash) tov\u00e1bb\u00edthat\u00f3 a Gravatar szolg\u00e1ltat\u00e1snak annak ellen\u0151rz\u00e9se c\u00e9lj\u00e1b\u00f3l, hogy \u00d6n haszn\u00e1lja-e azt. A Gravatar adatv\u00e9delmi [&hellip;]<\/p>\n","protected":false},"author":1,"featured_media":0,"parent":0,"menu_order":0,"comment_status":"closed","ping_status":"open","template":"template-builder.php","meta":{"_acf_changed":false,"inline_featured_image":false,"footnotes":""},"class_list":["post-2149","page","type-page","status-publish","hentry"],"acf":[],"yoast_head":"<!-- This site is optimized with the Yoast SEO plugin v27.3 - https:\/\/yoast.com\/product\/yoast-seo-wordpress\/ -->\n<title>Adatv\u00e9delmi nyilatkozat<\/title>\n<meta name=\"description\" content=\"Ismerje meg adatv\u00e9delmi ir\u00e1nyelveinket: hogyan gy\u0171jtj\u00fck, haszn\u00e1ljuk \u00e9s v\u00e9dj\u00fck szem\u00e9lyes adatait a biztons\u00e1gos j\u00e1t\u00e9k\u00e9lm\u00e9ny \u00e9rdek\u00e9ben.\" \/>\n<meta name=\"robots\" content=\"noindex, follow\" \/>\n<meta property=\"og:locale\" content=\"hu_HU\" \/>\n<meta property=\"og:type\" content=\"article\" \/>\n<meta property=\"og:title\" content=\"Adatv\u00e9delmi nyilatkozat\" \/>\n<meta property=\"og:description\" content=\"Ismerje meg adatv\u00e9delmi ir\u00e1nyelveinket: hogyan gy\u0171jtj\u00fck, haszn\u00e1ljuk \u00e9s v\u00e9dj\u00fck szem\u00e9lyes adatait a biztons\u00e1gos j\u00e1t\u00e9k\u00e9lm\u00e9ny \u00e9rdek\u00e9ben.\" \/>\n<meta property=\"og:url\" content=\"https:\/\/spinwineracasino.net\/hu\/adatvedelmi-nyilatkozat\/\" \/>\n<meta property=\"og:site_name\" content=\"spinwinera\" \/>\n<meta property=\"article:modified_time\" content=\"2026-05-12T09:34:28+00:00\" \/>\n<meta name=\"twitter:card\" content=\"summary_large_image\" \/>\n<meta name=\"twitter:label1\" content=\"Est. reading time\" \/>\n\t<meta name=\"twitter:data1\" content=\"3 minutes\" \/>\n<script type=\"application\/ld+json\" class=\"yoast-schema-graph\">{\"@context\":\"https:\\\/\\\/schema.org\",\"@graph\":[{\"@type\":\"WebPage\",\"@id\":\"https:\\\/\\\/spinwineracasino.net\\\/hu\\\/adatvedelmi-nyilatkozat\\\/\",\"url\":\"https:\\\/\\\/spinwineracasino.net\\\/hu\\\/adatvedelmi-nyilatkozat\\\/\",\"name\":\"Adatv\u00e9delmi nyilatkozat\",\"isPartOf\":{\"@id\":\"https:\\\/\\\/spinwineracasino.net\\\/hu\\\/#website\"},\"datePublished\":\"2024-10-27T11:38:29+00:00\",\"dateModified\":\"2026-05-12T09:34:28+00:00\",\"description\":\"Ismerje meg adatv\u00e9delmi ir\u00e1nyelveinket: hogyan gy\u0171jtj\u00fck, haszn\u00e1ljuk \u00e9s v\u00e9dj\u00fck szem\u00e9lyes adatait a biztons\u00e1gos j\u00e1t\u00e9k\u00e9lm\u00e9ny \u00e9rdek\u00e9ben.\",\"breadcrumb\":{\"@id\":\"https:\\\/\\\/spinwineracasino.net\\\/hu\\\/adatvedelmi-nyilatkozat\\\/#breadcrumb\"},\"inLanguage\":\"hu-HU\",\"potentialAction\":[{\"@type\":\"ReadAction\",\"target\":[\"https:\\\/\\\/spinwineracasino.net\\\/hu\\\/adatvedelmi-nyilatkozat\\\/\"]}]},{\"@type\":\"BreadcrumbList\",\"@id\":\"https:\\\/\\\/spinwineracasino.net\\\/hu\\\/adatvedelmi-nyilatkozat\\\/#breadcrumb\",\"itemListElement\":[{\"@type\":\"ListItem\",\"position\":1,\"name\":\"Spinwinera\",\"item\":\"https:\\\/\\\/spinwineracasino.net\\\/hu\\\/\"},{\"@type\":\"ListItem\",\"position\":2,\"name\":\"Adatv\u00e9delmi nyilatkozat\"}]},{\"@type\":\"WebSite\",\"@id\":\"https:\\\/\\\/spinwineracasino.net\\\/hu\\\/#website\",\"url\":\"https:\\\/\\\/spinwineracasino.net\\\/hu\\\/\",\"name\":\"Spinwinera\",\"description\":\"\",\"publisher\":{\"@id\":\"https:\\\/\\\/spinwineracasino.net\\\/hu\\\/#organization\"},\"potentialAction\":[{\"@type\":\"SearchAction\",\"target\":{\"@type\":\"EntryPoint\",\"urlTemplate\":\"https:\\\/\\\/spinwineracasino.net\\\/hu\\\/?s={search_term_string}\"},\"query-input\":{\"@type\":\"PropertyValueSpecification\",\"valueRequired\":true,\"valueName\":\"search_term_string\"}}],\"inLanguage\":\"hu-HU\"},{\"@type\":\"Organization\",\"@id\":\"https:\\\/\\\/spinwineracasino.net\\\/hu\\\/#organization\",\"name\":\"Spinwinera\",\"url\":\"https:\\\/\\\/spinwineracasino.net\\\/hu\\\/\",\"logo\":{\"@type\":\"ImageObject\",\"inLanguage\":\"hu-HU\",\"@id\":\"https:\\\/\\\/spinwineracasino.net\\\/hu\\\/#\\\/schema\\\/logo\\\/image\\\/\",\"url\":\"https:\\\/\\\/spinwineracasino.net\\\/wp-content\\\/uploads\\\/2025\\\/08\\\/80u1FaquEZeR6OUTeJCc.png\",\"contentUrl\":\"https:\\\/\\\/spinwineracasino.net\\\/wp-content\\\/uploads\\\/2025\\\/08\\\/80u1FaquEZeR6OUTeJCc.png\",\"width\":157,\"height\":30,\"caption\":\"Spinwinera\"},\"image\":{\"@id\":\"https:\\\/\\\/spinwineracasino.net\\\/hu\\\/#\\\/schema\\\/logo\\\/image\\\/\"}}]}<\/script>\n<!-- \/ Yoast SEO plugin. -->","yoast_head_json":{"title":"Adatv\u00e9delmi nyilatkozat","description":"Ismerje meg adatv\u00e9delmi ir\u00e1nyelveinket: hogyan gy\u0171jtj\u00fck, haszn\u00e1ljuk \u00e9s v\u00e9dj\u00fck szem\u00e9lyes adatait a biztons\u00e1gos j\u00e1t\u00e9k\u00e9lm\u00e9ny \u00e9rdek\u00e9ben.","robots":{"index":"noindex","follow":"follow"},"og_locale":"hu_HU","og_type":"article","og_title":"Adatv\u00e9delmi nyilatkozat","og_description":"Ismerje meg adatv\u00e9delmi ir\u00e1nyelveinket: hogyan gy\u0171jtj\u00fck, haszn\u00e1ljuk \u00e9s v\u00e9dj\u00fck szem\u00e9lyes adatait a biztons\u00e1gos j\u00e1t\u00e9k\u00e9lm\u00e9ny \u00e9rdek\u00e9ben.","og_url":"https:\/\/spinwineracasino.net\/hu\/adatvedelmi-nyilatkozat\/","og_site_name":"spinwinera","article_modified_time":"2026-05-12T09:34:28+00:00","twitter_card":"summary_large_image","twitter_misc":{"Est. reading time":"3 minutes"},"schema":{"@context":"https:\/\/schema.org","@graph":[{"@type":"WebPage","@id":"https:\/\/spinwineracasino.net\/hu\/adatvedelmi-nyilatkozat\/","url":"https:\/\/spinwineracasino.net\/hu\/adatvedelmi-nyilatkozat\/","name":"Adatv\u00e9delmi nyilatkozat","isPartOf":{"@id":"https:\/\/spinwineracasino.net\/hu\/#website"},"datePublished":"2024-10-27T11:38:29+00:00","dateModified":"2026-05-12T09:34:28+00:00","description":"Ismerje meg adatv\u00e9delmi ir\u00e1nyelveinket: hogyan gy\u0171jtj\u00fck, haszn\u00e1ljuk \u00e9s v\u00e9dj\u00fck szem\u00e9lyes adatait a biztons\u00e1gos j\u00e1t\u00e9k\u00e9lm\u00e9ny \u00e9rdek\u00e9ben.","breadcrumb":{"@id":"https:\/\/spinwineracasino.net\/hu\/adatvedelmi-nyilatkozat\/#breadcrumb"},"inLanguage":"hu-HU","potentialAction":[{"@type":"ReadAction","target":["https:\/\/spinwineracasino.net\/hu\/adatvedelmi-nyilatkozat\/"]}]},{"@type":"BreadcrumbList","@id":"https:\/\/spinwineracasino.net\/hu\/adatvedelmi-nyilatkozat\/#breadcrumb","itemListElement":[{"@type":"ListItem","position":1,"name":"Spinwinera","item":"https:\/\/spinwineracasino.net\/hu\/"},{"@type":"ListItem","position":2,"name":"Adatv\u00e9delmi nyilatkozat"}]},{"@type":"WebSite","@id":"https:\/\/spinwineracasino.net\/hu\/#website","url":"https:\/\/spinwineracasino.net\/hu\/","name":"Spinwinera","description":"","publisher":{"@id":"https:\/\/spinwineracasino.net\/hu\/#organization"},"potentialAction":[{"@type":"SearchAction","target":{"@type":"EntryPoint","urlTemplate":"https:\/\/spinwineracasino.net\/hu\/?s={search_term_string}"},"query-input":{"@type":"PropertyValueSpecification","valueRequired":true,"valueName":"search_term_string"}}],"inLanguage":"hu-HU"},{"@type":"Organization","@id":"https:\/\/spinwineracasino.net\/hu\/#organization","name":"Spinwinera","url":"https:\/\/spinwineracasino.net\/hu\/","logo":{"@type":"ImageObject","inLanguage":"hu-HU","@id":"https:\/\/spinwineracasino.net\/hu\/#\/schema\/logo\/image\/","url":"https:\/\/spinwineracasino.net\/wp-content\/uploads\/2025\/08\/80u1FaquEZeR6OUTeJCc.png","contentUrl":"https:\/\/spinwineracasino.net\/wp-content\/uploads\/2025\/08\/80u1FaquEZeR6OUTeJCc.png","width":157,"height":30,"caption":"Spinwinera"},"image":{"@id":"https:\/\/spinwineracasino.net\/hu\/#\/schema\/logo\/image\/"}}]}},"_links":{"self":[{"href":"https:\/\/spinwineracasino.net\/hu\/wp-json\/wp\/v2\/pages\/2149","targetHints":{"allow":["GET"]}}],"collection":[{"href":"https:\/\/spinwineracasino.net\/hu\/wp-json\/wp\/v2\/pages"}],"about":[{"href":"https:\/\/spinwineracasino.net\/hu\/wp-json\/wp\/v2\/types\/page"}],"author":[{"embeddable":true,"href":"https:\/\/spinwineracasino.net\/hu\/wp-json\/wp\/v2\/users\/1"}],"replies":[{"embeddable":true,"href":"https:\/\/spinwineracasino.net\/hu\/wp-json\/wp\/v2\/comments?post=2149"}],"version-history":[{"count":1,"href":"https:\/\/spinwineracasino.net\/hu\/wp-json\/wp\/v2\/pages\/2149\/revisions"}],"predecessor-version":[{"id":2324,"href":"https:\/\/spinwineracasino.net\/hu\/wp-json\/wp\/v2\/pages\/2149\/revisions\/2324"}],"wp:attachment":[{"href":"https:\/\/spinwineracasino.net\/hu\/wp-json\/wp\/v2\/media?parent=2149"}],"curies":[{"name":"wp","href":"https:\/\/api.w.org\/{rel}","templated":true}]}}