{"id":1419,"date":"2025-11-04T12:33:43","date_gmt":"2025-11-04T12:33:43","guid":{"rendered":"https:\/\/spinwineracasino.net\/app\/"},"modified":"2025-11-05T07:57:10","modified_gmt":"2025-11-05T07:57:10","slug":"aplikacja","status":"publish","type":"page","link":"https:\/\/spinwineracasino.net\/pl\/aplikacja\/","title":{"rendered":"Aplikacja"},"content":{"rendered":"<h1>Aplikacja Mobilna Spinwinera<\/h1>\n<p>Stworzyli\u015bmy Spinwinera app, aby gracze mogli bez ogranicze\u0144 gra\u0107 w dowoln\u0105 gr\u0119 na dowolnej g\u0142\u00f3wnej platformie. Aplikacja mobilna zapewnia pe\u0142ne do\u015bwiadczenie kasyna, z najlepsz\u0105 wydajno\u015bci\u0105 i szybkim dost\u0119pem do gier, bankowo\u015bci i promocji. Nasza aplikacja kasyna Spin Winera dzia\u0142a doskonale na ka\u017cdym urz\u0105dzeniu, niezale\u017cnie od tego, czy jest to smartfon, tablet czy komputer. Nie traci przy tym jako\u015bci ani funkcjonalno\u015bci.<\/p>\n<p><div class=\"banner-wrap\" aria-label=\"Banner\"><img src=\"https:\/\/spinwineracasino.net\/wp-content\/uploads\/2025\/11\/Spinwinera-bonus-desktop.webp\" class=\"w-100 d-none d-lg-block img-pc main-banner-img\" alt=\"Spinwinera bonus desktop\" fetchpriority=\"high\" decoding=\"async\"><img src=\"https:\/\/spinwineracasino.net\/wp-content\/uploads\/2025\/11\/Spinwinera-bonus-mobile.webp\" class=\"w-100 d-none d-md-block d-lg-none main-banner-img\" alt=\"Spinwinera bonus mobile\" fetchpriority=\"high\" decoding=\"async\"><img src=\"https:\/\/spinwineracasino.net\/wp-content\/uploads\/2025\/11\/Spinwinera-bonus-mobile.webp\" class=\"w-100 d-md-none\" alt=\"Spinwinera bonus mobile\" fetchpriority=\"high\" decoding=\"async\"><div class=\"banner-description\">\n<div class=\"banner-title\">Bonusy Powitalne<\/div>\n<p class=\"banner-header-title\">\u20ac1,500<\/p>\n<div class=\"banner-header-AdditionalText\">+ 250 Darmowe Obroty<\/div>\n<button data-item=\"homepage_banner_link\" class=\"goto m-button m-gradient-border m-button--primary m-button--large banner-button btn-orange\">\n            <div class=\"m-button-content\">\n                <span>Zarejestruj si\u0119 teraz<\/span>\n                <span><\/span>\n            <\/div>\n        <\/button>\n<\/div>\n<div class=\"WelcomePack\">\n<p><img loading=\"lazy\" decoding=\"async\" class=\"alignnone size-full wp-image-1378\" src=\"https:\/\/spinwineracasino.net\/wp-content\/uploads\/2025\/11\/welcome-crown.svg\" alt=\"crown\" width=\"25\" height=\"26\" \/><\/p>\n<div class=\"WelcomePack-Info\">Cotygodniowy zwrot got\u00f3wki do 25%<\/div>\n<p><img loading=\"lazy\" decoding=\"async\" class=\"alignnone size-full wp-image-1378\" src=\"https:\/\/spinwineracasino.net\/wp-content\/uploads\/2025\/11\/welcome-crown.svg\" alt=\"crown\" width=\"25\" height=\"26\" \/><\/p>\n<\/div>\n<\/div><div style=\"clear: both\"><\/div><div class=\"d-flex justify-content-center\"><button data-item=\"decouvrez_link\" data-group=\"website_links\" class=\"goto fw-bold rounded-pill btn btn-orange\" aria-label=\"Pobierz aplikacj\u0119 Spinwinera\" >Pobierz aplikacj\u0119 Spinwinera<\/button><\/div><div class=\"scrollable-content-wrap my-5\"><div class=\"scrollable-content-inner\"><h2>Pobierz aplikacj\u0119 Spin Winera na Windows i Mac<\/h2>\n<p>Mo\u017cesz u\u017cywa\u0107 Spinwinera bezpo\u015brednio w przegl\u0105darce na komputerach z systemami Windows i Mac. Po prostu wejd\u017a na nasz\u0105 stron\u0119 internetow\u0105 i zacznij gra\u0107. Nie s\u0105 wymagane \u017cadne pobrania. U\u017cytkownicy komputer\u00f3w stacjonarnych otrzymuj\u0105 doskona\u0142\u0105 wydajno\u015b\u0107 i czysty interfejs, kt\u00f3ry dobrze dzia\u0142a na wi\u0119kszych ekranach. Twoja przegl\u0105darka zajmuje si\u0119 wszystkim, zapewniaj\u0105c szybkie \u0142adowanie gier i ich stabilno\u015b\u0107.<\/p>\n<p>Mo\u017cesz r\u00f3wnie\u017c doda\u0107 Spinwinera do pulpitu lub ekranu g\u0142\u00f3wnego jako skr\u00f3t, aby uzyska\u0107 do niego jeszcze szybszy dost\u0119p. Technologia PWA automatycznie aktualizuje si\u0119 w tle, wi\u0119c zawsze masz dost\u0119p do najnowszych funkcji i ulepsze\u0144 bezpiecze\u0144stwa. Mo\u017cesz w\u0142\u0105czy\u0107 powiadomienia przegl\u0105darki o aktywno\u015bci na koncie, bonusach i aktualizacjach turniejowych bezpo\u015brednio z naszej strony internetowej.<\/p>\n<p><img loading=\"lazy\" decoding=\"async\" class=\"alignnone size-full wp-image-1389\" src=\"https:\/\/spinwineracasino.net\/wp-content\/uploads\/2025\/11\/Spinwinera-PC.webp\" alt=\"Spinwinera PC\" width=\"1248\" height=\"536\" srcset=\"https:\/\/spinwineracasino.net\/wp-content\/uploads\/2025\/11\/Spinwinera-PC.webp 1248w, https:\/\/spinwineracasino.net\/wp-content\/uploads\/2025\/11\/Spinwinera-PC-300x129.webp 300w, https:\/\/spinwineracasino.net\/wp-content\/uploads\/2025\/11\/Spinwinera-PC-1024x440.webp 1024w, https:\/\/spinwineracasino.net\/wp-content\/uploads\/2025\/11\/Spinwinera-PC-768x330.webp 768w\" sizes=\"auto, (max-width: 1248px) 100vw, 1248px\" \/><\/p>\n<\/div><\/div><div style=\"clear: both\"><\/div><div class=\"d-flex justify-content-center\"><button data-item=\"decouvrez_link\" data-group=\"website_links\" class=\"goto fw-bold rounded-pill btn btn-orange\" aria-label=\"Pobierz Spinwinera\" >Pobierz Spinwinera<\/button><\/div><div class=\"scrollable-content-wrap my-5\"><div class=\"scrollable-content-inner\"><h2>Graj w podr\u00f3\u017cy z aplikacj\u0105 na Androida<\/h2>\n<p>Upewnili\u015bmy si\u0119, \u017ce ka\u017cda cz\u0119\u015b\u0107 kasyna Spinwinera dzia\u0142a\u0142a idealnie na mniejszych ekranach, zachowuj\u0105c jednocze\u015bnie wszystkie funkcje dost\u0119pne na komputerze. Ka\u017cda nowoczesna przegl\u0105darka, taka jak Chrome, doskonale wsp\u00f3\u0142pracuje ze stron\u0105 internetow\u0105 na urz\u0105dzeniach z systemem Android 6.0 lub nowszym.<\/p>\n<h3>Zainstaluj APK dla Androida<\/h3>\n<p>U\u0142atw sobie natychmiastowy dost\u0119p do Spinwinera bezpo\u015brednio z ekranu g\u0142\u00f3wnego:<\/p>\n<ol>\n<li>U\u017cyj przegl\u0105darki Chrome na swoim urz\u0105dzeniu, aby przej\u015b\u0107 na stron\u0119 Spinwinera.<\/li>\n<li>Kliknij trzy kropki na pasku adresu, aby zobaczy\u0107 wi\u0119cej opcji.<\/li>\n<li>Wybierz \u201eDodaj do ekranu g\u0142\u00f3wnego\u201d.<\/li>\n<li>Stuknij \u201eDodaj\u201d, aby potwierdzi\u0107.<\/li>\n<li>Ikona Spinwinera pojawi si\u0119 na ekranie g\u0142\u00f3wnym, umo\u017cliwiaj\u0105c dost\u0119p jednym dotkni\u0119ciem.<\/li>\n<\/ol>\n<p>Po dodaniu, skr\u00f3t zapewnia natychmiastowy dost\u0119p do konta z tymi samymi funkcjami, co natywna aplikacja. Powiadomienia push informuj\u0105 Ci\u0119 o specjalnych bonusach mobilnych, darmowych spinach i du\u017cych wygranych.<\/p>\n<p><img loading=\"lazy\" decoding=\"async\" class=\"alignnone size-full wp-image-1390\" src=\"https:\/\/spinwineracasino.net\/wp-content\/uploads\/2025\/11\/Spinwinera-Android-App.webp\" alt=\"Spinwinera Android App\" width=\"1248\" height=\"536\" srcset=\"https:\/\/spinwineracasino.net\/wp-content\/uploads\/2025\/11\/Spinwinera-Android-App.webp 1248w, https:\/\/spinwineracasino.net\/wp-content\/uploads\/2025\/11\/Spinwinera-Android-App-300x129.webp 300w, https:\/\/spinwineracasino.net\/wp-content\/uploads\/2025\/11\/Spinwinera-Android-App-1024x440.webp 1024w, https:\/\/spinwineracasino.net\/wp-content\/uploads\/2025\/11\/Spinwinera-Android-App-768x330.webp 768w\" sizes=\"auto, (max-width: 1248px) 100vw, 1248px\" \/><\/p>\n<\/div><\/div><div style=\"clear: both\"><\/div><div class=\"d-flex justify-content-center\"><button data-item=\"decouvrez_link\" data-group=\"website_links\" class=\"goto fw-bold rounded-pill btn btn-orange\" aria-label=\"Pobierz aplikacj\u0119 Spinwinera\" >Pobierz aplikacj\u0119 Spinwinera<\/button><\/div><div class=\"scrollable-content-wrap my-5\"><div class=\"scrollable-content-inner\"><h2>Aplikacja na urz\u0105dzenia z iOS<\/h2>\n<p>Stworzyli\u015bmy nasz\u0105 aplikacj\u0119 Spinwinera na iOS specjalnie dla u\u017cytkownik\u00f3w iPhone&#8217;\u00f3w i iPad\u00f3w, kt\u00f3rzy chc\u0105 najlepszej mo\u017cliwej wydajno\u015bci. Aplikacja mobilnego kasyna dzia\u0142a idealnie na iOS, z p\u0142ynnymi animacjami i natychmiastowym czasem reakcji.<\/p>\n<h3>Pobierz aplikacj\u0119 na iOS<\/h3>\n<p>Utw\u00f3rz skr\u00f3t na ekranie g\u0142\u00f3wnym dla szybkiego dost\u0119pu do Spinwinera:<\/p>\n<ol>\n<li>Odwied\u017a nasz\u0105 stron\u0119 mobiln\u0105 z przegl\u0105darki Safari na swoim urz\u0105dzeniu z iOS i stuknij przycisk Udost\u0119pnij.<\/li>\n<li>Safari poprosi o dodanie aplikacji do ekranu g\u0142\u00f3wnego.<\/li>\n<li>Wybierz \u201eDodaj do ekranu g\u0142\u00f3wnego\u201d z menu.<\/li>\n<li>Ikona aplikacji pojawi si\u0119 na urz\u0105dzeniu wraz z innymi aplikacjami, a dost\u0119p do niej uzyskasz jednym dotkni\u0119ciem.<\/li>\n<\/ol>\n<p>U\u017cywamy technologii Progressive Web App (Progresywnej Aplikacji Internetowej), aby zapewni\u0107 Ci tak\u0105 sam\u0105 wydajno\u015b\u0107 jak aplikacja natywna, ale w przegl\u0105darce. Oznacza to, \u017ce nie musisz jej pobiera\u0107 z sklepu z aplikacjami, a nadmiernie dzia\u0142a w pe\u0142ni.<\/p>\n<p><img loading=\"lazy\" decoding=\"async\" class=\"alignnone size-full wp-image-1391\" src=\"https:\/\/spinwineracasino.net\/wp-content\/uploads\/2025\/11\/Spinwinera-iOS-App.webp\" alt=\"Spinwinera iOS App\" width=\"1248\" height=\"536\" srcset=\"https:\/\/spinwineracasino.net\/wp-content\/uploads\/2025\/11\/Spinwinera-iOS-App.webp 1248w, https:\/\/spinwineracasino.net\/wp-content\/uploads\/2025\/11\/Spinwinera-iOS-App-300x129.webp 300w, https:\/\/spinwineracasino.net\/wp-content\/uploads\/2025\/11\/Spinwinera-iOS-App-1024x440.webp 1024w, https:\/\/spinwineracasino.net\/wp-content\/uploads\/2025\/11\/Spinwinera-iOS-App-768x330.webp 768w\" sizes=\"auto, (max-width: 1248px) 100vw, 1248px\" \/><\/p>\n<\/div><\/div><div style=\"clear: both\"><\/div><div class=\"d-flex justify-content-center\"><button data-item=\"decouvrez_link\" data-group=\"website_links\" class=\"goto fw-bold rounded-pill btn btn-orange\" aria-label=\"Pobierz Spinwinera\" >Pobierz Spinwinera<\/button><\/div><div class=\"scrollable-content-wrap my-5\"><div class=\"scrollable-content-inner\"><h2>Zalety aplikacji mobilnej Spinwinera<\/h2>\n<p>Nasza PWA do gier mobilnych ma unikalne korzy\u015bci, nad kt\u00f3rymi ci\u0119\u017cko pracowali\u015bmy, aby je ulepszy\u0107. Mo\u017cesz uzyska\u0107 dost\u0119p do Spinwinera z dowolnego miejsca z po\u0142\u0105czeniem internetowym, graj\u0105c w sloty online podczas dojazd\u00f3w do pracy lub w przerwach. Specjalnie zoptymalizowali\u015bmy sterowanie dotykowe pod k\u0105tem mobilnego do\u015bwiadczenia gamingowego, sprawiaj\u0105c, \u017ce kr\u0119cenie b\u0119bn\u00f3w i wyb\u00f3r kart jest bardziej intuicyjny w por\u00f3wnaniu z klikni\u0119ciami mysz\u0105 na komputerze.<\/p>\n<table>\n<tbody>\n<tr>\n<td>Funkcja<\/td>\n<td>Dost\u0119p Mobilny<\/td>\n<td>Dost\u0119p na Komputerze<\/td>\n<\/tr>\n<tr>\n<td>Spos\u00f3b dost\u0119pu<\/td>\n<td>Przegl\u0105darka lub skr\u00f3t na ekranie g\u0142\u00f3wnym<\/td>\n<td>Przegl\u0105darka<\/td>\n<\/tr>\n<tr>\n<td>Sterowanie dotykowe<\/td>\n<td>Zoptymalizowane pod k\u0105tem ekran\u00f3w mobilnych<\/td>\n<td>Mysz i klawiatura<\/td>\n<\/tr>\n<tr>\n<td>Przeno\u015bno\u015b\u0107<\/td>\n<td>Graj gdziekolwiek z internetem<\/td>\n<td>Sta\u0142a lokalizacja<\/td>\n<\/tr>\n<\/tbody>\n<\/table>\n<p>Aplikacja PWA zapami\u0119tuje Twoje preferencje i status weryfikacji, wi\u0119c kiedy rozpoczniesz now\u0105 sesj\u0119, zaczyna si\u0119 tam, gdzie sko\u0144czy\u0142e\u015b. U\u017cytkownicy urz\u0105dze\u0144 mobilnych mog\u0105 w\u0142\u0105czy\u0107 powiadomienia przegl\u0105darki, aby otrzymywa\u0107 aktualizacje dotycz\u0105ce aktywno\u015bci na koncie, bonus\u00f3w i ofert. Skr\u00f3t na ekranie g\u0142\u00f3wnym pozwala na szybki dost\u0119p do strony jednym dotkni\u0119ciem, bez konieczno\u015bci otwierania przegl\u0105darki.<\/p>\n<h2>Cz\u0119sto Zadawane Pytania<\/h2>\n<h3>Jak mog\u0119 pobra\u0107 i skonfigurowa\u0107 aplikacj\u0119 Kasyna Spin Winera?<\/h3>\n<p>Po prostu otw\u00f3rz przegl\u0105dark\u0119 mobiln\u0105 i przejd\u017a na oficjaln\u0105 stron\u0119 Spinwinera. Post\u0119puj zgodnie z powy\u017cszymi krokami, aby doda\u0107 skr\u00f3t do ekranu g\u0142\u00f3wnego dla szybkiego dost\u0119pu. Uko\u0144czenie tego zajmuje tylko minut\u0119, a b\u0119dziesz m\u00f3g\u0142 od razu wej\u015b\u0107 na swoje konto. Nie musisz nic pobiera\u0107 ze sklepu z aplikacjami ani instalowa\u0107 pliku APK Spinwinera.<\/p>\n<h3>Czy mog\u0119 synchronizowa\u0107 moje konto i post\u0119p w grze na wielu urz\u0105dzeniach?<\/h3>\n<p>Twoje konto synchronizuje si\u0119 automatycznie na wszystkich urz\u0105dzeniach w czasie rzeczywistym. Mo\u017cesz od razu zobaczy\u0107 aktualne saldo, aktywne bonusy i ostatni\u0105 histori\u0119 gier na dowolnej platformie, je\u015bli logujesz si\u0119 tymi samymi danymi. Niezale\u017cnie od u\u017cywanego urz\u0105dzenia, aktualizacje post\u0119pu w turniejach, program\u00f3w lojalno\u015bciowych i wymaga\u0144 promocyjnych odbywaj\u0105 si\u0119 natychmiast. Przechowujemy wszystkie informacje o koncie bezpiecznie na naszych serwerach, wi\u0119c nie musisz r\u0119cznie synchronizowa\u0107 ani przenosi\u0107 danych przy prze\u0142\u0105czaniu si\u0119 mi\u0119dzy urz\u0105dzeniami mobilnymi a komputerem.<\/p>\n<h3>Czy aplikacja Spin Winera chroni dane osobiste i finansowe?<\/h3>\n<p>Wszystkie transmisje danych wykorzystuj\u0105 szyfrowanie na poziomie bankowym. Szyfrowanie SSL 256-bit chroni Twoje dane finansowe i osobiste podczas dost\u0119pu do Spinwinera przez dowoln\u0105 przegl\u0105dark\u0119. Spe\u0142niamy mi\u0119dzynarodowe przepisy dotycz\u0105ce ochrony danych, a niezale\u017cne firmy zewn\u0119trzne regularnie przeprowadzaj\u0105 audyt naszych \u015brodk\u00f3w bezpiecze\u0144stwa.<\/p>\n<h3>Potrzebuj\u0119 pomocy w korzystaniu z aplikacji. Co powinienem zrobi\u0107?<\/h3>\n<p>Nasz zesp\u00f3\u0142 wsparcia dost\u0119pny 24\/7 jest dost\u0119pny przez sekcj\u0119 pomocy na stronie internetowej. Przedstawiciel wsparcia mo\u017ce przejrze\u0107 szczeg\u00f3\u0142y Twojego konta i rozwi\u0105za\u0107 problemy w ci\u0105gu kilku minut poprzez zintegrowany czat na \u017cywo. Posiadamy r\u00f3wnie\u017c kompleksowe centrum pomocy dla cz\u0119sto zadawanych pyta\u0144 i rozwi\u0105zywania problem\u00f3w. W przypadku problem\u00f3w technicznych, nasz zesp\u00f3\u0142 programist\u00f3w stale monitoruje wydajno\u015b\u0107 strony, aby szybko identyfikowa\u0107 i rozwi\u0105zywa\u0107 ewentualne problemy.<\/p>\n<\/div><\/div><\/p>\n","protected":false},"excerpt":{"rendered":"<p>Aplikacja Mobilna Spinwinera Stworzyli\u015bmy Spinwinera app, aby gracze mogli bez ogranicze\u0144 gra\u0107 w dowoln\u0105 gr\u0119 na dowolnej g\u0142\u00f3wnej platformie. Aplikacja mobilna zapewnia pe\u0142ne do\u015bwiadczenie kasyna, z najlepsz\u0105 wydajno\u015bci\u0105 i szybkim dost\u0119pem do gier, bankowo\u015bci i promocji. Nasza aplikacja kasyna Spin Winera dzia\u0142a doskonale na ka\u017cdym urz\u0105dzeniu, niezale\u017cnie od tego, czy jest to smartfon, tablet czy [&hellip;]<\/p>\n","protected":false},"author":1,"featured_media":0,"parent":0,"menu_order":0,"comment_status":"closed","ping_status":"closed","template":"template-builder.php","meta":{"_acf_changed":false,"inline_featured_image":false,"footnotes":""},"class_list":["post-1419","page","type-page","status-publish","hentry"],"acf":[],"yoast_head":"<!-- This site is optimized with the Yoast SEO plugin v27.3 - https:\/\/yoast.com\/product\/yoast-seo-wordpress\/ -->\n<title>Spinwinera Casino App | Pobierz na iOS i Androida<\/title>\n<meta name=\"description\" content=\"Zainstaluj Spin Winera Casino App na iOS i Androida, aby cieszy\u0107 si\u0119 tysi\u0105cami gier w dowolnym miejscu. Ciesz si\u0119 p\u0142ynn\u0105 prac\u0105, regularnymi aktualizacjami i ca\u0142odobowym wsparciem w aplikacji.\" \/>\n<meta name=\"robots\" content=\"index, follow, max-snippet:-1, max-image-preview:large, max-video-preview:-1\" \/>\n<link rel=\"canonical\" href=\"https:\/\/spinwineracasino.net\/pl\/aplikacja\/\" \/>\n<meta property=\"og:locale\" content=\"pl_PL\" \/>\n<meta property=\"og:type\" content=\"article\" \/>\n<meta property=\"og:title\" content=\"Spinwinera Casino App | Pobierz na iOS i Androida\" \/>\n<meta property=\"og:description\" content=\"Zainstaluj Spin Winera Casino App na iOS i Androida, aby cieszy\u0107 si\u0119 tysi\u0105cami gier w dowolnym miejscu. Ciesz si\u0119 p\u0142ynn\u0105 prac\u0105, regularnymi aktualizacjami i ca\u0142odobowym wsparciem w aplikacji.\" \/>\n<meta property=\"og:url\" content=\"https:\/\/spinwineracasino.net\/pl\/aplikacja\/\" \/>\n<meta property=\"og:site_name\" content=\"spinwinera\" \/>\n<meta property=\"article:modified_time\" content=\"2025-11-05T07:57:10+00:00\" \/>\n<meta name=\"twitter:card\" content=\"summary_large_image\" \/>\n<meta name=\"twitter:label1\" content=\"Est. reading time\" \/>\n\t<meta name=\"twitter:data1\" content=\"1 minute\" \/>\n<script type=\"application\/ld+json\" class=\"yoast-schema-graph\">{\"@context\":\"https:\\\/\\\/schema.org\",\"@graph\":[{\"@type\":\"WebPage\",\"@id\":\"https:\\\/\\\/spinwineracasino.net\\\/pl\\\/aplikacja\\\/\",\"url\":\"https:\\\/\\\/spinwineracasino.net\\\/pl\\\/aplikacja\\\/\",\"name\":\"Spinwinera Casino App | Pobierz na iOS i Androida\",\"isPartOf\":{\"@id\":\"https:\\\/\\\/spinwineracasino.net\\\/pl\\\/#website\"},\"datePublished\":\"2025-11-04T12:33:43+00:00\",\"dateModified\":\"2025-11-05T07:57:10+00:00\",\"description\":\"Zainstaluj Spin Winera Casino App na iOS i Androida, aby cieszy\u0107 si\u0119 tysi\u0105cami gier w dowolnym miejscu. Ciesz si\u0119 p\u0142ynn\u0105 prac\u0105, regularnymi aktualizacjami i ca\u0142odobowym wsparciem w aplikacji.\",\"breadcrumb\":{\"@id\":\"https:\\\/\\\/spinwineracasino.net\\\/pl\\\/aplikacja\\\/#breadcrumb\"},\"inLanguage\":\"pl-PL\",\"potentialAction\":[{\"@type\":\"ReadAction\",\"target\":[\"https:\\\/\\\/spinwineracasino.net\\\/pl\\\/aplikacja\\\/\"]}]},{\"@type\":\"BreadcrumbList\",\"@id\":\"https:\\\/\\\/spinwineracasino.net\\\/pl\\\/aplikacja\\\/#breadcrumb\",\"itemListElement\":[{\"@type\":\"ListItem\",\"position\":1,\"name\":\"Spinwinera\",\"item\":\"https:\\\/\\\/spinwineracasino.net\\\/pl\\\/\"},{\"@type\":\"ListItem\",\"position\":2,\"name\":\"Aplikacja\"}]},{\"@type\":\"WebSite\",\"@id\":\"https:\\\/\\\/spinwineracasino.net\\\/pl\\\/#website\",\"url\":\"https:\\\/\\\/spinwineracasino.net\\\/pl\\\/\",\"name\":\"Spinwinera\",\"description\":\"\",\"publisher\":{\"@id\":\"https:\\\/\\\/spinwineracasino.net\\\/pl\\\/#organization\"},\"potentialAction\":[{\"@type\":\"SearchAction\",\"target\":{\"@type\":\"EntryPoint\",\"urlTemplate\":\"https:\\\/\\\/spinwineracasino.net\\\/pl\\\/?s={search_term_string}\"},\"query-input\":{\"@type\":\"PropertyValueSpecification\",\"valueRequired\":true,\"valueName\":\"search_term_string\"}}],\"inLanguage\":\"pl-PL\"},{\"@type\":\"Organization\",\"@id\":\"https:\\\/\\\/spinwineracasino.net\\\/pl\\\/#organization\",\"name\":\"Spinwinera\",\"url\":\"https:\\\/\\\/spinwineracasino.net\\\/pl\\\/\",\"logo\":{\"@type\":\"ImageObject\",\"inLanguage\":\"pl-PL\",\"@id\":\"https:\\\/\\\/spinwineracasino.net\\\/pl\\\/#\\\/schema\\\/logo\\\/image\\\/\",\"url\":\"https:\\\/\\\/spinwineracasino.net\\\/wp-content\\\/uploads\\\/2025\\\/08\\\/80u1FaquEZeR6OUTeJCc.png\",\"contentUrl\":\"https:\\\/\\\/spinwineracasino.net\\\/wp-content\\\/uploads\\\/2025\\\/08\\\/80u1FaquEZeR6OUTeJCc.png\",\"width\":157,\"height\":30,\"caption\":\"Spinwinera\"},\"image\":{\"@id\":\"https:\\\/\\\/spinwineracasino.net\\\/pl\\\/#\\\/schema\\\/logo\\\/image\\\/\"}}]}<\/script>\n<!-- \/ Yoast SEO plugin. -->","yoast_head_json":{"title":"Spinwinera Casino App | Pobierz na iOS i Androida","description":"Zainstaluj Spin Winera Casino App na iOS i Androida, aby cieszy\u0107 si\u0119 tysi\u0105cami gier w dowolnym miejscu. Ciesz si\u0119 p\u0142ynn\u0105 prac\u0105, regularnymi aktualizacjami i ca\u0142odobowym wsparciem w aplikacji.","robots":{"index":"index","follow":"follow","max-snippet":"max-snippet:-1","max-image-preview":"max-image-preview:large","max-video-preview":"max-video-preview:-1"},"canonical":"https:\/\/spinwineracasino.net\/pl\/aplikacja\/","og_locale":"pl_PL","og_type":"article","og_title":"Spinwinera Casino App | Pobierz na iOS i Androida","og_description":"Zainstaluj Spin Winera Casino App na iOS i Androida, aby cieszy\u0107 si\u0119 tysi\u0105cami gier w dowolnym miejscu. Ciesz si\u0119 p\u0142ynn\u0105 prac\u0105, regularnymi aktualizacjami i ca\u0142odobowym wsparciem w aplikacji.","og_url":"https:\/\/spinwineracasino.net\/pl\/aplikacja\/","og_site_name":"spinwinera","article_modified_time":"2025-11-05T07:57:10+00:00","twitter_card":"summary_large_image","twitter_misc":{"Est. reading time":"1 minute"},"schema":{"@context":"https:\/\/schema.org","@graph":[{"@type":"WebPage","@id":"https:\/\/spinwineracasino.net\/pl\/aplikacja\/","url":"https:\/\/spinwineracasino.net\/pl\/aplikacja\/","name":"Spinwinera Casino App | Pobierz na iOS i Androida","isPartOf":{"@id":"https:\/\/spinwineracasino.net\/pl\/#website"},"datePublished":"2025-11-04T12:33:43+00:00","dateModified":"2025-11-05T07:57:10+00:00","description":"Zainstaluj Spin Winera Casino App na iOS i Androida, aby cieszy\u0107 si\u0119 tysi\u0105cami gier w dowolnym miejscu. Ciesz si\u0119 p\u0142ynn\u0105 prac\u0105, regularnymi aktualizacjami i ca\u0142odobowym wsparciem w aplikacji.","breadcrumb":{"@id":"https:\/\/spinwineracasino.net\/pl\/aplikacja\/#breadcrumb"},"inLanguage":"pl-PL","potentialAction":[{"@type":"ReadAction","target":["https:\/\/spinwineracasino.net\/pl\/aplikacja\/"]}]},{"@type":"BreadcrumbList","@id":"https:\/\/spinwineracasino.net\/pl\/aplikacja\/#breadcrumb","itemListElement":[{"@type":"ListItem","position":1,"name":"Spinwinera","item":"https:\/\/spinwineracasino.net\/pl\/"},{"@type":"ListItem","position":2,"name":"Aplikacja"}]},{"@type":"WebSite","@id":"https:\/\/spinwineracasino.net\/pl\/#website","url":"https:\/\/spinwineracasino.net\/pl\/","name":"Spinwinera","description":"","publisher":{"@id":"https:\/\/spinwineracasino.net\/pl\/#organization"},"potentialAction":[{"@type":"SearchAction","target":{"@type":"EntryPoint","urlTemplate":"https:\/\/spinwineracasino.net\/pl\/?s={search_term_string}"},"query-input":{"@type":"PropertyValueSpecification","valueRequired":true,"valueName":"search_term_string"}}],"inLanguage":"pl-PL"},{"@type":"Organization","@id":"https:\/\/spinwineracasino.net\/pl\/#organization","name":"Spinwinera","url":"https:\/\/spinwineracasino.net\/pl\/","logo":{"@type":"ImageObject","inLanguage":"pl-PL","@id":"https:\/\/spinwineracasino.net\/pl\/#\/schema\/logo\/image\/","url":"https:\/\/spinwineracasino.net\/wp-content\/uploads\/2025\/08\/80u1FaquEZeR6OUTeJCc.png","contentUrl":"https:\/\/spinwineracasino.net\/wp-content\/uploads\/2025\/08\/80u1FaquEZeR6OUTeJCc.png","width":157,"height":30,"caption":"Spinwinera"},"image":{"@id":"https:\/\/spinwineracasino.net\/pl\/#\/schema\/logo\/image\/"}}]}},"_links":{"self":[{"href":"https:\/\/spinwineracasino.net\/pl\/wp-json\/wp\/v2\/pages\/1419","targetHints":{"allow":["GET"]}}],"collection":[{"href":"https:\/\/spinwineracasino.net\/pl\/wp-json\/wp\/v2\/pages"}],"about":[{"href":"https:\/\/spinwineracasino.net\/pl\/wp-json\/wp\/v2\/types\/page"}],"author":[{"embeddable":true,"href":"https:\/\/spinwineracasino.net\/pl\/wp-json\/wp\/v2\/users\/1"}],"replies":[{"embeddable":true,"href":"https:\/\/spinwineracasino.net\/pl\/wp-json\/wp\/v2\/comments?post=1419"}],"version-history":[{"count":3,"href":"https:\/\/spinwineracasino.net\/pl\/wp-json\/wp\/v2\/pages\/1419\/revisions"}],"predecessor-version":[{"id":1931,"href":"https:\/\/spinwineracasino.net\/pl\/wp-json\/wp\/v2\/pages\/1419\/revisions\/1931"}],"wp:attachment":[{"href":"https:\/\/spinwineracasino.net\/pl\/wp-json\/wp\/v2\/media?parent=1419"}],"curies":[{"name":"wp","href":"https:\/\/api.w.org\/{rel}","templated":true}]}}