{"id":1474,"date":"2025-11-04T12:53:54","date_gmt":"2025-11-04T12:53:54","guid":{"rendered":"https:\/\/spinwineracasino.net\/login-and-registration\/"},"modified":"2025-11-05T07:59:06","modified_gmt":"2025-11-05T07:59:06","slug":"logowanie-i-rejestracja","status":"publish","type":"page","link":"https:\/\/spinwineracasino.net\/pl\/logowanie-i-rejestracja\/","title":{"rendered":"Logowanie i Rejestracja"},"content":{"rendered":"<h1>Logowanie i zak\u0142adanie konta w Spinwinera<\/h1>\n<p>Zarz\u0105dzanie kontem gracza rozpoczyna si\u0119 od bezpiecznego procesu Spinwinera login, kt\u00f3ry zapewnia natychmiastowy dost\u0119p do wszystkich funkcji platformy. Oferujemy proste systemy rejestracji i uwierzytelniania, kt\u00f3re chroni\u0105 Twoje dane, jednocze\u015bnie u\u0142atwiaj\u0105c dost\u0119p. Twoje konto jest kluczem do spersonalizowanych do\u015bwiadcze\u0144 gamingowych i specjalnych benefit\u00f3w dla cz\u0142onk\u00f3w.<\/p>\n<p><div class=\"banner-wrap\" aria-label=\"Banner\"><img src=\"https:\/\/spinwineracasino.net\/wp-content\/uploads\/2025\/11\/Spinwinera-bonus-desktop.webp\" class=\"w-100 d-none d-lg-block img-pc main-banner-img\" alt=\"Spinwinera bonus desktop\" fetchpriority=\"high\" decoding=\"async\"><img src=\"https:\/\/spinwineracasino.net\/wp-content\/uploads\/2025\/11\/Spinwinera-bonus-mobile.webp\" class=\"w-100 d-none d-md-block d-lg-none main-banner-img\" alt=\"Spinwinera bonus mobile\" fetchpriority=\"high\" decoding=\"async\"><img src=\"https:\/\/spinwineracasino.net\/wp-content\/uploads\/2025\/11\/Spinwinera-bonus-mobile.webp\" class=\"w-100 d-md-none\" alt=\"Spinwinera bonus mobile\" fetchpriority=\"high\" decoding=\"async\"><div class=\"banner-description\">\n<div class=\"banner-title\">Bonusy Powitalne<\/div>\n<p class=\"banner-header-title\">\u20ac1,500<\/p>\n<div class=\"banner-header-AdditionalText\">+ 250 Darmowe Obroty<\/div>\n<button data-item=\"homepage_banner_link\" class=\"goto m-button m-gradient-border m-button--primary m-button--large banner-button btn-orange\">\n            <div class=\"m-button-content\">\n                <span>Zarejestruj si\u0119 teraz<\/span>\n                <span><\/span>\n            <\/div>\n        <\/button>\n<\/div>\n<div class=\"WelcomePack\">\n<p><img loading=\"lazy\" decoding=\"async\" class=\"alignnone size-full wp-image-1378\" src=\"https:\/\/spinwineracasino.net\/wp-content\/uploads\/2025\/11\/welcome-crown.svg\" alt=\"crown\" width=\"25\" height=\"26\" \/><\/p>\n<div class=\"WelcomePack-Info\">Cotygodniowy zwrot got\u00f3wki do 25%<\/div>\n<p><img loading=\"lazy\" decoding=\"async\" class=\"alignnone size-full wp-image-1378\" src=\"https:\/\/spinwineracasino.net\/wp-content\/uploads\/2025\/11\/welcome-crown.svg\" alt=\"crown\" width=\"25\" height=\"26\" \/><\/p>\n<\/div>\n<\/div><div class=\"scrollable-content-wrap my-5\"><div class=\"scrollable-content-inner\"><h2>Zarejestruj si\u0119 i za\u0142\u00f3\u017c konto w Spin Winera<\/h2>\n<p>Kiedy za\u0142o\u017cysz konto w kasynie Spinwinera, uzyskasz dost\u0119p do naszej pe\u0142nej biblioteki gier i funkcji dost\u0119pnych tylko dla cz\u0142onk\u00f3w. Rejestracja zajmuje tylko kilka minut i wymaga podania podstawowych danych osobowych w celu zabezpieczenia konta oraz przestrzegania przepis\u00f3w gry.<\/p>\n<p>Dzi\u0119ki nowym danom logowania do Spinwinera mo\u017cesz szybko uzyska\u0107 dost\u0119p do metod wp\u0142aty, opcji wyp\u0142at oraz program\u00f3w bonusowych. Tw\u00f3j bezpieczny profil \u015bledzi histori\u0119 gier, zapis transakcji i ustawienia preferencji. Posiadacze kont mog\u0105 do\u0142\u0105czy\u0107 do program\u00f3w lojalno\u015bciowych, otrzymywa\u0107 spersonalizowane oferty i uzyskiwa\u0107 pomoc przez dedykowane kana\u0142y obs\u0142ugi klienta.<\/p>\n<h3>Ustawienia i funkcje Twojego konta<\/h3>\n<p>Na pulpicie mo\u017cesz w wielu aspektach dostosowa\u0107 swoje preferencje gamingowe, ustawienia komunikacji i funkcje bezpiecze\u0144stwa.<\/p>\n<ul>\n<li>Zapewniamy narz\u0119dzia do ustawiania limit\u00f3w depozyt\u00f3w, przypomnie\u0144 o czasie sesji oraz powiadomie\u0144 o weryfikacji rzeczywisto\u015bci, kt\u00f3re pomagaj\u0105 w odpowiedzialnej grze.<\/li>\n<li>W panelu ustawie\u0144 mo\u017cesz zmienia\u0107 metody p\u0142atno\u015bci, aktualizowa\u0107 dane osobowe i dostosowywa\u0107 preferencje dotycz\u0105ce otrzymywania materia\u0142\u00f3w promocyjnych.<\/li>\n<li>Mo\u017cesz w\u0142\u0105czy\u0107 uwierzytelnianie dwusk\u0142adnikowe, aby zwi\u0119kszy\u0107 bezpiecze\u0144stwo konta, przegl\u0105da\u0107 histori\u0119 gier i przegl\u0105da\u0107 szczeg\u00f3\u0142ow\u0105 histori\u0119 transakcji.<\/li>\n<li>W ka\u017cdej chwili mo\u017cesz zmieni\u0107 preferowany j\u0119zyk i walut\u0119, aby dopasowa\u0107 je do swoich potrzeb.<\/li>\n<\/ul>\n<h2>Proces weryfikacji konta<\/h2>\n<p>Weryfikacja konta potwierdza Twoj\u0105 to\u017csamo\u015b\u0107 i daje pe\u0142ny dost\u0119p do kasyna Spinwinera, w tym mo\u017cliwo\u015b\u0107 wyp\u0142at \u015brodk\u00f3w i dokonywania wi\u0119kszych transakcji. Aby spe\u0142ni\u0107 wymogi regulacyjne i zapobiec nieuprawnionemu dost\u0119powi do profili, wymagamy dokument\u00f3w weryfikacyjnych.<\/p>\n<p>Prze\u015blij wydany przez rz\u0105d dow\u00f3d to\u017csamo\u015bci ze zdj\u0119ciem, potwierdzenie adresu z ostatnich trzech miesi\u0119cy oraz \u2013 w razie \u017c\u0105dania \u2013 potwierdzenie metody p\u0142atno\u015bci. Jako dokumenty adresowe akceptowane s\u0105 rachunki za media, wyci\u0105gi bankowe lub oficjalne pisma, kt\u00f3re wykazuj\u0105 Twoje imi\u0119 i nazwisko oraz aktualny adres. Aby przes\u0142a\u0107 czytelne, wyra\u017ane kopie, u\u017cyj sekcji weryfikacji na swoim pulpicie.<\/p>\n<p>W godzinach pracy nasz zesp\u00f3\u0142 weryfikacyjny Spinwinera przegl\u0105da zg\u0142oszenia w ci\u0105gu 24 do 48 godzin. Otrzymasz powiadomienia e-mail o aktualizacji statusu weryfikacji. Aby unikn\u0105\u0107 op\u00f3\u017anie\u0144 w przetwarzaniu, upewnij si\u0119, \u017ce uko\u0144czy\u0142e\u015b weryfikacj\u0119 przed z\u0142o\u017ceniem pierwszej pro\u015bby o wyp\u0142at\u0119. Szyfrujemy wszystkie przes\u0142ane nam dokumenty i przechowujemy je bezpiecznie zgodnie z prawem o ochronie danych.<\/p>\n<h2>Logowanie do Spinwinera<\/h2>\n<ol>\n<li>Aby zalogowa\u0107 si\u0119 na swoje konto Spinwinera, kliknij przycisk w prawym g\u00f3rnym rogu naszej strony g\u0142\u00f3wnej.<\/li>\n<li>Wype\u0142nij pola zarejestrowanym adresem e-mail i has\u0142em.<\/li>\n<li>Kliknij przycisk logowania, aby przej\u015b\u0107 do pulpitu.<\/li>\n<\/ol>\n<p>Po zalogowaniu mo\u017cesz przegl\u0105da\u0107 nasz katalog gier, dokonywa\u0107 wp\u0142at, odbiera\u0107 dost\u0119pne bonusy i zmienia\u0107 ustawienia. Na pulpicie wy\u015bwietlane s\u0105 aktualny stan konta, aktywne promocje i ostatnia aktywno\u015b\u0107 gamingowa. U\u017cyj menu g\u0142\u00f3wnego, aby przechodzi\u0107 mi\u0119dzy r\u00f3\u017cnymi sekcjami i przegl\u0105da\u0107 sloty, gry sto\u0142owe, opcje z live dealerami oraz inne formy rozrywki.<\/p>\n<h3>Resetowanie has\u0142a lub loginu<\/h3>\n<p>Je\u015bli zapomnisz has\u0142a, mo\u017cesz je zresetowa\u0107, klikaj\u0105c link \u201eZapomnia\u0142e\u015b has\u0142a?\u201d na stronie logowania Spinwinera. Wprowad\u017a zarejestrowany adres e-mail, a my wy\u015blemy instrukcje resetowania na Twoj\u0105 skrzynk\u0119 w ci\u0105gu kilku minut. Aby utworzy\u0107 nowe has\u0142o spe\u0142niaj\u0105ce nasze standardy bezpiecze\u0144stwa, kliknij bezpieczny link w e-mailu.<\/p>\n<table>\n<tbody>\n<tr>\n<td>Sytuacja<\/td>\n<td>Rozwi\u0105zanie<\/td>\n<\/tr>\n<tr>\n<td>Zapomniane has\u0142o<\/td>\n<td>U\u017cyj linku do resetowania has\u0142a na stronie logowania<\/td>\n<\/tr>\n<tr>\n<td>Niedost\u0119pny e-mail<\/td>\n<td>Skontaktuj si\u0119 z zespo\u0142em wsparcia, weryfikuj\u0105c to\u017csamo\u015b\u0107<\/td>\n<\/tr>\n<tr>\n<td>Konto zablokowane<\/td>\n<td>Skontaktuj si\u0119 z obs\u0142ug\u0105 klienta w celu odblokowania<\/td>\n<\/tr>\n<tr>\n<td>Komunikaty o b\u0142\u0119dach logowania<\/td>\n<td>Wyczy\u015b\u0107 pami\u0119\u0107 podr\u0119czn\u0105 przegl\u0105darki lub spr\u00f3buj u\u017cy\u0107 innej przegl\u0105darki<\/td>\n<\/tr>\n<\/tbody>\n<\/table>\n<h2>Cz\u0119sto Zadawane Pytania<\/h2>\n<h3>Jak za\u0142o\u017cy\u0107 nowe konto w kasynie Spin Winera?<\/h3>\n<p>Aby przej\u015b\u0107 do formularza tworzenia konta Spinwinera, kliknij przycisk \u201eZarejestruj si\u0119\u201d na naszej stronie g\u0142\u00f3wnej. Wprowad\u017a sw\u00f3j adres e-mail, has\u0142o, imi\u0119 i nazwisko, dat\u0119 urodzenia oraz adres. Zaakceptuj regulamin, a nast\u0119pnie prze\u015blij formularz. Wysy\u0142amy e-mail potwierdzaj\u0105cy w celu weryfikacji adresu i aktywacji konta.<\/p>\n<h3>Dlaczego nie mog\u0119 si\u0119 zalogowa\u0107 na moje konto Spinwinera?<\/h3>\n<p>Problemy z logowaniem s\u0105 zwykle spowodowane wprowadzeniem nieprawid\u0142owego has\u0142a, konieczno\u015bci\u0105 weryfikacji konta lub problemami z pami\u0119ci\u0105 podr\u0119czn\u0105 przegl\u0105darki. Upewnij si\u0119, \u017ce wprowadzasz prawid\u0142owy adres e-mail i has\u0142o z uwzgl\u0119dnieniem wielko\u015bci liter. Spr\u00f3buj zalogowa\u0107 si\u0119 ponownie po wyczyszczeniu pami\u0119ci podr\u0119cznej i plik\u00f3w cookie przegl\u0105darki. Je\u015bli proces weryfikacji jest w toku, prze\u015blij niezb\u0119dne dokumenty. Je\u015bli te kroki nie rozwi\u0105\u017c\u0105 problemu, skontaktuj si\u0119 z wieloj\u0119zycznym wsparciem poprzez czat na \u017cywo lub e-mail.<\/p>\n<h3>Jakie dane musz\u0119 poda\u0107 podczas rejestracji?<\/h3>\n<p>Aby zarejestrowa\u0107 si\u0119 w kasynie Spinwinera, musisz poda\u0107 sw\u00f3j adres e-mail. Musisz utworzy\u0107 silne has\u0142o spe\u0142niaj\u0105ce nasze standardy oraz wybra\u0107 walut\u0119. Potrzebujemy tych informacji, aby zweryfikowa\u0107 Tw\u00f3j wiek, potwierdzi\u0107 to\u017csamo\u015b\u0107 i przestrzega\u0107 przepis\u00f3w gry, kt\u00f3re chroni\u0105 wszystkich graczy.<\/p>\n<\/div><\/div><\/p>\n","protected":false},"excerpt":{"rendered":"<p>Logowanie i zak\u0142adanie konta w Spinwinera Zarz\u0105dzanie kontem gracza rozpoczyna si\u0119 od bezpiecznego procesu Spinwinera login, kt\u00f3ry zapewnia natychmiastowy dost\u0119p do wszystkich funkcji platformy. Oferujemy proste systemy rejestracji i uwierzytelniania, kt\u00f3re chroni\u0105 Twoje dane, jednocze\u015bnie u\u0142atwiaj\u0105c dost\u0119p. Twoje konto jest kluczem do spersonalizowanych do\u015bwiadcze\u0144 gamingowych i specjalnych benefit\u00f3w dla cz\u0142onk\u00f3w.<\/p>\n","protected":false},"author":1,"featured_media":0,"parent":0,"menu_order":0,"comment_status":"closed","ping_status":"closed","template":"template-builder.php","meta":{"_acf_changed":false,"inline_featured_image":false,"footnotes":""},"class_list":["post-1474","page","type-page","status-publish","hentry"],"acf":[],"yoast_head":"<!-- This site is optimized with the Yoast SEO plugin v27.3 - https:\/\/yoast.com\/product\/yoast-seo-wordpress\/ -->\n<title>Spinwinera Login | Rejestracja i zarz\u0105dzanie kontem<\/title>\n<meta name=\"description\" content=\"U\u017cyj swojego Spin Winera Casino login, aby bezpiecznie zalogowa\u0107 si\u0119 na swoje konto lub je zarejestrowa\u0107. Ciesz si\u0119 szybk\u0105 rejestracj\u0105, bezpiecznym dost\u0119pem i ochron\u0105 konta, aby cieszy\u0107 si\u0119 najlepszymi wra\u017ceniami z gry.\" \/>\n<meta name=\"robots\" content=\"index, follow, max-snippet:-1, max-image-preview:large, max-video-preview:-1\" \/>\n<link rel=\"canonical\" href=\"https:\/\/spinwineracasino.net\/pl\/logowanie-i-rejestracja\/\" \/>\n<meta property=\"og:locale\" content=\"pl_PL\" \/>\n<meta property=\"og:type\" content=\"article\" \/>\n<meta property=\"og:title\" content=\"Spinwinera Login | Rejestracja i zarz\u0105dzanie kontem\" \/>\n<meta property=\"og:description\" content=\"U\u017cyj swojego Spin Winera Casino login, aby bezpiecznie zalogowa\u0107 si\u0119 na swoje konto lub je zarejestrowa\u0107. Ciesz si\u0119 szybk\u0105 rejestracj\u0105, bezpiecznym dost\u0119pem i ochron\u0105 konta, aby cieszy\u0107 si\u0119 najlepszymi wra\u017ceniami z gry.\" \/>\n<meta property=\"og:url\" content=\"https:\/\/spinwineracasino.net\/pl\/logowanie-i-rejestracja\/\" \/>\n<meta property=\"og:site_name\" content=\"spinwinera\" \/>\n<meta property=\"article:modified_time\" content=\"2025-11-05T07:59:06+00:00\" \/>\n<meta name=\"twitter:card\" content=\"summary_large_image\" \/>\n<meta name=\"twitter:label1\" content=\"Est. reading time\" \/>\n\t<meta name=\"twitter:data1\" content=\"1 minute\" \/>\n<script type=\"application\/ld+json\" class=\"yoast-schema-graph\">{\"@context\":\"https:\\\/\\\/schema.org\",\"@graph\":[{\"@type\":\"WebPage\",\"@id\":\"https:\\\/\\\/spinwineracasino.net\\\/pl\\\/logowanie-i-rejestracja\\\/\",\"url\":\"https:\\\/\\\/spinwineracasino.net\\\/pl\\\/logowanie-i-rejestracja\\\/\",\"name\":\"Spinwinera Login | Rejestracja i zarz\u0105dzanie kontem\",\"isPartOf\":{\"@id\":\"https:\\\/\\\/spinwineracasino.net\\\/pl\\\/#website\"},\"datePublished\":\"2025-11-04T12:53:54+00:00\",\"dateModified\":\"2025-11-05T07:59:06+00:00\",\"description\":\"U\u017cyj swojego Spin Winera Casino login, aby bezpiecznie zalogowa\u0107 si\u0119 na swoje konto lub je zarejestrowa\u0107. Ciesz si\u0119 szybk\u0105 rejestracj\u0105, bezpiecznym dost\u0119pem i ochron\u0105 konta, aby cieszy\u0107 si\u0119 najlepszymi wra\u017ceniami z gry.\",\"breadcrumb\":{\"@id\":\"https:\\\/\\\/spinwineracasino.net\\\/pl\\\/logowanie-i-rejestracja\\\/#breadcrumb\"},\"inLanguage\":\"pl-PL\",\"potentialAction\":[{\"@type\":\"ReadAction\",\"target\":[\"https:\\\/\\\/spinwineracasino.net\\\/pl\\\/logowanie-i-rejestracja\\\/\"]}]},{\"@type\":\"BreadcrumbList\",\"@id\":\"https:\\\/\\\/spinwineracasino.net\\\/pl\\\/logowanie-i-rejestracja\\\/#breadcrumb\",\"itemListElement\":[{\"@type\":\"ListItem\",\"position\":1,\"name\":\"Spinwinera\",\"item\":\"https:\\\/\\\/spinwineracasino.net\\\/pl\\\/\"},{\"@type\":\"ListItem\",\"position\":2,\"name\":\"Logowanie i Rejestracja\"}]},{\"@type\":\"WebSite\",\"@id\":\"https:\\\/\\\/spinwineracasino.net\\\/pl\\\/#website\",\"url\":\"https:\\\/\\\/spinwineracasino.net\\\/pl\\\/\",\"name\":\"Spinwinera\",\"description\":\"\",\"publisher\":{\"@id\":\"https:\\\/\\\/spinwineracasino.net\\\/pl\\\/#organization\"},\"potentialAction\":[{\"@type\":\"SearchAction\",\"target\":{\"@type\":\"EntryPoint\",\"urlTemplate\":\"https:\\\/\\\/spinwineracasino.net\\\/pl\\\/?s={search_term_string}\"},\"query-input\":{\"@type\":\"PropertyValueSpecification\",\"valueRequired\":true,\"valueName\":\"search_term_string\"}}],\"inLanguage\":\"pl-PL\"},{\"@type\":\"Organization\",\"@id\":\"https:\\\/\\\/spinwineracasino.net\\\/pl\\\/#organization\",\"name\":\"Spinwinera\",\"url\":\"https:\\\/\\\/spinwineracasino.net\\\/pl\\\/\",\"logo\":{\"@type\":\"ImageObject\",\"inLanguage\":\"pl-PL\",\"@id\":\"https:\\\/\\\/spinwineracasino.net\\\/pl\\\/#\\\/schema\\\/logo\\\/image\\\/\",\"url\":\"https:\\\/\\\/spinwineracasino.net\\\/wp-content\\\/uploads\\\/2025\\\/08\\\/80u1FaquEZeR6OUTeJCc.png\",\"contentUrl\":\"https:\\\/\\\/spinwineracasino.net\\\/wp-content\\\/uploads\\\/2025\\\/08\\\/80u1FaquEZeR6OUTeJCc.png\",\"width\":157,\"height\":30,\"caption\":\"Spinwinera\"},\"image\":{\"@id\":\"https:\\\/\\\/spinwineracasino.net\\\/pl\\\/#\\\/schema\\\/logo\\\/image\\\/\"}}]}<\/script>\n<!-- \/ Yoast SEO plugin. -->","yoast_head_json":{"title":"Spinwinera Login | Rejestracja i zarz\u0105dzanie kontem","description":"U\u017cyj swojego Spin Winera Casino login, aby bezpiecznie zalogowa\u0107 si\u0119 na swoje konto lub je zarejestrowa\u0107. Ciesz si\u0119 szybk\u0105 rejestracj\u0105, bezpiecznym dost\u0119pem i ochron\u0105 konta, aby cieszy\u0107 si\u0119 najlepszymi wra\u017ceniami z gry.","robots":{"index":"index","follow":"follow","max-snippet":"max-snippet:-1","max-image-preview":"max-image-preview:large","max-video-preview":"max-video-preview:-1"},"canonical":"https:\/\/spinwineracasino.net\/pl\/logowanie-i-rejestracja\/","og_locale":"pl_PL","og_type":"article","og_title":"Spinwinera Login | Rejestracja i zarz\u0105dzanie kontem","og_description":"U\u017cyj swojego Spin Winera Casino login, aby bezpiecznie zalogowa\u0107 si\u0119 na swoje konto lub je zarejestrowa\u0107. Ciesz si\u0119 szybk\u0105 rejestracj\u0105, bezpiecznym dost\u0119pem i ochron\u0105 konta, aby cieszy\u0107 si\u0119 najlepszymi wra\u017ceniami z gry.","og_url":"https:\/\/spinwineracasino.net\/pl\/logowanie-i-rejestracja\/","og_site_name":"spinwinera","article_modified_time":"2025-11-05T07:59:06+00:00","twitter_card":"summary_large_image","twitter_misc":{"Est. reading time":"1 minute"},"schema":{"@context":"https:\/\/schema.org","@graph":[{"@type":"WebPage","@id":"https:\/\/spinwineracasino.net\/pl\/logowanie-i-rejestracja\/","url":"https:\/\/spinwineracasino.net\/pl\/logowanie-i-rejestracja\/","name":"Spinwinera Login | Rejestracja i zarz\u0105dzanie kontem","isPartOf":{"@id":"https:\/\/spinwineracasino.net\/pl\/#website"},"datePublished":"2025-11-04T12:53:54+00:00","dateModified":"2025-11-05T07:59:06+00:00","description":"U\u017cyj swojego Spin Winera Casino login, aby bezpiecznie zalogowa\u0107 si\u0119 na swoje konto lub je zarejestrowa\u0107. Ciesz si\u0119 szybk\u0105 rejestracj\u0105, bezpiecznym dost\u0119pem i ochron\u0105 konta, aby cieszy\u0107 si\u0119 najlepszymi wra\u017ceniami z gry.","breadcrumb":{"@id":"https:\/\/spinwineracasino.net\/pl\/logowanie-i-rejestracja\/#breadcrumb"},"inLanguage":"pl-PL","potentialAction":[{"@type":"ReadAction","target":["https:\/\/spinwineracasino.net\/pl\/logowanie-i-rejestracja\/"]}]},{"@type":"BreadcrumbList","@id":"https:\/\/spinwineracasino.net\/pl\/logowanie-i-rejestracja\/#breadcrumb","itemListElement":[{"@type":"ListItem","position":1,"name":"Spinwinera","item":"https:\/\/spinwineracasino.net\/pl\/"},{"@type":"ListItem","position":2,"name":"Logowanie i Rejestracja"}]},{"@type":"WebSite","@id":"https:\/\/spinwineracasino.net\/pl\/#website","url":"https:\/\/spinwineracasino.net\/pl\/","name":"Spinwinera","description":"","publisher":{"@id":"https:\/\/spinwineracasino.net\/pl\/#organization"},"potentialAction":[{"@type":"SearchAction","target":{"@type":"EntryPoint","urlTemplate":"https:\/\/spinwineracasino.net\/pl\/?s={search_term_string}"},"query-input":{"@type":"PropertyValueSpecification","valueRequired":true,"valueName":"search_term_string"}}],"inLanguage":"pl-PL"},{"@type":"Organization","@id":"https:\/\/spinwineracasino.net\/pl\/#organization","name":"Spinwinera","url":"https:\/\/spinwineracasino.net\/pl\/","logo":{"@type":"ImageObject","inLanguage":"pl-PL","@id":"https:\/\/spinwineracasino.net\/pl\/#\/schema\/logo\/image\/","url":"https:\/\/spinwineracasino.net\/wp-content\/uploads\/2025\/08\/80u1FaquEZeR6OUTeJCc.png","contentUrl":"https:\/\/spinwineracasino.net\/wp-content\/uploads\/2025\/08\/80u1FaquEZeR6OUTeJCc.png","width":157,"height":30,"caption":"Spinwinera"},"image":{"@id":"https:\/\/spinwineracasino.net\/pl\/#\/schema\/logo\/image\/"}}]}},"_links":{"self":[{"href":"https:\/\/spinwineracasino.net\/pl\/wp-json\/wp\/v2\/pages\/1474","targetHints":{"allow":["GET"]}}],"collection":[{"href":"https:\/\/spinwineracasino.net\/pl\/wp-json\/wp\/v2\/pages"}],"about":[{"href":"https:\/\/spinwineracasino.net\/pl\/wp-json\/wp\/v2\/types\/page"}],"author":[{"embeddable":true,"href":"https:\/\/spinwineracasino.net\/pl\/wp-json\/wp\/v2\/users\/1"}],"replies":[{"embeddable":true,"href":"https:\/\/spinwineracasino.net\/pl\/wp-json\/wp\/v2\/comments?post=1474"}],"version-history":[{"count":2,"href":"https:\/\/spinwineracasino.net\/pl\/wp-json\/wp\/v2\/pages\/1474\/revisions"}],"predecessor-version":[{"id":1933,"href":"https:\/\/spinwineracasino.net\/pl\/wp-json\/wp\/v2\/pages\/1474\/revisions\/1933"}],"wp:attachment":[{"href":"https:\/\/spinwineracasino.net\/pl\/wp-json\/wp\/v2\/media?parent=1474"}],"curies":[{"name":"wp","href":"https:\/\/api.w.org\/{rel}","templated":true}]}}