{"id":2112,"date":"2025-11-04T12:33:43","date_gmt":"2025-11-04T12:33:43","guid":{"rendered":"https:\/\/spinwineracasino.net\/app\/"},"modified":"2026-05-12T10:49:49","modified_gmt":"2026-05-12T09:49:49","slug":"aplicacao","status":"publish","type":"page","link":"https:\/\/spinwineracasino.net\/pt-pt\/aplicacao\/","title":{"rendered":"Aplica\u00e7\u00e3o"},"content":{"rendered":"<h1>Aplica\u00e7\u00e3o m\u00f3vel Spinwinera<\/h1>\n<p>Cri\u00e1mos a Spinwinera App para que os jogadores portugueses pudessem jogar qualquer jogo em qualquer plataforma principal, sem restri\u00e7\u00f5es. A aplica\u00e7\u00e3o m\u00f3vel oferece-lhe a experi\u00eancia completa de casino, com o melhor desempenho e acesso r\u00e1pido a jogos, transa\u00e7\u00f5es banc\u00e1rias e promo\u00e7\u00f5es. A nossa aplica\u00e7\u00e3o Spin Winera Casino funciona na perfei\u00e7\u00e3o em qualquer dispositivo, seja um smartphone, tablet ou computador. N\u00e3o perde qualidade nem funcionalidade.<\/p>\n<p><div class=\"banner-wrap\" aria-label=\"Banner\"><img src=\"https:\/\/spinwineracasino.net\/wp-content\/uploads\/2025\/11\/Spinwinera-bonus-desktop.webp\" class=\"w-100 d-none d-lg-block img-pc main-banner-img\" alt=\"Spinwinera bonus desktop\" fetchpriority=\"high\" decoding=\"async\"><img src=\"https:\/\/spinwineracasino.net\/wp-content\/uploads\/2025\/11\/Spinwinera-bonus-mobile.webp\" class=\"w-100 d-none d-md-block d-lg-none main-banner-img\" alt=\"Spinwinera bonus mobile\" fetchpriority=\"high\" decoding=\"async\"><img src=\"https:\/\/spinwineracasino.net\/wp-content\/uploads\/2025\/11\/Spinwinera-bonus-mobile.webp\" class=\"w-100 d-md-none\" alt=\"Spinwinera bonus mobile\" fetchpriority=\"high\" decoding=\"async\"><div class=\"banner-description\">\n<div class=\"banner-title\">B\u00f3nus de Boas-Vindas<\/div>\n<p class=\"banner-header-title\">\u20ac1,500<\/p>\n<div class=\"banner-header-AdditionalText\">+ 250 Rodadas Gr\u00e1tis<\/div>\n<button data-item=\"homepage_banner_link\" class=\"goto m-button m-gradient-border m-button--primary m-button--large banner-button btn-orange\">\n            <div class=\"m-button-content\">\n                <span>Registe-se agora<\/span>\n                <span><\/span>\n            <\/div>\n        <\/button>\n<\/div>\n<div class=\"WelcomePack\">\n<p><img loading=\"lazy\" decoding=\"async\" class=\"alignnone size-full wp-image-1378\" src=\"https:\/\/spinwineracasino.net\/wp-content\/uploads\/2025\/11\/welcome-crown.svg\" alt=\"crown\" width=\"25\" height=\"26\" \/><\/p>\n<div class=\"WelcomePack-Info\">Cashback semanal at\u00e9 25%<\/div>\n<p><img loading=\"lazy\" decoding=\"async\" class=\"alignnone size-full wp-image-1378\" src=\"https:\/\/spinwineracasino.net\/wp-content\/uploads\/2025\/11\/welcome-crown.svg\" alt=\"crown\" width=\"25\" height=\"26\" \/><\/p>\n<\/div>\n<\/div><div style=\"clear: both\"><\/div><div class=\"d-flex justify-content-center\"><button data-item=\"decouvrez_link\" data-group=\"website_links\" class=\"goto fw-bold rounded-pill btn btn-orange\" aria-label=\"Descarregue a aplica\u00e7\u00e3o Spinwinera\" >Descarregue a aplica\u00e7\u00e3o Spinwinera<\/button><\/div><div class=\"scrollable-content-wrap my-5\"><div class=\"scrollable-content-inner\"><h2>Descarregue a aplica\u00e7\u00e3o Spin Winera para Windows e Mac<\/h2>\n<p>Pode utilizar o Spinwinera diretamente no seu navegador, tanto em computadores Windows como Mac. Basta aceder ao nosso site e come\u00e7ar a jogar. N\u00e3o s\u00e3o necess\u00e1rios downloads. Os utilizadores de computador beneficiam de um excelente desempenho e de uma interface simples que funciona bem em ecr\u00e3s maiores. O seu navegador trata de tudo, garantindo que os jogos carregam rapidamente e permanecem est\u00e1veis.<\/p>\n<p>Tamb\u00e9m pode adicionar o Spinwinera ao seu ambiente de trabalho ou ecr\u00e3 inicial como um atalho para aceder ainda mais rapidamente. A tecnologia PWA atualiza-se automaticamente em segundo plano, para que tenha sempre acesso \u00e0s funcionalidades mais recentes e melhorias de seguran\u00e7a. Pode ativar notifica\u00e7\u00f5es do navegador para atividade da conta, b\u00f3nus e atualiza\u00e7\u00f5es de torneios diretamente a partir do nosso site.<\/p>\n<p><img loading=\"lazy\" decoding=\"async\" src=\"https:\/\/spinwineracasino.net\/wp-content\/uploads\/2025\/11\/Spinwinera-PC.webp\" alt=\"Spinwinera PC\" width=\"1248\" height=\"536\" \/><\/p>\n<\/div><\/div><div style=\"clear: both\"><\/div><div class=\"d-flex justify-content-center\"><button data-item=\"decouvrez_link\" data-group=\"website_links\" class=\"goto fw-bold rounded-pill btn btn-orange\" aria-label=\"Descarregue Spinwinera\" >Descarregue Spinwinera<\/button><\/div><div class=\"scrollable-content-wrap my-5\"><div class=\"scrollable-content-inner\"><h2>Jogue em qualquer lugar com a aplica\u00e7\u00e3o para Android<\/h2>\n<p>Assegur\u00e1mos que todas as funcionalidades do Spinwinera Casino funcionassem na perfei\u00e7\u00e3o em ecr\u00e3s mais pequenos, mantendo todas as funcionalidades dispon\u00edveis na vers\u00e3o para computador. Qualquer navegador moderno, como o Chrome, funciona na perfei\u00e7\u00e3o com o site em dispositivos com Android 6.0 ou superior.<\/p>\n<h3>Instale o APK para Android<\/h3>\n<p>Facilite o acesso ao Spinwinera diretamente a partir do seu ecr\u00e3 inicial:<\/p>\n<ol>\n<li>Utilize o navegador Chrome no seu dispositivo preferido para aceder ao site do Spinwinera.<\/li>\n<li>Clique nos tr\u00eas pontos na barra de endere\u00e7os para ver mais op\u00e7\u00f5es.<\/li>\n<li>Selecione \u00abAdicionar ao ecr\u00e3 inicial\u00bb.<\/li>\n<li>Toque em \u00abAdicionar\u00bb para confirmar.<\/li>\n<li>O \u00edcone da Spinwinera aparecer\u00e1 no seu ecr\u00e3 inicial para acesso com um \u00fanico toque.<\/li>\n<\/ol>\n<p>O atalho d\u00e1-lhe acesso instant\u00e2neo \u00e0 sua conta com as mesmas funcionalidades de uma aplica\u00e7\u00e3o nativa, assim que for adicionado. As notifica\u00e7\u00f5es push informam-no sobre b\u00f3nus especiais para dispositivos m\u00f3veis, rodadas gr\u00e1tis e grandes ganhos.<\/p>\n<p><img loading=\"lazy\" decoding=\"async\" src=\"https:\/\/spinwineracasino.net\/wp-content\/uploads\/2025\/11\/Spinwinera-Android-App.webp\" alt=\"Spinwinera Android App\" width=\"1248\" height=\"536\" \/><\/p>\n<\/div><\/div><div style=\"clear: both\"><\/div><div class=\"d-flex justify-content-center\"><button data-item=\"decouvrez_link\" data-group=\"website_links\" class=\"goto fw-bold rounded-pill btn btn-orange\" aria-label=\"Descarregue a aplica\u00e7\u00e3o Spinwinera\" >Descarregue a aplica\u00e7\u00e3o Spinwinera<\/button><\/div><div class=\"scrollable-content-wrap my-5\"><div class=\"scrollable-content-inner\"><h2>Aplica\u00e7\u00e3o para dispositivos iOS<\/h2>\n<p>Cri\u00e1mos a nossa aplica\u00e7\u00e3o Spinwinera para iOS especialmente para utilizadores de iPhone e iPad que desejam o melhor desempenho poss\u00edvel. A aplica\u00e7\u00e3o de casino m\u00f3vel funciona na perfei\u00e7\u00e3o no iOS, com anima\u00e7\u00f5es fluidas e tempos de resposta instant\u00e2neos.<\/p>\n<h3>Descarregue a aplica\u00e7\u00e3o para iOS<\/h3>\n<p>Crie um atalho no ecr\u00e3 inicial para acesso r\u00e1pido ao Spinwinera:<\/p>\n<ol>\n<li>Visite a nossa p\u00e1gina m\u00f3vel a partir do Safari no seu dispositivo iOS e toque no bot\u00e3o Partilhar.<\/li>\n<li>O Safari ir\u00e1 solicitar que adicione a aplica\u00e7\u00e3o ao ecr\u00e3 inicial.<\/li>\n<li>Selecione \u00abAdicionar ao ecr\u00e3 inicial\u00bb no menu.<\/li>\n<li>O \u00edcone da aplica\u00e7\u00e3o aparece no seu dispositivo junto com as outras aplica\u00e7\u00f5es, e pode aceder-lhe com apenas um toque.<\/li>\n<\/ol>\n<p>Utilizamos a tecnologia Progressive Web App para lhe proporcionar o mesmo desempenho que uma aplica\u00e7\u00e3o nativa no seu navegador. Isto significa que n\u00e3o precisa de ir \u00e0 loja de aplica\u00e7\u00f5es para a obter, e ela funciona na \u00edntegra.<\/p>\n<p><img loading=\"lazy\" decoding=\"async\" src=\"https:\/\/spinwineracasino.net\/wp-content\/uploads\/2025\/11\/Spinwinera-iOS-App.webp\" alt=\"Spinwinera iOS App\" width=\"1248\" height=\"536\" \/><\/p>\n<\/div><\/div><div style=\"clear: both\"><\/div><div class=\"d-flex justify-content-center\"><button data-item=\"decouvrez_link\" data-group=\"website_links\" class=\"goto fw-bold rounded-pill btn btn-orange\" aria-label=\"Descarregue Spinwinera\" >Descarregue Spinwinera<\/button><\/div><div class=\"scrollable-content-wrap my-5\"><div class=\"scrollable-content-inner\"><h2>Vantagens da aplica\u00e7\u00e3o m\u00f3vel Spinwinera<\/h2>\n<p>A nossa PWA para jogos m\u00f3veis tem vantagens \u00fanicas que trabalh\u00e1mos arduamente para melhorar. Pode aceder \u00e0 Spinwinera a partir de qualquer lugar com liga\u00e7\u00e3o \u00e0 Internet, jogando slots online durante as suas desloca\u00e7\u00f5es ou nos intervalos. Melhor\u00e1mos os controlos t\u00e1teis especificamente para a experi\u00eancia de jogo m\u00f3vel, tornando mais intuitivo girar as slots e selecionar cartas em compara\u00e7\u00e3o com os cliques do rato no computador.<\/p>\n<table>\n<tbody>\n<tr>\n<td>Funcionalidade<\/td>\n<td>Acesso m\u00f3vel<\/td>\n<td>Acesso no computador<\/td>\n<\/tr>\n<tr>\n<td>M\u00e9todo de acesso<\/td>\n<td>Navegador ou atalho no ecr\u00e3 inicial<\/td>\n<td>Navegador<\/td>\n<\/tr>\n<tr>\n<td>Controlos t\u00e1teis<\/td>\n<td>Otimizado para ecr\u00e3s de dispositivos m\u00f3veis<\/td>\n<td>Rato e teclado<\/td>\n<\/tr>\n<tr>\n<td>Portabilidade<\/td>\n<td>Jogue em qualquer lugar com internet<\/td>\n<td>Localiza\u00e7\u00e3o fixa<\/td>\n<\/tr>\n<\/tbody>\n<\/table>\n<p>A PWA guarda as suas prefer\u00eancias e o seu estado de verifica\u00e7\u00e3o, por isso, quando iniciar uma nova sess\u00e3o, retoma exatamente onde ficou. Os utilizadores m\u00f3veis podem ativar as notifica\u00e7\u00f5es do navegador para receberem atualiza\u00e7\u00f5es sobre a atividade da sua conta, b\u00f3nus e ofertas. O atalho no ecr\u00e3 inicial permite-lhe aceder rapidamente ao site com apenas um toque, sem ter de abrir o navegador.<\/p>\n<h2>Perguntas frequentes<\/h2>\n<h3>Como posso obter a aplica\u00e7\u00e3o do Spin Winera Casino e configur\u00e1-la?<\/h3>\n<p>Basta abrir o navegador do seu telem\u00f3vel e aceder ao site oficial do Spinwinera. Siga os passos acima para adicionar um atalho ao ecr\u00e3 inicial para acesso r\u00e1pido. Demora apenas um minuto a concluir e poder\u00e1 aceder \u00e0 sua conta imediatamente. N\u00e3o precisa de descarregar nada da loja de aplica\u00e7\u00f5es nem de instalar o APK do Spinwinera.<\/p>\n<h3>\u00c9 poss\u00edvel sincronizar a minha conta e o progresso do jogo em v\u00e1rios dispositivos?<\/h3>\n<p>A sua conta sincroniza-se automaticamente em todos os dispositivos em tempo real. Pode ver o seu saldo atual, b\u00f3nus ativos e hist\u00f3rico de jogos recentes imediatamente em qualquer plataforma, se iniciar sess\u00e3o com as mesmas informa\u00e7\u00f5es. Independentemente do dispositivo que utilizar, as atualiza\u00e7\u00f5es do progresso nos torneios, programas de fidelidade e requisitos promocionais ocorrem imediatamente. Mantemos todas as informa\u00e7\u00f5es da conta seguras nos nossos servidores, para que n\u00e3o tenha de sincronizar ou transferir dados manualmente ao alternar entre o telem\u00f3vel e o computador.<\/p>\n<h3>A aplica\u00e7\u00e3o Spin Winera protege os dados pessoais e financeiros?<\/h3>\n<p>Toda a transmiss\u00e3o de dados utiliza encripta\u00e7\u00e3o de n\u00edvel banc\u00e1rio. A encripta\u00e7\u00e3o SSL de 256 bits protege as suas informa\u00e7\u00f5es financeiras e pessoais ao aceder ao Spinwinera atrav\u00e9s de qualquer navegador. Cumprimos os regulamentos internacionais de prote\u00e7\u00e3o de dados e empresas terceiras independentes auditam regularmente as nossas medidas de seguran\u00e7a.<\/p>\n<h3>Preciso de ajuda para utilizar a aplica\u00e7\u00e3o. O que devo fazer?<\/h3>\n<p>A nossa equipa de apoio est\u00e1 dispon\u00edvel 24 horas por dia, 7 dias por semana, atrav\u00e9s da sec\u00e7\u00e3o de ajuda no site. Um representante do apoio pode ver os detalhes da sua conta e resolver problemas em minutos atrav\u00e9s do chat ao vivo integrado. Tamb\u00e9m temos um centro de ajuda abrangente para perguntas comuns e resolu\u00e7\u00e3o de problemas. No que diz respeito a quest\u00f5es t\u00e9cnicas, a nossa equipa de desenvolvimento monitoriza continuamente o desempenho do site para identificar e resolver rapidamente quaisquer problemas.<\/p>\n<\/div><\/div><\/p>\n","protected":false},"excerpt":{"rendered":"<p>Aplica\u00e7\u00e3o m\u00f3vel Spinwinera Cri\u00e1mos a Spinwinera App para que os jogadores portugueses pudessem jogar qualquer jogo em qualquer plataforma principal, sem restri\u00e7\u00f5es. A aplica\u00e7\u00e3o m\u00f3vel oferece-lhe a experi\u00eancia completa de casino, com o melhor desempenho e acesso r\u00e1pido a jogos, transa\u00e7\u00f5es banc\u00e1rias e promo\u00e7\u00f5es. A nossa aplica\u00e7\u00e3o Spin Winera Casino funciona na perfei\u00e7\u00e3o em qualquer [&hellip;]<\/p>\n","protected":false},"author":1,"featured_media":0,"parent":0,"menu_order":0,"comment_status":"closed","ping_status":"closed","template":"template-builder.php","meta":{"_acf_changed":false,"inline_featured_image":false,"footnotes":""},"class_list":["post-2112","page","type-page","status-publish","hentry"],"acf":[],"yoast_head":"<!-- This site is optimized with the Yoast SEO plugin v27.3 - https:\/\/yoast.com\/product\/yoast-seo-wordpress\/ -->\n<title>Spinwinera Casino App | Descarregue para iOS e Android<\/title>\n<meta name=\"description\" content=\"Instale a Spin Winera Casino App para iOS e Android e jogue milhares de jogos em qualquer lugar. Desfrute de desempenho fluido, atualiza\u00e7\u00f5es regulares e apoio na app 24\/7.\" \/>\n<meta name=\"robots\" content=\"index, follow, max-snippet:-1, max-image-preview:large, max-video-preview:-1\" \/>\n<link rel=\"canonical\" href=\"https:\/\/spinwineracasino.net\/pt-pt\/aplicacao\/\" \/>\n<meta property=\"og:locale\" content=\"pt_PT\" \/>\n<meta property=\"og:type\" content=\"article\" \/>\n<meta property=\"og:title\" content=\"Spinwinera Casino App | Descarregue para iOS e Android\" \/>\n<meta property=\"og:description\" content=\"Instale a Spin Winera Casino App para iOS e Android e jogue milhares de jogos em qualquer lugar. Desfrute de desempenho fluido, atualiza\u00e7\u00f5es regulares e apoio na app 24\/7.\" \/>\n<meta property=\"og:url\" content=\"https:\/\/spinwineracasino.net\/pt-pt\/aplicacao\/\" \/>\n<meta property=\"og:site_name\" content=\"spinwinera\" \/>\n<meta property=\"article:modified_time\" content=\"2026-05-12T09:49:49+00:00\" \/>\n<meta name=\"twitter:card\" content=\"summary_large_image\" \/>\n<meta name=\"twitter:label1\" content=\"Est. reading time\" \/>\n\t<meta name=\"twitter:data1\" content=\"1 minute\" \/>\n<script type=\"application\/ld+json\" class=\"yoast-schema-graph\">{\"@context\":\"https:\\\/\\\/schema.org\",\"@graph\":[{\"@type\":\"WebPage\",\"@id\":\"https:\\\/\\\/spinwineracasino.net\\\/pt-pt\\\/aplicacao\\\/\",\"url\":\"https:\\\/\\\/spinwineracasino.net\\\/pt-pt\\\/aplicacao\\\/\",\"name\":\"Spinwinera Casino App | Descarregue para iOS e Android\",\"isPartOf\":{\"@id\":\"https:\\\/\\\/spinwineracasino.net\\\/pt-pt\\\/#website\"},\"datePublished\":\"2025-11-04T12:33:43+00:00\",\"dateModified\":\"2026-05-12T09:49:49+00:00\",\"description\":\"Instale a Spin Winera Casino App para iOS e Android e jogue milhares de jogos em qualquer lugar. Desfrute de desempenho fluido, atualiza\u00e7\u00f5es regulares e apoio na app 24\\\/7.\",\"breadcrumb\":{\"@id\":\"https:\\\/\\\/spinwineracasino.net\\\/pt-pt\\\/aplicacao\\\/#breadcrumb\"},\"inLanguage\":\"pt-PT\",\"potentialAction\":[{\"@type\":\"ReadAction\",\"target\":[\"https:\\\/\\\/spinwineracasino.net\\\/pt-pt\\\/aplicacao\\\/\"]}]},{\"@type\":\"BreadcrumbList\",\"@id\":\"https:\\\/\\\/spinwineracasino.net\\\/pt-pt\\\/aplicacao\\\/#breadcrumb\",\"itemListElement\":[{\"@type\":\"ListItem\",\"position\":1,\"name\":\"Spinwinera\",\"item\":\"https:\\\/\\\/spinwineracasino.net\\\/pt-pt\\\/\"},{\"@type\":\"ListItem\",\"position\":2,\"name\":\"Aplica\u00e7\u00e3o\"}]},{\"@type\":\"WebSite\",\"@id\":\"https:\\\/\\\/spinwineracasino.net\\\/pt-pt\\\/#website\",\"url\":\"https:\\\/\\\/spinwineracasino.net\\\/pt-pt\\\/\",\"name\":\"Spinwinera\",\"description\":\"\",\"publisher\":{\"@id\":\"https:\\\/\\\/spinwineracasino.net\\\/pt-pt\\\/#organization\"},\"potentialAction\":[{\"@type\":\"SearchAction\",\"target\":{\"@type\":\"EntryPoint\",\"urlTemplate\":\"https:\\\/\\\/spinwineracasino.net\\\/pt-pt\\\/?s={search_term_string}\"},\"query-input\":{\"@type\":\"PropertyValueSpecification\",\"valueRequired\":true,\"valueName\":\"search_term_string\"}}],\"inLanguage\":\"pt-PT\"},{\"@type\":\"Organization\",\"@id\":\"https:\\\/\\\/spinwineracasino.net\\\/pt-pt\\\/#organization\",\"name\":\"Spinwinera\",\"url\":\"https:\\\/\\\/spinwineracasino.net\\\/pt-pt\\\/\",\"logo\":{\"@type\":\"ImageObject\",\"inLanguage\":\"pt-PT\",\"@id\":\"https:\\\/\\\/spinwineracasino.net\\\/pt-pt\\\/#\\\/schema\\\/logo\\\/image\\\/\",\"url\":\"https:\\\/\\\/spinwineracasino.net\\\/wp-content\\\/uploads\\\/2025\\\/08\\\/80u1FaquEZeR6OUTeJCc.png\",\"contentUrl\":\"https:\\\/\\\/spinwineracasino.net\\\/wp-content\\\/uploads\\\/2025\\\/08\\\/80u1FaquEZeR6OUTeJCc.png\",\"width\":157,\"height\":30,\"caption\":\"Spinwinera\"},\"image\":{\"@id\":\"https:\\\/\\\/spinwineracasino.net\\\/pt-pt\\\/#\\\/schema\\\/logo\\\/image\\\/\"}}]}<\/script>\n<!-- \/ Yoast SEO plugin. -->","yoast_head_json":{"title":"Spinwinera Casino App | Descarregue para iOS e Android","description":"Instale a Spin Winera Casino App para iOS e Android e jogue milhares de jogos em qualquer lugar. Desfrute de desempenho fluido, atualiza\u00e7\u00f5es regulares e apoio na app 24\/7.","robots":{"index":"index","follow":"follow","max-snippet":"max-snippet:-1","max-image-preview":"max-image-preview:large","max-video-preview":"max-video-preview:-1"},"canonical":"https:\/\/spinwineracasino.net\/pt-pt\/aplicacao\/","og_locale":"pt_PT","og_type":"article","og_title":"Spinwinera Casino App | Descarregue para iOS e Android","og_description":"Instale a Spin Winera Casino App para iOS e Android e jogue milhares de jogos em qualquer lugar. Desfrute de desempenho fluido, atualiza\u00e7\u00f5es regulares e apoio na app 24\/7.","og_url":"https:\/\/spinwineracasino.net\/pt-pt\/aplicacao\/","og_site_name":"spinwinera","article_modified_time":"2026-05-12T09:49:49+00:00","twitter_card":"summary_large_image","twitter_misc":{"Est. reading time":"1 minute"},"schema":{"@context":"https:\/\/schema.org","@graph":[{"@type":"WebPage","@id":"https:\/\/spinwineracasino.net\/pt-pt\/aplicacao\/","url":"https:\/\/spinwineracasino.net\/pt-pt\/aplicacao\/","name":"Spinwinera Casino App | Descarregue para iOS e Android","isPartOf":{"@id":"https:\/\/spinwineracasino.net\/pt-pt\/#website"},"datePublished":"2025-11-04T12:33:43+00:00","dateModified":"2026-05-12T09:49:49+00:00","description":"Instale a Spin Winera Casino App para iOS e Android e jogue milhares de jogos em qualquer lugar. Desfrute de desempenho fluido, atualiza\u00e7\u00f5es regulares e apoio na app 24\/7.","breadcrumb":{"@id":"https:\/\/spinwineracasino.net\/pt-pt\/aplicacao\/#breadcrumb"},"inLanguage":"pt-PT","potentialAction":[{"@type":"ReadAction","target":["https:\/\/spinwineracasino.net\/pt-pt\/aplicacao\/"]}]},{"@type":"BreadcrumbList","@id":"https:\/\/spinwineracasino.net\/pt-pt\/aplicacao\/#breadcrumb","itemListElement":[{"@type":"ListItem","position":1,"name":"Spinwinera","item":"https:\/\/spinwineracasino.net\/pt-pt\/"},{"@type":"ListItem","position":2,"name":"Aplica\u00e7\u00e3o"}]},{"@type":"WebSite","@id":"https:\/\/spinwineracasino.net\/pt-pt\/#website","url":"https:\/\/spinwineracasino.net\/pt-pt\/","name":"Spinwinera","description":"","publisher":{"@id":"https:\/\/spinwineracasino.net\/pt-pt\/#organization"},"potentialAction":[{"@type":"SearchAction","target":{"@type":"EntryPoint","urlTemplate":"https:\/\/spinwineracasino.net\/pt-pt\/?s={search_term_string}"},"query-input":{"@type":"PropertyValueSpecification","valueRequired":true,"valueName":"search_term_string"}}],"inLanguage":"pt-PT"},{"@type":"Organization","@id":"https:\/\/spinwineracasino.net\/pt-pt\/#organization","name":"Spinwinera","url":"https:\/\/spinwineracasino.net\/pt-pt\/","logo":{"@type":"ImageObject","inLanguage":"pt-PT","@id":"https:\/\/spinwineracasino.net\/pt-pt\/#\/schema\/logo\/image\/","url":"https:\/\/spinwineracasino.net\/wp-content\/uploads\/2025\/08\/80u1FaquEZeR6OUTeJCc.png","contentUrl":"https:\/\/spinwineracasino.net\/wp-content\/uploads\/2025\/08\/80u1FaquEZeR6OUTeJCc.png","width":157,"height":30,"caption":"Spinwinera"},"image":{"@id":"https:\/\/spinwineracasino.net\/pt-pt\/#\/schema\/logo\/image\/"}}]}},"_links":{"self":[{"href":"https:\/\/spinwineracasino.net\/pt-pt\/wp-json\/wp\/v2\/pages\/2112","targetHints":{"allow":["GET"]}}],"collection":[{"href":"https:\/\/spinwineracasino.net\/pt-pt\/wp-json\/wp\/v2\/pages"}],"about":[{"href":"https:\/\/spinwineracasino.net\/pt-pt\/wp-json\/wp\/v2\/types\/page"}],"author":[{"embeddable":true,"href":"https:\/\/spinwineracasino.net\/pt-pt\/wp-json\/wp\/v2\/users\/1"}],"replies":[{"embeddable":true,"href":"https:\/\/spinwineracasino.net\/pt-pt\/wp-json\/wp\/v2\/comments?post=2112"}],"version-history":[{"count":2,"href":"https:\/\/spinwineracasino.net\/pt-pt\/wp-json\/wp\/v2\/pages\/2112\/revisions"}],"predecessor-version":[{"id":2388,"href":"https:\/\/spinwineracasino.net\/pt-pt\/wp-json\/wp\/v2\/pages\/2112\/revisions\/2388"}],"wp:attachment":[{"href":"https:\/\/spinwineracasino.net\/pt-pt\/wp-json\/wp\/v2\/media?parent=2112"}],"curies":[{"name":"wp","href":"https:\/\/api.w.org\/{rel}","templated":true}]}}