{"id":2114,"date":"2025-11-04T12:33:43","date_gmt":"2025-11-04T12:33:43","guid":{"rendered":"https:\/\/spinwineracasino.net\/app\/"},"modified":"2026-05-12T11:09:18","modified_gmt":"2026-05-12T10:09:18","slug":"aplikacija","status":"publish","type":"page","link":"https:\/\/spinwineracasino.net\/sr\/aplikacija\/","title":{"rendered":"Aplikacija"},"content":{"rendered":"<h1>Mobilna aplikacija Spinwinera<\/h1>\n<p>Napravili smo Spinwinera App kako bi igra\u010di iz Srbije mogli da igraju bilo koju igru na bilo kojoj glavnoj platformi bez ograni\u010denja. Mobilna aplikacija vam pru\u017ea celokupno kazino iskustvo, sa najboljim performansama i brzim pristupom igrama, finansijskim transakcijama i promocijama. Na\u0161a aplikacija Spin Winera Casino savr\u0161eno radi na bilo kom ure\u0111aju, bilo da je to pametni telefon, tablet ili ra\u010dunar. Ona ne gubi na kvalitetu ili funkcionalnosti.<\/p>\n<p><div class=\"banner-wrap\" aria-label=\"Banner\"><img src=\"https:\/\/spinwineracasino.net\/wp-content\/uploads\/2025\/11\/Spinwinera-bonus-desktop.webp\" class=\"w-100 d-none d-lg-block img-pc main-banner-img\" alt=\"Spinwinera bonus desktop\" fetchpriority=\"high\" decoding=\"async\"><img src=\"https:\/\/spinwineracasino.net\/wp-content\/uploads\/2025\/11\/Spinwinera-bonus-mobile.webp\" class=\"w-100 d-none d-md-block d-lg-none main-banner-img\" alt=\"Spinwinera bonus mobile\" fetchpriority=\"high\" decoding=\"async\"><img src=\"https:\/\/spinwineracasino.net\/wp-content\/uploads\/2025\/11\/Spinwinera-bonus-mobile.webp\" class=\"w-100 d-md-none\" alt=\"Spinwinera bonus mobile\" fetchpriority=\"high\" decoding=\"async\"><div class=\"banner-description\">\n<div class=\"banner-title\">Bonusi dobrodo\u0161lice<\/div>\n<p class=\"banner-header-title\">\u20ac1,500<\/p>\n<div class=\"banner-header-AdditionalText\">+ 250 Besplatni spinovi<\/div>\n<button data-item=\"homepage_banner_link\" class=\"goto m-button m-gradient-border m-button--primary m-button--large banner-button btn-orange\">\n            <div class=\"m-button-content\">\n                <span>Registruj se odmah<\/span>\n                <span><\/span>\n            <\/div>\n        <\/button>\n<\/div>\n<div class=\"WelcomePack\">\n<p><img loading=\"lazy\" decoding=\"async\" class=\"alignnone size-full wp-image-1378\" src=\"https:\/\/spinwineracasino.net\/wp-content\/uploads\/2025\/11\/welcome-crown.svg\" alt=\"crown\" width=\"25\" height=\"26\" \/><\/p>\n<div class=\"WelcomePack-Info\">Nedeljni cashback do 25%<\/div>\n<p><img loading=\"lazy\" decoding=\"async\" class=\"alignnone size-full wp-image-1378\" src=\"https:\/\/spinwineracasino.net\/wp-content\/uploads\/2025\/11\/welcome-crown.svg\" alt=\"crown\" width=\"25\" height=\"26\" \/><\/p>\n<\/div>\n<\/div><div style=\"clear: both\"><\/div><div class=\"d-flex justify-content-center\"><button data-item=\"decouvrez_link\" data-group=\"website_links\" class=\"goto fw-bold rounded-pill btn btn-orange\" aria-label=\"Preuzmite Spinwinera aplikaciju\" >Preuzmite Spinwinera aplikaciju<\/button><\/div><div class=\"scrollable-content-wrap my-5\"><div class=\"scrollable-content-inner\"><h2>Preuzmite aplikaciju Spin Winera za Windows i Mac<\/h2>\n<p>Mo\u017eete da koristite Spinwinera direktno u va\u0161em pregleda\u010du na ra\u010dunarima sa Windows i Mac operativnim sistemom. Samo posetite na\u0161u veb-stranicu i po\u010dnite da igrate. Nije potrebno preuzimanje. Korisnici desktop verzije dobijaju odli\u010dne performanse i \u010dist interfejs koji dobro funkcioni\u0161e na ve\u0107im ekranima. Va\u0161 pregleda\u010d se brine o svemu, obezbe\u0111uju\u0107i da se igre brzo u\u010ditavaju i ostaju stabilne.<\/p>\n<p>Tako\u0111e mo\u017eete da dodate Spinwinera na radnu povr\u0161inu ili po\u010detni ekran kao pre\u010dicu za jo\u0161 br\u017ei pristup. PWA tehnologija se automatski a\u017eurira u pozadini, tako da uvek imate pristup najnovijim funkcijama i bezbednosnim pobolj\u0161anjima. Mo\u017eete da uklju\u010dite obave\u0161tenja pregleda\u010da za aktivnost naloga, bonuse i a\u017euriranja turnira direktno sa na\u0161e veb-stranice.<\/p>\n<p><img loading=\"lazy\" decoding=\"async\" src=\"https:\/\/spinwineracasino.net\/wp-content\/uploads\/2025\/11\/Spinwinera-PC.webp\" alt=\"Spinwinera PC\" width=\"1248\" height=\"536\" \/><\/p>\n<\/div><\/div><div style=\"clear: both\"><\/div><div class=\"d-flex justify-content-center\"><button data-item=\"decouvrez_link\" data-group=\"website_links\" class=\"goto fw-bold rounded-pill btn btn-orange\" aria-label=\"Preuzmite Spinwinera\" >Preuzmite Spinwinera<\/button><\/div><div class=\"scrollable-content-wrap my-5\"><div class=\"scrollable-content-inner\"><h2>Igrajte u pokretu uz aplikaciju za Android<\/h2>\n<p>Pobrinuli smo se da svaki deo Spinwinera Casino radi savr\u0161eno na manjim ekranima, a da pri tom zadr\u017ei sve funkcije dostupne na desktopu. Bilo koji savremeni pregleda\u010d, poput Chrome-a, savr\u0161eno radi sa veb-sajtom na ure\u0111ajima sa Android 6.0 ili novijim.<\/p>\n<h3>Instalirajte APK za Android<\/h3>\n<p>Olak\u0161ajte sebi pristup Spinwinera odmah sa po\u010detnog ekrana:<\/p>\n<ol>\n<li>Koristite pregleda\u010d Chrome na va\u0161em omiljenom ure\u0111aju da biste pristupili veb-sajtu Spinwinera.<\/li>\n<li>Kliknite na tri ta\u010dke u adresnoj traci da biste videli vi\u0161e opcija.<\/li>\n<li>Izaberite &#8220;Dodaj na po\u010detni ekran&#8221;.<\/li>\n<li>Dodirnite &#8220;Dodaj&#8221; da potvrdite.<\/li>\n<li>Ikona Spinwinera \u0107e se pojaviti na va\u0161em po\u010detnom ekranu za pristup jednim dodirom.<\/li>\n<\/ol>\n<p>Pre\u010dica vam omogu\u0107ava trenutan pristup va\u0161em nalogu sa istim funkcijama kao i nativna aplikacija kada se doda. Pu\u0161 notifikacije vas obave\u0161tavaju o posebnim mobilnim bonusima, besplatnim okretima i velikim dobicima.<\/p>\n<p><img loading=\"lazy\" decoding=\"async\" src=\"https:\/\/spinwineracasino.net\/wp-content\/uploads\/2025\/11\/Spinwinera-Android-App.webp\" alt=\"Spinwinera Android App\" width=\"1248\" height=\"536\" \/><\/p>\n<\/div><\/div><div style=\"clear: both\"><\/div><div class=\"d-flex justify-content-center\"><button data-item=\"decouvrez_link\" data-group=\"website_links\" class=\"goto fw-bold rounded-pill btn btn-orange\" aria-label=\"Preuzmite Spinwinera aplikaciju\" >Preuzmite Spinwinera aplikaciju<\/button><\/div><div class=\"scrollable-content-wrap my-5\"><div class=\"scrollable-content-inner\"><h2>Aplikacija za iOS ure\u0111aje<\/h2>\n<p>Na\u0161u iOS aplikaciju Spinwinera napravili smo posebno za korisnike iPhone-a i iPad-a koji \u017eele najbolje mogu\u0107e performanse. Mobilna kazino aplikacija radi savr\u0161eno na iOS-u, sa glatkim animacijama i trenutnim vremenom odziva.<\/p>\n<h3>Preuzmite iOS aplikaciju<\/h3>\n<p>Kreirajte pre\u010dicu na po\u010detnom ekranu za brz pristup Spinwinera:<\/p>\n<ol>\n<li>Posetite na\u0161u mobilnu stranicu u Safari na va\u0161em iOS ure\u0111aju i dodirnite dugme za deljenje.<\/li>\n<li>Safari \u0107e vas upitati da li \u017eelite da dodate aplikaciju na po\u010detni ekran.<\/li>\n<li>Iz menija izaberite Dodaj na po\u010detni ekran.<\/li>\n<li>Ikona aplikacije pojavi\u0107e se na va\u0161em ure\u0111aju zajedno sa ostalim aplikacijama, a mo\u017eete je pokrenuti samo jednim dodirom.<\/li>\n<\/ol>\n<p>Koristimo tehnologiju Progressive Web App da vam pru\u017eimo iste performanse kao i nativna aplikacija u va\u0161em pregleda\u010du. To zna\u010di da ne morate da idete u prodavnicu aplikacija da biste je preuzeli, a ona i dalje radi u potpunosti.<\/p>\n<p><img loading=\"lazy\" decoding=\"async\" src=\"https:\/\/spinwineracasino.net\/wp-content\/uploads\/2025\/11\/Spinwinera-iOS-App.webp\" alt=\"Spinwinera iOS App\" width=\"1248\" height=\"536\" \/><\/p>\n<\/div><\/div><div style=\"clear: both\"><\/div><div class=\"d-flex justify-content-center\"><button data-item=\"decouvrez_link\" data-group=\"website_links\" class=\"goto fw-bold rounded-pill btn btn-orange\" aria-label=\"Preuzmite Spinwinera\" >Preuzmite Spinwinera<\/button><\/div><div class=\"scrollable-content-wrap my-5\"><div class=\"scrollable-content-inner\"><h2>Prednosti Spinwinera mobilne aplikacije<\/h2>\n<p>Na\u0161a PWA za mobilno igranje ima jedinstvene prednosti koje smo vredno unapre\u0111ivali. Mo\u017eete pristupiti Spinwinera sa bilo kog mesta sa internet vezom, igraju\u0107i onlajn slotove tokom putovanja ili pauza. Pobolj\u0161ali smo kontrole na dodir posebno za mobilno iskustvo igranja, \u010dine\u0107i okretanje slotova i izbor karata intuitivnijim u pore\u0111enju sa klikovima mi\u0161a na desktopu.<\/p>\n<table>\n<tbody>\n<tr>\n<td>Funkcija<\/td>\n<td>Mobilni pristup<\/td>\n<td>Pristup sa ra\u010dunara<\/td>\n<\/tr>\n<tr>\n<td>Metod pristupa<\/td>\n<td>Pregleda\u010d ili pre\u010dica na po\u010detnom ekranu<\/td>\n<td>Pregleda\u010d<\/td>\n<\/tr>\n<tr>\n<td>Dodirne kontrole<\/td>\n<td>Optimizovano za mobilne ekrane<\/td>\n<td>Mi\u0161 i tastatura<\/td>\n<\/tr>\n<tr>\n<td>Prenosivost<\/td>\n<td>Igrajte bilo gde uz internet<\/td>\n<td>Fiksna lokacija<\/td>\n<\/tr>\n<\/tbody>\n<\/table>\n<p>PWA pamti va\u0161e preferencije i status verifikacije, pa kada zapo\u010dnete novu sesiju, nastavlja ta\u010dno tamo gde ste stali. Mobilni korisnici mogu da uklju\u010de obave\u0161tenja pregleda\u010da kako bi dobili a\u017euriranja o aktivnostima na svom nalogu, bonusima i ponudama. Pre\u010dica na po\u010detnom ekranu omogu\u0107ava vam da brzo pristupite sajtu samo jednim dodirom, bez potrebe da otvarate pregleda\u010d.<\/p>\n<h2>\u010cesto postavljana pitanja<\/h2>\n<h3>Kako da preuzmem aplikaciju Spin Winera Casino i podesim je?<\/h3>\n<p>Samo otvorite mobilni pregleda\u010d i idite na zvani\u010dni sajt Spinwinera. Pratite gore navedene korake da biste dodali pre\u010dicu na po\u010detni ekran za brz pristup. Potrebna je samo minut da zavr\u0161ite, i odmah \u0107ete mo\u0107i da pristupite svom nalogu. Ne morate ni\u0161ta da preuzimate iz prodavnice aplikacija ili da instalirate Spinwinera APK.<\/p>\n<h3>Da li je mogu\u0107e sinhronizovati moj nalog i napredak u igri na vi\u0161e ure\u0111aja?<\/h3>\n<p>Va\u0161 nalog se automatski sinhronizuje u realnom vremenu na svim ure\u0111ajima. Mo\u017eete odmah da vidite svoj trenutni saldo, aktivne bonuse i nedavnu istoriju igre na bilo kojoj platformi ako se prijavite sa istim podacima. Bez obzira koji ure\u0111aj koristite, a\u017euriranja napretka turnira, programa lojalnosti i promotivnih zahteva de\u0161avaju se odmah. Sve informacije o nalogu \u010duvamo bezbedno na na\u0161im serverima, tako da ne morate ru\u010dno da sinhronizujete ili preme\u0161tate podatke kada prelazite izme\u0111u mobilne i desktop verzije.<\/p>\n<h3>Da li aplikacija Spin Winera \u0161titi li\u010dne i finansijske podatke?<\/h3>\n<p>Svi prenosi podataka koriste enkripciju bankarskog nivoa. 256-bitna SSL enkripcija \u0161titi va\u0161e finansijske i li\u010dne podatke prilikom pristupa Spinwinera preko bilo kog pregleda\u010da. Po\u0161tujemo me\u0111unarodne propise o za\u0161titi podataka, a nezavisne tre\u0107e kompanije redovno proveravaju na\u0161e bezbednosne mere.<\/p>\n<h3>Treba mi pomo\u0107 pri kori\u0161\u0107enju aplikacije. \u0160ta da radim?<\/h3>\n<p>Na\u0161 tim za podr\u0161ku, dostupan 24\/7, mo\u017eete kontaktirati preko odeljka za pomo\u0107 na veb-sajtu. Predstavnik podr\u0161ke mo\u017ee da pogleda detalje va\u0161eg naloga i re\u0161i probleme za nekoliko minuta preko integrisanog \u0107askanja u\u017eivo. Tako\u0111e imamo sveobuhvatan centar za pomo\u0107 za uobi\u010dajena pitanja i re\u0161avanje problema. Za tehni\u010dke probleme, na\u0161 tim za razvoj kontinuirano prati performanse sajta kako bi brzo identifikovao i re\u0161io sve probleme.<\/p>\n<\/div><\/div><\/p>\n","protected":false},"excerpt":{"rendered":"<p>Mobilna aplikacija Spinwinera Napravili smo Spinwinera App kako bi igra\u010di iz Srbije mogli da igraju bilo koju igru na bilo kojoj glavnoj platformi bez ograni\u010denja. Mobilna aplikacija vam pru\u017ea celokupno kazino iskustvo, sa najboljim performansama i brzim pristupom igrama, finansijskim transakcijama i promocijama. Na\u0161a aplikacija Spin Winera Casino savr\u0161eno radi na bilo kom ure\u0111aju, bilo [&hellip;]<\/p>\n","protected":false},"author":1,"featured_media":0,"parent":0,"menu_order":0,"comment_status":"closed","ping_status":"closed","template":"template-builder.php","meta":{"_acf_changed":false,"inline_featured_image":false,"footnotes":""},"class_list":["post-2114","page","type-page","status-publish","hentry"],"acf":[],"yoast_head":"<!-- This site is optimized with the Yoast SEO plugin v27.3 - https:\/\/yoast.com\/product\/yoast-seo-wordpress\/ -->\n<title>Spinwinera Casino App | Preuzimanje za iOS i Android<\/title>\n<meta name=\"description\" content=\"Instaliraj Spin Winera Casino App za iOS i Android i u\u017eivaj u hiljadama igara bilo gde. Iskusi glatke performanse, redovna a\u017euriranja i podr\u0161ku u aplikaciji 24\/7.\" \/>\n<meta name=\"robots\" content=\"index, follow, max-snippet:-1, max-image-preview:large, max-video-preview:-1\" \/>\n<link rel=\"canonical\" href=\"https:\/\/spinwineracasino.net\/sr\/aplikacija\/\" \/>\n<meta property=\"og:locale\" content=\"sr_RS\" \/>\n<meta property=\"og:type\" content=\"article\" \/>\n<meta property=\"og:title\" content=\"Spinwinera Casino App | Preuzimanje za iOS i Android\" \/>\n<meta property=\"og:description\" content=\"Instaliraj Spin Winera Casino App za iOS i Android i u\u017eivaj u hiljadama igara bilo gde. Iskusi glatke performanse, redovna a\u017euriranja i podr\u0161ku u aplikaciji 24\/7.\" \/>\n<meta property=\"og:url\" content=\"https:\/\/spinwineracasino.net\/sr\/aplikacija\/\" \/>\n<meta property=\"og:site_name\" content=\"spinwinera\" \/>\n<meta property=\"article:modified_time\" content=\"2026-05-12T10:09:18+00:00\" \/>\n<meta name=\"twitter:card\" content=\"summary_large_image\" \/>\n<meta name=\"twitter:label1\" content=\"Est. reading time\" \/>\n\t<meta name=\"twitter:data1\" content=\"1 minute\" \/>\n<script type=\"application\/ld+json\" class=\"yoast-schema-graph\">{\"@context\":\"https:\\\/\\\/schema.org\",\"@graph\":[{\"@type\":\"WebPage\",\"@id\":\"https:\\\/\\\/spinwineracasino.net\\\/sr\\\/aplikacija\\\/\",\"url\":\"https:\\\/\\\/spinwineracasino.net\\\/sr\\\/aplikacija\\\/\",\"name\":\"Spinwinera Casino App | Preuzimanje za iOS i Android\",\"isPartOf\":{\"@id\":\"https:\\\/\\\/spinwineracasino.net\\\/sr\\\/#website\"},\"datePublished\":\"2025-11-04T12:33:43+00:00\",\"dateModified\":\"2026-05-12T10:09:18+00:00\",\"description\":\"Instaliraj Spin Winera Casino App za iOS i Android i u\u017eivaj u hiljadama igara bilo gde. Iskusi glatke performanse, redovna a\u017euriranja i podr\u0161ku u aplikaciji 24\\\/7.\",\"breadcrumb\":{\"@id\":\"https:\\\/\\\/spinwineracasino.net\\\/sr\\\/aplikacija\\\/#breadcrumb\"},\"inLanguage\":\"sr-RS\",\"potentialAction\":[{\"@type\":\"ReadAction\",\"target\":[\"https:\\\/\\\/spinwineracasino.net\\\/sr\\\/aplikacija\\\/\"]}]},{\"@type\":\"BreadcrumbList\",\"@id\":\"https:\\\/\\\/spinwineracasino.net\\\/sr\\\/aplikacija\\\/#breadcrumb\",\"itemListElement\":[{\"@type\":\"ListItem\",\"position\":1,\"name\":\"Spinwinera\",\"item\":\"https:\\\/\\\/spinwineracasino.net\\\/sr\\\/\"},{\"@type\":\"ListItem\",\"position\":2,\"name\":\"Aplikacija\"}]},{\"@type\":\"WebSite\",\"@id\":\"https:\\\/\\\/spinwineracasino.net\\\/sr\\\/#website\",\"url\":\"https:\\\/\\\/spinwineracasino.net\\\/sr\\\/\",\"name\":\"Spinwinera\",\"description\":\"\",\"publisher\":{\"@id\":\"https:\\\/\\\/spinwineracasino.net\\\/sr\\\/#organization\"},\"potentialAction\":[{\"@type\":\"SearchAction\",\"target\":{\"@type\":\"EntryPoint\",\"urlTemplate\":\"https:\\\/\\\/spinwineracasino.net\\\/sr\\\/?s={search_term_string}\"},\"query-input\":{\"@type\":\"PropertyValueSpecification\",\"valueRequired\":true,\"valueName\":\"search_term_string\"}}],\"inLanguage\":\"sr-RS\"},{\"@type\":\"Organization\",\"@id\":\"https:\\\/\\\/spinwineracasino.net\\\/sr\\\/#organization\",\"name\":\"Spinwinera\",\"url\":\"https:\\\/\\\/spinwineracasino.net\\\/sr\\\/\",\"logo\":{\"@type\":\"ImageObject\",\"inLanguage\":\"sr-RS\",\"@id\":\"https:\\\/\\\/spinwineracasino.net\\\/sr\\\/#\\\/schema\\\/logo\\\/image\\\/\",\"url\":\"https:\\\/\\\/spinwineracasino.net\\\/wp-content\\\/uploads\\\/2025\\\/08\\\/80u1FaquEZeR6OUTeJCc.png\",\"contentUrl\":\"https:\\\/\\\/spinwineracasino.net\\\/wp-content\\\/uploads\\\/2025\\\/08\\\/80u1FaquEZeR6OUTeJCc.png\",\"width\":157,\"height\":30,\"caption\":\"Spinwinera\"},\"image\":{\"@id\":\"https:\\\/\\\/spinwineracasino.net\\\/sr\\\/#\\\/schema\\\/logo\\\/image\\\/\"}}]}<\/script>\n<!-- \/ Yoast SEO plugin. -->","yoast_head_json":{"title":"Spinwinera Casino App | Preuzimanje za iOS i Android","description":"Instaliraj Spin Winera Casino App za iOS i Android i u\u017eivaj u hiljadama igara bilo gde. Iskusi glatke performanse, redovna a\u017euriranja i podr\u0161ku u aplikaciji 24\/7.","robots":{"index":"index","follow":"follow","max-snippet":"max-snippet:-1","max-image-preview":"max-image-preview:large","max-video-preview":"max-video-preview:-1"},"canonical":"https:\/\/spinwineracasino.net\/sr\/aplikacija\/","og_locale":"sr_RS","og_type":"article","og_title":"Spinwinera Casino App | Preuzimanje za iOS i Android","og_description":"Instaliraj Spin Winera Casino App za iOS i Android i u\u017eivaj u hiljadama igara bilo gde. Iskusi glatke performanse, redovna a\u017euriranja i podr\u0161ku u aplikaciji 24\/7.","og_url":"https:\/\/spinwineracasino.net\/sr\/aplikacija\/","og_site_name":"spinwinera","article_modified_time":"2026-05-12T10:09:18+00:00","twitter_card":"summary_large_image","twitter_misc":{"Est. reading time":"1 minute"},"schema":{"@context":"https:\/\/schema.org","@graph":[{"@type":"WebPage","@id":"https:\/\/spinwineracasino.net\/sr\/aplikacija\/","url":"https:\/\/spinwineracasino.net\/sr\/aplikacija\/","name":"Spinwinera Casino App | Preuzimanje za iOS i Android","isPartOf":{"@id":"https:\/\/spinwineracasino.net\/sr\/#website"},"datePublished":"2025-11-04T12:33:43+00:00","dateModified":"2026-05-12T10:09:18+00:00","description":"Instaliraj Spin Winera Casino App za iOS i Android i u\u017eivaj u hiljadama igara bilo gde. Iskusi glatke performanse, redovna a\u017euriranja i podr\u0161ku u aplikaciji 24\/7.","breadcrumb":{"@id":"https:\/\/spinwineracasino.net\/sr\/aplikacija\/#breadcrumb"},"inLanguage":"sr-RS","potentialAction":[{"@type":"ReadAction","target":["https:\/\/spinwineracasino.net\/sr\/aplikacija\/"]}]},{"@type":"BreadcrumbList","@id":"https:\/\/spinwineracasino.net\/sr\/aplikacija\/#breadcrumb","itemListElement":[{"@type":"ListItem","position":1,"name":"Spinwinera","item":"https:\/\/spinwineracasino.net\/sr\/"},{"@type":"ListItem","position":2,"name":"Aplikacija"}]},{"@type":"WebSite","@id":"https:\/\/spinwineracasino.net\/sr\/#website","url":"https:\/\/spinwineracasino.net\/sr\/","name":"Spinwinera","description":"","publisher":{"@id":"https:\/\/spinwineracasino.net\/sr\/#organization"},"potentialAction":[{"@type":"SearchAction","target":{"@type":"EntryPoint","urlTemplate":"https:\/\/spinwineracasino.net\/sr\/?s={search_term_string}"},"query-input":{"@type":"PropertyValueSpecification","valueRequired":true,"valueName":"search_term_string"}}],"inLanguage":"sr-RS"},{"@type":"Organization","@id":"https:\/\/spinwineracasino.net\/sr\/#organization","name":"Spinwinera","url":"https:\/\/spinwineracasino.net\/sr\/","logo":{"@type":"ImageObject","inLanguage":"sr-RS","@id":"https:\/\/spinwineracasino.net\/sr\/#\/schema\/logo\/image\/","url":"https:\/\/spinwineracasino.net\/wp-content\/uploads\/2025\/08\/80u1FaquEZeR6OUTeJCc.png","contentUrl":"https:\/\/spinwineracasino.net\/wp-content\/uploads\/2025\/08\/80u1FaquEZeR6OUTeJCc.png","width":157,"height":30,"caption":"Spinwinera"},"image":{"@id":"https:\/\/spinwineracasino.net\/sr\/#\/schema\/logo\/image\/"}}]}},"_links":{"self":[{"href":"https:\/\/spinwineracasino.net\/sr\/wp-json\/wp\/v2\/pages\/2114","targetHints":{"allow":["GET"]}}],"collection":[{"href":"https:\/\/spinwineracasino.net\/sr\/wp-json\/wp\/v2\/pages"}],"about":[{"href":"https:\/\/spinwineracasino.net\/sr\/wp-json\/wp\/v2\/types\/page"}],"author":[{"embeddable":true,"href":"https:\/\/spinwineracasino.net\/sr\/wp-json\/wp\/v2\/users\/1"}],"replies":[{"embeddable":true,"href":"https:\/\/spinwineracasino.net\/sr\/wp-json\/wp\/v2\/comments?post=2114"}],"version-history":[{"count":2,"href":"https:\/\/spinwineracasino.net\/sr\/wp-json\/wp\/v2\/pages\/2114\/revisions"}],"predecessor-version":[{"id":2473,"href":"https:\/\/spinwineracasino.net\/sr\/wp-json\/wp\/v2\/pages\/2114\/revisions\/2473"}],"wp:attachment":[{"href":"https:\/\/spinwineracasino.net\/sr\/wp-json\/wp\/v2\/media?parent=2114"}],"curies":[{"name":"wp","href":"https:\/\/api.w.org\/{rel}","templated":true}]}}