{"id":2147,"date":"2025-11-04T12:53:54","date_gmt":"2025-11-04T12:53:54","guid":{"rendered":"https:\/\/spinwineracasino.net\/login-and-registration\/"},"modified":"2026-05-12T11:10:12","modified_gmt":"2026-05-12T10:10:12","slug":"prijava-i-registracija","status":"publish","type":"page","link":"https:\/\/spinwineracasino.net\/sr\/prijava-i-registracija\/","title":{"rendered":"Prijava i registracija"},"content":{"rendered":"<h1>Prijava na Spinwinera i kreiranje naloga<\/h1>\n<p>Upravljanje va\u0161im gejming nalozom po\u010dinje sigurnim procesom na Spinwinera login koji srpskim igra\u010dima omogu\u0107ava trenutan pristup svim funkcijama platforme. Nudimo jednostavne sisteme registracije i autentifikacije koji \u010duvaju va\u0161e podatke bezbednim, a pristup njima olak\u0161avaju. Va\u0161 nalog je klju\u010d za personalizovana gejming iskustva i posebne pogodnosti za \u010dlanove.<\/p>\n<p><div class=\"banner-wrap\" aria-label=\"Banner\"><img src=\"https:\/\/spinwineracasino.net\/wp-content\/uploads\/2025\/11\/Spinwinera-bonus-desktop.webp\" class=\"w-100 d-none d-lg-block img-pc main-banner-img\" alt=\"Spinwinera bonus desktop\" fetchpriority=\"high\" decoding=\"async\"><img src=\"https:\/\/spinwineracasino.net\/wp-content\/uploads\/2025\/11\/Spinwinera-bonus-mobile.webp\" class=\"w-100 d-none d-md-block d-lg-none main-banner-img\" alt=\"Spinwinera bonus mobile\" fetchpriority=\"high\" decoding=\"async\"><img src=\"https:\/\/spinwineracasino.net\/wp-content\/uploads\/2025\/11\/Spinwinera-bonus-mobile.webp\" class=\"w-100 d-md-none\" alt=\"Spinwinera bonus mobile\" fetchpriority=\"high\" decoding=\"async\"><div class=\"banner-description\">\n<div class=\"banner-title\">Bonusi dobrodo\u0161lice<\/div>\n<p class=\"banner-header-title\">\u20ac1,500<\/p>\n<div class=\"banner-header-AdditionalText\">+ 250 Besplatni spinovi<\/div>\n<button data-item=\"homepage_banner_link\" class=\"goto m-button m-gradient-border m-button--primary m-button--large banner-button btn-orange\">\n            <div class=\"m-button-content\">\n                <span>Registruj se odmah<\/span>\n                <span><\/span>\n            <\/div>\n        <\/button>\n<\/div>\n<div class=\"WelcomePack\">\n<p><img loading=\"lazy\" decoding=\"async\" class=\"alignnone size-full wp-image-1378\" src=\"https:\/\/spinwineracasino.net\/wp-content\/uploads\/2025\/11\/welcome-crown.svg\" alt=\"crown\" width=\"25\" height=\"26\" \/><\/p>\n<div class=\"WelcomePack-Info\">Nedeljni cashback do 25%<\/div>\n<p><img loading=\"lazy\" decoding=\"async\" class=\"alignnone size-full wp-image-1378\" src=\"https:\/\/spinwineracasino.net\/wp-content\/uploads\/2025\/11\/welcome-crown.svg\" alt=\"crown\" width=\"25\" height=\"26\" \/><\/p>\n<\/div>\n<\/div><div class=\"scrollable-content-wrap my-5\"><div class=\"scrollable-content-inner\"><h2>Prijavite se i kreirajte nalog na Spin Winera<\/h2>\n<p>Kada otvorite nalog na Spinwinera Casino, dobijate pristup celoj biblioteci igara i funkcija koje su dostupne samo \u010dlanovima. Registracija traje samo nekoliko minuta, a potrebno je da navedete neke osnovne li\u010dne podatke kako biste za\u0161titili svoj nalog i po\u0161tovali pravila igara.<\/p>\n<p>Sa va\u0161im novim Spinwinera nalozom mo\u017eete brzo da pristupite metodama depozita, opcijama povla\u010denja i bonus programima. Va\u0161 bezbedni profil prati va\u0161u istoriju igara, evidenciju transakcija i pode\u0161avanja preferencija. Korisnici naloga mogu da se pridru\u017ee programima lojalnosti, dobijaju personalizovane ponude i dobijaju pomo\u0107 od korisni\u010dke slu\u017ebe preko posebnih kanala.<\/p>\n<h3>Pode\u0161avanja i funkcije va\u0161eg naloga<\/h3>\n<p>Na svom kontrolnom tabli mo\u017eete na mnogo na\u010dina prilagoditi svoje Spinwinera preferencije za igru, pode\u0161avanja komunikacije i bezbednosne funkcije.<\/p>\n<ul>\n<li>Pru\u017eamo vam alate za postavljanje ograni\u010denja depozita, podse\u0107anje na trajanje sesije i pode\u0161avanje obave\u0161tenja o proveri realnosti koja vam poma\u017eu da igrate odgovorno.<\/li>\n<li>U pode\u0161avanjima mo\u017eete promeniti na\u010dine pla\u0107anja, a\u017eurirati li\u010dne podatke i promeniti na\u010din na koji \u017eelite da budete obave\u0161tavani o promotivnim materijalima.<\/li>\n<li>Mo\u017eete da uklju\u010dite dvofaktorsku autentifikaciju da biste u\u010dinili svoj nalog bezbednijim, pogledate svoju istoriju igara i pregledate detaljne istorije transakcija.<\/li>\n<li>U bilo kom trenutku mo\u017eete promeniti pode\u0161avanja jezika i valute kako biste ih prilagodili svojim potrebama.<\/li>\n<\/ul>\n<h2>Proces verifikacije naloga<\/h2>\n<p>Verifikacija naloga dokazuje va\u0161 identitet i daje vam pun pristup Spinwinera Casino, uklju\u010duju\u0107i mogu\u0107nost povla\u010denja novca i obavljanja ve\u0107ih transakcija. Da bismo ispunili regulatorne zahteve i spre\u010dili neovla\u0161\u0107en pristup profilima, potrebni su nam dokumenti za verifikaciju.<\/p>\n<p>Po\u0161aljite va\u017ee\u0107i li\u010dni dokument sa fotografijom koji je izdala dr\u017eavna institucija, dokaz o adresi ne stariji od tri meseca i potvrdu na\u010dina pla\u0107anja ako se tra\u017ei. Ra\u010duni za komunalne usluge, bankarski izvodi ili zvani\u010dna pisma koja sadr\u017ee va\u0161e ime i trenutnu adresu su prihvatljivi dokumenti za dokazivanje adrese. Koristite odeljak za verifikaciju na svom kontrolnom tabli da biste otpremili jasne i \u010ditljive kopije.<\/p>\n<p>Tokom radnog vremena, na\u0161 tim za verifikaciju u Spinwinera pregleda priloge u roku od 24 do 48 sati. Dobi\u0107ete obave\u0161tenja putem e-po\u0161te o statusu verifikacije. Da biste izbegli ka\u0161njenja u obradi, uverite se da ste zavr\u0161ili verifikaciju pre nego \u0161to zatra\u017eite prvo povla\u010denje sredstava. Svi dokumenti koje nam po\u0161aljete su \u0161ifrovani i \u010duvaju se bezbedno u skladu sa zakonima o za\u0161titi podataka.<\/p>\n<h2>Prijavljivanje na Spinwinera<\/h2>\n<ol>\n<li>Mo\u017eete da se prijavite na svoj Spinwinera nalog klikom na dugme u gornjem desnom uglu na\u0161e po\u010detne stranice.<\/li>\n<li>Popunite polja svojom registrovanom adresom e-po\u0161te i lozinkom.<\/li>\n<li>Kliknite na dugme za prijavu da biste pre\u0161li na svoju kontrolnu tablu.<\/li>\n<\/ol>\n<p>Kada se prijavite, mo\u017eete pregledati na\u0161 katalog igara, upla\u0107ivati depozite, preuzimati dostupne bonuse i menjati pode\u0161avanja. Va\u0161 trenutni saldo, aktivne promocije i nedavna aktivnost u igranju prikazani su na kontrolnoj tabli. Koristite glavni meni da biste se kretali izme\u0111u razli\u010ditih odeljka i pregledali slotove, stone igre, opcije sa dilerom u\u017eivo i druge vrste zabave.<\/p>\n<h3>Resetovanje lozinke ili korisni\u010dkog imena<\/h3>\n<p>Mo\u017eete da resetujete lozinku ako je zaboravite klikom na vezu &#8220;Zaboravio sam lozinku?&#8221; na stranici za prijavu Spinwinera. Unesite va\u0161u registrovanu adresu e-po\u0161te i mi \u0107emo u roku od nekoliko minuta poslati uputstva za resetovanje u va\u0161 inboks. Da biste napravili novu lozinku koja ispunjava na\u0161e bezbednosne standarde, kliknite na vezu za bezbednost u e-poruci.<\/p>\n<table>\n<tbody>\n<tr>\n<td>Situacija sa oporavkom<\/td>\n<td>Re\u0161enje<\/td>\n<\/tr>\n<tr>\n<td>Zaboravljena lozinka<\/td>\n<td>Koristite vezu za resetovanje lozinke na stranici za prijavu<\/td>\n<\/tr>\n<tr>\n<td>Nedostupan imejl<\/td>\n<td>Kontaktirajte tim za podr\u0161ku radi verifikacije identiteta<\/td>\n<\/tr>\n<tr>\n<td>Nalog zaklju\u010dan<\/td>\n<td>Obratite se korisni\u010dkoj slu\u017ebi za pomo\u0107 pri otklju\u010davanju<\/td>\n<\/tr>\n<tr>\n<td>Poruke o gre\u0161kama pri prijavljivanju<\/td>\n<td>O\u010distite ke\u0161 pregleda\u010da ili probajte drugi pregleda\u010d<\/td>\n<\/tr>\n<\/tbody>\n<\/table>\n<h2>\u010cesto postavljana pitanja<\/h2>\n<h3>Kako da otvorim novi nalog u Spin Winera Casino?<\/h3>\n<p>Da biste do\u0161li do obrasca za kreiranje naloga na Spinwinera, kliknite na dugme &#8220;Registrujte se&#8221; na na\u0161oj po\u010detnoj stranici. Unesite svoju e-po\u0161tu, lozinku, puno ime, datum ro\u0111enja i adresu. Prihvatite uslove i odredbe, a zatim po\u0161aljite obrazac. Mi \u0161aljemo imejl za potvrdu da bismo proverili va\u0161u adresu i aktivirali va\u0161 nalog.<\/p>\n<h3>Za\u0161to ne mogu da pristupim svom Spinwinera nalogu?<\/h3>\n<p>Problemi pri prijavljivanju obi\u010dno su uzrokovani uno\u0161enjem pogre\u0161ne lozinke, potrebom za verifikacijom va\u0161eg naloga ili problemima sa ke\u0161om pregleda\u010da. Uverite se da unosite ispravnu adresu e-po\u0161te i lozinku sa ispravnim velikim slovima. Poku\u0161ajte ponovo da se prijavite nakon \u0161to o\u010distite ke\u0161 i kola\u010di\u0107e pregleda\u010da. Ako je proces verifikacije i dalje u toku, po\u0161aljite potrebne dokumente. Ako ovi koraci ne re\u0161e problem, obratite se vi\u0161ejezi\u010dnoj podr\u0161ci preko \u0107askanja u\u017eivo ili e-po\u0161te.<\/p>\n<h3>Koje podatke treba da dostavim pri registraciji?<\/h3>\n<p>Da biste se registrovali u Spinwinera Casino, potrebno je da navedete svoju adresu e-po\u0161te. Morate da kreirate jaku lozinku koja ispunjava na\u0161e standarde i da izaberete valutu. Potrebne su nam ove informacije da bismo proverili va\u0161 uzrast, potvrdili va\u0161 identitet i po\u0161tovali pravila igre koja obezbe\u0111uju bezbednost svih igra\u010da.<\/p>\n<\/div><\/div><\/p>\n","protected":false},"excerpt":{"rendered":"<p>Prijava na Spinwinera i kreiranje naloga Upravljanje va\u0161im gejming nalozom po\u010dinje sigurnim procesom na Spinwinera login koji srpskim igra\u010dima omogu\u0107ava trenutan pristup svim funkcijama platforme. Nudimo jednostavne sisteme registracije i autentifikacije koji \u010duvaju va\u0161e podatke bezbednim, a pristup njima olak\u0161avaju. Va\u0161 nalog je klju\u010d za personalizovana gejming iskustva i posebne pogodnosti za \u010dlanove.<\/p>\n","protected":false},"author":1,"featured_media":0,"parent":0,"menu_order":0,"comment_status":"closed","ping_status":"closed","template":"template-builder.php","meta":{"_acf_changed":false,"inline_featured_image":false,"footnotes":""},"class_list":["post-2147","page","type-page","status-publish","hentry"],"acf":[],"yoast_head":"<!-- This site is optimized with the Yoast SEO plugin v27.3 - https:\/\/yoast.com\/product\/yoast-seo-wordpress\/ -->\n<title>Spinwinera Login | Registracija i upravljanje nalogom<\/title>\n<meta name=\"description\" content=\"Koristite Spin Winera Casino login za siguran pristup nalogu ili registraciju. Brza registracija, bezbedan pristup i za\u0161tita naloga za bolje iskustvo igre.\" \/>\n<meta name=\"robots\" content=\"index, follow, max-snippet:-1, max-image-preview:large, max-video-preview:-1\" \/>\n<link rel=\"canonical\" href=\"https:\/\/spinwineracasino.net\/sr\/prijava-i-registracija\/\" \/>\n<meta property=\"og:locale\" content=\"sr_RS\" \/>\n<meta property=\"og:type\" content=\"article\" \/>\n<meta property=\"og:title\" content=\"Spinwinera Login | Registracija i upravljanje nalogom\" \/>\n<meta property=\"og:description\" content=\"Koristite Spin Winera Casino login za siguran pristup nalogu ili registraciju. Brza registracija, bezbedan pristup i za\u0161tita naloga za bolje iskustvo igre.\" \/>\n<meta property=\"og:url\" content=\"https:\/\/spinwineracasino.net\/sr\/prijava-i-registracija\/\" \/>\n<meta property=\"og:site_name\" content=\"spinwinera\" \/>\n<meta property=\"article:modified_time\" content=\"2026-05-12T10:10:12+00:00\" \/>\n<meta name=\"twitter:card\" content=\"summary_large_image\" \/>\n<meta name=\"twitter:label1\" content=\"Est. reading time\" \/>\n\t<meta name=\"twitter:data1\" content=\"1 minute\" \/>\n<script type=\"application\/ld+json\" class=\"yoast-schema-graph\">{\"@context\":\"https:\\\/\\\/schema.org\",\"@graph\":[{\"@type\":\"WebPage\",\"@id\":\"https:\\\/\\\/spinwineracasino.net\\\/sr\\\/prijava-i-registracija\\\/\",\"url\":\"https:\\\/\\\/spinwineracasino.net\\\/sr\\\/prijava-i-registracija\\\/\",\"name\":\"Spinwinera Login | Registracija i upravljanje nalogom\",\"isPartOf\":{\"@id\":\"https:\\\/\\\/spinwineracasino.net\\\/sr\\\/#website\"},\"datePublished\":\"2025-11-04T12:53:54+00:00\",\"dateModified\":\"2026-05-12T10:10:12+00:00\",\"description\":\"Koristite Spin Winera Casino login za siguran pristup nalogu ili registraciju. Brza registracija, bezbedan pristup i za\u0161tita naloga za bolje iskustvo igre.\",\"breadcrumb\":{\"@id\":\"https:\\\/\\\/spinwineracasino.net\\\/sr\\\/prijava-i-registracija\\\/#breadcrumb\"},\"inLanguage\":\"sr-RS\",\"potentialAction\":[{\"@type\":\"ReadAction\",\"target\":[\"https:\\\/\\\/spinwineracasino.net\\\/sr\\\/prijava-i-registracija\\\/\"]}]},{\"@type\":\"BreadcrumbList\",\"@id\":\"https:\\\/\\\/spinwineracasino.net\\\/sr\\\/prijava-i-registracija\\\/#breadcrumb\",\"itemListElement\":[{\"@type\":\"ListItem\",\"position\":1,\"name\":\"Spinwinera\",\"item\":\"https:\\\/\\\/spinwineracasino.net\\\/sr\\\/\"},{\"@type\":\"ListItem\",\"position\":2,\"name\":\"Prijava i registracija\"}]},{\"@type\":\"WebSite\",\"@id\":\"https:\\\/\\\/spinwineracasino.net\\\/sr\\\/#website\",\"url\":\"https:\\\/\\\/spinwineracasino.net\\\/sr\\\/\",\"name\":\"Spinwinera\",\"description\":\"\",\"publisher\":{\"@id\":\"https:\\\/\\\/spinwineracasino.net\\\/sr\\\/#organization\"},\"potentialAction\":[{\"@type\":\"SearchAction\",\"target\":{\"@type\":\"EntryPoint\",\"urlTemplate\":\"https:\\\/\\\/spinwineracasino.net\\\/sr\\\/?s={search_term_string}\"},\"query-input\":{\"@type\":\"PropertyValueSpecification\",\"valueRequired\":true,\"valueName\":\"search_term_string\"}}],\"inLanguage\":\"sr-RS\"},{\"@type\":\"Organization\",\"@id\":\"https:\\\/\\\/spinwineracasino.net\\\/sr\\\/#organization\",\"name\":\"Spinwinera\",\"url\":\"https:\\\/\\\/spinwineracasino.net\\\/sr\\\/\",\"logo\":{\"@type\":\"ImageObject\",\"inLanguage\":\"sr-RS\",\"@id\":\"https:\\\/\\\/spinwineracasino.net\\\/sr\\\/#\\\/schema\\\/logo\\\/image\\\/\",\"url\":\"https:\\\/\\\/spinwineracasino.net\\\/wp-content\\\/uploads\\\/2025\\\/08\\\/80u1FaquEZeR6OUTeJCc.png\",\"contentUrl\":\"https:\\\/\\\/spinwineracasino.net\\\/wp-content\\\/uploads\\\/2025\\\/08\\\/80u1FaquEZeR6OUTeJCc.png\",\"width\":157,\"height\":30,\"caption\":\"Spinwinera\"},\"image\":{\"@id\":\"https:\\\/\\\/spinwineracasino.net\\\/sr\\\/#\\\/schema\\\/logo\\\/image\\\/\"}}]}<\/script>\n<!-- \/ Yoast SEO plugin. -->","yoast_head_json":{"title":"Spinwinera Login | Registracija i upravljanje nalogom","description":"Koristite Spin Winera Casino login za siguran pristup nalogu ili registraciju. Brza registracija, bezbedan pristup i za\u0161tita naloga za bolje iskustvo igre.","robots":{"index":"index","follow":"follow","max-snippet":"max-snippet:-1","max-image-preview":"max-image-preview:large","max-video-preview":"max-video-preview:-1"},"canonical":"https:\/\/spinwineracasino.net\/sr\/prijava-i-registracija\/","og_locale":"sr_RS","og_type":"article","og_title":"Spinwinera Login | Registracija i upravljanje nalogom","og_description":"Koristite Spin Winera Casino login za siguran pristup nalogu ili registraciju. Brza registracija, bezbedan pristup i za\u0161tita naloga za bolje iskustvo igre.","og_url":"https:\/\/spinwineracasino.net\/sr\/prijava-i-registracija\/","og_site_name":"spinwinera","article_modified_time":"2026-05-12T10:10:12+00:00","twitter_card":"summary_large_image","twitter_misc":{"Est. reading time":"1 minute"},"schema":{"@context":"https:\/\/schema.org","@graph":[{"@type":"WebPage","@id":"https:\/\/spinwineracasino.net\/sr\/prijava-i-registracija\/","url":"https:\/\/spinwineracasino.net\/sr\/prijava-i-registracija\/","name":"Spinwinera Login | Registracija i upravljanje nalogom","isPartOf":{"@id":"https:\/\/spinwineracasino.net\/sr\/#website"},"datePublished":"2025-11-04T12:53:54+00:00","dateModified":"2026-05-12T10:10:12+00:00","description":"Koristite Spin Winera Casino login za siguran pristup nalogu ili registraciju. Brza registracija, bezbedan pristup i za\u0161tita naloga za bolje iskustvo igre.","breadcrumb":{"@id":"https:\/\/spinwineracasino.net\/sr\/prijava-i-registracija\/#breadcrumb"},"inLanguage":"sr-RS","potentialAction":[{"@type":"ReadAction","target":["https:\/\/spinwineracasino.net\/sr\/prijava-i-registracija\/"]}]},{"@type":"BreadcrumbList","@id":"https:\/\/spinwineracasino.net\/sr\/prijava-i-registracija\/#breadcrumb","itemListElement":[{"@type":"ListItem","position":1,"name":"Spinwinera","item":"https:\/\/spinwineracasino.net\/sr\/"},{"@type":"ListItem","position":2,"name":"Prijava i registracija"}]},{"@type":"WebSite","@id":"https:\/\/spinwineracasino.net\/sr\/#website","url":"https:\/\/spinwineracasino.net\/sr\/","name":"Spinwinera","description":"","publisher":{"@id":"https:\/\/spinwineracasino.net\/sr\/#organization"},"potentialAction":[{"@type":"SearchAction","target":{"@type":"EntryPoint","urlTemplate":"https:\/\/spinwineracasino.net\/sr\/?s={search_term_string}"},"query-input":{"@type":"PropertyValueSpecification","valueRequired":true,"valueName":"search_term_string"}}],"inLanguage":"sr-RS"},{"@type":"Organization","@id":"https:\/\/spinwineracasino.net\/sr\/#organization","name":"Spinwinera","url":"https:\/\/spinwineracasino.net\/sr\/","logo":{"@type":"ImageObject","inLanguage":"sr-RS","@id":"https:\/\/spinwineracasino.net\/sr\/#\/schema\/logo\/image\/","url":"https:\/\/spinwineracasino.net\/wp-content\/uploads\/2025\/08\/80u1FaquEZeR6OUTeJCc.png","contentUrl":"https:\/\/spinwineracasino.net\/wp-content\/uploads\/2025\/08\/80u1FaquEZeR6OUTeJCc.png","width":157,"height":30,"caption":"Spinwinera"},"image":{"@id":"https:\/\/spinwineracasino.net\/sr\/#\/schema\/logo\/image\/"}}]}},"_links":{"self":[{"href":"https:\/\/spinwineracasino.net\/sr\/wp-json\/wp\/v2\/pages\/2147","targetHints":{"allow":["GET"]}}],"collection":[{"href":"https:\/\/spinwineracasino.net\/sr\/wp-json\/wp\/v2\/pages"}],"about":[{"href":"https:\/\/spinwineracasino.net\/sr\/wp-json\/wp\/v2\/types\/page"}],"author":[{"embeddable":true,"href":"https:\/\/spinwineracasino.net\/sr\/wp-json\/wp\/v2\/users\/1"}],"replies":[{"embeddable":true,"href":"https:\/\/spinwineracasino.net\/sr\/wp-json\/wp\/v2\/comments?post=2147"}],"version-history":[{"count":1,"href":"https:\/\/spinwineracasino.net\/sr\/wp-json\/wp\/v2\/pages\/2147\/revisions"}],"predecessor-version":[{"id":2474,"href":"https:\/\/spinwineracasino.net\/sr\/wp-json\/wp\/v2\/pages\/2147\/revisions\/2474"}],"wp:attachment":[{"href":"https:\/\/spinwineracasino.net\/sr\/wp-json\/wp\/v2\/media?parent=2147"}],"curies":[{"name":"wp","href":"https:\/\/api.w.org\/{rel}","templated":true}]}}