{"id":2151,"date":"2024-10-27T11:38:29","date_gmt":"2024-10-27T11:38:29","guid":{"rendered":"https:\/\/spinwineracasino.net\/privacy-policy\/"},"modified":"2026-05-12T11:15:08","modified_gmt":"2026-05-12T10:15:08","slug":"politika-privatnosti","status":"publish","type":"page","link":"https:\/\/spinwineracasino.net\/sr\/politika-privatnosti\/","title":{"rendered":"Politika privatnosti"},"content":{"rendered":"\r\n<h1 class=\"wp-block-heading\">Politika privatnosti<\/h1>\r\n<h2>Ko smo mi<\/h2>\r\nAdresa na\u0161eg sajta je: <a href=\"http:\/\/spinwineracasino.net\">spinwineracasino.net<\/a>.\r\n<h2>Komentari<\/h2>\r\nKada posetioci ostavljaju komentare na sajtu, prikupljamo podatke prikazane u formularu za komentare, kao i IP adresu posetioca i informacije o pregleda\u010du radi za\u0161tite od ne\u017eeljene po\u0161te.\r\n\r\nAnonimizovani niz kreiran iz va\u0161e email adrese (tako\u0111e poznat kao hash) mo\u017ee biti prosle\u0111en servisu Gravatar kako bi se proverilo da li ga koristite. Politika privatnosti servisa Gravatar dostupna je ovde:\u00a0https:\/\/automattic.com\/privacy\/. Nakon odobrenja va\u0161eg komentara, va\u0161a profilna slika \u0107e biti javno vidljiva u okviru komentara.\r\n<h2>Medijski fajlovi<\/h2>\r\nAko otpremate slike na sajt, preporu\u010duje se da izbegavate slike koje sadr\u017ee ugra\u0111ene podatke o lokaciji (EXIF GPS). Posetioci sajta mogu preuzeti i izdvojiti podatke o lokaciji iz slika postavljenih na sajtu.\r\n<h2>Kola\u010di\u0107i<\/h2>\r\nAko ostavite komentar na na\u0161em sajtu, mo\u017eete izabrati da sa\u010duvate svoje ime, email adresu i veb-sajt u kola\u010di\u0107ima. Ovo slu\u017ei radi va\u0161e pogodnosti kako ne biste morali ponovo da unosite podatke prilikom ostavljanja novog komentara. Ovi kola\u010di\u0107i traju 1 godinu.\r\n\r\nAko imate nalog na sajtu i prijavite se, postavi\u0107emo privremeni kola\u010di\u0107 kako bismo proverili da li va\u0161 pregleda\u010d podr\u017eava kola\u010di\u0107e. Ovaj kola\u010di\u0107 ne sadr\u017ei li\u010dne podatke i bri\u0161e se kada zatvorite pregleda\u010d.\r\n\r\nPrilikom prijave postavljamo i nekoliko kola\u010di\u0107a za \u010duvanje informacija o prijavi i pode\u0161avanjima ekrana. Kola\u010di\u0107i za prijavu traju 2 dana, a kola\u010di\u0107i za pode\u0161avanja ekrana 1 godinu. Ako izaberete opciju \u201eZapamti me\u201c, prijava \u0107e trajati 2 nedelje. Kada se odjavite sa naloga, kola\u010di\u0107i za prijavu \u0107e biti obrisani.\r\n\r\nAko izmenite ili objavite \u010dlanak, dodatni kola\u010di\u0107 \u0107e biti sa\u010duvan u va\u0161em pregleda\u010du. Ovaj kola\u010di\u0107 ne sadr\u017ei li\u010dne podatke i samo ozna\u010dava ID objave \u010dlanka koji ste upravo izmenili. Isti\u010de nakon 1 dana.\r\n<h2>Ugra\u0111eni sadr\u017eaj sa drugih sajtova<\/h2>\r\n\u010clanci na ovom sajtu mogu sadr\u017eati ugra\u0111eni sadr\u017eaj (npr. video snimke, slike, \u010dlanke itd.). Ugra\u0111eni sadr\u017eaj sa drugih sajtova pona\u0161a se isto kao da je korisnik direktno posetio taj drugi sajt.\r\n\r\nOvi sajtovi mogu prikupljati podatke o vama, koristiti kola\u010di\u0107e, uklju\u010divati dodatne sisteme za pra\u0107enje tre\u0107ih strana i pratiti va\u0161u interakciju sa tim sadr\u017eajem. Posebno mogu pratiti va\u0161u interakciju ako imate nalog i prijavljeni ste na tom sajtu.\r\n<h2>Sa kim delimo va\u0161e podatke?<\/h2>\r\nAko zatra\u017eite resetovanje lozinke, va\u0161a IP adresa \u0107e biti uklju\u010dena u email za resetovanje lozinke.\r\n<h2>Koliko dugo \u010duvamo va\u0161e podatke?<\/h2>\r\nAko ostavite komentar, komentar i njegovi metapodaci \u010duvaju se neograni\u010deno. Ovo nam omogu\u0107ava da automatski prepoznamo i odobrimo budu\u0107e komentare umesto da ih zadr\u017eavamo u redu za moderaciju.\r\n\r\nZa korisnike koji se registruju na na\u0161em sajtu (ako ih ima), \u010duvamo li\u010dne podatke koje navedu u svom korisni\u010dkom profilu. Svi korisnici mogu u bilo kom trenutku pregledati, izmeniti ili obrisati svoje li\u010dne podatke (osim korisni\u010dkog imena koje nije mogu\u0107e promeniti). Administratori sajta tako\u0111e mogu pregledati i ure\u0111ivati te informacije.\r\n<h2>Koja su va\u0161a prava u vezi sa va\u0161im podacima?<\/h2>\r\nAko imate nalog na ovom sajtu ili ste ostavili komentare, mo\u017eete zatra\u017eiti izvoz fajla sa li\u010dnim podacima koje posedujemo o vama, uklju\u010duju\u0107i sve podatke koje ste nam dostavili. Tako\u0111e mo\u017eete zatra\u017eiti brisanje svih li\u010dnih podataka koje posedujemo o vama. Ovo ne uklju\u010duje podatke koje smo obavezni da \u010duvamo iz administrativnih, pravnih ili bezbednosnih razloga.\r\n<h2>Gde se va\u0161i podaci \u0161alju?<\/h2>\r\nKomentari posetilaca mogu biti provereni putem automatizovanog sistema za otkrivanje ne\u017eeljene po\u0161te.\r\n\r\n","protected":false},"excerpt":{"rendered":"<p>Politika privatnosti Ko smo mi Adresa na\u0161eg sajta je: spinwineracasino.net. Komentari Kada posetioci ostavljaju komentare na sajtu, prikupljamo podatke prikazane u formularu za komentare, kao i IP adresu posetioca i informacije o pregleda\u010du radi za\u0161tite od ne\u017eeljene po\u0161te. Anonimizovani niz kreiran iz va\u0161e email adrese (tako\u0111e poznat kao hash) mo\u017ee biti prosle\u0111en servisu Gravatar kako [&hellip;]<\/p>\n","protected":false},"author":1,"featured_media":0,"parent":0,"menu_order":0,"comment_status":"closed","ping_status":"open","template":"template-builder.php","meta":{"_acf_changed":false,"inline_featured_image":false,"footnotes":""},"class_list":["post-2151","page","type-page","status-publish","hentry"],"acf":[],"yoast_head":"<!-- This site is optimized with the Yoast SEO plugin v27.3 - https:\/\/yoast.com\/product\/yoast-seo-wordpress\/ -->\n<title>Politika privatnosti<\/title>\n<meta name=\"description\" content=\"Saznajte vi\u0161e o Politici privatnosti: kako se va\u0161i li\u010dni podaci prikupljaju, koriste i \u0161tite kako bi se obezbedilo sigurno iskustvo igranja.\" \/>\n<meta name=\"robots\" content=\"noindex, follow\" \/>\n<meta property=\"og:locale\" content=\"sr_RS\" \/>\n<meta property=\"og:type\" content=\"article\" \/>\n<meta property=\"og:title\" content=\"Politika privatnosti\" \/>\n<meta property=\"og:description\" content=\"Saznajte vi\u0161e o Politici privatnosti: kako se va\u0161i li\u010dni podaci prikupljaju, koriste i \u0161tite kako bi se obezbedilo sigurno iskustvo igranja.\" \/>\n<meta property=\"og:url\" content=\"https:\/\/spinwineracasino.net\/sr\/politika-privatnosti\/\" \/>\n<meta property=\"og:site_name\" content=\"spinwinera\" \/>\n<meta property=\"article:modified_time\" content=\"2026-05-12T10:15:08+00:00\" \/>\n<meta name=\"twitter:card\" content=\"summary_large_image\" \/>\n<meta name=\"twitter:label1\" content=\"Est. reading time\" \/>\n\t<meta name=\"twitter:data1\" content=\"3 minutes\" \/>\n<script type=\"application\/ld+json\" class=\"yoast-schema-graph\">{\"@context\":\"https:\\\/\\\/schema.org\",\"@graph\":[{\"@type\":\"WebPage\",\"@id\":\"https:\\\/\\\/spinwineracasino.net\\\/sr\\\/politika-privatnosti\\\/\",\"url\":\"https:\\\/\\\/spinwineracasino.net\\\/sr\\\/politika-privatnosti\\\/\",\"name\":\"Politika privatnosti\",\"isPartOf\":{\"@id\":\"https:\\\/\\\/spinwineracasino.net\\\/sr\\\/#website\"},\"datePublished\":\"2024-10-27T11:38:29+00:00\",\"dateModified\":\"2026-05-12T10:15:08+00:00\",\"description\":\"Saznajte vi\u0161e o Politici privatnosti: kako se va\u0161i li\u010dni podaci prikupljaju, koriste i \u0161tite kako bi se obezbedilo sigurno iskustvo igranja.\",\"breadcrumb\":{\"@id\":\"https:\\\/\\\/spinwineracasino.net\\\/sr\\\/politika-privatnosti\\\/#breadcrumb\"},\"inLanguage\":\"sr-RS\",\"potentialAction\":[{\"@type\":\"ReadAction\",\"target\":[\"https:\\\/\\\/spinwineracasino.net\\\/sr\\\/politika-privatnosti\\\/\"]}]},{\"@type\":\"BreadcrumbList\",\"@id\":\"https:\\\/\\\/spinwineracasino.net\\\/sr\\\/politika-privatnosti\\\/#breadcrumb\",\"itemListElement\":[{\"@type\":\"ListItem\",\"position\":1,\"name\":\"Spinwinera\",\"item\":\"https:\\\/\\\/spinwineracasino.net\\\/sr\\\/\"},{\"@type\":\"ListItem\",\"position\":2,\"name\":\"Politika privatnosti\"}]},{\"@type\":\"WebSite\",\"@id\":\"https:\\\/\\\/spinwineracasino.net\\\/sr\\\/#website\",\"url\":\"https:\\\/\\\/spinwineracasino.net\\\/sr\\\/\",\"name\":\"Spinwinera\",\"description\":\"\",\"publisher\":{\"@id\":\"https:\\\/\\\/spinwineracasino.net\\\/sr\\\/#organization\"},\"potentialAction\":[{\"@type\":\"SearchAction\",\"target\":{\"@type\":\"EntryPoint\",\"urlTemplate\":\"https:\\\/\\\/spinwineracasino.net\\\/sr\\\/?s={search_term_string}\"},\"query-input\":{\"@type\":\"PropertyValueSpecification\",\"valueRequired\":true,\"valueName\":\"search_term_string\"}}],\"inLanguage\":\"sr-RS\"},{\"@type\":\"Organization\",\"@id\":\"https:\\\/\\\/spinwineracasino.net\\\/sr\\\/#organization\",\"name\":\"Spinwinera\",\"url\":\"https:\\\/\\\/spinwineracasino.net\\\/sr\\\/\",\"logo\":{\"@type\":\"ImageObject\",\"inLanguage\":\"sr-RS\",\"@id\":\"https:\\\/\\\/spinwineracasino.net\\\/sr\\\/#\\\/schema\\\/logo\\\/image\\\/\",\"url\":\"https:\\\/\\\/spinwineracasino.net\\\/wp-content\\\/uploads\\\/2025\\\/08\\\/80u1FaquEZeR6OUTeJCc.png\",\"contentUrl\":\"https:\\\/\\\/spinwineracasino.net\\\/wp-content\\\/uploads\\\/2025\\\/08\\\/80u1FaquEZeR6OUTeJCc.png\",\"width\":157,\"height\":30,\"caption\":\"Spinwinera\"},\"image\":{\"@id\":\"https:\\\/\\\/spinwineracasino.net\\\/sr\\\/#\\\/schema\\\/logo\\\/image\\\/\"}}]}<\/script>\n<!-- \/ Yoast SEO plugin. -->","yoast_head_json":{"title":"Politika privatnosti","description":"Saznajte vi\u0161e o Politici privatnosti: kako se va\u0161i li\u010dni podaci prikupljaju, koriste i \u0161tite kako bi se obezbedilo sigurno iskustvo igranja.","robots":{"index":"noindex","follow":"follow"},"og_locale":"sr_RS","og_type":"article","og_title":"Politika privatnosti","og_description":"Saznajte vi\u0161e o Politici privatnosti: kako se va\u0161i li\u010dni podaci prikupljaju, koriste i \u0161tite kako bi se obezbedilo sigurno iskustvo igranja.","og_url":"https:\/\/spinwineracasino.net\/sr\/politika-privatnosti\/","og_site_name":"spinwinera","article_modified_time":"2026-05-12T10:15:08+00:00","twitter_card":"summary_large_image","twitter_misc":{"Est. reading time":"3 minutes"},"schema":{"@context":"https:\/\/schema.org","@graph":[{"@type":"WebPage","@id":"https:\/\/spinwineracasino.net\/sr\/politika-privatnosti\/","url":"https:\/\/spinwineracasino.net\/sr\/politika-privatnosti\/","name":"Politika privatnosti","isPartOf":{"@id":"https:\/\/spinwineracasino.net\/sr\/#website"},"datePublished":"2024-10-27T11:38:29+00:00","dateModified":"2026-05-12T10:15:08+00:00","description":"Saznajte vi\u0161e o Politici privatnosti: kako se va\u0161i li\u010dni podaci prikupljaju, koriste i \u0161tite kako bi se obezbedilo sigurno iskustvo igranja.","breadcrumb":{"@id":"https:\/\/spinwineracasino.net\/sr\/politika-privatnosti\/#breadcrumb"},"inLanguage":"sr-RS","potentialAction":[{"@type":"ReadAction","target":["https:\/\/spinwineracasino.net\/sr\/politika-privatnosti\/"]}]},{"@type":"BreadcrumbList","@id":"https:\/\/spinwineracasino.net\/sr\/politika-privatnosti\/#breadcrumb","itemListElement":[{"@type":"ListItem","position":1,"name":"Spinwinera","item":"https:\/\/spinwineracasino.net\/sr\/"},{"@type":"ListItem","position":2,"name":"Politika privatnosti"}]},{"@type":"WebSite","@id":"https:\/\/spinwineracasino.net\/sr\/#website","url":"https:\/\/spinwineracasino.net\/sr\/","name":"Spinwinera","description":"","publisher":{"@id":"https:\/\/spinwineracasino.net\/sr\/#organization"},"potentialAction":[{"@type":"SearchAction","target":{"@type":"EntryPoint","urlTemplate":"https:\/\/spinwineracasino.net\/sr\/?s={search_term_string}"},"query-input":{"@type":"PropertyValueSpecification","valueRequired":true,"valueName":"search_term_string"}}],"inLanguage":"sr-RS"},{"@type":"Organization","@id":"https:\/\/spinwineracasino.net\/sr\/#organization","name":"Spinwinera","url":"https:\/\/spinwineracasino.net\/sr\/","logo":{"@type":"ImageObject","inLanguage":"sr-RS","@id":"https:\/\/spinwineracasino.net\/sr\/#\/schema\/logo\/image\/","url":"https:\/\/spinwineracasino.net\/wp-content\/uploads\/2025\/08\/80u1FaquEZeR6OUTeJCc.png","contentUrl":"https:\/\/spinwineracasino.net\/wp-content\/uploads\/2025\/08\/80u1FaquEZeR6OUTeJCc.png","width":157,"height":30,"caption":"Spinwinera"},"image":{"@id":"https:\/\/spinwineracasino.net\/sr\/#\/schema\/logo\/image\/"}}]}},"_links":{"self":[{"href":"https:\/\/spinwineracasino.net\/sr\/wp-json\/wp\/v2\/pages\/2151","targetHints":{"allow":["GET"]}}],"collection":[{"href":"https:\/\/spinwineracasino.net\/sr\/wp-json\/wp\/v2\/pages"}],"about":[{"href":"https:\/\/spinwineracasino.net\/sr\/wp-json\/wp\/v2\/types\/page"}],"author":[{"embeddable":true,"href":"https:\/\/spinwineracasino.net\/sr\/wp-json\/wp\/v2\/users\/1"}],"replies":[{"embeddable":true,"href":"https:\/\/spinwineracasino.net\/sr\/wp-json\/wp\/v2\/comments?post=2151"}],"version-history":[{"count":1,"href":"https:\/\/spinwineracasino.net\/sr\/wp-json\/wp\/v2\/pages\/2151\/revisions"}],"predecessor-version":[{"id":2494,"href":"https:\/\/spinwineracasino.net\/sr\/wp-json\/wp\/v2\/pages\/2151\/revisions\/2494"}],"wp:attachment":[{"href":"https:\/\/spinwineracasino.net\/sr\/wp-json\/wp\/v2\/media?parent=2151"}],"curies":[{"name":"wp","href":"https:\/\/api.w.org\/{rel}","templated":true}]}}